{"id":131,"date":"2017-02-09T11:34:54","date_gmt":"2017-02-09T13:34:54","guid":{"rendered":"http:\/\/sites.usp.br\/lca\/?page_id=131"},"modified":"2023-07-28T16:24:12","modified_gmt":"2023-07-28T18:24:12","slug":"pessoas","status":"publish","type":"page","link":"https:\/\/sites.usp.br\/lca\/pessoas\/","title":{"rendered":"Pessoas"},"content":{"rendered":"<p><\/p>\n<h3>Coordenador:<\/h3>\n<p>Prof. Bruno Augusto Ang\u00e9lico (<a href=\"http:\/\/lattes.cnpq.br\/9570641208920027\" target=\"_blank\" rel=\"noopener\">CV<\/a>)<\/p>\n<h3>Professores Colaboradores:<\/h3>\n<p>Prof. Diego Col\u00f3n (<a href=\"http:\/\/lattes.cnpq.br\/5379861783628841\" target=\"_blank\" rel=\"noopener\">CV<\/a>)<br \/>\nProf. Armando A. M. Lagan\u00e1 (<a href=\"http:\/\/lattes.cnpq.br\/8264608795974388\" target=\"_blank\" rel=\"noopener\">CV<\/a>)<br \/>\nProf. Jo\u00e3o F. Justo (<a href=\"http:\/\/lattes.cnpq.br\/0482334057028794\" target=\"_blank\" rel=\"noopener\">CV<\/a>)<\/p>\n<h3>Pesquisadores de P\u00f3s-Doutorado:<\/h3>\n<p>Gabriel Pereida das Neves (<a href=\"http:\/\/lattes.cnpq.br\/3613174457254428\" target=\"_blank\" rel=\"noopener\">CV<\/a>)<br \/>\n\u00c9verton Lins de Oliveira (<a href=\"http:\/\/lattes.cnpq.br\/3526590385903903\" target=\"_blank\" rel=\"noopener\">CV<\/a>)<\/p>\n<h3>Pesquisadores de Doutorado:<\/h3>\n<p>Jorge Augusto V. Alves (<a href=\"http:\/\/lattes.cnpq.br\/2882001331723385\" target=\"_blank\" rel=\"noopener\">CV<\/a>)<br \/>\nMateus Mussi Brugnolli (<a href=\"http:\/\/lattes.cnpq.br\/8507664772312934\" target=\"_blank\" rel=\"noopener\">CV<\/a>)<br \/>\nAmauri Dias de Carvalho (<a href=\"http:\/\/lattes.cnpq.br\/8507664772312934\" target=\"_blank\" rel=\"noopener\">CV<\/a>)<br \/>\nRafael Pereira Bachega (<a href=\"http:\/\/lattes.cnpq.br\/1728511315210115\" target=\"_blank\" rel=\"noopener\">CV<\/a>)<br \/>\nDanilo Oliveira Martins (<a href=\"http:\/\/lattes.cnpq.br\/4247658321049641\" target=\"_blank\" rel=\"noopener\">CV<\/a>)<br \/>\nEduardo de A. Nogueira (<a href=\"http:\/\/lattes.cnpq.br\/6036224102647926\" target=\"_blank\" rel=\"noopener\">CV<\/a>)<br \/>\nAndrei Araujo Felix (CV)<\/p>\n<h3>Pesquisadores de Mestrado:<\/h3>\n<p>Henrique Caballeria Mesquita (CV)<br \/>\nCarlos Alberto Arronte Delgado (CV)<br \/>\nErick Araujo Nunes (<a href=\"http:\/\/lattes.cnpq.br\/4241870936474335 \" target=\"_blank\" rel=\"noopener\">CV<\/a>)<br \/>\nFelipe Augusto Rizzi (<a href=\"http:\/\/lattes.cnpq.br\/5506633769032094\" target=\"_blank\" rel=\"noopener\">CV<\/a>)<br \/>\nYan Uynitu Seles Correa (<a href=\"http:\/\/lattes.cnpq.br\/2963401926320427\" target=\"_blank\" rel=\"noopener\">CV<\/a>)<br \/>\nFelipe Gomes de Melo DElia (Aluno Especial &#8211; <a href=\"http:\/\/lattes.cnpq.br\/5875426994597561\" target=\"_blank\" rel=\"noopener\">CV<\/a>)<\/p>\n<h3>Alunos de Inicia\u00e7\u00e3o Cient\u00edfica:<\/h3>\n<p>Fernando Zolubas Preto (Projeto SegurAuto)<br \/>\nGad Alagia Ripari (Projeto SUSP-EST)<br \/>\nLeticia Kaori Kamiha (Projeto SegurAuto)<br \/>\nPedro Henrique Carvalho Dantas Kuusberg (Projeto SegurAuto)<br \/>\nMatheus Rotava de Campos Soares (Projeto SUSP-EST)<br \/>\nCalebe Mignella Gutirrez (Projeto SUSP-EST)<br \/>\nHenrique de Aquino Moura Coelho (Projeto SUSP-EST)<br \/>\nMarcelo Lima dos Santos (Projeto SUSP-EST)<\/p>\n<h3>Mestrados conclu\u00eddos:<\/h3>\n<p>Fabio Yukio Toriumi (<a href=\"https:\/\/teses.usp.br\/teses\/disponiveis\/3\/3139\/tde-21122016-090720\/pt-br.php\" target=\"_blank\" rel=\"noopener\">Disserta\u00e7\u00e3o<\/a>)<br \/>\nFernando dos Santos Barbosa (<a href=\"https:\/\/www.teses.usp.br\/teses\/disponiveis\/3\/3139\/tde-23102017-144556\/pt-br.php\" target=\"_blank\" rel=\"noopener\">Disserta\u00e7\u00e3o<\/a>)<br \/>\nGabriel Pereira das Neves (<a href=\"https:\/\/teses.usp.br\/teses\/disponiveis\/3\/3139\/tde-07112017-082249\/pt-br.php\" target=\"_blank\" rel=\"noopener\">Disserta\u00e7\u00e3o<\/a>)<br \/>\nArthur Castello Branco de Oliveira (<a href=\"https:\/\/teses.usp.br\/teses\/disponiveis\/3\/3139\/tde-07052019-104056\/en.php\" target=\"_blank\" rel=\"noopener\">Disserta\u00e7\u00e3o<\/a>)<br \/>\nMateus Mussi Brugnolli (<a href=\"https:\/\/teses.usp.br\/teses\/disponiveis\/3\/3139\/tde-24092018-151311\/en.php\" target=\"_blank\" rel=\"noopener\">Disserta\u00e7\u00e3o<\/a>)<br \/>\nPlinio da Silva Costa (<a href=\"https:\/\/www.teses.usp.br\/teses\/disponiveis\/3\/3139\/tde-01062021-093742\/pt-br.php\" target=\"_blank\" rel=\"noopener\">Disserta\u00e7\u00e3o<\/a>)<br \/>\nRodrigo de Marca Fran\u00e7a (<a href=\"https:\/\/www.teses.usp.br\/teses\/disponiveis\/3\/3139\/tde-04052023-092914\/pt-br.php\" target=\"_blank\" rel=\"noopener\">Disserta\u00e7\u00e3o<\/a>)<\/p>\n<h3>Doutorados conclu\u00eddos:<\/h3>\n<p>Fabio Yukio Toriumi (<a href=\"https:\/\/www.teses.usp.br\/teses\/disponiveis\/3\/3139\/tde-08032021-084023\/pt-br.php\" target=\"_blank\" rel=\"noopener\">Tese<\/a>)<br \/>\nGabriel Pereira das Neves (<a href=\"https:\/\/www.teses.usp.br\/teses\/disponiveis\/3\/3139\/tde-08062022-080239\/pt-br.php\" target=\"_blank\" rel=\"noopener\">Tese<\/a>)<br \/>\nFabio Bobrow (<a href=\"https:\/\/www.teses.usp.br\/teses\/disponiveis\/3\/3139\/tde-20102022-084937\/pt-br.php\" target=\"_blank\" rel=\"noopener\">Tese<\/a>)<br \/>\nCaio Igor Gon\u00e7alves Chinelato (<a href=\"https:\/\/www.teses.usp.br\/teses\/disponiveis\/3\/3139\/tde-04052022-073549\/pt-br.php\" target=\"_blank\" rel=\"noopener\">Tese<\/a>)<\/p>","protected":false},"excerpt":{"rendered":"<p>Coordenador: Prof. Bruno Augusto Ang\u00e9lico (CV) Professores Colaboradores: Prof. Diego Col\u00f3n (CV) Prof. Armando A. M. Lagan\u00e1 (CV) Prof. Jo\u00e3o F. Justo (CV) Pesquisadores de P\u00f3s-Doutorado: Gabriel Pereida das Neves (CV) \u00c9verton Lins de Oliveira (CV) Pesquisadores de Doutorado: Jorge Augusto V. Alves (CV) Mateus Mussi Brugnolli (CV) Amauri Dias de Carvalho (CV) Rafael Pereira&hellip;<\/p>\n","protected":false},"author":436,"featured_media":0,"parent":0,"menu_order":0,"comment_status":"closed","ping_status":"closed","template":"","meta":{"footnotes":"","_links_to":"","_links_to_target":""},"class_list":["post-131","page","type-page","status-publish","hentry","post"],"_links":{"self":[{"href":"https:\/\/sites.usp.br\/lca\/wp-json\/wp\/v2\/pages\/131","targetHints":{"allow":["GET"]}}],"collection":[{"href":"https:\/\/sites.usp.br\/lca\/wp-json\/wp\/v2\/pages"}],"about":[{"href":"https:\/\/sites.usp.br\/lca\/wp-json\/wp\/v2\/types\/page"}],"author":[{"embeddable":true,"href":"https:\/\/sites.usp.br\/lca\/wp-json\/wp\/v2\/users\/436"}],"replies":[{"embeddable":true,"href":"https:\/\/sites.usp.br\/lca\/wp-json\/wp\/v2\/comments?post=131"}],"version-history":[{"count":4,"href":"https:\/\/sites.usp.br\/lca\/wp-json\/wp\/v2\/pages\/131\/revisions"}],"predecessor-version":[{"id":736,"href":"https:\/\/sites.usp.br\/lca\/wp-json\/wp\/v2\/pages\/131\/revisions\/736"}],"wp:attachment":[{"href":"https:\/\/sites.usp.br\/lca\/wp-json\/wp\/v2\/media?parent=131"}],"curies":[{"name":"wp","href":"https:\/\/api.w.org\/{rel}","templated":true}]}}