{"id":157,"date":"2017-02-09T12:38:00","date_gmt":"2017-02-09T14:38:00","guid":{"rendered":"http:\/\/sites.usp.br\/lca\/?page_id=157"},"modified":"2019-04-09T17:37:51","modified_gmt":"2019-04-09T19:37:51","slug":"four-tank-system","status":"publish","type":"page","link":"https:\/\/sites.usp.br\/lca\/projetos\/four-tank-system\/","title":{"rendered":"Sistema de Tanque Qu\u00e1druplo"},"content":{"rendered":"<p>No sistema de tanque qu\u00e1druplo \u00e9 desejado controlar o n\u00edvel de l\u00edquido nos tanques inferiores modificando o fluxo de l\u00edquido em duas bombas DC. A placa de aquisi\u00e7\u00e3o cRIO-9024 \u00e9 utilizada em conjunto com o LabView (NI). O seguinte v\u00eddeo explica seu funcionamento e controle.<\/p>\n<p>https:\/\/www.youtube.com\/watch?v=bVl3kvpXG3o<\/p>","protected":false},"excerpt":{"rendered":"<p>No sistema de tanque qu\u00e1druplo \u00e9 desejado controlar o n\u00edvel de l\u00edquido nos tanques inferiores modificando o fluxo de l\u00edquido em duas bombas DC. A placa de aquisi\u00e7\u00e3o cRIO-9024 \u00e9 utilizada em conjunto com o LabView (NI). O seguinte v\u00eddeo explica seu funcionamento e controle. https:\/\/www.youtube.com\/watch?v=bVl3kvpXG3o<\/p>\n","protected":false},"author":436,"featured_media":255,"parent":62,"menu_order":0,"comment_status":"closed","ping_status":"closed","template":"","meta":{"footnotes":"","_links_to":"","_links_to_target":""},"class_list":["post-157","page","type-page","status-publish","has-post-thumbnail","hentry","post"],"_links":{"self":[{"href":"https:\/\/sites.usp.br\/lca\/wp-json\/wp\/v2\/pages\/157","targetHints":{"allow":["GET"]}}],"collection":[{"href":"https:\/\/sites.usp.br\/lca\/wp-json\/wp\/v2\/pages"}],"about":[{"href":"https:\/\/sites.usp.br\/lca\/wp-json\/wp\/v2\/types\/page"}],"author":[{"embeddable":true,"href":"https:\/\/sites.usp.br\/lca\/wp-json\/wp\/v2\/users\/436"}],"replies":[{"embeddable":true,"href":"https:\/\/sites.usp.br\/lca\/wp-json\/wp\/v2\/comments?post=157"}],"version-history":[{"count":4,"href":"https:\/\/sites.usp.br\/lca\/wp-json\/wp\/v2\/pages\/157\/revisions"}],"predecessor-version":[{"id":253,"href":"https:\/\/sites.usp.br\/lca\/wp-json\/wp\/v2\/pages\/157\/revisions\/253"}],"up":[{"embeddable":true,"href":"https:\/\/sites.usp.br\/lca\/wp-json\/wp\/v2\/pages\/62"}],"wp:featuredmedia":[{"embeddable":true,"href":"https:\/\/sites.usp.br\/lca\/wp-json\/wp\/v2\/media\/255"}],"wp:attachment":[{"href":"https:\/\/sites.usp.br\/lca\/wp-json\/wp\/v2\/media?parent=157"}],"curies":[{"name":"wp","href":"https:\/\/api.w.org\/{rel}","templated":true}]}}