{"id":563,"date":"2019-04-04T18:36:57","date_gmt":"2019-04-04T20:36:57","guid":{"rendered":"http:\/\/sites.usp.br\/lca\/?page_id=563"},"modified":"2023-07-28T15:20:14","modified_gmt":"2023-07-28T17:20:14","slug":"revista","status":"publish","type":"page","link":"https:\/\/sites.usp.br\/lca\/publicacoes\/revista\/","title":{"rendered":"Peri\u00f3dicos"},"content":{"rendered":"<p><\/p>\n<ul>\n<li>NEVES, GABRIEL P. ; ANG\u00c9LICO, BRUNO A. ; OLIVEIRA, RICARDO C.L.F. . gain-scheduled state-feedback design with experimental validation in a control moment gyroscope represented as a polynomial LPV model. MECHATRONICS, v. 89, p. 102917, 2023.<\/li>\n<li>DE CARVALHO, ARNALDO ; ANG\u00c9LICO, BRUNO A. ; JUSTO, JO\u00c3O FRANCISCO ; DE OLIVEIRA, ALEXANDRE MANI\u00c7OBA ; DA SILVA FILHO, JO\u00c3O I. . Model reference control by recurrent neural network built with paraconsistent neurons for trajectory tracking of a rotary inverted pendulum. APPLIED SOFT COMPUTING, v. 133, p. 109927, 2023.<\/li>\n<li>CHINELATO, CAIO I. G. ; ANG\u00c9LICO, BRUNO A. ; JUSTO, JO\u00c3O F. ; LAGAN\u00c1, ARMANDO A. M. Design of Adaptive Cruise Control with Control Barrier Function and Model-Free Control. Journal Of Control Automation And Electrical Systems, v. 34, p. 470-483, 2023.<\/li>\n<li>CARVALHO, AMAURI D. ; ANG\u00c9LICO, BRUNO A. ; LAGAN\u00c1, ARMANDO A. M. Model-Free Control for High Pressure in a Direct Injection System. Journal Of Control Automation And Electrical Systems, v. 34, p. 689-699, 2023.<\/li>\n<li>NEVES, GABRIEL P. ; ANG\u00c9LICO, BRUNO A. . Model-free control of mechatronic systems based on algebraic estimation. ASIAN JOURNAL OF CONTROL, v. 24, p. 1575-1584, 2022.<\/li>\n<li>ALVES, JORGE A. V. ; CHINELATO, CAIO I. G. ; ANG\u00c9LICO, BRUNO A.. Vehicle Lateral Stability Regions for Control Applications. IEEE Access, v. 10, p. 1-1, 2022.<\/li>\n<li>TORIUMI, FABIO Y. ; ANG\u00c9LICO, BRUNO A. . Lyapunov-Based Nonlinear Control Applied to a Control Moment Gyroscope. JOURNAL OF CONTROL, AUTOMATION AND ELECTRICAL SYSTEMS, v. 32, p. 256-265, 2021.<\/li>\n<li>SILVEIRA, RAFAELA D. ; NEVES, GABRIEL P.; DA SILVA, S\u00c9RGIO A. O. ; ANG\u00c9LICO, BRUNO A. . An enhanced MPPT algorithm based on adaptive extremum seeking control applied to photovoltaic systems operating under partial shading. IET Renewable Power Generation, v. 15, p. 1227-1239, 2021.<\/li>\n<li>CARVALHO, LEONARDO DE P.; TORIUMI, FABIO Y. ; ANG\u00c9LICO, BRUNO A. ; COSTA, OSWALDO LUIZ DO VALLE . Model-based Fault Detection Filter for Markovian Jump Linear Systems applied to a Control Moment Gyroscope. EUROPEAN JOURNAL OF CONTROL, v. 59, p. 99-108, 2021.<\/li>\n<li>DE CARVALHO, ARNALDO ; JUSTO, JOAO F. ; ANG\u00c9LICO, BRUNO A. ; DE OLIVEIRA, ALEXANDRE M. ; DA SILVA FILHO, JOAO I. . Rotary Inverted Pendulum Identification for Control by Paraconsistent Neural Network. IEEE Access, v. 9, p. 74155-74167, 2021.<\/li>\n<li>BOBROW, FABIO ; ANG\u00c9LICO, BRUNO A. ; MARTINS, FLAVIUS P. R. ; PEREIRA DA SILVA, PAULO S. The Cubli: Modeling and Nonlinear Attitude Control Utilizing Quaternions. IEEE Access, v. 9, p. 1-1, 2021.<\/li>\n<li>TORIUMI, FABIO YUKIO ; ANG\u00c9LICO, BRUNO A. . Passivity-Based Nonlinear Control Approach for Tracking Task of an Underactuated CMG. IEEE-ASME TRANSACTIONS ON MECHATRONICS, v. 26, p. 2285-2293, 2021.<\/li>\n<li>BOBROW, FABIO ; ANG\u00c9LICO, BRUNO A. ; PEREIRA DA SILVA, PAULO S. Modeling and Nonlinear Control Utilizing Unit Complex Numbers. Journal Of Control Automation And Electrical Systems, v. 32, p. 1463?1472, 2021.<\/li>\n<li>CHINELATO, CAIO I. G.; NEVES, GABRIEL P. ; ANG\u00c9LICO, BRUNO A. . Safe Control of a Reaction Wheel Pendulum Using Control Barrier Function. IEEE Access, v. 8, p. 160315-160324, 2020.<\/li>\n<li>NEVES, GABRIEL P. ; ANG\u00c9LICO, BRUNO A. ; AGULHARI, CRISTIANO M. . Robust controller with parametric uncertainties applied to a reaction wheel unicycle. INTERNATIONAL JOURNAL OF CONTROL, v. 93, p. 2431-2441, 2020.<\/li>\n<li>TORIUMI, FABIO Y. ; ANG\u00c9LICO, BRUNO A. . Nonlinear Controller Design for Tracking Task of a Control Moment Gyroscope Actuator. IEEE-ASME TRANSACTIONS ON MECHATRONICS, v. 25, p. 438-448, 2020.<\/li>\n<li>BRUGNOLLI, MATEUS M. ; PEREIRA, BRUNO S. ; ANG\u00c9LICO, BRUNO A. ; LAGAN\u00c1, ARMANDO A. M. Adaptive Cruise Control with a Customized Electronic Control Unit. JOURNAL OF CONTROL, AUTOMATION AND ELECTRICAL SYSTEMS, v. 30, p. 9-15, 2019.<\/li>\n<li>BRUGNOLLI, MATEUS M. ; ANG\u00c9LICO, BRUNO A. ; LAGANA, ARMANDO A. M. Predictive Adaptive Cruise Control Using a Customized ECU. IEEE Access, v. 7, p. 55305-55317, 2019.<\/li>\n<li>ANG\u00c9LICO, BRUNO A.; BARBOSA, FERNANDO S. ; TORIUMI, FABIO Y. . State Feedback Decoupling Control of a Control Moment Gyroscope. Journal of Control, Automation and Electrical Systems, v. 28, p. 26-35, 2017.<\/li>\n<li>ANG\u00c9LICO, BRUNO A.; TORIUMI, FABIO Y. ; BARBOSA, FERNANDO S. ; NEVES, GABRIEL P. On Guaranteeing Convergence of Discrete LQG\/LTR When Augmenting it With Forward PI Controllers. IEEE Access, v. 5, p. 27203-27210, 2017.<\/li>\n<\/ul>\n<p><\/p>","protected":false},"excerpt":{"rendered":"<p>NEVES, GABRIEL P. ; ANG\u00c9LICO, BRUNO A. ; OLIVEIRA, RICARDO C.L.F. . gain-scheduled state-feedback design with experimental validation in a control moment gyroscope represented as a polynomial LPV model. MECHATRONICS, v. 89, p. 102917, 2023. DE CARVALHO, ARNALDO ; ANG\u00c9LICO, BRUNO A. ; JUSTO, JO\u00c3O FRANCISCO ; DE OLIVEIRA, ALEXANDRE MANI\u00c7OBA ; DA SILVA FILHO,&hellip;<\/p>\n","protected":false},"author":908,"featured_media":0,"parent":414,"menu_order":0,"comment_status":"closed","ping_status":"closed","template":"","meta":{"footnotes":"","_links_to":"","_links_to_target":""},"class_list":["post-563","page","type-page","status-publish","hentry","post"],"_links":{"self":[{"href":"https:\/\/sites.usp.br\/lca\/wp-json\/wp\/v2\/pages\/563","targetHints":{"allow":["GET"]}}],"collection":[{"href":"https:\/\/sites.usp.br\/lca\/wp-json\/wp\/v2\/pages"}],"about":[{"href":"https:\/\/sites.usp.br\/lca\/wp-json\/wp\/v2\/types\/page"}],"author":[{"embeddable":true,"href":"https:\/\/sites.usp.br\/lca\/wp-json\/wp\/v2\/users\/908"}],"replies":[{"embeddable":true,"href":"https:\/\/sites.usp.br\/lca\/wp-json\/wp\/v2\/comments?post=563"}],"version-history":[{"count":4,"href":"https:\/\/sites.usp.br\/lca\/wp-json\/wp\/v2\/pages\/563\/revisions"}],"predecessor-version":[{"id":722,"href":"https:\/\/sites.usp.br\/lca\/wp-json\/wp\/v2\/pages\/563\/revisions\/722"}],"up":[{"embeddable":true,"href":"https:\/\/sites.usp.br\/lca\/wp-json\/wp\/v2\/pages\/414"}],"wp:attachment":[{"href":"https:\/\/sites.usp.br\/lca\/wp-json\/wp\/v2\/media?parent=563"}],"curies":[{"name":"wp","href":"https:\/\/api.w.org\/{rel}","templated":true}]}}