{"id":79,"date":"2014-02-24T16:51:20","date_gmt":"2014-02-24T18:51:20","guid":{"rendered":"http:\/\/sites.usp.br\/lca\/?page_id=79"},"modified":"2023-07-28T16:03:28","modified_gmt":"2023-07-28T18:03:28","slug":"sobre","status":"publish","type":"page","link":"https:\/\/sites.usp.br\/lca\/sobre\/","title":{"rendered":"Sobre"},"content":{"rendered":"<p><i>\r\n\t<div class=\"slideshow_container slideshow_container_style-light\" style=\"height: 292px; \" data-slideshow-id=\"254\" data-style-name=\"style-light\" data-style-version=\"2.3.1\" >\r\n\r\n\t\t\t\t\t<div class=\"slideshow_loading_icon\"><\/div>\r\n\t\t\r\n\t\t<div class=\"slideshow_content\" style=\"display: none;\">\r\n\r\n\t\t\t<div class=\"slideshow_view\">\r\n\t\t\t\t<div class=\"slideshow_slide slideshow_slide_image\">\r\n\t\t\t\t\t\t\t\t\t\t\t<img src=\"https:\/\/sites.usp.br\/lca\/wp-content\/uploads\/sites\/238\/2023\/07\/NEW_LCA.png\" alt=\"Ambiente\" width=\"566\" height=\"318\" \/>\r\n\t\t\t\t\t\t\t\t\t\t<div class=\"slideshow_description_box slideshow_transparent\">\r\n\t\t\t\t\t\t<div class=\"slideshow_title\">Ambiente<\/div>\t\t\t\t\t\t\t\t\t\t\t<\/div>\r\n\t\t\t\t<\/div>\r\n\r\n\t\t\t\t\t\t<div style=\"clear: both;\"><\/div><\/div><div class=\"slideshow_view\">\r\n\t\t\t\t<div class=\"slideshow_slide slideshow_slide_image\">\r\n\t\t\t\t\t\t\t\t\t\t\t<img src=\"https:\/\/sites.usp.br\/lca\/wp-content\/uploads\/sites\/238\/2017\/02\/IMG_1724-Large.jpg\" alt=\"Projetos\" width=\"1620\" height=\"1080\" \/>\r\n\t\t\t\t\t\t\t\t\t\t<div class=\"slideshow_description_box slideshow_transparent\">\r\n\t\t\t\t\t\t<div class=\"slideshow_title\">Projetos<\/div>\t\t\t\t\t\t\t\t\t\t\t<\/div>\r\n\t\t\t\t<\/div>\r\n\r\n\t\t\t\t\t\t<div style=\"clear: both;\"><\/div><\/div><div class=\"slideshow_view\">\r\n\t\t\t\t<div class=\"slideshow_slide slideshow_slide_image\">\r\n\t\t\t\t\t\t\t\t\t\t\t<img src=\"https:\/\/sites.usp.br\/lca\/wp-content\/uploads\/sites\/238\/2017\/02\/IMG_1742-Large.jpg\" alt=\"Equipe\" width=\"1620\" height=\"1080\" \/>\r\n\t\t\t\t\t\t\t\t\t\t<div class=\"slideshow_description_box slideshow_transparent\">\r\n\t\t\t\t\t\t<div class=\"slideshow_title\">Pessoal<\/div>\t\t\t\t\t\t\t\t\t\t\t<\/div>\r\n\t\t\t\t<\/div>\r\n\r\n\t\t\t\t\t\t<div style=\"clear: both;\"><\/div><\/div><div class=\"slideshow_view\">\r\n\t\t\t\t<div class=\"slideshow_slide slideshow_slide_image\">\r\n\t\t\t\t\t\t\t\t\t\t\t<img src=\"https:\/\/sites.usp.br\/lca\/wp-content\/uploads\/sites\/238\/2017\/02\/IMG_1561.jpg\" alt=\"Lab\" width=\"5184\" height=\"2912\" \/>\r\n\t\t\t\t\t\t\t\t\t\t<div class=\"slideshow_description_box slideshow_transparent\">\r\n\t\t\t\t\t\t<div class=\"slideshow_title\">Lab<\/div>\t\t\t\t\t\t\t\t\t\t\t<\/div>\r\n\t\t\t\t<\/div>\r\n\r\n\t\t\t\t\t\t<div style=\"clear: both;\"><\/div><\/div><div class=\"slideshow_view\">\r\n\t\t\t\t<div class=\"slideshow_slide slideshow_slide_image\">\r\n\t\t\t\t\t\t\t\t\t\t\t<img src=\"https:\/\/sites.usp.br\/lca\/wp-content\/uploads\/sites\/238\/2017\/02\/IMG_1588.jpg\" alt=\"Helicoptero\" width=\"5184\" height=\"2912\" \/>\r\n\t\t\t\t\t\t\t\t\t\t<div class=\"slideshow_description_box slideshow_transparent\">\r\n\t\t\t\t\t\t<div class=\"slideshow_title\">Helicoptero<\/div>\t\t\t\t\t\t\t\t\t\t\t<\/div>\r\n\t\t\t\t<\/div>\r\n\r\n\t\t\t\t\t\t<div style=\"clear: both;\"><\/div><\/div><div class=\"slideshow_view\">\r\n\t\t\t\t<div class=\"slideshow_slide slideshow_slide_image\">\r\n\t\t\t\t\t\t\t\t\t\t\t<img src=\"https:\/\/sites.usp.br\/lca\/wp-content\/uploads\/sites\/238\/2017\/02\/IMG_1599.jpg\" alt=\"Pendulo\" width=\"5184\" height=\"2912\" \/>\r\n\t\t\t\t\t\t\t\t\t\t<div class=\"slideshow_description_box slideshow_transparent\">\r\n\t\t\t\t\t\t<div class=\"slideshow_title\">Pendulo<\/div>\t\t\t\t\t\t\t\t\t\t\t<\/div>\r\n\t\t\t\t<\/div>\r\n\r\n\t\t\t\t\t\t<div style=\"clear: both;\"><\/div><\/div>\r\n\t\t<\/div>\r\n\r\n\t\t<div class=\"slideshow_controlPanel slideshow_transparent\" style=\"display: none;\"><ul><li class=\"slideshow_togglePlay\" data-play-text=\"Acionar\" data-pause-text=\"Pausar\"><\/li><\/ul><\/div>\r\n\r\n\t\t<div class=\"slideshow_button slideshow_previous slideshow_transparent\" role=\"button\" data-previous-text=\"Anterior\" style=\"display: none;\"><\/div>\r\n\t\t<div class=\"slideshow_button slideshow_next slideshow_transparent\" role=\"button\" data-next-text=\"Pr\u00f3ximo\" style=\"display: none;\"><\/div>\r\n\r\n\t\t<div class=\"slideshow_pagination\" style=\"display: none;\" data-go-to-text=\"Ir para o slide\"><div class=\"slideshow_pagination_center\"><\/div><\/div>\r\n\r\n\t\t<!-- WordPress Slideshow Version 2.3.1 -->\r\n\r\n\t\t\t<\/div>\r\n\r\n<\/i><\/p>\n<p>O LCA (Laborat\u00f3rio de Controle Aplicado) pertence ao <a href=\"http:\/\/www.lac.usp.br\" target=\"_blank\" rel=\"noopener\">Laborat\u00f3rio de Automa\u00e7\u00e3o e Controle (LAC)<\/a> do Departamento de Engenharia de Telecomunica\u00e7\u00f5es e Controle (PTC) da Escola Polit\u00e9cnica da Universidade de S\u00e3o Paulo. Foi criado em 2016 com o intuito de desenvolver pesquisas relacionadas a aplica\u00e7\u00f5es pr\u00e1ticas da teoria de controle, incluindo aplica\u00e7\u00f5es automotivas, e de construir sistemas (plantas) de controle.<\/p>\n<p>As atividades desenvolvidas no laborat\u00f3rio s\u00e3o basicamente:<\/p>\n<ol>\n<li>Aplica\u00e7\u00e3o de algoritmos de controle em sistemas pr\u00e1ticos: muitas das estrat\u00e9gias de controle vistas em cursos de gradua\u00e7\u00e3o limitam-se a exemplos te\u00f3ricos. Com um sistema real, a motiva\u00e7\u00e3o para a aprendizagem \u00e9 amplificada.<\/li>\n<li>Aplica\u00e7\u00f5es de controle em sistemas automotivos, com foco em sistemas ADAS (advanced driver-assistance system), considerando modelagem, projeto de controladores e valida\u00e7\u00f5es model-in-the-loop e hardware-in-the-loop.<\/li>\n<li>Desenvolvimento de prot\u00f3tipos de plantas de controle: equipamentos did\u00e1ticos de boa qualidade s\u00e3o, geralmente, muito caros. Assim, uma das miss\u00f5es do laborat\u00f3rio \u00e9 desenvolver prot\u00f3tipos de baixo custo, mas com todas as funcionalidades de um sistema comercial. Tais prot\u00f3tipos poder\u00e3o, no futuro, equipar o laborat\u00f3rio did\u00e1tico de controle da EPUSP.<\/li>\n<li>Forma\u00e7\u00e3o de recursos humanos capacitados: o laborat\u00f3rio possui alunos com pesquisas no \u00e2mbito de inicia\u00e7\u00e3o cient\u00edfica, trabalho de conclus\u00e3o de curso, mestrado e doutorado.<\/li>\n<\/ol>\n<p>Em 2023 o LCA passou por uma reforma completa para adequa\u00e7\u00e3o do ambiente de trabalho, com recursos provenientes do <a href=\"https:\/\/www.amigosdapoli.com.br\/\" target=\"_blank\" rel=\"noopener\">Fundo Patrimonial Amigos da Poli<\/a> e do Projeto SUSP-EST, <a href=\"https:\/\/rota2030.fundep.ufmg.br\/\" target=\"_blank\" rel=\"noopener\">Programa Rota2030<\/a>.<\/p>","protected":false},"excerpt":{"rendered":"<p>O LCA (Laborat\u00f3rio de Controle Aplicado) pertence ao Laborat\u00f3rio de Automa\u00e7\u00e3o e Controle (LAC) do Departamento de Engenharia de Telecomunica\u00e7\u00f5es e Controle (PTC) da Escola Polit\u00e9cnica da Universidade de S\u00e3o Paulo. Foi criado em 2016 com o intuito de desenvolver pesquisas relacionadas a aplica\u00e7\u00f5es pr\u00e1ticas da teoria de controle, incluindo aplica\u00e7\u00f5es automotivas, e de construir&hellip;<\/p>\n","protected":false},"author":1,"featured_media":0,"parent":0,"menu_order":0,"comment_status":"closed","ping_status":"closed","template":"","meta":{"footnotes":"","_links_to":"","_links_to_target":""},"class_list":["post-79","page","type-page","status-publish","hentry","post"],"_links":{"self":[{"href":"https:\/\/sites.usp.br\/lca\/wp-json\/wp\/v2\/pages\/79","targetHints":{"allow":["GET"]}}],"collection":[{"href":"https:\/\/sites.usp.br\/lca\/wp-json\/wp\/v2\/pages"}],"about":[{"href":"https:\/\/sites.usp.br\/lca\/wp-json\/wp\/v2\/types\/page"}],"author":[{"embeddable":true,"href":"https:\/\/sites.usp.br\/lca\/wp-json\/wp\/v2\/users\/1"}],"replies":[{"embeddable":true,"href":"https:\/\/sites.usp.br\/lca\/wp-json\/wp\/v2\/comments?post=79"}],"version-history":[{"count":5,"href":"https:\/\/sites.usp.br\/lca\/wp-json\/wp\/v2\/pages\/79\/revisions"}],"predecessor-version":[{"id":732,"href":"https:\/\/sites.usp.br\/lca\/wp-json\/wp\/v2\/pages\/79\/revisions\/732"}],"wp:attachment":[{"href":"https:\/\/sites.usp.br\/lca\/wp-json\/wp\/v2\/media?parent=79"}],"curies":[{"name":"wp","href":"https:\/\/api.w.org\/{rel}","templated":true}]}}