{"id":157,"date":"2019-06-11T13:15:56","date_gmt":"2019-06-11T15:15:56","guid":{"rendered":"http:\/\/sites.usp.br\/lcqf\/?page_id=157"},"modified":"2022-07-18T11:50:12","modified_gmt":"2022-07-18T14:50:12","slug":"pagina-inicial-com-elementor","status":"publish","type":"page","link":"https:\/\/sites.usp.br\/lcqf\/","title":{"rendered":"Home"},"content":{"rendered":"<h3><strong>Bem-vindo(a)!<\/strong><\/h3>\n<p style=\"text-align: left;\">Seja muito bem-vindo(a) ao site oficial do Laborat\u00f3rio Computacional de Qu\u00edmica Farmac\u00eautica (LCQF). O LCQF consiste de um grupo de pesquisa, coordenado pelo <a href=\"https:\/\/sites.usp.br\/lcqf\/carlos-tomich\/\">Prof. Dr. Carlos Henrique Tomich de Paula da Silva<\/a> e localizado na Faculdade de Ci\u00eancias Farmac\u00eauticas de Ribeir\u00e3o Preto (FCFRP), Universidade de S\u00e3o Paulo (USP), Ribeir\u00e3o Preto, SP, Brasil.<\/p>\n\r\n\t<div class=\"slideshow_container slideshow_container_style-light\" style=\"height: 292px; \" data-slideshow-id=\"236\" data-style-name=\"style-light\" data-style-version=\"2.3.1\" >\r\n\r\n\t\t\t\t\t<div class=\"slideshow_loading_icon\"><\/div>\r\n\t\t\r\n\t\t<div class=\"slideshow_content\" style=\"display: none;\">\r\n\r\n\t\t\t<div class=\"slideshow_view\">\r\n\t\t\t\t<div class=\"slideshow_slide slideshow_slide_image\">\r\n\t\t\t\t\t\t\t\t\t\t\t<img src=\"https:\/\/sites.usp.br\/lcqf\/wp-content\/uploads\/sites\/932\/2021\/03\/usp2.jpg\" alt=\"usp2\" width=\"940\" height=\"360\" \/>\r\n\t\t\t\t\t\t\t\t\t\t<div class=\"slideshow_description_box slideshow_transparent\">\r\n\t\t\t\t\t\t\t\t\t\t\t\t\t\t\t\t\t<\/div>\r\n\t\t\t\t<\/div>\r\n\r\n\t\t\t\t\t\t<div style=\"clear: both;\"><\/div><\/div><div class=\"slideshow_view\">\r\n\t\t\t\t<div class=\"slideshow_slide slideshow_slide_image\">\r\n\t\t\t\t\t\t\t\t\t\t\t<img src=\"https:\/\/sites.usp.br\/lcqf\/wp-content\/uploads\/sites\/932\/2021\/03\/car-fig.png\" alt=\"car-fig\" width=\"822\" height=\"610\" \/>\r\n\t\t\t\t\t\t\t\t\t\t<div class=\"slideshow_description_box slideshow_transparent\">\r\n\t\t\t\t\t\t\t\t\t\t\t\t\t\t\t\t\t<\/div>\r\n\t\t\t\t<\/div>\r\n\r\n\t\t\t\t\t\t<div style=\"clear: both;\"><\/div><\/div><div class=\"slideshow_view\">\r\n\t\t\t\t<div class=\"slideshow_slide slideshow_slide_image\">\r\n\t\t\t\t\t\t\t\t\t\t\t<img src=\"https:\/\/sites.usp.br\/lcqf\/wp-content\/uploads\/sites\/932\/2021\/03\/fcrp1.jpg\" alt=\"fcrp1\" width=\"1920\" height=\"1080\" \/>\r\n\t\t\t\t\t\t\t\t\t\t<div class=\"slideshow_description_box slideshow_transparent\">\r\n\t\t\t\t\t\t\t\t\t\t\t\t\t\t\t\t\t<\/div>\r\n\t\t\t\t<\/div>\r\n\r\n\t\t\t\t\t\t<div style=\"clear: both;\"><\/div><\/div><div class=\"slideshow_view\">\r\n\t\t\t\t<div class=\"slideshow_slide slideshow_slide_image\">\r\n\t\t\t\t\t\t\t\t\t\t\t<img src=\"https:\/\/sites.usp.br\/lcqf\/wp-content\/uploads\/sites\/932\/2021\/03\/asdasd2.png\" alt=\"asdasd2\" width=\"1219\" height=\"832\" \/>\r\n\t\t\t\t\t\t\t\t\t\t<div class=\"slideshow_description_box slideshow_transparent\">\r\n\t\t\t\t\t\t<div class=\"slideshow_title\">asdasd2<\/div>\t\t\t\t\t\t\t\t\t\t\t<\/div>\r\n\t\t\t\t<\/div>\r\n\r\n\t\t\t\t\t\t<div style=\"clear: both;\"><\/div><\/div><div class=\"slideshow_view\">\r\n\t\t\t\t<div class=\"slideshow_slide slideshow_slide_image\">\r\n\t\t\t\t\t\t\t\t\t\t\t<img src=\"https:\/\/sites.usp.br\/lcqf\/wp-content\/uploads\/sites\/932\/2021\/03\/word-cloud.png\" alt=\"word-cloud\" width=\"699\" height=\"574\" \/>\r\n\t\t\t\t\t\t\t\t\t\t<div class=\"slideshow_description_box slideshow_transparent\">\r\n\t\t\t\t\t\t\t\t\t\t\t\t\t\t\t\t\t<\/div>\r\n\t\t\t\t<\/div>\r\n\r\n\t\t\t\t\t\t<div style=\"clear: both;\"><\/div><\/div><div class=\"slideshow_view\">\r\n\t\t\t\t<div class=\"slideshow_slide slideshow_slide_image\">\r\n\t\t\t\t\t\t\t\t\t\t\t<img src=\"https:\/\/sites.usp.br\/lcqf\/wp-content\/uploads\/sites\/932\/2021\/03\/silva2.png\" alt=\"silva2\" width=\"1144\" height=\"418\" \/>\r\n\t\t\t\t\t\t\t\t\t\t<div class=\"slideshow_description_box slideshow_transparent\">\r\n\t\t\t\t\t\t\t\t\t\t\t\t\t\t\t\t\t<\/div>\r\n\t\t\t\t<\/div>\r\n\r\n\t\t\t\t\t\t<div style=\"clear: both;\"><\/div><\/div><div class=\"slideshow_view\">\r\n\t\t\t\t<div class=\"slideshow_slide slideshow_slide_image\">\r\n\t\t\t\t\t\t\t\t\t\t\t<img src=\"https:\/\/sites.usp.br\/lcqf\/wp-content\/uploads\/sites\/932\/2021\/03\/usp1.jpg\" alt=\"usp1\" width=\"800\" height=\"420\" \/>\r\n\t\t\t\t\t\t\t\t\t\t<div class=\"slideshow_description_box slideshow_transparent\">\r\n\t\t\t\t\t\t\t\t\t\t\t\t\t\t\t\t\t<\/div>\r\n\t\t\t\t<\/div>\r\n\r\n\t\t\t\t\t\t<div style=\"clear: both;\"><\/div><\/div>\r\n\t\t<\/div>\r\n\r\n\t\t<div class=\"slideshow_controlPanel slideshow_transparent\" style=\"display: none;\"><ul><li class=\"slideshow_togglePlay\" data-play-text=\"Acionar\" data-pause-text=\"Pausar\"><\/li><\/ul><\/div>\r\n\r\n\t\t<div class=\"slideshow_button slideshow_previous slideshow_transparent\" role=\"button\" data-previous-text=\"Anterior\" style=\"display: none;\"><\/div>\r\n\t\t<div class=\"slideshow_button slideshow_next slideshow_transparent\" role=\"button\" data-next-text=\"Pr\u00f3ximo\" style=\"display: none;\"><\/div>\r\n\r\n\t\t<div class=\"slideshow_pagination\" style=\"display: none;\" data-go-to-text=\"Ir para o slide\"><div class=\"slideshow_pagination_center\"><\/div><\/div>\r\n\r\n\t\t<!-- WordPress Slideshow Version 2.3.1 -->\r\n\r\n\t\t\t<\/div>\r\n\r\n\n<p>&nbsp;<\/p>\n<p style=\"text-align: center;\"><a href=\"https:\/\/sites.usp.br\/lcqf\/membros\/\">Clique aqui para conhecer os membros do LCQF<\/a><\/p>\n<p style=\"text-align: center;\"><a href=\"https:\/\/sites.usp.br\/lcqf\/linhas-de-pesquisa\/\">Clique aqui para saber mais sobre nossa linha de pesquisa<\/a><\/p>\n<p style=\"text-align: center;\"><a href=\"https:\/\/sites.usp.br\/lcqf\/artigos\/\">Clique aqui para ver nossas publica\u00e7\u00f5es<\/a><\/p>\n<p>Os projetos de pesquisa s\u00e3o voltados para estudos relacionados \u00e0 Qu\u00edmica Medicinal, com \u00eanfase em Modelagem Molecular e constru\u00e7\u00e3o de modelos de QSAR no planejamento racional de f\u00e1rmacos, esclarecendo poss\u00edveis mecanismos de a\u00e7\u00f5es de compostos ligantes para diferentes alvos terap\u00eauticos.<\/p>\n<p>Os principais alvos terap\u00eauticos estudados est\u00e3o vinculados, em especial, a doen\u00e7as como C\u00e2ncer, Mal de Alzheimer, doen\u00e7as inflamat\u00f3rias e doen\u00e7as negligenciadas. Busca-se incluir nas pesquisas, como valida\u00e7\u00e3o experimental, os correspondentes ensaios de atividade enzim\u00e1tica dos compostos mais promissores.<\/p>\n<h3><\/h3>\n<p>&nbsp;<\/p>\n<h3><strong>Educa\u00e7\u00e3o e forma\u00e7\u00e3o:<\/strong><\/h3>\n<p class=\"font_7\">De modo geral, o LCQF est\u00e1 apto para receber alunos e pesquisadores vinculados aos cursos de Ci\u00eancias Farmac\u00eauticas e Qu\u00edmica (mas n\u00e3o somente!). Dentro da USP Ribeir\u00e3o, est\u00e1 formalmente vinculado aos programas de P\u00f3s-Gradua\u00e7\u00e3o da Farm\u00e1cia (Faculdade de Ci\u00eancias Farmac\u00eauticas de Ribeir\u00e3o Preto, FCFRP) e da Qu\u00edmica (Faculdade de Filosofia, Ci\u00eancias e Letras de Ribeir\u00e3o Preto, FFCLRP). Desta forma, \u00e9 poss\u00edvel estabelecer la\u00e7os com alunos de IC, Mestrado, Doutorado e P\u00f3s-Doc de ambos os programas. <span class=\"wixGuard\">\u200b<\/span><\/p>\n<p class=\"font_7\">Al\u00e9m disso, o LCQF atua diretamente no fornecimento de disciplinas pertencentes a matriz curricular do curso de gradua\u00e7\u00e3o, como por exemplo:\u00a0<a href=\"https:\/\/uspdigital.usp.br\/jupiterweb\/obterDisciplina?sgldis=6022033&amp;verdis=1\" target=\"_blank\" rel=\"nofollow noopener noreferrer\" data-content=\"https:\/\/uspdigital.usp.br\/jupiterweb\/obterDisciplina?sgldis=6022033&amp;verdis=1\" data-type=\"external\">Qu\u00edmica Farmac\u00eautica II<\/a>,\u00a0 <a href=\"https:\/\/uspdigital.usp.br\/jupiterweb\/obterDisciplina?sgldis=6022018&amp;verdis=2\" target=\"_blank\" rel=\"nofollow noopener noreferrer\" data-content=\"https:\/\/uspdigital.usp.br\/jupiterweb\/obterDisciplina?sgldis=6022018&amp;verdis=2\" data-type=\"external\">No\u00e7\u00f5es de Planejamento de F\u00e1rmacos<\/a>, <a href=\"https:\/\/uspdigital.usp.br\/jupiterweb\/obterDisciplina?sgldis=CGF2050&amp;verdis=2\">Planejamento e Desenvolvimento de F\u00e1rmacos I<\/a> e <a href=\"https:\/\/uspdigital.usp.br\/jupiterweb\/obterDisciplina?sgldis=CGF2054&amp;verdis=3\">II<\/a>. Assim como para os cursos de Mestrado e Doutorado, como por exemplo as disciplinas: <a href=\"https:\/\/uspdigital.usp.br\/janus\/componente\/catalogoDisciplinasInicial.jsf?action=3&amp;sgldis=6025822\" target=\"_blank\" rel=\"nofollow noopener noreferrer\" data-content=\"https:\/\/uspdigital.usp.br\/janus\/componente\/catalogoDisciplinasInicial.jsf?action=3&amp;sgldis=6025822\" data-type=\"external\">Planejamento de F\u00e1rmacos<\/a>\u00a0e Modelagem Molecular e Bioinform\u00e1tica no Planejamento de F\u00e1rmacos.<\/p>\n<p>&nbsp;<\/p>\n","protected":false},"excerpt":{"rendered":"<p>Bem-vindo(a)! Seja muito bem-vindo(a) ao site oficial do Laborat\u00f3rio Computacional de Qu\u00edmica Farmac\u00eautica (LCQF). O LCQF consiste de um grupo de pesquisa, coordenado pelo Prof. Dr. Carlos Henrique Tomich de Paula da Silva e localizado na Faculdade de Ci\u00eancias Farmac\u00eauticas de Ribeir\u00e3o Preto (FCFRP), Universidade de S\u00e3o Paulo (USP), Ribeir\u00e3o<a class=\"more-link\" href=\"https:\/\/sites.usp.br\/lcqf\/\"><span class=\"more-text\">Continue reading <span class=\"icon-long-arrow-right\"><\/span><\/span><\/a><\/p>\n","protected":false},"author":1,"featured_media":0,"parent":0,"menu_order":0,"comment_status":"closed","ping_status":"closed","template":"","meta":{"footnotes":"","_links_to":"","_links_to_target":""},"class_list":["post-157","page","type-page","status-publish","hentry","post"],"_links":{"self":[{"href":"https:\/\/sites.usp.br\/lcqf\/wp-json\/wp\/v2\/pages\/157","targetHints":{"allow":["GET"]}}],"collection":[{"href":"https:\/\/sites.usp.br\/lcqf\/wp-json\/wp\/v2\/pages"}],"about":[{"href":"https:\/\/sites.usp.br\/lcqf\/wp-json\/wp\/v2\/types\/page"}],"author":[{"embeddable":true,"href":"https:\/\/sites.usp.br\/lcqf\/wp-json\/wp\/v2\/users\/1"}],"replies":[{"embeddable":true,"href":"https:\/\/sites.usp.br\/lcqf\/wp-json\/wp\/v2\/comments?post=157"}],"version-history":[{"count":5,"href":"https:\/\/sites.usp.br\/lcqf\/wp-json\/wp\/v2\/pages\/157\/revisions"}],"predecessor-version":[{"id":578,"href":"https:\/\/sites.usp.br\/lcqf\/wp-json\/wp\/v2\/pages\/157\/revisions\/578"}],"wp:attachment":[{"href":"https:\/\/sites.usp.br\/lcqf\/wp-json\/wp\/v2\/media?parent=157"}],"curies":[{"name":"wp","href":"https:\/\/api.w.org\/{rel}","templated":true}]}}