{"id":195,"date":"2021-03-30T15:25:26","date_gmt":"2021-03-30T17:25:26","guid":{"rendered":"https:\/\/sites.usp.br\/lcqf\/?page_id=195"},"modified":"2022-07-08T11:48:45","modified_gmt":"2022-07-08T13:48:45","slug":"linhas-de-pesquisa","status":"publish","type":"page","link":"https:\/\/sites.usp.br\/lcqf\/linhas-de-pesquisa\/","title":{"rendered":"Linhas de Pesquisa"},"content":{"rendered":"<ul>\n<li>Qu\u00edmica farmac\u00eautica e medicinal<\/li>\n<li>Qu\u00edmica medicinal computacional<\/li>\n<li class=\"font_7\">Planejamento computacional e avalia\u00e7\u00e3o biol\u00f3gica de candidatos a f\u00e1rmacos<\/li>\n<li class=\"font_7\">Modelagem molecular<\/li>\n<li>Modelagem de prote\u00ednas por homologia<\/li>\n<li>Computer-aided drug design<\/li>\n<li class=\"font_7\">Drug design &amp; development<\/li>\n<li>Structure-based drug design<\/li>\n<li>Ligand-based drug design<\/li>\n<li>Triagem virtual<\/li>\n<li>Din\u00e2mica molecular<\/li>\n<li>Toxicidade in silico<\/li>\n<li>Predi\u00e7\u00e3o de propriedades ADME\/Tox<\/li>\n<li>Quimioinform\u00e1tica<\/li>\n<li class=\"font_7\">Estudos de (Q)SAR (2D e 3D)<\/li>\n<li>An\u00e1lise de resultados de atividade biol\u00f3gica provenientes de ensaios in vitro ou in vivo (em colabora\u00e7\u00e3o)<\/li>\n<li class=\"font_7\">S\u00edntese org\u00e2nica (em colabora\u00e7\u00e3o) e otimiza\u00e7\u00e3o estrutural de compostos com atividade biol\u00f3gica<\/li>\n<\/ul>\n<p>&nbsp;<\/p>\n<p><a href=\"https:\/\/sites.usp.br\/lcqf\/projetos-de-pesquisa\/\">Clique aqui para ver PROJETOS DE PESQUISA<\/a><\/p>\n","protected":false},"excerpt":{"rendered":"<p>Qu\u00edmica farmac\u00eautica e medicinal Qu\u00edmica medicinal computacional Planejamento computacional e avalia\u00e7\u00e3o biol\u00f3gica de candidatos a f\u00e1rmacos Modelagem molecular Modelagem de prote\u00ednas por homologia Computer-aided drug design Drug design &amp; development Structure-based drug design Ligand-based drug design Triagem virtual Din\u00e2mica molecular Toxicidade in silico Predi\u00e7\u00e3o de propriedades ADME\/Tox Quimioinform\u00e1tica Estudos de<a class=\"more-link\" href=\"https:\/\/sites.usp.br\/lcqf\/linhas-de-pesquisa\/\"><span class=\"more-text\">Continue reading <span class=\"icon-long-arrow-right\"><\/span><\/span><\/a><\/p>\n","protected":false},"author":22352,"featured_media":0,"parent":0,"menu_order":0,"comment_status":"closed","ping_status":"closed","template":"","meta":{"footnotes":"","_links_to":"","_links_to_target":""},"class_list":["post-195","page","type-page","status-publish","hentry","post"],"_links":{"self":[{"href":"https:\/\/sites.usp.br\/lcqf\/wp-json\/wp\/v2\/pages\/195","targetHints":{"allow":["GET"]}}],"collection":[{"href":"https:\/\/sites.usp.br\/lcqf\/wp-json\/wp\/v2\/pages"}],"about":[{"href":"https:\/\/sites.usp.br\/lcqf\/wp-json\/wp\/v2\/types\/page"}],"author":[{"embeddable":true,"href":"https:\/\/sites.usp.br\/lcqf\/wp-json\/wp\/v2\/users\/22352"}],"replies":[{"embeddable":true,"href":"https:\/\/sites.usp.br\/lcqf\/wp-json\/wp\/v2\/comments?post=195"}],"version-history":[{"count":5,"href":"https:\/\/sites.usp.br\/lcqf\/wp-json\/wp\/v2\/pages\/195\/revisions"}],"predecessor-version":[{"id":439,"href":"https:\/\/sites.usp.br\/lcqf\/wp-json\/wp\/v2\/pages\/195\/revisions\/439"}],"wp:attachment":[{"href":"https:\/\/sites.usp.br\/lcqf\/wp-json\/wp\/v2\/media?parent=195"}],"curies":[{"name":"wp","href":"https:\/\/api.w.org\/{rel}","templated":true}]}}