{"id":196,"date":"2021-03-30T15:25:26","date_gmt":"2021-03-30T17:25:26","guid":{"rendered":"https:\/\/sites.usp.br\/lcqf\/?page_id=196"},"modified":"2022-07-18T12:18:42","modified_gmt":"2022-07-18T15:18:42","slug":"projetos-de-pesquisa","status":"publish","type":"page","link":"https:\/\/sites.usp.br\/lcqf\/projetos-de-pesquisa\/","title":{"rendered":"Projetos de Pesquisa"},"content":{"rendered":"<p><strong>PROJETOS GERAIS:<\/strong><\/p>\n<ul>\n<li>An\u00e1lise funcional dos genes xanB e xylA potencialmente envolvidos com a patogenicidade de Xanthomonas citri subsp. citri.<\/li>\n<li class=\"font_7\">Planejamento computacional e avalia\u00e7\u00e3o biol\u00f3gica de novos inibidores de proteassoma, com interesse em leishmaniose e Doen\u00e7a de Chagas (FAPESP).<\/li>\n<li class=\"font_7\">SGC &#8211; The Structural Genomics Consortium &#8211; Centro de Biologia Qu\u00edmica de Prote\u00ednas Quinases: alavancando desenvolvimento de f\u00e1rmacos atrav\u00e9s de pesquisa de acesso aberto (FAPESP).<\/li>\n<li class=\"font_7\">Planejamento e desenvolvimento de novos potenciais agentes anti-Alzheimer, com base na inibi\u00e7\u00e3o das enzimas acetilcolinesterase e Glicog\u00eanio sintase cinase 3-beta e na anti-agrega\u00e7\u00e3o do pept\u00eddeo beta-amiloide (FAPESP).<\/li>\n<li>Chamada FAPESP\/CSIC 2013 &#8211; Novel potential anti-Alzheimer agents: from design to preclinical studies (FAPESP).<\/li>\n<li>PROGRAMA CAPES\/UNIVERSIDADE DE NOTTINGHAM &#8211; Development of new GPCRs interacting drugs to treatment of inflammatory diseases (CAPES).<\/li>\n<li>CEPID &#8211; Centro de Pesquisa em Doen\u00e7as Inflamat\u00f3rias \/ CRID &#8211; Center for Research on Inflammatory Diseases (FAPESP).<\/li>\n<li>N\u00facleo de Pesquisa em Doen\u00e7as lnflamat\u00f3rias (NAP-DIN) &#8211; Pr\u00f3-Reitoria de Pesquisa da Universidade de S\u00e3o Paulo.<\/li>\n<\/ul>\n<p>&nbsp;<\/p>\n<p><strong>PROJETOS DE IC, MESTRADO, DOUTORADO E P\u00d3S-DOUTORADO:<\/strong><\/p>\n<ul>\n<li>Mariana Pegrucci Barcelos. Desenvolvimento, por planejamento computacional, e avalia\u00e7\u00e3o biol\u00f3gica de novos potenciais inibidores da Fosfomanose isomerase (PMI) Xanthomonas citri subsp. citri, com interesse ao controle e preven\u00e7\u00e3o do cancro c\u00edtrico. In\u00edcio: 2021. Tese (Doutorado em P\u00f3s-gradua\u00e7\u00e3o em Bioci\u00eancias e Biotecnologia) &#8211; Faculdade de Ci\u00eancias Farmac\u00eauticas de Ribeir\u00e3o Preto, CAPES.<\/li>\n<li>Tamara Alice Marinho Coelho. Em defini\u00e7\u00e3o.. In\u00edcio: 2020. Disserta\u00e7\u00e3o (Mestrado em Qu\u00edmica Medicinal e Modelagem Molecular) &#8211; Universidade Federal do Par\u00e1.<\/li>\n<li>Isaque Antonio Galindo Francischini. Estudos computacionais de novos antagonistas de receptores para hidrocarbonetos arila (AhR), com potencial efic\u00e1cia ateroprotetora em fumantes. In\u00edcio: 2019. Inicia\u00e7\u00e3o cient\u00edfica (Graduando em Farm\u00e1cia-Bioqu\u00edmica) &#8211; Faculdade de Ci\u00eancias Farmac\u00eauticas de Ribeir\u00e3o Preto, FAPESP.<\/li>\n<li>Guilherme Martins da Silva. Planejamento computacional e avalia\u00e7\u00e3o biol\u00f3gica de inibidores alost\u00e9ricos de GSK-3beta com interesse em doen\u00e7a de Alzheimer. In\u00edcio: 2018. Tese (Doutorado em P\u00f3s-Gradua\u00e7\u00e3o em Qu\u00edmica) &#8211; FFCLRP\/USP, CAPES.<\/li>\n<li>Suzane Quintana Gomes. S\u00edntese e avalia\u00e7\u00e3o de atividade leishmanicida in vitro de novos potenciais inibidores de proteassoma. In\u00edcio: 2018. Tese (Doutorado em P\u00f3s-Gradua\u00e7\u00e3o em Qu\u00edmica) &#8211; FFCLRP\/USP, CAPES.<\/li>\n<li>Ra\u00ed Campos Silva. Planejamento computacional e avalia\u00e7\u00e3o de atividade leishmanicida in vitro de novos candidatos a f\u00e1rmacos. In\u00edcio: 2018. Tese (Doutorado em P\u00f3s-Gradua\u00e7\u00e3o em Qu\u00edmica) &#8211; FFCLRP\/USP.<\/li>\n<\/ul>\n<p>&nbsp;<\/p>\n","protected":false},"excerpt":{"rendered":"<p>PROJETOS GERAIS: An\u00e1lise funcional dos genes xanB e xylA potencialmente envolvidos com a patogenicidade de Xanthomonas citri subsp. citri. Planejamento computacional e avalia\u00e7\u00e3o biol\u00f3gica de novos inibidores de proteassoma, com interesse em leishmaniose e Doen\u00e7a de Chagas (FAPESP). SGC &#8211; The Structural Genomics Consortium &#8211; Centro de Biologia Qu\u00edmica de<a class=\"more-link\" href=\"https:\/\/sites.usp.br\/lcqf\/projetos-de-pesquisa\/\"><span class=\"more-text\">Continue reading <span class=\"icon-long-arrow-right\"><\/span><\/span><\/a><\/p>\n","protected":false},"author":22352,"featured_media":0,"parent":0,"menu_order":0,"comment_status":"closed","ping_status":"closed","template":"","meta":{"footnotes":"","_links_to":"","_links_to_target":""},"class_list":["post-196","page","type-page","status-publish","hentry","post"],"_links":{"self":[{"href":"https:\/\/sites.usp.br\/lcqf\/wp-json\/wp\/v2\/pages\/196","targetHints":{"allow":["GET"]}}],"collection":[{"href":"https:\/\/sites.usp.br\/lcqf\/wp-json\/wp\/v2\/pages"}],"about":[{"href":"https:\/\/sites.usp.br\/lcqf\/wp-json\/wp\/v2\/types\/page"}],"author":[{"embeddable":true,"href":"https:\/\/sites.usp.br\/lcqf\/wp-json\/wp\/v2\/users\/22352"}],"replies":[{"embeddable":true,"href":"https:\/\/sites.usp.br\/lcqf\/wp-json\/wp\/v2\/comments?post=196"}],"version-history":[{"count":5,"href":"https:\/\/sites.usp.br\/lcqf\/wp-json\/wp\/v2\/pages\/196\/revisions"}],"predecessor-version":[{"id":588,"href":"https:\/\/sites.usp.br\/lcqf\/wp-json\/wp\/v2\/pages\/196\/revisions\/588"}],"wp:attachment":[{"href":"https:\/\/sites.usp.br\/lcqf\/wp-json\/wp\/v2\/media?parent=196"}],"curies":[{"name":"wp","href":"https:\/\/api.w.org\/{rel}","templated":true}]}}