{"id":198,"date":"2021-03-30T15:25:26","date_gmt":"2021-03-30T17:25:26","guid":{"rendered":"https:\/\/sites.usp.br\/lcqf\/?page_id=198"},"modified":"2022-07-08T11:49:45","modified_gmt":"2022-07-08T13:49:45","slug":"dissertacoes-e-teses","status":"publish","type":"page","link":"https:\/\/sites.usp.br\/lcqf\/dissertacoes-e-teses\/","title":{"rendered":"Disserta\u00e7\u00f5es e Teses"},"content":{"rendered":"<div class=\"cita-artigos\"><b>Disserta\u00e7\u00f5es de mestrado<\/b><\/div>\n<div class=\"layout-cell layout-cell-11\">\n<div class=\"layout-cell-pad-5\">Mariana Pegrucci Barcellos. Planejamento computacional e avalia\u00e7\u00e3o biol\u00f3gica de novos potenciais inibidores da Fosfomanose isomerase (PMI), de interesse para o controle do cancro c\u00edtrico. 2020. Disserta\u00e7\u00e3o (Mestrado em Qu\u00edmica) &#8211; FFCLRP\/USP, Coordena\u00e7\u00e3o de Aperfei\u00e7oamento de Pessoal de N\u00edvel Superior. Orientador: Carlos Henrique Tomich de Paula da Silva.<\/div>\n<\/div>\n<p>&nbsp;<\/p>\n<div class=\"layout-cell layout-cell-11\">\n<div class=\"layout-cell-pad-5\">Jo\u00e3o Gabriel Curtolo Poiani. Planejamento de candidatos a f\u00e1rmacos inibidores de glicog\u00eanio sintase quinase 3-beta (gsk-3beta) em Mal de Alzheimer. 2017. Disserta\u00e7\u00e3o (Mestrado em Qu\u00edmica) &#8211; FFCLRP\/USP, . Orientador: Carlos Henrique Tomich de Paula da Silva.<\/div>\n<\/div>\n<p>&nbsp;<\/p>\n<div class=\"layout-cell layout-cell-11\">\n<div class=\"layout-cell-pad-5\">Jonathan Resende de Almeida. Estudos de modelagem molecular e rela\u00e7\u00e3o estrutura-atividade da acetiilcolinesterase e inibidores em Mal de Alzheimer. 2011. Disserta\u00e7\u00e3o (Mestrado em Ci\u00eancias Farmac\u00eauticas) &#8211; Faculdade de Ci\u00eancias Farmac\u00eauticas de Ribeir\u00e3o Preto, Funda\u00e7\u00e3o de Amparo \u00e0 Pesquisa do Estado de S\u00e3o Paulo. Orientador: Carlos Henrique Tomich de Paula da Silva.<\/div>\n<\/div>\n<p>&nbsp;<\/p>\n<div class=\"layout-cell layout-cell-11\">\n<div class=\"layout-cell-pad-5\">Josiana Garcia de Ara\u00fajo. Estudos de modelagem molecular e rela\u00e7\u00e3o estrutura-atividade da oncoprote\u00edna MARK-3 em c\u00e2ncer de cabe\u00e7a e pesco\u00e7o. 2010. Disserta\u00e7\u00e3o (Mestrado em Ci\u00eancias Farmac\u00eauticas) &#8211; Faculdade de Ci\u00eancias Farmac\u00eauticas de Ribeir\u00e3o Preto, Funda\u00e7\u00e3o de Amparo \u00e0 Pesquisa do Estado de S\u00e3o Paulo. Orientador: Carlos Henrique Tomich de Paula da Silva.<\/div>\n<\/div>\n<p>&nbsp;<\/p>\n<div class=\"layout-cell layout-cell-11\">\n<div class=\"layout-cell-pad-5\">Vin\u00edcius Barreto da Silva. Estudos de modelagem molecular e rela\u00e7\u00e3o estrutura-atividade da oncoprote\u00edna hnRNP K e ligantes. 2008. Disserta\u00e7\u00e3o (Mestrado em Ci\u00eancias Farmac\u00eauticas) &#8211; Faculdade de Ci\u00eancias Farmac\u00eauticas de Ribeir\u00e3o Preto, Coordena\u00e7\u00e3o de Aperfei\u00e7oamento de Pessoal de N\u00edvel Superior. Orientador: Carlos Henrique Tomich de Paula da Silva.<\/div>\n<\/div>\n<p>&nbsp;<\/p>\n<div class=\"cita-artigos\"><b>Teses de doutorado<\/b><\/div>\n<div class=\"layout-cell layout-cell-11\">\n<div class=\"layout-cell-pad-5\">Leonardo Bruno Federico. Planejamento e a valida\u00e7\u00e3o anti-proliferativa e anti-leishmania, de novos h\u00edbridos tri-funcionalizados unidos atrav\u00e9s do anel de 1,2,3 ?triazol e compostos similares. 2016. Tese (Doutorado em P\u00f3s-Gradua\u00e7\u00e3o em Qu\u00edmica) &#8211; FFCLRP\/USP, Conselho Nacional de Desenvolvimento Cient\u00edfico e Tecnol\u00f3gico. Orientador: Carlos Henrique Tomich de Paula da Silva.<\/div>\n<\/div>\n<p>&nbsp;<\/p>\n<div class=\"layout-cell layout-cell-11\">\n<div class=\"layout-cell-pad-5\">Jonathan Resende de Almeida. Planejamento, ensaio e otimiza\u00e7\u00e3o in silico de novos prot\u00f3tipos inibidores da enzima acetilcolinesterase. 2015. Tese (Doutorado em Ci\u00eancias Farmac\u00eauticas) &#8211; Faculdade de Ci\u00eancias Farmac\u00eauticas de Ribeir\u00e3o Preto, Funda\u00e7\u00e3o de Amparo \u00e0 Pesquisa do Estado de S\u00e3o Paulo. Orientador: Carlos Henrique Tomich de Paula da Silva.<\/div>\n<\/div>\n<p>&nbsp;<\/p>\n<div class=\"layout-cell layout-cell-11\">\n<div class=\"layout-cell-pad-5\">Ricardo Pereira Rodrigues. Case\u00edna quinase 1 como alvo para o planejamento de f\u00e1rmacos em Mal de Alzheimer. 2014. Tese (Doutorado em Ci\u00eancias Farmac\u00eauticas) &#8211; Faculdade de Ci\u00eancias Farmac\u00eauticas de Ribeir\u00e3o Preto, Funda\u00e7\u00e3o de Amparo \u00e0 Pesquisa do Estado de S\u00e3o Paulo. Orientador: Carlos Henrique Tomich de Paula da Silva.<\/div>\n<\/div>\n<p>&nbsp;<\/p>\n<div class=\"layout-cell layout-cell-11\">\n<div class=\"layout-cell-pad-5\">Fl\u00e1vio Roberto Pinsetta. Quinase p38alfa como alvo para o planejamento de f\u00e1rmacos em Mal de Alzheimer. 2013. Tese (Doutorado em Ci\u00eancias Farmac\u00eauticas) &#8211; Faculdade de Ci\u00eancias Farmac\u00eauticas de Ribeir\u00e3o Preto, Coordena\u00e7\u00e3o de Aperfei\u00e7oamento de Pessoal de N\u00edvel Superior. Orientador: Carlos Henrique Tomich de Paula da Silva.<\/div>\n<\/div>\n<p>&nbsp;<\/p>\n<div class=\"layout-cell layout-cell-11\">\n<div class=\"layout-cell-pad-5\">Evandro Pizeta Semighini. Planejamento racional de inibidores da beta-Secretase em Mal de Alzheimer. 2013. Tese (Doutorado em Ci\u00eancias Farmac\u00eauticas) &#8211; Faculdade de Ci\u00eancias Farmac\u00eauticas de Ribeir\u00e3o Preto, Funda\u00e7\u00e3o de Amparo \u00e0 Pesquisa do Estado de S\u00e3o Paulo. Orientador: Carlos Henrique Tomich de Paula da Silva.<\/div>\n<\/div>\n<p>&nbsp;<\/p>\n<div class=\"layout-cell layout-cell-11\">\n<div class=\"layout-cell-pad-5\">Vinicius Barreto da Silva. Modelagem molecular, s\u00edntese e avalia\u00e7\u00e3o da atividade biol\u00f3gica de potenciais antineopl\u00e1sicos com a prote\u00edna hnRNP K e culturas de c\u00e9lulas tumorais. 2011. Tese (Doutorado em Ci\u00eancias Farmac\u00eauticas) &#8211; Faculdade de Ci\u00eancias Farmac\u00eauticas de Ribeir\u00e3o Preto, Funda\u00e7\u00e3o de Amparo \u00e0 Pesquisa do Estado de S\u00e3o Paulo. Orientador: Carlos Henrique Tomich de Paula da Silva.<\/div>\n<\/div>\n<p>&nbsp;<\/p>\n<div class=\"layout-cell layout-cell-11\">\n<div class=\"layout-cell-pad-5\">Lorane Isabel da Silva Hage. Estudo das interac\u00f5es entre fosfolipases A2 e o inibidor vegetal \u00e1cido rosmar\u00ednico de Cordia verbenaceae (Boraginaceae) por co-cristalizac\u00e3o e modelagem molecular. 2009. Tese (Doutorado em Toxicologia) &#8211; Faculdade de Ci\u00eancias Farmac\u00eauticas de Ribeir\u00e3o Preto- USP, Funda\u00e7\u00e3o de Amparo \u00e0 Pesquisa do Estado de S\u00e3o Paulo. Coorientador: Carlos Henrique Tomich de Paula da Silva.<\/div>\n<\/div>\n","protected":false},"excerpt":{"rendered":"<p>Disserta\u00e7\u00f5es de mestrado Mariana Pegrucci Barcellos. Planejamento computacional e avalia\u00e7\u00e3o biol\u00f3gica de novos potenciais inibidores da Fosfomanose isomerase (PMI), de interesse para o controle do cancro c\u00edtrico. 2020. Disserta\u00e7\u00e3o (Mestrado em Qu\u00edmica) &#8211; FFCLRP\/USP, Coordena\u00e7\u00e3o de Aperfei\u00e7oamento de Pessoal de N\u00edvel Superior. Orientador: Carlos Henrique Tomich de Paula da Silva.<a class=\"more-link\" href=\"https:\/\/sites.usp.br\/lcqf\/dissertacoes-e-teses\/\"><span class=\"more-text\">Continue reading <span class=\"icon-long-arrow-right\"><\/span><\/span><\/a><\/p>\n","protected":false},"author":22352,"featured_media":0,"parent":0,"menu_order":0,"comment_status":"closed","ping_status":"closed","template":"","meta":{"footnotes":"","_links_to":"","_links_to_target":""},"class_list":["post-198","page","type-page","status-publish","hentry","post"],"_links":{"self":[{"href":"https:\/\/sites.usp.br\/lcqf\/wp-json\/wp\/v2\/pages\/198","targetHints":{"allow":["GET"]}}],"collection":[{"href":"https:\/\/sites.usp.br\/lcqf\/wp-json\/wp\/v2\/pages"}],"about":[{"href":"https:\/\/sites.usp.br\/lcqf\/wp-json\/wp\/v2\/types\/page"}],"author":[{"embeddable":true,"href":"https:\/\/sites.usp.br\/lcqf\/wp-json\/wp\/v2\/users\/22352"}],"replies":[{"embeddable":true,"href":"https:\/\/sites.usp.br\/lcqf\/wp-json\/wp\/v2\/comments?post=198"}],"version-history":[{"count":3,"href":"https:\/\/sites.usp.br\/lcqf\/wp-json\/wp\/v2\/pages\/198\/revisions"}],"predecessor-version":[{"id":372,"href":"https:\/\/sites.usp.br\/lcqf\/wp-json\/wp\/v2\/pages\/198\/revisions\/372"}],"wp:attachment":[{"href":"https:\/\/sites.usp.br\/lcqf\/wp-json\/wp\/v2\/media?parent=198"}],"curies":[{"name":"wp","href":"https:\/\/api.w.org\/{rel}","templated":true}]}}