{"id":199,"date":"2021-03-30T15:25:26","date_gmt":"2021-03-30T17:25:26","guid":{"rendered":"https:\/\/sites.usp.br\/lcqf\/?page_id=199"},"modified":"2023-03-08T20:31:18","modified_gmt":"2023-03-08T23:31:18","slug":"livros","status":"publish","type":"page","link":"https:\/\/sites.usp.br\/lcqf\/livros\/","title":{"rendered":"Livros"},"content":{"rendered":"<div class=\"layout-cell-pad-5 text-align-right\">\n<p><strong>Livros publicados<\/strong><\/p>\n<p>TAFT, C. A. ; Silva, C.H.T.P. . New Developments in Medicinal Chemistry, vol.2. 1. ed. Dubai: Bentham Science, 2014. v. 2. 241p, https:\/\/doi.org\/10.2174\/97816080595461140201<\/p>\n<p>TAFT, C. A. ; SILVA, C. H. T. P. . New Developments in Medicinal Chemistry, vol.1. 1. ed. Dubai: Bentham Science Publishers, 2011. v. 1. 153p<\/p>\n<p>SILVA, C. H. T. P.; TAFT, C. A. . Current Methods in Medicinal Chemistry and Biological Physics. 2. ed. Kerala: Research Signpost, 2008. v. 2. 280p, ISBN 9788130802923<\/p>\n<p>SILVA, C. H. T. P.; TAFT, C. A. . Current Methods in Medicinal Chemistry and Biological Physics. Kerala: Research Signpost, 2007. v. 1. 275p<\/p>\n<p>&nbsp;<\/p>\n<div><\/div>\n<p><strong>Cap\u00edtulos de livros<\/strong><br \/>\n&nbsp;<\/p>\n<div><\/div>\n<p><strong>2022<\/strong><\/p>\n<div><\/div>\n<p>MARINO, B. L. B. ; FERREIRA, J. V. ; SANCHEZ-ORTIZ, L. B. ; CARVALHO, J. C. T. ; FERREIRA, I. M. ; GOMES, S. Q. ; SILVA, CARLOS H. T. P. ; Taft, Carlton A. ; HAGE-MELIM, L. I. S. . In Silico Drug Design and in Vivo Acute Toxicity Assay of Chalcone Analogs with Biological Antiparkinsonian Activity. In: Taft, C.A.; de Lazaro, S.R.. (Org.). Research Topics in Bioactivity, Environment and Energy. 1ed.Cham: Springer, 2022, v. 1, p. 361-387, http:\/\/dx.doi.org\/10.1007\/978-3-031-07622-0_14<\/p>\n<p>SILVA, R. C. ; SANTOS, C. B. R. ; Taft, Carlton A. ; SILVA, G. M. ; SILVA, CARLOS H. T. P. . Advances in Computational Techniques for Discovery and Development of Drugs Against Leishmaniasis, a Brief Review. In: Taft, C.A.; de Lazaro, S.R.. (Org.). Research Topics in Bioactivity, Environment and Energy. 1ed.Cham: Springer, 2022, v. 1, p. 465-480.<\/p>\n<p>BARCELLOS, M. P. ; GOMES, S. Q. ; FEDERICO, L. B. ; FRANCISCHINI, I. A. G. ; HAGE-MELIM, L. I. S. ; SILVA, G. M. ; SILVA, CARLOS H. T. P. . Lead Optimization in Drug Discovery. In: Taft, C.A.; de Lazaro, S.R.. (Org.). Research Topics in Bioactivity, Environment and Energy. 1ed.Cham: Springer, 2022, v. 1, p. 481-500, http:\/\/dx.doi.org\/10.1007\/978-3-031-07622-0_19<\/p>\n<p>GOMES, S. Q. ; SILVA, G. M. ; BARCELLOS, M. P. ; HAGE-MELIM, L. I. S. ; SILVA, CARLOS H. T. P. . Structural Aspects of Organic Compounds as Proteasome Inhibitors Addressed to Several Diseases. In: Taft, C.A.; de Lazaro, S.R.. (Org.). Research Topics in Bioactivity, Environment and Energy. 1ed.Cham: Springer, 2022, v. 1, p. 545-567, http:\/\/dx.doi.org\/10.1007\/978-3-031-07622-0_22<\/p>\n<p>SILVA, A. C. J. ; GOMES, S. Q. ; BARCELLOS, M. P. ; SILVA, CARLOS H. T. P. ; Taft, Carlton A. ; HAGE-MELIM, L. I. S. . Ligand-Based Drug Design for Selection of Molecules with Pharmacological Activity in Essential Tremor. In: Taft, C.A.; de Lazaro, S.R.. (Org.). Research Topics in Bioactivity, Environment and Energy. 1ed.Cham: Springer, 2022, v. 1, p. 603-670.<\/p>\n<p>OLIVEIRA, A. M. ; SILVA, A. E. S. ; PINHEIRO, A. A. ; CORREIA, L. C. ; BRAGA, F. S. ; GEMAQUE, L. R. P. ; SANTOS, C. B. R. ; SILVA, CARLOS H. T. P. ; Taft, Carlton A. ; HAGE-MELIM, L. I. S. . Molecular Modeling of Acetylcholinesterase Inhibitors for the Treatment of Alzheimer&#8217;s Disease. In: Taft, C.A.; de Lazaro, S.R.. (Org.). Research Topics in Bioactivity, Environment and Energy. 1ed.Cham: Springer, 2022, v. 1, p. 697-734, http:\/\/dx.doi.org\/10.1007\/978-3-031-07622-0_27<\/p>\n<p>FEDERICO, L. B. ; BARCELLOS, M. P. ; GOMES, S. Q. ; FRANCISCHINI, I. A. G. ; COSTA, A. L. P. ; HAGE-MELIM, L. I. S. ; SILVA, CARLOS H. T. P. . How Basic Programming Knowledge can Help the Drug Discovery Process. In: Taft, C.A.; de Lazaro, S.R.. (Org.). Research Topics in Bioactivity, Environment and Energy. 1ed.Cham: Springer, 2022, v. 1, p. 583-602.<\/p>\n<p>FERREIRA, J. V. ; CHAVES, G. A. ; BATISTA, M. A. ; CORREIA, L. C. ; SOUZA, L. R. ; COSTA, D. C. ; BARCELLOS, M. P. ; SILVA, CARLOS H. T. P. ; Taft, Carlton A. ; HAGE-MELIM, L. I. S. . Pathophysiology, Molecular Interaction Mechanism, Metabolism, Pharmacotherapy and New Perspectives in the Pharmacological Treatment of Chemical Dependence on the Main Illicit Drugs Consumed in the World. In: Taft, C.A.; de Lazaro, S.R.. (Org.). Research Topics in Bioactivity, Environment and Energy. 1ed.Cham: Springer, 2022, v. 1, p. 405-449.<\/p>\n<p>&nbsp;<\/p>\n<div><\/div>\n<p><strong>2021<\/strong><\/p>\n<div><\/div>\n<p>FEDERICO, L. B. ; BARCELLOS, M. P. ; SILVA, G. M. ; FRANCISCHINI, I. A. G. ; TAFT, C. A. ; SILVA, C. H. T. P. . Key aspects for achieving hits by virtual screening studies.. In: Felipe de Almeida Porta; Carlton A. Taft. (Org.). Functional Properties of Advanced Engineering Materials and Biomolecules. 1ed.Cham: Springer, 2021, v. 1, http:\/\/dx.doi.org\/10.1007\/978-3-030-62226-8_16<\/p>\n<p>SILVA, G. M. ; FEDERICO, L. B. ; ALVES, V.M. ; SILVA, C. H. T. P. . In silico methods to predict relevant toxicological endpoints of bioactive substances. In: Felipe de Almeida Porta; Carlton A. Taft. (Org.). Functional Properties of Advanced Engineering Materials and Biomolecules. 1ed.Cham: Springer, 2021, v. 1, http:\/\/dx.doi.org\/10.1007\/978-3-030-62226-8_22<\/p>\n<p>GOMES, S. Q. ; RAITZ, I. ; BARCELLOS, M. P. ; TAFT, C. A. ; SILVA, C. H. T. P. . Syntheses and Biological Applications of Fluorescent Probes. In: Felipe de Almeida Porta; Carlton A. Taft. (Org.). Functional Properties of Advanced Engineering Materials and Biomolecules. 1ed.Cham: Springer, 2021, v. 1, http:\/\/dx.doi.org\/10.1007\/978-3-030-62226-8_18<\/p>\n<p>SILVA, R. C. ; FERREIRA, I. M. ; FEDERICO, L. B. ; HAGE-MELIM, L. I. S. ; MACEDO, W. J. C. ; PORTO, A. L. M. ; TAFT, C. A. ; SILVA, C. H. T. P. ; SANTOS, C. B. R. . ADME\/Tox Study and Molecular Dynamics Simulations Applied in the Design of New Potential GABA-AT Inhibitors. In: F. de. A. La Porta; C. A. Taft. (Org.). Functional Properties of Advanced Engineering Materials and Biomolecules. 1ed.Cham: Springer, 2021, v. 1.<\/p>\n<p>MARINO, B. L. B. ; SOUSA, K. P. A. ; SANTOS, C. B. R. ; TAFT, C. A. ; SILVA, C. H. T. P. ; HAGE-MELIM, L. I. S. . An in Silico Study of Natural Compounds as Potential MAO-B Inhibitors for the Treatment of Parkinson?s Disease. In: F. de. A. La Porta; C. A. Taft. (Org.). Functional Properties of Advanced Engineering Materials and Biomolecules. 1ed.Cham: Springer, 2021, v. 1.<\/p>\n<p>Francischini, Isaque Antonio Galindo ; SILVA, C. H. T. P. . Estudos computacionais de novos antagonistas de receptores de hidrocarbonetos de arila (AhR), com potencial efic\u00e1cia ateroprotetora em fumantes. In: Cl\u00e9cio Danilo Dias da Silva; Daniele Bezerra dos Santos. (Org.). A Estrutura\u00e7\u00e3o e Reconhecimento das Ci\u00eancias Biol\u00f3gicas na Contemporaneidade 2. 1ed.Ponta grossa &#8211; PR: Atena, 2021, v. 2, p. 93-108, http:\/\/dx.doi.org\/10.22533\/at.ed.54721010410<\/p>\n<p>MAC\u00caDO, WILLIAMS J. C. ; Silva, Rai C. ; Taft, Carlton A. ; SILVA, CARLOS H. T. P. ; Rodriguez, Anselmo F. R. ; Campos, Joaqu\u00edn M. ; DOS SANTOS, CLEYDSON BRENO RODRIGUES . High-Throughput-Based Virtual Screening via Molecular Docking for Oxidative Stress Mediated by ROS Enzyme. In: F. A. La Porta; C. A. Taft. (Org.). High-Throughput-Based Virtual Screening via Molecular Docking for Oxidative Stress Mediated by ROS Enzyme. 1ed.Cham: Springer Nature, 2021, v. 1, p. 489-513, http:\/\/dx.doi.org\/10.1007\/978-3-030-62226-8_17<\/p>\n<p>da Silva, Vinicius Barreto ; e Silva, Flavia Amoroso Matos ; Garcia, Cristiana Bernadelli ; Leopoldino, Andreia Machado ; da Silva, Carlos Henrique Tomich de Paula ; Taft, Carlton Anthony . Anticancer Lead Compounds that Prevent DNA Binding to hnRNP K. Anticancer Lead Compounds that Prevent DNA Binding to hnRNP K. 1ed.Cham: Springer Nature, 2021, v. 1, p. 677-694, http:\/\/dx.doi.org\/10.1007\/978-3-030-62226-8_23<\/p>\n<p>&nbsp;<\/p>\n<div><\/div>\n<p><strong>2020<\/strong><\/p>\n<div><\/div>\n<div class=\"layout-cell-pad-5\">Kawano, Daniel F. ;\u00a0de Paula da Silva, Carlos H. T. ; Taft, Carlton A. . Design of Inhibitors of the Human Fibroblast Activation Protein as a Strategy to Hinder Metastasis and Angiogenesis. Engineering Materials. 1ed.: Springer International Publishing, 2020, v. 1, p. 277-303, http:\/\/dx.doi.org\/10.1007\/978-3-030-31403-3_11<\/div>\n<p>&nbsp;<\/p>\n<div><\/div>\n<p><strong>2019<\/strong><\/p>\n<div><\/div>\n<p>BARCELLOS, M. P. ;\u00a0FEDERICO, L. B.\u00a0;\u00a0TAFT, C. A.\u00a0;\u00a0SILVA, C. H. T. P.\u00a0. Prediction of the Three-Dimensional Structure of Phosphate-6-mannose PMI Present in the Cell Membrane of Xanthomonas citri subsp. citri of Interest for the Citrus Canker Control. In: Porta, Felipe de Almeida, Taft, Carlton A. (Eds.). (Org.). Emerging Research in Science and Engineering Based on Advanced Experimental and Computational Strategies. 1ed.Chennai: Springer, 2019, v. 1, p. 1.<\/p>\n<p>KAWANO, D. F.\u00a0;\u00a0Taft, Carlton A.\u00a0;\u00a0SILVA, C. H. T. P.\u00a0. Pharmacophore perception by pattern recognition: model construction, validation and application to virtual screening in a practical exercise. Emerging Research in Science and Engineering Based on Advanced Experimental and Computational Strategies. 1ed.Chennai: Springer, 2019, v. 1, p. 25-50.<\/p>\n<p>&nbsp;<\/p>\n<div><\/div>\n<p><strong>2014<\/strong><\/p>\n<div><\/div>\n<p>TAFT, C. A. ; SILVA, C. H. T. P. . Current State-of-the-Art for Virtual Screening and Docking Methods. In: Carlton A. Taft; Carlos H. T. P. Silva. (Org.). New Developments in Medicinal Chemistry. 1ed.Dubai: Bentham Science, 2014, v. 2, p. 3-169.<\/p>\n<p>MANTOANI, S. P. ; ANDRADE, P. ; SILVA, C. H. T. P. . Estimating Protein-Ligand Binding Affinity by NMR. In: Carlton A. Taft; Carlos H. T. P. Silva. (Org.). New Developments in Medicinal Chemistry. 1ed.Dubai: Bentham Science, 2014, v. 2, p. 170-191.<\/p>\n<p>RODRIGUES, R. P. ; ALMEIDA, J. R. ; SEMIGHINI, E. P. ; PINSETTA, F. R. ; MANTOANI, S. P. ; SILVA, V. B. ; SILVA, C. H. T. P. . ADME\/Tox Predictions in Drug Design. In: Carlton A. Taft\/Carlos H. T. P. Silva. (Org.). New Developments in Medicinal Chemistry. 1ed.Dubai: Bentham Science, 2014, v. 2, p. 192-213.<\/p>\n<p>SILVA, V. B. ; KAWANO, D. F. ; RODRIGUES, R. P. ; MANTOANI, S. P. ; ALMEIDA, J. R. ; SEMIGHINI, E. P. ; SILVA, C. H. T. P. . Bioisosteric Replacements in Drug Design. In: Carlton A. Taft\/Carlos H. T. P. Silva. (Org.). New Developments in Medicinal Chemistry. 1ed.Dubai: Bentham Science, 2014, v. 2, p. 213-239.<\/p>\n<p>&nbsp;<\/p>\n<div><\/div>\n<div><a href=\"http:\/\/lattes.cnpq.br\/6752825379349219\" target=\"_blank\" rel=\"noopener noreferrer\">Clique aqui para ver mais&#8230;<\/a><\/div>\n<p>&nbsp;<\/p>\n<div><\/div>\n","protected":false},"excerpt":{"rendered":"<p>Livros publicados TAFT, C. A. ; Silva, C.H.T.P. . New Developments in Medicinal Chemistry, vol.2. 1. ed. Dubai: Bentham Science, 2014. v. 2. 241p, https:\/\/doi.org\/10.2174\/97816080595461140201 TAFT, C. A. ; SILVA, C. H. T. P. . New Developments in Medicinal Chemistry, vol.1. 1. ed. Dubai: Bentham Science Publishers, 2011. v. 1.<a class=\"more-link\" href=\"https:\/\/sites.usp.br\/lcqf\/livros\/\"><span class=\"more-text\">Continue reading <span class=\"icon-long-arrow-right\"><\/span><\/span><\/a><\/p>\n","protected":false},"author":22352,"featured_media":0,"parent":0,"menu_order":0,"comment_status":"closed","ping_status":"closed","template":"","meta":{"footnotes":"","_links_to":"","_links_to_target":""},"class_list":["post-199","page","type-page","status-publish","hentry","post"],"_links":{"self":[{"href":"https:\/\/sites.usp.br\/lcqf\/wp-json\/wp\/v2\/pages\/199","targetHints":{"allow":["GET"]}}],"collection":[{"href":"https:\/\/sites.usp.br\/lcqf\/wp-json\/wp\/v2\/pages"}],"about":[{"href":"https:\/\/sites.usp.br\/lcqf\/wp-json\/wp\/v2\/types\/page"}],"author":[{"embeddable":true,"href":"https:\/\/sites.usp.br\/lcqf\/wp-json\/wp\/v2\/users\/22352"}],"replies":[{"embeddable":true,"href":"https:\/\/sites.usp.br\/lcqf\/wp-json\/wp\/v2\/comments?post=199"}],"version-history":[{"count":4,"href":"https:\/\/sites.usp.br\/lcqf\/wp-json\/wp\/v2\/pages\/199\/revisions"}],"predecessor-version":[{"id":602,"href":"https:\/\/sites.usp.br\/lcqf\/wp-json\/wp\/v2\/pages\/199\/revisions\/602"}],"wp:attachment":[{"href":"https:\/\/sites.usp.br\/lcqf\/wp-json\/wp\/v2\/media?parent=199"}],"curies":[{"name":"wp","href":"https:\/\/api.w.org\/{rel}","templated":true}]}}