{"id":257,"date":"2021-03-30T16:40:51","date_gmt":"2021-03-30T18:40:51","guid":{"rendered":"https:\/\/sites.usp.br\/lcqf\/?page_id=257"},"modified":"2021-04-11T00:19:31","modified_gmt":"2021-04-11T02:19:31","slug":"publicacoes","status":"publish","type":"page","link":"https:\/\/sites.usp.br\/lcqf\/publicacoes\/","title":{"rendered":"Publica\u00e7\u00f5es"},"content":{"rendered":"<p><a href=\"https:\/\/sites.usp.br\/lcqf\/artigos\/\">Clique aqui para ver ARTIGOS<\/a><\/p>\n<p>&nbsp;<\/p>\n<p><a href=\"https:\/\/sites.usp.br\/lcqf\/livros\/\">Clique aqui para ver LIVROS<\/a><\/p>\n<p>&nbsp;<\/p>\n<p><a href=\"https:\/\/sites.usp.br\/lcqf\/participacoes-em-congressos\/\">Clique aqui para ver PARTICIPA\u00c7\u00d5ES EM CONGRESSOS<\/a><\/p>\n<p>&nbsp;<\/p>\n<p><a href=\"https:\/\/sites.usp.br\/lcqf\/dissertacoes-e-teses\/\">Clique aqui para ver DISSERTA\u00c7\u00d5ES E TESES<\/a><\/p>\n","protected":false},"excerpt":{"rendered":"<p>Clique aqui para ver ARTIGOS &nbsp; Clique aqui para ver LIVROS &nbsp; Clique aqui para ver PARTICIPA\u00c7\u00d5ES EM CONGRESSOS &nbsp; Clique aqui para ver DISSERTA\u00c7\u00d5ES E TESES<\/p>\n","protected":false},"author":22352,"featured_media":0,"parent":0,"menu_order":0,"comment_status":"closed","ping_status":"closed","template":"","meta":{"footnotes":"","_links_to":"","_links_to_target":""},"class_list":["post-257","page","type-page","status-publish","hentry","post"],"_links":{"self":[{"href":"https:\/\/sites.usp.br\/lcqf\/wp-json\/wp\/v2\/pages\/257","targetHints":{"allow":["GET"]}}],"collection":[{"href":"https:\/\/sites.usp.br\/lcqf\/wp-json\/wp\/v2\/pages"}],"about":[{"href":"https:\/\/sites.usp.br\/lcqf\/wp-json\/wp\/v2\/types\/page"}],"author":[{"embeddable":true,"href":"https:\/\/sites.usp.br\/lcqf\/wp-json\/wp\/v2\/users\/22352"}],"replies":[{"embeddable":true,"href":"https:\/\/sites.usp.br\/lcqf\/wp-json\/wp\/v2\/comments?post=257"}],"version-history":[{"count":3,"href":"https:\/\/sites.usp.br\/lcqf\/wp-json\/wp\/v2\/pages\/257\/revisions"}],"predecessor-version":[{"id":349,"href":"https:\/\/sites.usp.br\/lcqf\/wp-json\/wp\/v2\/pages\/257\/revisions\/349"}],"wp:attachment":[{"href":"https:\/\/sites.usp.br\/lcqf\/wp-json\/wp\/v2\/media?parent=257"}],"curies":[{"name":"wp","href":"https:\/\/api.w.org\/{rel}","templated":true}]}}