{"id":467,"date":"2021-04-10T23:52:29","date_gmt":"2021-04-11T01:52:29","guid":{"rendered":"https:\/\/sites.usp.br\/lcqf\/?page_id=467"},"modified":"2021-04-10T23:52:29","modified_gmt":"2021-04-11T01:52:29","slug":"ex-membros","status":"publish","type":"page","link":"https:\/\/sites.usp.br\/lcqf\/ex-membros\/","title":{"rendered":"Ex-Membros"},"content":{"rendered":"<p>Lorane Izabel da Silva Hage-Melim<\/p>\n<p>Jonathan Resende de Almeida<\/p>\n<p>Josiana Garcia de Ara\u00fajo<\/p>\n<p>Vin\u00edcius Barreto da Silva<\/p>\n<p>Ricardo Pereira Rodrigues<\/p>\n<p>Fl\u00e1vio Roberto Pinsetta<\/p>\n<p>Evandro Pizeta Semighini<\/p>\n<p>Evelyn Mirella Lopes Pina Diniz<\/p>\n<p>Peterson de Andrade<\/p>\n<p>Larissa Pernomian<\/p>\n<p>Robert Alexander Smith<\/p>\n<p>Fernando Cidade Torres<\/p>\n<p>Cleydson Breno Rodrigues dos Santos<\/p>\n<p>Susimaire Pedersoli Mantoani<\/p>\n<p>Adriana Mieco Namba da Costa<\/p>\n<p>Leonardo \u00cdcaro Guimar\u00e3es de Assis<\/p>\n<p>Olavo Augusto Feitosa<\/p>\n<p>Wagner Bueno Vieira<\/p>\n<p>Gustavo Miranda Forte<\/p>\n","protected":false},"excerpt":{"rendered":"<p>Lorane Izabel da Silva Hage-Melim Jonathan Resende de Almeida Josiana Garcia de Ara\u00fajo Vin\u00edcius Barreto da Silva Ricardo Pereira Rodrigues Fl\u00e1vio Roberto Pinsetta Evandro Pizeta Semighini Evelyn Mirella Lopes Pina Diniz Peterson de Andrade Larissa Pernomian Robert Alexander Smith Fernando Cidade Torres Cleydson Breno Rodrigues dos Santos Susimaire Pedersoli Mantoani<a class=\"more-link\" href=\"https:\/\/sites.usp.br\/lcqf\/ex-membros\/\"><span class=\"more-text\">Continue reading <span class=\"icon-long-arrow-right\"><\/span><\/span><\/a><\/p>\n","protected":false},"author":22352,"featured_media":0,"parent":0,"menu_order":0,"comment_status":"closed","ping_status":"closed","template":"","meta":{"footnotes":"","_links_to":"","_links_to_target":""},"class_list":["post-467","page","type-page","status-publish","hentry","post"],"_links":{"self":[{"href":"https:\/\/sites.usp.br\/lcqf\/wp-json\/wp\/v2\/pages\/467","targetHints":{"allow":["GET"]}}],"collection":[{"href":"https:\/\/sites.usp.br\/lcqf\/wp-json\/wp\/v2\/pages"}],"about":[{"href":"https:\/\/sites.usp.br\/lcqf\/wp-json\/wp\/v2\/types\/page"}],"author":[{"embeddable":true,"href":"https:\/\/sites.usp.br\/lcqf\/wp-json\/wp\/v2\/users\/22352"}],"replies":[{"embeddable":true,"href":"https:\/\/sites.usp.br\/lcqf\/wp-json\/wp\/v2\/comments?post=467"}],"version-history":[{"count":1,"href":"https:\/\/sites.usp.br\/lcqf\/wp-json\/wp\/v2\/pages\/467\/revisions"}],"predecessor-version":[{"id":468,"href":"https:\/\/sites.usp.br\/lcqf\/wp-json\/wp\/v2\/pages\/467\/revisions\/468"}],"wp:attachment":[{"href":"https:\/\/sites.usp.br\/lcqf\/wp-json\/wp\/v2\/media?parent=467"}],"curies":[{"name":"wp","href":"https:\/\/api.w.org\/{rel}","templated":true}]}}