{"id":563,"date":"2022-07-18T11:28:25","date_gmt":"2022-07-18T14:28:25","guid":{"rendered":"https:\/\/sites.usp.br\/lcqf\/?page_id=563"},"modified":"2022-07-18T11:59:41","modified_gmt":"2022-07-18T14:59:41","slug":"carlos-tomich","status":"publish","type":"page","link":"https:\/\/sites.usp.br\/lcqf\/carlos-tomich\/","title":{"rendered":"Prof. Dr. Carlos Henrique Tomich de Paula da Silva"},"content":{"rendered":"<p>&nbsp;<\/p>\n<div class=\"so-widget-sow-editor so-widget-sow-editor-base\">\n<div class=\"siteorigin-widget-tinymce textwidget\">\n<h2 class=\"font_2\"><a href=\"https:\/\/sites.usp.br\/lcqf\/wp-content\/uploads\/sites\/932\/2021\/03\/profile-carlos.jpg\"><img loading=\"lazy\" decoding=\"async\" class=\"alignleft wp-image-265 size-full\" src=\"https:\/\/sites.usp.br\/lcqf\/wp-content\/uploads\/sites\/932\/2021\/03\/profile-carlos-e1617130238457.jpg\" alt=\"\" width=\"161\" height=\"200\" \/><\/a>Prof. Dr. Carlos Henrique Tomich de Paula da Silva<\/h2>\n<p class=\"font_7\"><a href=\"http:\/\/lattes.cnpq.br\/6752825379349219\" target=\"_blank\" rel=\"nofollow noopener noreferrer\" data-content=\"http:\/\/lattes.cnpq.br\/3235309044287558\" data-type=\"external\">Curr\u00edculo Lattes<\/a> | <a href=\"https:\/\/bv.fapesp.br\/pt\/pesquisador\/2807\/carlos-henrique-tomich-de-paula-da-silva\/\" target=\"_blank\" rel=\"noopener noreferrer\">BV Fapesp<\/a> | <a href=\"https:\/\/orcid.org\/0000-0001-6049-3650\" target=\"_blank\" rel=\"noopener noreferrer\">Orcid<\/a> | <a href=\"https:\/\/publons.com\/researcher\/2378896\/carlos-h-t-p-silva\/\" target=\"_blank\" rel=\"noopener noreferrer\">Researcher ID<\/a> | <a href=\"https:\/\/scholar.google.com.br\/citations?user=VUi1GvcAAAAJ&amp;hl=pt-BR\" target=\"_blank\" rel=\"noopener noreferrer\">Google Scholar<\/a> | <a href=\"https:\/\/www.researchgate.net\/profile\/Carlos-Silva-169\" target=\"_blank\" rel=\"noopener noreferrer\">ResearchGate<\/a><\/p>\n<p class=\"font_7\"><a href=\"mailto:tomich@fcfrp.usp.br\" target=\"_blank\" rel=\"noopener noreferrer\" data-content=\"joao.poiani@usp.br\" data-type=\"mail\">tomich@fcfrp.usp.br<\/a><\/p>\n<\/div>\n<\/div>\n<p>&nbsp;<\/p>\n<div class=\"so-widget-sow-editor so-widget-sow-editor-base\">\n<div class=\"siteorigin-widget-tinymce textwidget\">\n<p>\u00c9 Bacharel em Qu\u00edmica pela Universidade Estadual de Campinas &#8211; UNICAMP (1992), Mestre em Qu\u00edmica pelo Instituto Militar de Engenharia &#8211; IME (1995) e Doutor em Quimica pela Universidade de S\u00e3o Paulo &#8211; IQSC\/USP (1999). Concluiu dois est\u00e1gios de P\u00f3s-Doutoramento na Universidade de S\u00e3o Paulo (2000-2006) e um terceiro no Barcelona Biomedical Research Park, Espanha (2010). Contratado desde 2007, atualmente \u00e9 Professor Associado 3 da Faculdade de Ci\u00eancias Farmac\u00eauticas de Ribeir\u00e3o Preto, da Universidade de S\u00e3o Paulo &#8211; FCFRP\/USP, onde leciona 2 disciplinas de Gradua\u00e7\u00e3o e 3 de P\u00f3s-Gradua\u00e7\u00e3o. \u00c9 membro de Comiss\u00e3o Coordenadora de P\u00f3s-Gradua\u00e7\u00e3o (CCP) da FFCLRP, bem como do Conselho de Departamento e da Congrega\u00e7\u00e3o, ambos da FCFRP\/USP. Em pesquisa, atua na \u00e1rea de Qu\u00edmica Medicinal, com \u00eanfase em modelagem molecular e QSAR no planejamento de f\u00e1rmacos, incluindo ensaios de atividade enzim\u00e1tica com compostos ligantes de diferentes alvos terap\u00eauticos, de especial interesse em C\u00e2ncer, Doen\u00e7a de Alzheimer, Leishmaniose e doen\u00e7as inflamat\u00f3rias. \u00c9 coordenador de projeto FAPESP vigente em Qu\u00edmica Medicinal no tema de Leishmaniose e Doen\u00e7a de Chagas. Foi Coordenador e vice-Coordenador de dois projetos de Conv\u00eanio Internacional, com a Universidad de Granada (Granada, Espanha) e o Consejo Superior de Investigaciones Cient\u00edficas &#8211; CSIC (Madrid, Espanha), respectivamente fomentados pelo CNPq e pela FAPESP, al\u00e9m de ter sido Pesquisador Principal de projeto de coopera\u00e7\u00e3o com a Universidade de Nottingham (PROGRAMA CAPES\/UNIVERSIDADE DE NOTTINGHAM &#8211; SELE\u00c7\u00c3O DE PROJETOS ESPECIAIS DE PESQUISA EM DRUG DISCOVERY). \u00c9 tamb\u00e9m Pesquisador do CEPID FAPESP de Doen\u00e7as Inflamat\u00f3rias &#8211; CRID (Center for Research in Inflammatory Diseases), pesquisador do projeto Medicinal Chemistry Open Acess do SGC-UNICAMP (The Structural Genomics Consortium) &#8211; FAPESP, e pesquisador associado de um projeto tem\u00e1tico vigente da FAPESP. Junto ao setor privado, estabeleceu e mant\u00e9m uma parceria Universidade-Empresa, na forma de consultoria cient\u00edfica para avalia\u00e7\u00e3o de potencial toxicol\u00f3gico de compostos de interesse agroqu\u00edmico, por estudos de QSAR (Rela\u00e7\u00f5es Estrutura-Atividade Quantitativas) e QSTR (Rela\u00e7\u00f5es Estrutura-Toxicidade Quantitativas). Possui 2 patentes e 210 publica\u00e7\u00f5es, incluindo 170 artigos cient\u00edficos (com 2016 cita\u00e7\u00f5es, 248 apenas em 2020, e \u00edndice h = 22, pela base ISI WEB OF SCIENCE, e \u00edndice h = 22 tamb\u00e9m pelas bases ResearcherID e PUBLONS) e 36 cap\u00edtulos de livros de Qu\u00edmica Medicinal ou afins, sendo ainda Editor\/coeditor de 4 livros internacionais de m\u00e9todos em Qu\u00edmica Medicinal.<\/p>\n<p>&nbsp;<\/p>\n<\/div>\n<\/div>\n<p><a href=\"https:\/\/sites.usp.br\/lcqf\/membros\/\">Clique aqui para ver os membros do LCQF!<\/a><\/p>\n","protected":false},"excerpt":{"rendered":"<p>&nbsp; Prof. Dr. Carlos Henrique Tomich de Paula da Silva Curr\u00edculo Lattes | BV Fapesp | Orcid | Researcher ID | Google Scholar | ResearchGate tomich@fcfrp.usp.br &nbsp; \u00c9 Bacharel em Qu\u00edmica pela Universidade Estadual de Campinas &#8211; UNICAMP (1992), Mestre em Qu\u00edmica pelo Instituto Militar de Engenharia &#8211; IME (1995)<a class=\"more-link\" href=\"https:\/\/sites.usp.br\/lcqf\/carlos-tomich\/\"><span class=\"more-text\">Continue reading <span class=\"icon-long-arrow-right\"><\/span><\/span><\/a><\/p>\n","protected":false},"author":22352,"featured_media":0,"parent":0,"menu_order":0,"comment_status":"closed","ping_status":"closed","template":"","meta":{"footnotes":"","_links_to":"","_links_to_target":""},"class_list":["post-563","page","type-page","status-publish","hentry","post"],"_links":{"self":[{"href":"https:\/\/sites.usp.br\/lcqf\/wp-json\/wp\/v2\/pages\/563","targetHints":{"allow":["GET"]}}],"collection":[{"href":"https:\/\/sites.usp.br\/lcqf\/wp-json\/wp\/v2\/pages"}],"about":[{"href":"https:\/\/sites.usp.br\/lcqf\/wp-json\/wp\/v2\/types\/page"}],"author":[{"embeddable":true,"href":"https:\/\/sites.usp.br\/lcqf\/wp-json\/wp\/v2\/users\/22352"}],"replies":[{"embeddable":true,"href":"https:\/\/sites.usp.br\/lcqf\/wp-json\/wp\/v2\/comments?post=563"}],"version-history":[{"count":4,"href":"https:\/\/sites.usp.br\/lcqf\/wp-json\/wp\/v2\/pages\/563\/revisions"}],"predecessor-version":[{"id":583,"href":"https:\/\/sites.usp.br\/lcqf\/wp-json\/wp\/v2\/pages\/563\/revisions\/583"}],"wp:attachment":[{"href":"https:\/\/sites.usp.br\/lcqf\/wp-json\/wp\/v2\/media?parent=563"}],"curies":[{"name":"wp","href":"https:\/\/api.w.org\/{rel}","templated":true}]}}