{"id":62,"date":"2014-02-12T11:28:30","date_gmt":"2014-02-12T13:28:30","guid":{"rendered":"http:\/\/sites.usp.br\/lcqf\/?page_id=62"},"modified":"2022-07-18T12:05:40","modified_gmt":"2022-07-18T15:05:40","slug":"membros","status":"publish","type":"page","link":"https:\/\/sites.usp.br\/lcqf\/membros\/","title":{"rendered":"Membros"},"content":{"rendered":"<div id=\"pl-62\" class=\"panel-layout\">\n<div id=\"pg-62-0\" class=\"panel-grid panel-no-style\">\n<div id=\"pgc-62-0-0\" class=\"panel-grid-cell\" data-weight=\"1\">\n<div id=\"panel-62-0-0-0\" class=\"so-panel widget widget_sow-editor panel-first-child panel-last-child\" data-index=\"0\">\n<div class=\"so-widget-sow-editor so-widget-sow-editor-base\">\n<div class=\"siteorigin-widget-tinymce textwidget\"><\/div>\n<\/div>\n<\/div>\n<\/div>\n<\/div>\n<\/div>\n<div class=\"so-widget-sow-editor so-widget-sow-editor-base\">\n<div class=\"siteorigin-widget-tinymce textwidget\">\n<div class=\"so-widget-sow-editor so-widget-sow-editor-base\">\n<div class=\"siteorigin-widget-tinymce textwidget\">\n<p class=\"font_2\"><strong>Prof. Dr. Carlos Henrique Tomich de Paula da Silva<br \/>\n<\/strong><\/p>\n<h2 class=\"font_2\"><img loading=\"lazy\" decoding=\"async\" class=\"alignleft wp-image-265 size-full\" src=\"https:\/\/sites.usp.br\/lcqf\/wp-content\/uploads\/sites\/932\/2021\/03\/profile-carlos-e1617130238457.jpg\" alt=\"\" width=\"161\" height=\"200\" \/><\/h2>\n<p class=\"font_7\">Coordenador do LCQF<\/p>\n<p class=\"font_7\"><a href=\"http:\/\/lattes.cnpq.br\/6752825379349219\" target=\"_blank\" rel=\"nofollow noopener noreferrer\" data-content=\"http:\/\/lattes.cnpq.br\/3235309044287558\" data-type=\"external\">Curr\u00edculo Lattes<\/a><\/p>\n<p class=\"font_7\"><a href=\"mailto:tomich@fcfrp.usp.br\" target=\"_blank\" rel=\"noopener noreferrer\" data-content=\"joao.poiani@usp.br\" data-type=\"mail\">tomich@fcfrp.usp.br<\/a><\/p>\n<p><a href=\"https:\/\/sites.usp.br\/lcqf\/carlos-tomich\/\">Clique aqui para saber mais&#8230;<\/a><\/p>\n<\/div>\n<\/div>\n<p>&nbsp;<\/p>\n<p>&nbsp;<\/p>\n<p>&nbsp;<\/p>\n<p>&nbsp;<\/p>\n<p class=\"font_2\"><strong>Jo\u00e3o Gabriel Curtolo Poiani<br \/>\n<\/strong><br \/>\n<img loading=\"lazy\" decoding=\"async\" class=\"alignleft wp-image-273 size-thumbnail\" src=\"https:\/\/sites.usp.br\/lcqf\/wp-content\/uploads\/sites\/932\/2021\/03\/profile-joao-150x150.jpg\" alt=\"\" width=\"150\" height=\"150\" srcset=\"https:\/\/sites.usp.br\/lcqf\/wp-content\/uploads\/sites\/932\/2021\/03\/profile-joao-150x150.jpg 150w, https:\/\/sites.usp.br\/lcqf\/wp-content\/uploads\/sites\/932\/2021\/03\/profile-joao-45x45.jpg 45w, https:\/\/sites.usp.br\/lcqf\/wp-content\/uploads\/sites\/932\/2021\/03\/profile-joao-200x200.jpg 200w, https:\/\/sites.usp.br\/lcqf\/wp-content\/uploads\/sites\/932\/2021\/03\/profile-joao.jpg 225w\" sizes=\"auto, (max-width: 150px) 100vw, 150px\" \/><\/p>\n<p class=\"font_7\">T\u00e9cnico de laborat\u00f3rio<\/p>\n<p class=\"font_7\"><a href=\"http:\/\/lattes.cnpq.br\/3235309044287558\" target=\"_blank\" rel=\"nofollow noopener noreferrer\" data-content=\"http:\/\/lattes.cnpq.br\/3235309044287558\" data-type=\"external\">Curr\u00edculo Lattes<\/a><\/p>\n<p class=\"font_7\"><a href=\"mailto:joao.poiani@usp.br\" target=\"_self\" rel=\"noopener noreferrer\" data-content=\"joao.poiani@usp.br\" data-type=\"mail\">joao.poiani@usp.br<\/a><\/p>\n<p>&nbsp;<\/p>\n<\/div>\n<\/div>\n<p>&nbsp;<\/p>\n<div class=\"so-widget-sow-editor so-widget-sow-editor-base\">\n<div class=\"siteorigin-widget-tinymce textwidget\">\n<p>&nbsp;<\/p>\n<p><strong>Leonardo Bruno Federico<br \/>\n<\/strong><br \/>\n<img loading=\"lazy\" decoding=\"async\" class=\"alignleft wp-image-271 \" src=\"https:\/\/sites.usp.br\/lcqf\/wp-content\/uploads\/sites\/932\/2021\/03\/leo-134x150.jpg\" alt=\"\" width=\"140\" height=\"157\" \/>P\u00f3s-Doutorando<\/p>\n<p>Projeto: Planejamento computacional e avalia\u00e7\u00e3o biol\u00f3gica de novos potenciais inibidores da malato desidrogenase presentes na membrana celular de Xanthomonas citri subsp. citri, de interesse para o controle do cancro c\u00edtrico.<\/p>\n<p class=\"font_7\"><a href=\"http:\/\/lattes.cnpq.br\/1481276383743867\" target=\"_blank\" rel=\"nofollow noopener noreferrer\" data-content=\"http:\/\/lattes.cnpq.br\/1481276383743867\" data-type=\"external\">Curr\u00edculo Lattes<\/a> | <a href=\"https:\/\/orcid.org\/0000-0002-2943-8802\" target=\"_blank\" rel=\"noopener noreferrer\">Orcid<\/a> | <a href=\"https:\/\/publons.com\/researcher\/1460565\/leonardo-bruno-federico\/\" target=\"_blank\" rel=\"noopener noreferrer\">Researcher ID<\/a> | <a href=\"https:\/\/scholar.google.com.br\/citations?user=frMCj7UAAAAJ&amp;hl=pt-BR\" target=\"_blank\" rel=\"noopener noreferrer\">Google Scholar<\/a> | <a href=\"https:\/\/www.researchgate.net\/profile\/Leonardo-Federico-2\" target=\"_blank\" rel=\"noopener noreferrer\">ResearchGate<\/a><\/p>\n<p class=\"font_7\"><a href=\"mailto:lbfederico@usp.br\" target=\"_self\" rel=\"noopener noreferrer\" data-content=\"lbfederico@usp.br\" data-type=\"mail\">lbfederico@usp.br<\/a><\/p>\n<p>&nbsp;<\/p>\n<p>&nbsp;<\/p>\n<p><strong>Mariana Pegrucci Barcelos<br \/>\n<\/strong><\/p>\n<p><img loading=\"lazy\" decoding=\"async\" class=\"alignleft wp-image-266 \" src=\"https:\/\/sites.usp.br\/lcqf\/wp-content\/uploads\/sites\/932\/2021\/03\/profile-mari-150x150.jpg\" alt=\"\" width=\"163\" height=\"163\" srcset=\"https:\/\/sites.usp.br\/lcqf\/wp-content\/uploads\/sites\/932\/2021\/03\/profile-mari-150x150.jpg 150w, https:\/\/sites.usp.br\/lcqf\/wp-content\/uploads\/sites\/932\/2021\/03\/profile-mari-45x45.jpg 45w, https:\/\/sites.usp.br\/lcqf\/wp-content\/uploads\/sites\/932\/2021\/03\/profile-mari-200x200.jpg 200w\" sizes=\"auto, (max-width: 163px) 100vw, 163px\" \/><\/p>\n<p>Doutoranda<\/p>\n<p>Projeto: Desenvolvimento, por planejamento computacional, e avalia\u00e7\u00e3o biol\u00f3gica de novos potenciais inibidores da Fosfomanose isomerase (PMI) Xanthomonas citri subsp. citri, com interesse ao controle e preven\u00e7\u00e3o do cancro c\u00edtrico.<\/p>\n<p><a href=\"http:\/\/lattes.cnpq.br\/5675927869978949\" target=\"_blank\" rel=\"nofollow noopener noreferrer\" data-content=\"http:\/\/lattes.cnpq.br\/5675927869978949\" data-type=\"external\">Curr\u00edculo Lattes<\/a> | <a href=\"https:\/\/www.researchgate.net\/profile\/Mariana-Barcelos-2\" target=\"_blank\" rel=\"noopener noreferrer\">ResearchGate<\/a> | <a href=\"https:\/\/orcid.org\/0000-0003-4642-3116\" target=\"_blank\" rel=\"noopener noreferrer\">Orcid<\/a><\/p>\n<p><a href=\"mailto:mpbarcelos@usp.br\" target=\"_self\" rel=\"noopener noreferrer\" data-content=\"mpbarcelos@usp.br\" data-type=\"mail\">mpbarcelos@usp.br<\/a><\/p>\n<p>&nbsp;<\/p>\n<p>&nbsp;<\/p>\n<p><strong>Rai Campos Silva<br \/>\n<\/strong><br \/>\n<img loading=\"lazy\" decoding=\"async\" class=\"alignleft wp-image-267 \" src=\"https:\/\/sites.usp.br\/lcqf\/wp-content\/uploads\/sites\/932\/2021\/03\/profile-rai-150x150.jpg\" alt=\"\" width=\"170\" height=\"170\" srcset=\"https:\/\/sites.usp.br\/lcqf\/wp-content\/uploads\/sites\/932\/2021\/03\/profile-rai-150x150.jpg 150w, https:\/\/sites.usp.br\/lcqf\/wp-content\/uploads\/sites\/932\/2021\/03\/profile-rai-45x45.jpg 45w, https:\/\/sites.usp.br\/lcqf\/wp-content\/uploads\/sites\/932\/2021\/03\/profile-rai-200x200.jpg 200w\" sizes=\"auto, (max-width: 170px) 100vw, 170px\" \/><\/p>\n<p class=\"font_7\">Doutorando<\/p>\n<p>Projeto: Planejamento computacional e avalia\u00e7\u00e3o de atividade leishmanicida in vitro de novos candidatos a f\u00e1rmacos.<\/p>\n<p class=\"font_7\"><a href=\"http:\/\/lattes.cnpq.br\/7964746326250696\" target=\"_blank\" rel=\"nofollow noopener noreferrer\" data-content=\"http:\/\/lattes.cnpq.br\/7964746326250696\" data-type=\"external\">Curr\u00edculo Lattes<\/a> | <a href=\"https:\/\/orcid.org\/0000-0003-1774-4164\" target=\"_blank\" rel=\"noopener noreferrer\">Orcid<\/a><\/p>\n<p class=\"font_7\"><a href=\"mailto:raics@usp.br\" target=\"_self\" rel=\"noopener noreferrer\" data-content=\"raics@usp.br\" data-type=\"mail\">raics@usp.br<\/a><\/p>\n<p>&nbsp;<\/p>\n<p>&nbsp;<\/p>\n<p><strong>Suzane Quintana Gomes<br \/>\n<\/strong><br \/>\n<img loading=\"lazy\" decoding=\"async\" class=\"alignleft wp-image-269 \" src=\"https:\/\/sites.usp.br\/lcqf\/wp-content\/uploads\/sites\/932\/2021\/03\/profile-su-150x150.jpg\" alt=\"\" width=\"174\" height=\"174\" srcset=\"https:\/\/sites.usp.br\/lcqf\/wp-content\/uploads\/sites\/932\/2021\/03\/profile-su-150x150.jpg 150w, https:\/\/sites.usp.br\/lcqf\/wp-content\/uploads\/sites\/932\/2021\/03\/profile-su-45x45.jpg 45w, https:\/\/sites.usp.br\/lcqf\/wp-content\/uploads\/sites\/932\/2021\/03\/profile-su-200x200.jpg 200w\" sizes=\"auto, (max-width: 174px) 100vw, 174px\" \/><\/p>\n<p class=\"font_7\">Doutoranda<\/p>\n<p>Projeto: S\u00edntese e avalia\u00e7\u00e3o de atividade leishmanicida in vitro de novos potenciais inibidores de proteassoma.<\/p>\n<p class=\"font_7\"><a href=\"http:\/\/lattes.cnpq.br\/2129674795327291\" target=\"_blank\" rel=\"nofollow noopener noreferrer\" data-content=\"http:\/\/lattes.cnpq.br\/2129674795327291\" data-type=\"external\">Curr\u00edculo Lattes<\/a> | <a href=\"https:\/\/www.researchgate.net\/profile\/Suzane-Gomes-2\" target=\"_blank\" rel=\"noopener noreferrer\">ResearchGate<\/a> | <a href=\"https:\/\/orcid.org\/0000-0003-3423-6313\" target=\"_blank\" rel=\"noopener noreferrer\">Orcid<\/a><\/p>\n<p class=\"font_7\"><a href=\"mailto:suzane.quintana@usp.br\" target=\"_self\" rel=\"noopener noreferrer\" data-content=\"suzane.quintana@usp.br\" data-type=\"mail\">suzane.quintana@usp.br<\/a><\/p>\n<p>&nbsp;<\/p>\n<p>&nbsp;<\/p>\n<p><strong>Guilherme Martins da Silva<\/strong><\/p>\n<p><img loading=\"lazy\" decoding=\"async\" class=\"alignleft wp-image-272 \" src=\"https:\/\/sites.usp.br\/lcqf\/wp-content\/uploads\/sites\/932\/2021\/03\/profile-guilherme-150x150.jpg\" alt=\"\" width=\"178\" height=\"178\" srcset=\"https:\/\/sites.usp.br\/lcqf\/wp-content\/uploads\/sites\/932\/2021\/03\/profile-guilherme-150x150.jpg 150w, https:\/\/sites.usp.br\/lcqf\/wp-content\/uploads\/sites\/932\/2021\/03\/profile-guilherme-45x45.jpg 45w, https:\/\/sites.usp.br\/lcqf\/wp-content\/uploads\/sites\/932\/2021\/03\/profile-guilherme-200x200.jpg 200w\" sizes=\"auto, (max-width: 178px) 100vw, 178px\" \/><\/p>\n<p class=\"font_7\">Doutorando<\/p>\n<p>Projeto: Planejamento computacional e avalia\u00e7\u00e3o biol\u00f3gica de inibidores alost\u00e9ricos de GSK-3beta com interesse em doen\u00e7a de Alzheimer.<\/p>\n<p class=\"font_7\"><a href=\"http:\/\/lattes.cnpq.br\/1338730938411339\" target=\"_blank\" rel=\"nofollow noopener noreferrer\" data-content=\"http:\/\/lattes.cnpq.br\/1338730938411339\" data-type=\"external\">Curr\u00edculo Lattes<\/a> | <a href=\"https:\/\/orcid.org\/0000-0002-7571-9090\" target=\"_blank\" rel=\"noopener noreferrer\">Orcid<\/a> | <a href=\"https:\/\/publons.com\/researcher\/3041570\/guilherme-martins-silva\/\" target=\"_blank\" rel=\"noopener noreferrer\">Researcher ID<\/a> | <a href=\"https:\/\/scholar.google.com.br\/citations?hl=pt-BR&amp;user=6W7WmE8AAAAJ\" target=\"_blank\" rel=\"noopener noreferrer\">Google Scholar<\/a> | <a href=\"https:\/\/www.researchgate.net\/profile\/Guilherme-Silva-99\" target=\"_blank\" rel=\"noopener noreferrer\">ResearchGate<\/a> | <a href=\"https:\/\/github.com\/guimsilvaa\" target=\"_blank\" rel=\"noopener\">GitHub<\/a> | <a href=\"https:\/\/www.linkedin.com\/in\/guilherme-martins-silva-1b079063\/\" target=\"_blank\" rel=\"noopener\">Linkedin<\/a><\/p>\n<p class=\"font_7\"><a href=\"mailto:silvagm@usp.br\" target=\"_self\" rel=\"noopener noreferrer\" data-content=\"silvagm@usp.br\" data-type=\"mail\">silvagm@usp.br<\/a><\/p>\n<p>&nbsp;<\/p>\n<\/div>\n<\/div>\n<p>&nbsp;<\/p>\n<p><strong>Tamara Alice Marinho Coelho<\/strong><\/p>\n<p><a href=\"https:\/\/sites.usp.br\/lcqf\/wp-content\/uploads\/sites\/932\/2021\/03\/cropped-logo_simb.png\"><img loading=\"lazy\" decoding=\"async\" class=\"wp-image-225 alignleft\" src=\"https:\/\/sites.usp.br\/lcqf\/wp-content\/uploads\/sites\/932\/2021\/03\/cropped-logo_simb-300x300.png\" alt=\"\" width=\"183\" height=\"183\" srcset=\"https:\/\/sites.usp.br\/lcqf\/wp-content\/uploads\/sites\/932\/2021\/03\/cropped-logo_simb-300x300.png 300w, https:\/\/sites.usp.br\/lcqf\/wp-content\/uploads\/sites\/932\/2021\/03\/cropped-logo_simb-150x150.png 150w, https:\/\/sites.usp.br\/lcqf\/wp-content\/uploads\/sites\/932\/2021\/03\/cropped-logo_simb-45x45.png 45w, https:\/\/sites.usp.br\/lcqf\/wp-content\/uploads\/sites\/932\/2021\/03\/cropped-logo_simb-200x200.png 200w, https:\/\/sites.usp.br\/lcqf\/wp-content\/uploads\/sites\/932\/2021\/03\/cropped-logo_simb-400x400.png 400w, https:\/\/sites.usp.br\/lcqf\/wp-content\/uploads\/sites\/932\/2021\/03\/cropped-logo_simb-270x270.png 270w, https:\/\/sites.usp.br\/lcqf\/wp-content\/uploads\/sites\/932\/2021\/03\/cropped-logo_simb-192x192.png 192w, https:\/\/sites.usp.br\/lcqf\/wp-content\/uploads\/sites\/932\/2021\/03\/cropped-logo_simb-180x180.png 180w, https:\/\/sites.usp.br\/lcqf\/wp-content\/uploads\/sites\/932\/2021\/03\/cropped-logo_simb-32x32.png 32w, https:\/\/sites.usp.br\/lcqf\/wp-content\/uploads\/sites\/932\/2021\/03\/cropped-logo_simb.png 512w\" sizes=\"auto, (max-width: 183px) 100vw, 183px\" \/><\/a><\/p>\n<p class=\"font_7\">Mestranda<\/p>\n<p>Projeto: Em defini\u00e7\u00e3o..<\/p>\n<p class=\"font_7\"><a href=\"http:\/\/lattes.cnpq.br\/8096773092014356\" target=\"_blank\" rel=\"nofollow noopener noreferrer\" data-content=\"http:\/\/lattes.cnpq.br\/3879196861021803\" data-type=\"external\">Curr\u00edculo Lattes<\/a><\/p>\n<p class=\"font_7\"><a href=\"mailto:tamara.marinho989@gmail.com\" target=\"_self\" rel=\"noopener noreferrer\" data-content=\"isaque.francischini@usp.br\" data-type=\"mail\">tamara.marinho989@gmail.com<\/a><\/p>\n<p>&nbsp;<\/p>\n<div id=\"comp-jxvxoxff\" class=\"txtNew\" data-packed=\"false\" data-vertical-text=\"false\" data-min-height=\"320\">\n<p class=\"font_7\">\n<\/div>\n<p>&nbsp;<\/p>\n<div class=\"so-widget-sow-editor so-widget-sow-editor-base\">\n<div class=\"siteorigin-widget-tinymce textwidget\">\n<p><strong>Isaque Antonio Galindo Francischini<\/strong><\/p>\n<p><img loading=\"lazy\" decoding=\"async\" class=\"alignleft wp-image-270 \" src=\"https:\/\/sites.usp.br\/lcqf\/wp-content\/uploads\/sites\/932\/2021\/03\/isaque-150x150.png\" alt=\"\" width=\"169\" height=\"169\" srcset=\"https:\/\/sites.usp.br\/lcqf\/wp-content\/uploads\/sites\/932\/2021\/03\/isaque-150x150.png 150w, https:\/\/sites.usp.br\/lcqf\/wp-content\/uploads\/sites\/932\/2021\/03\/isaque-45x45.png 45w\" sizes=\"auto, (max-width: 169px) 100vw, 169px\" \/><\/p>\n<p class=\"font_7\">IC<\/p>\n<p>Projeto: Estudos computacionais de novos antagonistas de receptores para hidrocarbonetos arila (AhR), com potencial efic\u00e1cia ateroprotetora em fumantes.<\/p>\n<p class=\"font_7\"><a href=\"http:\/\/lattes.cnpq.br\/3879196861021803\" target=\"_blank\" rel=\"nofollow noopener noreferrer\" data-content=\"http:\/\/lattes.cnpq.br\/3879196861021803\" data-type=\"external\">Curr\u00edculo Lattes<\/a> | <a href=\"https:\/\/www.researchgate.net\/profile\/Isaque-Francischini\" target=\"_blank\" rel=\"noopener noreferrer\">ResearchGate<\/a> | <a href=\"https:\/\/orcid.org\/0000-0003-1970-2427\" target=\"_blank\" rel=\"noopener noreferrer\">Orcid<\/a><\/p>\n<p class=\"font_7\"><a href=\"mailto:isaque.francischini@usp.br\" target=\"_self\" rel=\"noopener noreferrer\" data-content=\"isaque.francischini@usp.br\" data-type=\"mail\">isaque.francischini@usp.br<\/a><\/p>\n<p>&nbsp;<\/p>\n<div id=\"comp-jxvxoxff\" class=\"txtNew\" data-packed=\"false\" data-vertical-text=\"false\" data-min-height=\"320\">\n<p class=\"font_7\">\n<\/div>\n<p>&nbsp;<\/p>\n\r\n\t<div class=\"slideshow_container slideshow_container_style-light\" style=\"height: 292px; \" data-slideshow-id=\"482\" data-style-name=\"style-light\" data-style-version=\"2.3.1\" >\r\n\r\n\t\t\t\t\t<div class=\"slideshow_loading_icon\"><\/div>\r\n\t\t\r\n\t\t<div class=\"slideshow_content\" style=\"display: none;\">\r\n\r\n\t\t\t<div class=\"slideshow_view\">\r\n\t\t\t\t<div class=\"slideshow_slide slideshow_slide_image\">\r\n\t\t\t\t\t\t\t\t\t\t\t<img src=\"https:\/\/sites.usp.br\/lcqf\/wp-content\/uploads\/sites\/932\/2021\/04\/5fb2502c-59d5-4bf1-83ec-ffbc27b2468f.jpg\" alt=\"5fb2502c-59d5-4bf1-83ec-ffbc27b2468f\" width=\"1152\" height=\"648\" \/>\r\n\t\t\t\t\t\t\t\t\t\t<div class=\"slideshow_description_box slideshow_transparent\">\r\n\t\t\t\t\t\t<div class=\"slideshow_title\">5fb2502c-59d5-4bf1-83ec-ffbc27b2468f<\/div>\t\t\t\t\t\t\t\t\t\t\t<\/div>\r\n\t\t\t\t<\/div>\r\n\r\n\t\t\t\t\t\t<div style=\"clear: both;\"><\/div><\/div><div class=\"slideshow_view\">\r\n\t\t\t\t<div class=\"slideshow_slide slideshow_slide_image\">\r\n\t\t\t\t\t\t\t\t\t\t\t<img src=\"https:\/\/sites.usp.br\/lcqf\/wp-content\/uploads\/sites\/932\/2021\/04\/59cb03ea-f0bd-4cf2-b3aa-3a339de1b1b5.jpg\" alt=\"59cb03ea-f0bd-4cf2-b3aa-3a339de1b1b5\" width=\"1152\" height=\"648\" \/>\r\n\t\t\t\t\t\t\t\t\t\t<div class=\"slideshow_description_box slideshow_transparent\">\r\n\t\t\t\t\t\t<div class=\"slideshow_title\">59cb03ea-f0bd-4cf2-b3aa-3a339de1b1b5<\/div>\t\t\t\t\t\t\t\t\t\t\t<\/div>\r\n\t\t\t\t<\/div>\r\n\r\n\t\t\t\t\t\t<div style=\"clear: both;\"><\/div><\/div><div class=\"slideshow_view\">\r\n\t\t\t\t<div class=\"slideshow_slide slideshow_slide_image\">\r\n\t\t\t\t\t\t\t\t\t\t\t<img src=\"https:\/\/sites.usp.br\/lcqf\/wp-content\/uploads\/sites\/932\/2021\/04\/0372d276-32d0-4931-95c9-21b0513155ed.jpg\" alt=\"0372d276-32d0-4931-95c9-21b0513155ed\" width=\"1280\" height=\"960\" \/>\r\n\t\t\t\t\t\t\t\t\t\t<div class=\"slideshow_description_box slideshow_transparent\">\r\n\t\t\t\t\t\t<div class=\"slideshow_title\">0372d276-32d0-4931-95c9-21b0513155ed<\/div>\t\t\t\t\t\t\t\t\t\t\t<\/div>\r\n\t\t\t\t<\/div>\r\n\r\n\t\t\t\t\t\t<div style=\"clear: both;\"><\/div><\/div><div class=\"slideshow_view\">\r\n\t\t\t\t<div class=\"slideshow_slide slideshow_slide_image\">\r\n\t\t\t\t\t\t\t\t\t\t\t<img src=\"https:\/\/sites.usp.br\/lcqf\/wp-content\/uploads\/sites\/932\/2021\/04\/43b5e1fd-d560-4b35-8ada-c2e7f74c4b9c.jpg\" alt=\"43b5e1fd-d560-4b35-8ada-c2e7f74c4b9c\" width=\"1280\" height=\"959\" \/>\r\n\t\t\t\t\t\t\t\t\t\t<div class=\"slideshow_description_box slideshow_transparent\">\r\n\t\t\t\t\t\t<div class=\"slideshow_title\">43b5e1fd-d560-4b35-8ada-c2e7f74c4b9c<\/div>\t\t\t\t\t\t\t\t\t\t\t<\/div>\r\n\t\t\t\t<\/div>\r\n\r\n\t\t\t\t\t\t<div style=\"clear: both;\"><\/div><\/div>\r\n\t\t<\/div>\r\n\r\n\t\t<div class=\"slideshow_controlPanel slideshow_transparent\" style=\"display: none;\"><ul><li class=\"slideshow_togglePlay\" data-play-text=\"Acionar\" data-pause-text=\"Pausar\"><\/li><\/ul><\/div>\r\n\r\n\t\t<div class=\"slideshow_button slideshow_previous slideshow_transparent\" role=\"button\" data-previous-text=\"Anterior\" style=\"display: none;\"><\/div>\r\n\t\t<div class=\"slideshow_button slideshow_next slideshow_transparent\" role=\"button\" data-next-text=\"Pr\u00f3ximo\" style=\"display: none;\"><\/div>\r\n\r\n\t\t<div class=\"slideshow_pagination\" style=\"display: none;\" data-go-to-text=\"Ir para o slide\"><div class=\"slideshow_pagination_center\"><\/div><\/div>\r\n\r\n\t\t<!-- WordPress Slideshow Version 2.3.1 -->\r\n\r\n\t\t\t<\/div>\r\n\r\n\n<\/div>\n<\/div>\n<p>&nbsp;<\/p>\n<p style=\"text-align: center;\"><a href=\"https:\/\/sites.usp.br\/lcqf\/ex-membros\/\">Clique aqui para ver os EX-MEMBROS<\/a><\/p>\n<div id=\"pl-62\" class=\"panel-layout\">\n<div id=\"pg-62-0\" class=\"panel-grid panel-no-style\">\n<div id=\"pgc-62-0-0\" class=\"panel-grid-cell\" data-weight=\"1\">\n<div id=\"panel-62-0-0-0\" class=\"so-panel widget widget_sow-editor panel-first-child panel-last-child\" data-index=\"0\">\n<div class=\"so-widget-sow-editor so-widget-sow-editor-base\">\n<div class=\"siteorigin-widget-tinymce textwidget\">\n<p>&nbsp;<\/p>\n<p>&nbsp;<\/p>\n<\/div>\n<\/div>\n<\/div>\n<\/div>\n<\/div>\n<\/div>\n","protected":false},"excerpt":{"rendered":"<p>Prof. Dr. Carlos Henrique Tomich de Paula da Silva Coordenador do LCQF Curr\u00edculo Lattes tomich@fcfrp.usp.br Clique aqui para saber mais&#8230; &nbsp; &nbsp; &nbsp; &nbsp; Jo\u00e3o Gabriel Curtolo Poiani T\u00e9cnico de laborat\u00f3rio Curr\u00edculo Lattes joao.poiani@usp.br &nbsp; &nbsp; &nbsp; Leonardo Bruno Federico P\u00f3s-Doutorando Projeto: Planejamento computacional e avalia\u00e7\u00e3o biol\u00f3gica de novos potenciais<a class=\"more-link\" href=\"https:\/\/sites.usp.br\/lcqf\/membros\/\"><span class=\"more-text\">Continue reading <span class=\"icon-long-arrow-right\"><\/span><\/span><\/a><\/p>\n","protected":false},"author":1,"featured_media":0,"parent":0,"menu_order":0,"comment_status":"closed","ping_status":"closed","template":"","meta":{"footnotes":"","_links_to":"","_links_to_target":""},"class_list":["post-62","page","type-page","status-publish","hentry","post"],"_links":{"self":[{"href":"https:\/\/sites.usp.br\/lcqf\/wp-json\/wp\/v2\/pages\/62","targetHints":{"allow":["GET"]}}],"collection":[{"href":"https:\/\/sites.usp.br\/lcqf\/wp-json\/wp\/v2\/pages"}],"about":[{"href":"https:\/\/sites.usp.br\/lcqf\/wp-json\/wp\/v2\/types\/page"}],"author":[{"embeddable":true,"href":"https:\/\/sites.usp.br\/lcqf\/wp-json\/wp\/v2\/users\/1"}],"replies":[{"embeddable":true,"href":"https:\/\/sites.usp.br\/lcqf\/wp-json\/wp\/v2\/comments?post=62"}],"version-history":[{"count":5,"href":"https:\/\/sites.usp.br\/lcqf\/wp-json\/wp\/v2\/pages\/62\/revisions"}],"predecessor-version":[{"id":585,"href":"https:\/\/sites.usp.br\/lcqf\/wp-json\/wp\/v2\/pages\/62\/revisions\/585"}],"wp:attachment":[{"href":"https:\/\/sites.usp.br\/lcqf\/wp-json\/wp\/v2\/media?parent=62"}],"curies":[{"name":"wp","href":"https:\/\/api.w.org\/{rel}","templated":true}]}}