{"id":138,"date":"2024-04-26T16:47:56","date_gmt":"2024-04-26T18:47:56","guid":{"rendered":"https:\/\/sites.usp.br\/ldsv\/?page_id=138"},"modified":"2025-10-16T10:57:41","modified_gmt":"2025-10-16T12:57:41","slug":"metroferroviario","status":"publish","type":"page","link":"https:\/\/sites.usp.br\/ldsv\/metroferroviario\/","title":{"rendered":"METROFERROVI\u00c1RIO"},"content":{"rendered":"<p>Laborat\u00f3rio de Din\u00e2mica e Simula\u00e7\u00e3o Veicular (LDSV) do <a href=\"https:\/\/sites.usp.br\/pme\/\" target=\"_blank\" rel=\"noopener\"><em><strong>Departamento de Engenharia Mec\u00e2nica<\/strong><\/em><\/a> (PME) da Escola Polit\u00e9cnica ( <a href=\"https:\/\/www.poli.usp.br\/departamentos\" target=\"_blank\" rel=\"noopener\"><em><strong>POLI<\/strong><\/em><\/a>) da Universidade de S\u00e3o Paulo &#8211; <a href=\"https:\/\/www5.usp.br\/\" target=\"_blank\" rel=\"noopener\"><em><strong>USP<\/strong><\/em><\/a>.<\/p>\n<h2><b>Descri\u00e7\u00e3o<\/b><\/h2>\n<p>A Engenharia Metro-ferrovi\u00e1ria nacional tem produzido esporadicamente novos projetos de carros de passageiros. As fornecedoras internacionais est\u00e3o cada vez mais presentes nas licita\u00e7\u00f5es de novas frotas.\u00a0 As operadoras tem sido cada vez mais exigentes nos padr\u00f5es de qualidade, <a href=\"https:\/\/sites.usp.br\/ldsv\/metroferroviario\/conforto\/\"><em><strong>conforto<\/strong> <\/em><\/a>e <a href=\"https:\/\/sites.usp.br\/ldsv\/metroferroviario\/seguranca\/\"><em><strong>seguran\u00e7a<\/strong><\/em><\/a>. T\u00e9cnicas de <a href=\"https:\/\/sites.usp.br\/ldsv\/pagina-2\/modelagem-de-sistemas-mecanicos\/\"><em><strong>modelagem<\/strong> <\/em><\/a>e <a href=\"https:\/\/sites.usp.br\/ldsv\/pagina-2\/metodos-numericos\/\"><em><strong>simula\u00e7\u00e3o num\u00e9rica<\/strong><\/em><\/a> permitem avaliar um sistema Metro-ferrovi\u00e1rio utilizando t\u00e9cnicas de simula\u00e7\u00e3o antes mesmo da constru\u00e7\u00e3o dos carros cabe\u00e7a de s\u00e9rie. Desta forma pode-se avaliar seu <a href=\"https:\/\/sites.usp.br\/ldsv\/pagina-2\/analise-e-identificacao-modal\/\"><em><strong>comportamento din\u00e2mico<\/strong><\/em><\/a> e desempenho de <a href=\"https:\/\/sites.usp.br\/ldsv\/metroferroviario\/seguranca\/\"><em><strong>seguran\u00e7a<\/strong> <\/em><\/a>e <a href=\"https:\/\/sites.usp.br\/ldsv\/metroferroviario\/conforto\/\"><em><strong>conforto<\/strong><\/em><\/a>. Para isto a din\u00e2mica veicular completa incluindo caixa flex\u00edvel, suspens\u00e3o secund\u00e1ria pneum\u00e1tica, truque e suspens\u00e3o prim\u00e1ria, rodeiros e <a href=\"https:\/\/sites.usp.br\/ldsv\/pagina-2\/mecanica-de-contato\/\"><em><strong>perfil de roda<\/strong><\/em><\/a> deve ser descrita no modelo. A <a href=\"https:\/\/sites.usp.br\/ldsv\/metroferroviario\/qualidade-da-via-ferrea\/\"><em><strong>via f\u00e9rrea<\/strong><\/em><\/a> com seu tra\u00e7ado geom\u00e9trico completo, incluindo as <a href=\"https:\/\/sites.usp.br\/ldsv\/pavimetro\/\"><em><strong>irregularidades<\/strong> <\/em><\/a>e elasticidade deve ser modelada. Sistemas discretos de apoio el\u00e1stico do tipo via em massa\/mola podem ser avaliados. Finalmente o comboio de carros formando o <a href=\"https:\/\/sites.usp.br\/ldsv\/metroferroviario\/simulador-de-trem\/\"><em><strong>trem<\/strong> <\/em><\/a>com o sistema de tra\u00e7\u00e3o (<a href=\"https:\/\/sites.usp.br\/ldsv\/automotivo\/veiculos-hibridos\/\"><em><strong>power-train<\/strong><\/em><\/a>) distribu\u00edda, sistema de anti-deslizamento de rodas (<a href=\"https:\/\/sites.usp.br\/ldsv\/automotivo\/estudo-e-modelagem-de-sistema-anti-travamento-de-freio-abs\/\"><em><strong>ABS<\/strong><\/em><\/a>) e freios pneum\u00e1ticos, elasticidade de aparelho de choque e tra\u00e7\u00e3o. A sinaliza\u00e7\u00e3o e a din\u00e2mica da rede a\u00e9rea (<a href=\"https:\/\/en.wikipedia.org\/wiki\/Overhead_line\"><em><strong>caten\u00e1ria<\/strong> <\/em><\/a>+ <a href=\"https:\/\/en.wikipedia.org\/wiki\/Pantograph_(transport)\"><em><strong>pant\u00f3grafo<\/strong><\/em><\/a>) tamb\u00e9m podem ser avaliadas.<\/p>\n<p>&nbsp;<\/p>\n<p><iframe loading=\"lazy\" title=\"How a Diesel-Electric Locomotive Works\" width=\"604\" height=\"340\" src=\"https:\/\/www.youtube.com\/embed\/cIQ0yIZgQeE?feature=oembed\" frameborder=\"0\" allow=\"accelerometer; autoplay; clipboard-write; encrypted-media; gyroscope; picture-in-picture; web-share\" referrerpolicy=\"strict-origin-when-cross-origin\" allowfullscreen><\/iframe><\/p>\n<p>&nbsp;<\/p>\n<p><img loading=\"lazy\" decoding=\"async\" class=\"aligncenter size-medium\" src=\"https:\/\/sites.usp.br\/ldsv\/wp-content\/uploads\/sites\/1453\/2024\/10\/locomotive.jpg\" width=\"1920\" height=\"1080\" \/><\/p>\n<p>&nbsp;<\/p>\n<h2><b>Objetivo<\/b><\/h2>\n<p>Aplica\u00e7\u00e3o de modelagem de sistemas metro-ferrovi\u00e1rios com a t\u00e9cnica de sistemas <a href=\"https:\/\/sites.usp.br\/ldsv\/pagina-2\/multicorpos\/\"><em><strong>multicorpos<\/strong><\/em><\/a>, buscando a avalia\u00e7\u00e3o do seu comportamento din\u00e2mico e desempenho de seguran\u00e7a e conforto em tr\u00e1fego. Verifica\u00e7\u00e3o da conformidade com normas internacionais de opera\u00e7\u00e3o e seguran\u00e7a (<a href=\"https:\/\/standards.iteh.ai\/catalog\/standards\/cen\/56417fef-6427-4f10-ae76-e01157e2ae93\/en-14363-2016?srsltid=AfmBOooL68IFU2-p8kVqes6DZAGWJi89E1slLnQa0hAcA4goSsfckLMC\"><em><strong>EN-14363<\/strong><\/em><\/a>).<\/p>\n<p>&nbsp;<\/p>\n<div style=\"width: 604px;\" class=\"wp-video\"><video class=\"wp-video-shortcode\" id=\"video-138-1\" width=\"604\" height=\"340\" preload=\"metadata\" controls=\"controls\"><source type=\"video\/mp4\" src=\"https:\/\/sites.usp.br\/ldsv\/wp-content\/uploads\/sites\/1453\/2024\/09\/catenary.mp4?_=1\" \/><a href=\"https:\/\/sites.usp.br\/ldsv\/wp-content\/uploads\/sites\/1453\/2024\/09\/catenary.mp4\">https:\/\/sites.usp.br\/ldsv\/wp-content\/uploads\/sites\/1453\/2024\/09\/catenary.mp4<\/a><\/video><\/div>\n<p>&nbsp;<\/p>\n<p>&nbsp;<\/p>\n<div style=\"width: 604px;\" class=\"wp-video\"><video class=\"wp-video-shortcode\" id=\"video-138-2\" width=\"604\" height=\"340\" preload=\"metadata\" controls=\"controls\"><source type=\"video\/mp4\" src=\"https:\/\/sites.usp.br\/ldsv\/wp-content\/uploads\/sites\/1453\/2024\/09\/din_ponte.mp4?_=2\" \/><a href=\"https:\/\/sites.usp.br\/ldsv\/wp-content\/uploads\/sites\/1453\/2024\/09\/din_ponte.mp4\">https:\/\/sites.usp.br\/ldsv\/wp-content\/uploads\/sites\/1453\/2024\/09\/din_ponte.mp4<\/a><\/video><\/div>\n<p>&nbsp;<\/p>\n<h2><b>Publica\u00e7\u00f5es<\/b><\/h2>\n<p>Barbosa, R. S. (1999)<a href=\"http:\/\/www.teses.usp.br\/teses\/disponiveis\/18\/18135\/tde-24092001-083024\/pt-br.php\" target=\"_blank\" rel=\"noopener noreferrer\"><strong><em>\u00a0Aplica\u00e7\u00e3o de sistemas multicorpos na din\u00e2mica de ve\u00edculos guiado<\/em><\/strong>s<\/a>. Tese de Doutorado. USP.<\/p>\n<p>As \u00e1reas de atua\u00e7\u00e3o na meio metro-ferrovi\u00e1rio s\u00e3o:<\/p>\n<ul>\n<li><a href=\"https:\/\/sites.usp.br\/ldsv\/metroferroviario\/simulador-de-trem\/\"><em><strong>Simulador de Trem<\/strong><\/em><\/a><\/li>\n<li><a href=\"https:\/\/sites.usp.br\/ldsv\/metroferroviario\/seguranca\/\"><strong><em>Seguran\u00e7a Veicular<\/em><\/strong><\/a><\/li>\n<li><a href=\"https:\/\/sites.usp.br\/ldsv\/metroferroviario\/qualidade-da-via-ferrea\/\"><em><strong>Qualidade da Via F\u00e9rrea<\/strong><\/em><\/a><\/li>\n<li><a href=\"https:\/\/sites.usp.br\/ldsv\/metroferroviario\/sistema-monotrilho\/\"><em><strong>Sistema Monotrilho<\/strong><\/em><\/a><\/li>\n<li><a href=\"https:\/\/sites.usp.br\/ldsv\/metroferroviario\/trem-de-alta-velocidade\/\"><strong><em>Trem de Alta Velocidade<\/em><\/strong><\/a><\/li>\n<li><a href=\"https:\/\/sites.usp.br\/ldsv\/metroferroviario\/transporte-metropolitano\/\"><strong><em>Transporte Metropolitano<\/em><\/strong><\/a><\/li>\n<li><a href=\"https:\/\/sites.usp.br\/ldsv\/metroferroviario\/transporte-de-carga\/\"><strong><em>Transporte de Carga<\/em><\/strong><\/a><\/li>\n<li><a href=\"https:\/\/sites.usp.br\/ldsv\/metroferroviario\/controle-da-dinamica-longitudinal\/\"><strong><em>Controle da Din\u00e2mica Longitudinal<\/em><\/strong><\/a><\/li>\n<li><a href=\"https:\/\/sites.usp.br\/ldsv\/metroferroviario\/conforto\/\"><em><strong>Conforto dos passageiros<\/strong><\/em><\/a><\/li>\n<li><a href=\"https:\/\/sites.usp.br\/ldsv\/metroferroviario\/especialidades\/\"><strong><em>Especialidades<\/em><\/strong><\/a><\/li>\n<li><a href=\"https:\/\/sites.usp.br\/ldsv\/metroferroviario\/instituicoes-parceiras\/\"><em><strong>Institui\u00e7\u00f5es Parceiras<\/strong><\/em><\/a><\/li>\n<li><a href=\"https:\/\/sites.usp.br\/ldsv\/metroferroviario\/formacao\/\"><strong><em>Forma\u00e7\u00e3o<\/em><\/strong><\/a><\/li>\n<li><a href=\"https:\/\/sites.usp.br\/ldsv\/metroferroviario\/dinamica-do-vagao\/\"><em><strong>Din\u00e2mica do Ve\u00edculo Metro-ferrovi\u00e1rio<\/strong><\/em><\/a><\/li>\n<li><a href=\"https:\/\/sites.usp.br\/ldsv\/metroferroviario\/bibliografia\/\"><em><strong>Bibliografia<\/strong><\/em><\/a><\/li>\n<\/ul>\n<p>&nbsp;<\/p>\n<header class=\"entry-header\">\n<h2 class=\"entry-title\">Especialidades<\/h2>\n<\/header>\n<div class=\"entry-content\">\n<p>A Escola Polit\u00e9cnica da Universidade de S\u00e3o Paulo conta com mais de 500 pesquisadores\u00a0nas mais diversas \u00e1rea da engenharia. Alguns deles tem liga\u00e7\u00e3o direta com o setor metro-ferrovi\u00e1rio\u00a0e podem colaborar no desenvolvimento de projetos.<\/p>\n<p>&nbsp;<\/p>\n<h2>\u00c1reas Acad\u00eamicas<\/h2>\n<p><a href=\"http:\/\/www.pef.usp.br\/\" target=\"_blank\" rel=\"noopener\"><strong><em>Engenharia Civil<\/em><\/strong><\/a><\/p>\n<p><a href=\"http:\/\/www.mecanica-poliusp.org.br\/\" target=\"_blank\" rel=\"noopener\"><strong><em>Engenharia Mec\u00e2nica<\/em><\/strong><\/a><\/p>\n<p><a href=\"http:\/\/www.pea.usp.br\/\" target=\"_blank\" rel=\"noopener\"><strong><em>Engenharia El\u00e9trica<\/em><\/strong><\/a><\/p>\n<h2><\/h2>\n<h2>\u00c1reas de Especialidade<\/h2>\n<p><a href=\"https:\/\/sites.usp.br\/ldsv\/metroferroviario\/dinamica-do-vagao\/\"><em><strong>Material Rodante<\/strong><\/em><\/a><\/p>\n<p><a href=\"http:\/\/www3.poli.usp.br\/pt\/a-poli\/departamentos\/pef.html\" target=\"_blank\" rel=\"noopener\"><strong><em>Via F\u00e9rrea<\/em><\/strong><\/a><\/p>\n<p><a href=\"http:\/\/www.poli.usp.br\/images\/stories\/media\/download\/pesquisa\/GruposPesquisa2008\/grup\/pdf\/p_ptr_ltp.pdf\" target=\"_blank\" rel=\"noopener\"><strong><em>Infra-estrutura f\u00e9rrea<\/em><\/strong><\/a><\/p>\n<p><a href=\"http:\/\/www3.poli.usp.br\/pt\/a-poli\/departamentos\/pef.html\" target=\"_blank\" rel=\"noopener\"><strong><em>Obras de Arte (Pontes, Tuneis e viadutos)<\/em><\/strong><\/a><\/p>\n<p><a href=\"http:\/\/www.ptc.poli.usp.br\/\" target=\"_blank\" rel=\"noopener\"><strong><em>Sinaliza\u00e7\u00e3o e Controle<\/em><\/strong><\/a><\/p>\n<p><a href=\"http:\/\/www.pea.usp.br\/\" target=\"_blank\" rel=\"noopener\"><em><strong>Eletrifica\u00e7\u00e3o<\/strong><\/em><\/a><\/p>\n<p><a href=\"https:\/\/sites.usp.br\/ldsv\/metroferroviario\/controle-da-dinamica-longitudinal\/\"><em><strong>Din\u00e2mica do Trem<\/strong><\/em><\/a><\/p>\n<p><a href=\"http:\/\/www2.pcs.usp.br\/pcsv4\/index.php\/labpcs\/112-vazio\/198\" target=\"_blank\" rel=\"noopener\"><em><strong>Seguran\u00e7a Operacional<\/strong><\/em><\/a><\/p>\n<p><a href=\"https:\/\/sites.usp.br\/ldsv\/metroferroviario\/seguranca\/\"><em><strong>Recebimento de Novos Trens<\/strong><\/em><\/a><\/p>\n<p><a href=\"http:\/\/www.ptr.poli.usp.br\/\" target=\"_blank\" rel=\"noopener\"><strong><em>Engenharia de Transportes<\/em><\/strong><\/a><\/p>\n<\/div>\n<p>&nbsp;<\/p>\n<h3>Publica\u00e7\u00f5es:<\/h3>\n<p><a href=\"http:\/\/lattes.cnpq.br\/6732555323294000\" target=\"_blank\" rel=\"noopener\"><img loading=\"lazy\" decoding=\"async\" class=\"alignleft \" src=\"https:\/\/sites.usp.br\/ldsv\/wp-content\/uploads\/sites\/1453\/2024\/10\/Lattes.jpg\" width=\"72\" height=\"46\" \/><\/a><\/p>\n<p><a href=\"http:\/\/orcid.org\/0000-0001-7353-0924\" target=\"_blank\" rel=\"noopener\"><img loading=\"lazy\" decoding=\"async\" class=\"alignnone\" src=\"https:\/\/sites.usp.br\/ldsv\/wp-content\/uploads\/sites\/1453\/2024\/10\/ORCID.jpg\" alt=\"\" width=\"37\" height=\"36\" \/><\/a>\u00a0 \u00a0 <a href=\"https:\/\/www.scopus.com\/authid\/detail.uri?authorId=7006722976\" target=\"_blank\" rel=\"noopener\"><img loading=\"lazy\" decoding=\"async\" class=\"alignnone \" src=\"https:\/\/sites.usp.br\/ldsv\/wp-content\/uploads\/sites\/1453\/2024\/10\/Scopus.jpg\" width=\"51\" height=\"58\" \/><\/a>\u00a0 \u00a0 \u00a0 <a href=\"http:\/\/scholar.google.com.br\/citations?user=sbU26S4AAAAJ&amp;hl=pt-BR\" target=\"_blank\" rel=\"noopener\"><img loading=\"lazy\" decoding=\"async\" class=\"alignnone \" src=\"https:\/\/sites.usp.br\/ldsv\/wp-content\/uploads\/sites\/1453\/2024\/10\/Google_Academic.jpg\" width=\"43\" height=\"45\" \/><\/a>\u00a0 \u00a0 \u00a0 <a href=\"https:\/\/www.webofscience.com\/wos\/author\/record\/25182\" target=\"_blank\" rel=\"noopener\"><img loading=\"lazy\" decoding=\"async\" class=\"alignnone \" src=\"https:\/\/sites.usp.br\/ldsv\/wp-content\/uploads\/sites\/1453\/2024\/10\/WEB_Science.jpg\" width=\"102\" height=\"52\" \/><\/a>\u00a0 \u00a0 <a href=\"https:\/\/www.researchgate.net\/profile\/Roberto_Barbosa2\/?ev=hdr_xprf\" target=\"_blank\" rel=\"noopener\"><img loading=\"lazy\" decoding=\"async\" class=\"alignnone \" src=\"https:\/\/sites.usp.br\/ldsv\/wp-content\/uploads\/sites\/1453\/2024\/10\/ResearchGate.jpg\" width=\"109\" height=\"26\" \/><\/a><\/p>\n<h3><\/h3>\n<h3><\/h3>\n","protected":false},"excerpt":{"rendered":"<p>Laborat\u00f3rio de Din\u00e2mica e Simula\u00e7\u00e3o Veicular (LDSV) do Departamento de Engenharia Mec\u00e2nica (PME) da Escola Polit\u00e9cnica ( POLI) da Universidade de S\u00e3o Paulo &#8211; USP. Descri\u00e7\u00e3o A Engenharia Metro-ferrovi\u00e1ria nacional tem produzido esporadicamente novos projetos de carros de passageiros. As fornecedoras internacionais est\u00e3o cada vez mais presentes nas licita\u00e7\u00f5es de novas frotas.\u00a0 As operadoras tem [&hellip;]<\/p>\n","protected":false},"author":24004,"featured_media":0,"parent":0,"menu_order":0,"comment_status":"closed","ping_status":"closed","template":"","meta":{"footnotes":"","_links_to":"","_links_to_target":""},"class_list":["post-138","page","type-page","status-publish","hentry"],"_links":{"self":[{"href":"https:\/\/sites.usp.br\/ldsv\/wp-json\/wp\/v2\/pages\/138","targetHints":{"allow":["GET"]}}],"collection":[{"href":"https:\/\/sites.usp.br\/ldsv\/wp-json\/wp\/v2\/pages"}],"about":[{"href":"https:\/\/sites.usp.br\/ldsv\/wp-json\/wp\/v2\/types\/page"}],"author":[{"embeddable":true,"href":"https:\/\/sites.usp.br\/ldsv\/wp-json\/wp\/v2\/users\/24004"}],"replies":[{"embeddable":true,"href":"https:\/\/sites.usp.br\/ldsv\/wp-json\/wp\/v2\/comments?post=138"}],"version-history":[{"count":5,"href":"https:\/\/sites.usp.br\/ldsv\/wp-json\/wp\/v2\/pages\/138\/revisions"}],"predecessor-version":[{"id":2893,"href":"https:\/\/sites.usp.br\/ldsv\/wp-json\/wp\/v2\/pages\/138\/revisions\/2893"}],"wp:attachment":[{"href":"https:\/\/sites.usp.br\/ldsv\/wp-json\/wp\/v2\/media?parent=138"}],"curies":[{"name":"wp","href":"https:\/\/api.w.org\/{rel}","templated":true}]}}