{"id":1382,"date":"2024-07-31T12:56:07","date_gmt":"2024-07-31T14:56:07","guid":{"rendered":"https:\/\/sites.usp.br\/ldsv\/?page_id=1382"},"modified":"2024-07-31T13:27:32","modified_gmt":"2024-07-31T15:27:32","slug":"engenharia-automotiva","status":"publish","type":"page","link":"https:\/\/sites.usp.br\/ldsv\/engenharia-automotiva\/","title":{"rendered":"Engenharia Automotiva"},"content":{"rendered":"\n<p>Material dispon\u00edvel no curso de Engenharia Automotiva PME-3540<\/p>\n\n\n\n<p>Din\u00e2mica Vertical 1GL &#8211; <strong><a href=\"https:\/\/sites.usp.br\/ldsv\/wp-content\/uploads\/sites\/1453\/2024\/07\/Din_Vertical_1GL_Automotiva_24.pdf\"><em>Notas de Aula 1<\/em><\/a><\/strong><\/p>\n\n\n\n<p>Din\u00e2mica Vertical 2GL &#8211; <strong><a href=\"https:\/\/sites.usp.br\/ldsv\/wp-content\/uploads\/sites\/1453\/2024\/07\/Din_Vertical_2GL_Automotiva_24.pdf\"><em>Notas de Aula 2<\/em><\/a><\/strong><\/p>\n\n\n\n<p>Din\u00e2mica Lateral 4GL &#8211; <strong><em><a href=\"https:\/\/sites.usp.br\/ldsv\/wp-content\/uploads\/sites\/1453\/2024\/07\/Din_Vertical_4GL_ExcitacaoBase_Automotiva_24.pdf\">Notas de Aula 3<\/a><\/em><\/strong><\/p>\n\n\n\n<p><\/p>\n","protected":false},"excerpt":{"rendered":"<p>Material dispon\u00edvel no curso de Engenharia Automotiva PME-3540 Din\u00e2mica Vertical 1GL &#8211; Notas de Aula 1 Din\u00e2mica Vertical 2GL &#8211; Notas de Aula 2 Din\u00e2mica Lateral 4GL &#8211; Notas de Aula 3<\/p>\n","protected":false},"author":24004,"featured_media":0,"parent":0,"menu_order":0,"comment_status":"closed","ping_status":"closed","template":"","meta":{"footnotes":"","_links_to":"","_links_to_target":""},"class_list":["post-1382","page","type-page","status-publish","hentry"],"_links":{"self":[{"href":"https:\/\/sites.usp.br\/ldsv\/wp-json\/wp\/v2\/pages\/1382","targetHints":{"allow":["GET"]}}],"collection":[{"href":"https:\/\/sites.usp.br\/ldsv\/wp-json\/wp\/v2\/pages"}],"about":[{"href":"https:\/\/sites.usp.br\/ldsv\/wp-json\/wp\/v2\/types\/page"}],"author":[{"embeddable":true,"href":"https:\/\/sites.usp.br\/ldsv\/wp-json\/wp\/v2\/users\/24004"}],"replies":[{"embeddable":true,"href":"https:\/\/sites.usp.br\/ldsv\/wp-json\/wp\/v2\/comments?post=1382"}],"version-history":[{"count":4,"href":"https:\/\/sites.usp.br\/ldsv\/wp-json\/wp\/v2\/pages\/1382\/revisions"}],"predecessor-version":[{"id":1395,"href":"https:\/\/sites.usp.br\/ldsv\/wp-json\/wp\/v2\/pages\/1382\/revisions\/1395"}],"wp:attachment":[{"href":"https:\/\/sites.usp.br\/ldsv\/wp-json\/wp\/v2\/media?parent=1382"}],"curies":[{"name":"wp","href":"https:\/\/api.w.org\/{rel}","templated":true}]}}