{"id":142,"date":"2024-04-26T16:48:16","date_gmt":"2024-04-26T18:48:16","guid":{"rendered":"https:\/\/sites.usp.br\/ldsv\/?page_id=142"},"modified":"2025-01-29T11:29:39","modified_gmt":"2025-01-29T13:29:39","slug":"veiculos-especiais","status":"publish","type":"page","link":"https:\/\/sites.usp.br\/ldsv\/veiculos-especiais\/","title":{"rendered":"VE\u00cdCULOS ESPECIAIS"},"content":{"rendered":"<p>Projetos do laborat\u00f3rio do <a href=\"https:\/\/sites.usp.br\/pme\/\" target=\"_blank\" rel=\"noopener\"><em><strong>Departamento de Engenharia Mec\u00e2nica<\/strong><\/em><\/a> (PME) da Escola Polit\u00e9cnica ( <a href=\"https:\/\/www.poli.usp.br\/departamentos\" target=\"_blank\" rel=\"noopener\"><em><strong>POLI<\/strong><\/em><\/a>) da Universidade de S\u00e3o Paulo &#8211; <a href=\"https:\/\/www5.usp.br\/\" target=\"_blank\" rel=\"noopener\"><em><strong>USP<\/strong><\/em><\/a>\u00a0na \u00e1rea de Ve\u00edculos especiais:<\/p>\n<ul>\n<li><a href=\"https:\/\/sites.usp.br\/ldsv\/veiculos-especiais\/projeto-de-monociclo\/\">Projeto de Monociclo<\/a><\/li>\n<li><a href=\"https:\/\/sites.usp.br\/ldsv\/veiculos-especiais\/projeto-e-modelagem-de-multi-rotor\/\">Projeto e Modelagem de Multi-rotor<\/a><\/li>\n<li><a href=\"https:\/\/sites.usp.br\/ldsv\/pagina-2\/dispositivos-mecanicos-de-movimentacao\/biciclo\/\">Bicicleta<\/a><\/li>\n<li><a href=\"https:\/\/sites.usp.br\/ldsv\/veiculos-especiais\/medida-de-tensoes-residuais\/\">Medida de Tens\u00f5es Residuais<\/a><\/li>\n<li><a href=\"https:\/\/sites.usp.br\/ldsv\/veiculos-especiais\/projeto-aerodesign\/\">Projeto Aerodesign<\/a><\/li>\n<li><a href=\"https:\/\/sites.usp.br\/ldsv\/veiculos-especiais\/mini-baja\/\">Mini Baja<\/a><\/li>\n<li><a href=\"https:\/\/sites.usp.br\/ldsv\/veiculos-especiais\/projeto-milhagem\/\">Projeto Milhagem<\/a><\/li>\n<li><a href=\"https:\/\/sites.usp.br\/ldsv\/veiculos-especiais\/projeto-formula\/\">Projeto F\u00f3rmula<\/a><\/li>\n<li><a href=\"https:\/\/sites.usp.br\/ldsv\/veiculos-especiais\/outros-veiculos\/\">Outros Ve\u00edculos<\/a><\/li>\n<\/ul>\n<p>&nbsp;<\/p>\n<p>&nbsp;<\/p>\n<h3>Publica\u00e7\u00f5es:<\/h3>\n<p><a href=\"http:\/\/lattes.cnpq.br\/6732555323294000\" target=\"_blank\" rel=\"noopener\"><img loading=\"lazy\" decoding=\"async\" class=\"alignleft \" src=\"https:\/\/sites.usp.br\/ldsv\/wp-content\/uploads\/sites\/1453\/2024\/10\/Lattes.jpg\" width=\"72\" height=\"46\" \/><\/a><\/p>\n<p><a href=\"http:\/\/orcid.org\/0000-0001-7353-0924\" target=\"_blank\" rel=\"noopener\"><img loading=\"lazy\" decoding=\"async\" class=\"alignnone\" src=\"https:\/\/sites.usp.br\/ldsv\/wp-content\/uploads\/sites\/1453\/2024\/10\/ORCID.jpg\" alt=\"\" width=\"37\" height=\"36\" \/><\/a>\u00a0 \u00a0 <a href=\"https:\/\/www.scopus.com\/authid\/detail.uri?authorId=7006722976\" target=\"_blank\" rel=\"noopener\"><img loading=\"lazy\" decoding=\"async\" class=\"alignnone \" src=\"https:\/\/sites.usp.br\/ldsv\/wp-content\/uploads\/sites\/1453\/2024\/10\/Scopus.jpg\" width=\"51\" height=\"58\" \/><\/a>\u00a0 \u00a0 \u00a0 <a href=\"http:\/\/scholar.google.com.br\/citations?user=sbU26S4AAAAJ&amp;hl=pt-BR\" target=\"_blank\" rel=\"noopener\"><img loading=\"lazy\" decoding=\"async\" class=\"alignnone \" src=\"https:\/\/sites.usp.br\/ldsv\/wp-content\/uploads\/sites\/1453\/2024\/10\/Google_Academic.jpg\" width=\"43\" height=\"45\" \/><\/a>\u00a0 \u00a0 \u00a0 <a href=\"https:\/\/www.webofscience.com\/wos\/author\/record\/25182\" target=\"_blank\" rel=\"noopener\"><img loading=\"lazy\" decoding=\"async\" class=\"alignnone \" src=\"https:\/\/sites.usp.br\/ldsv\/wp-content\/uploads\/sites\/1453\/2024\/10\/WEB_Science.jpg\" width=\"102\" height=\"52\" \/><\/a>\u00a0 \u00a0 <a href=\"https:\/\/www.researchgate.net\/profile\/Roberto_Barbosa2\/?ev=hdr_xprf\" target=\"_blank\" rel=\"noopener\"><img loading=\"lazy\" decoding=\"async\" class=\"alignnone \" src=\"https:\/\/sites.usp.br\/ldsv\/wp-content\/uploads\/sites\/1453\/2024\/10\/ResearchGate.jpg\" width=\"109\" height=\"26\" \/><\/a><\/p>\n<h3><\/h3>\n<h3><\/h3>\n","protected":false},"excerpt":{"rendered":"<p>Projetos do laborat\u00f3rio do Departamento de Engenharia Mec\u00e2nica (PME) da Escola Polit\u00e9cnica ( POLI) da Universidade de S\u00e3o Paulo &#8211; USP\u00a0na \u00e1rea de Ve\u00edculos especiais: Projeto de Monociclo Projeto e Modelagem de Multi-rotor Bicicleta Medida de Tens\u00f5es Residuais Projeto Aerodesign Mini Baja Projeto Milhagem Projeto F\u00f3rmula Outros Ve\u00edculos &nbsp; &nbsp; Publica\u00e7\u00f5es: \u00a0 \u00a0 \u00a0 \u00a0 [&hellip;]<\/p>\n","protected":false},"author":24004,"featured_media":0,"parent":0,"menu_order":0,"comment_status":"closed","ping_status":"closed","template":"","meta":{"footnotes":"","_links_to":"","_links_to_target":""},"class_list":["post-142","page","type-page","status-publish","hentry"],"_links":{"self":[{"href":"https:\/\/sites.usp.br\/ldsv\/wp-json\/wp\/v2\/pages\/142","targetHints":{"allow":["GET"]}}],"collection":[{"href":"https:\/\/sites.usp.br\/ldsv\/wp-json\/wp\/v2\/pages"}],"about":[{"href":"https:\/\/sites.usp.br\/ldsv\/wp-json\/wp\/v2\/types\/page"}],"author":[{"embeddable":true,"href":"https:\/\/sites.usp.br\/ldsv\/wp-json\/wp\/v2\/users\/24004"}],"replies":[{"embeddable":true,"href":"https:\/\/sites.usp.br\/ldsv\/wp-json\/wp\/v2\/comments?post=142"}],"version-history":[{"count":5,"href":"https:\/\/sites.usp.br\/ldsv\/wp-json\/wp\/v2\/pages\/142\/revisions"}],"predecessor-version":[{"id":2733,"href":"https:\/\/sites.usp.br\/ldsv\/wp-json\/wp\/v2\/pages\/142\/revisions\/2733"}],"wp:attachment":[{"href":"https:\/\/sites.usp.br\/ldsv\/wp-json\/wp\/v2\/media?parent=142"}],"curies":[{"name":"wp","href":"https:\/\/api.w.org\/{rel}","templated":true}]}}