{"id":144,"date":"2024-04-26T16:45:53","date_gmt":"2024-04-26T18:45:53","guid":{"rendered":"https:\/\/sites.usp.br\/ldsv\/?page_id=144"},"modified":"2025-01-29T11:30:09","modified_gmt":"2025-01-29T13:30:09","slug":"pavimetro","status":"publish","type":"page","link":"https:\/\/sites.usp.br\/ldsv\/pavimetro\/","title":{"rendered":"PAVIMETRO"},"content":{"rendered":"<div class=\"clear\"><img loading=\"lazy\" decoding=\"async\" class=\"aligncenter \" src=\"https:\/\/sites.usp.br\/ldsv\/wp-content\/uploads\/sites\/1453\/2024\/11\/logo_cima_site_pavimetro.jpg\" width=\"867\" height=\"99\" \/><\/div>\n<div class=\"column column-full column-content column-last single\">\n<h2><\/h2>\n<h2 style=\"text-align: center;\">SISTEMA DE MEDI\u00c7\u00c3O DE IRREGULARIDADE DO PAVIMENTO<\/h2>\n<p>O sistema de medi\u00e7\u00e3o de geometria de pavimentos PAV\u00cdMETRO<sup>\u00ae<\/sup> realiza a medi\u00e7\u00e3o das <a href=\"https:\/\/sites.usp.br\/ldsv\/pavimetro\/perguntas\/o-que-e-a-irregularidade-do-pavimento\/\"><em><strong>irregularidades<\/strong><\/em><\/a>\u00a0do pavimento. O sistema identifica a cota vertical do perfil longitudinal de cada trilha da pista de forma r\u00e1pida confi\u00e1vel e eficiente, permitindo a quantifica\u00e7\u00e3o da irregularidade do pavimento.<\/p>\n<h2 style=\"text-align: center;\">GEST\u00c3O DO PAVIMENTO<\/h2>\n<p><a href=\"https:\/\/sites.usp.br\/ldsv\/wp-content\/uploads\/sites\/1453\/2024\/06\/bgindex.jpg\"><img loading=\"lazy\" decoding=\"async\" class=\" wp-image-977 aligncenter\" src=\"https:\/\/sites.usp.br\/ldsv\/wp-content\/uploads\/sites\/1453\/2024\/06\/bgindex-300x225.jpg\" alt=\"\" width=\"451\" height=\"338\" srcset=\"https:\/\/sites.usp.br\/ldsv\/wp-content\/uploads\/sites\/1453\/2024\/06\/bgindex-300x225.jpg 300w, https:\/\/sites.usp.br\/ldsv\/wp-content\/uploads\/sites\/1453\/2024\/06\/bgindex-80x60.jpg 80w, https:\/\/sites.usp.br\/ldsv\/wp-content\/uploads\/sites\/1453\/2024\/06\/bgindex-400x300.jpg 400w, https:\/\/sites.usp.br\/ldsv\/wp-content\/uploads\/sites\/1453\/2024\/06\/bgindex.jpg 640w\" sizes=\"auto, (max-width: 451px) 100vw, 451px\" \/><\/a><\/p>\n<h2 style=\"text-align: center;\">(Pavement Roughness Measuring System)<\/h2>\n<\/div>\n<p>&nbsp;<\/p>\n<p><img loading=\"lazy\" decoding=\"async\" class=\"aligncenter \" src=\"https:\/\/sites.usp.br\/ldsv\/wp-content\/uploads\/sites\/1453\/2024\/11\/cotavert_autoestrada-1024x768-2.jpg\" width=\"451\" height=\"338\" \/><\/p>\n<p><img loading=\"lazy\" decoding=\"async\" class=\"aligncenter \" src=\"https:\/\/sites.usp.br\/ldsv\/wp-content\/uploads\/sites\/1453\/2024\/11\/iri_estradaasfalto-1024x768-1.jpg\" width=\"451\" height=\"338\" \/><\/p>\n<div class=\"column column-full column-content column-last single\">\n<p><img loading=\"lazy\" decoding=\"async\" class=\"aligncenter \" src=\"https:\/\/sites.usp.br\/ldsv\/wp-content\/uploads\/sites\/1453\/2024\/11\/psd_autoestrada1.jpg\" width=\"451\" height=\"338\" \/><\/p>\n<\/div>\n","protected":false},"excerpt":{"rendered":"<p>SISTEMA DE MEDI\u00c7\u00c3O DE IRREGULARIDADE DO PAVIMENTO O sistema de medi\u00e7\u00e3o de geometria de pavimentos PAV\u00cdMETRO\u00ae realiza a medi\u00e7\u00e3o das irregularidades\u00a0do pavimento. O sistema identifica a cota vertical do perfil longitudinal de cada trilha da pista de forma r\u00e1pida confi\u00e1vel e eficiente, permitindo a quantifica\u00e7\u00e3o da irregularidade do pavimento. GEST\u00c3O DO PAVIMENTO (Pavement Roughness Measuring [&hellip;]<\/p>\n","protected":false},"author":24004,"featured_media":0,"parent":0,"menu_order":0,"comment_status":"closed","ping_status":"closed","template":"","meta":{"footnotes":"","_links_to":"","_links_to_target":""},"class_list":["post-144","page","type-page","status-publish","hentry"],"_links":{"self":[{"href":"https:\/\/sites.usp.br\/ldsv\/wp-json\/wp\/v2\/pages\/144","targetHints":{"allow":["GET"]}}],"collection":[{"href":"https:\/\/sites.usp.br\/ldsv\/wp-json\/wp\/v2\/pages"}],"about":[{"href":"https:\/\/sites.usp.br\/ldsv\/wp-json\/wp\/v2\/types\/page"}],"author":[{"embeddable":true,"href":"https:\/\/sites.usp.br\/ldsv\/wp-json\/wp\/v2\/users\/24004"}],"replies":[{"embeddable":true,"href":"https:\/\/sites.usp.br\/ldsv\/wp-json\/wp\/v2\/comments?post=144"}],"version-history":[{"count":5,"href":"https:\/\/sites.usp.br\/ldsv\/wp-json\/wp\/v2\/pages\/144\/revisions"}],"predecessor-version":[{"id":2735,"href":"https:\/\/sites.usp.br\/ldsv\/wp-json\/wp\/v2\/pages\/144\/revisions\/2735"}],"wp:attachment":[{"href":"https:\/\/sites.usp.br\/ldsv\/wp-json\/wp\/v2\/media?parent=144"}],"curies":[{"name":"wp","href":"https:\/\/api.w.org\/{rel}","templated":true}]}}