{"id":1511,"date":"2024-08-04T21:07:45","date_gmt":"2024-08-04T23:07:45","guid":{"rendered":"https:\/\/sites.usp.br\/ldsv\/?page_id=1511"},"modified":"2026-03-17T17:12:53","modified_gmt":"2026-03-17T19:12:53","slug":"bicicleta","status":"publish","type":"page","link":"https:\/\/sites.usp.br\/ldsv\/automotivo\/bicicleta\/","title":{"rendered":"Eng. Automotiva"},"content":{"rendered":"<p>Material dispon\u00edvel no curso de Engenharia Automotiva I <a href=\"http:\/\/sites.poli.usp.br\/d\/PME3540\/\"><em><strong>PME-3540<\/strong><\/em><\/a><\/p>\n<p>Din\u00e2mica Vertical 1GL &#8211; <a href=\"https:\/\/sites.usp.br\/ldsv\/wp-content\/uploads\/sites\/1453\/2026\/03\/Din_Vertical_1GL_Automotiva_26.pdf\" target=\"_blank\" rel=\"noopener\"><strong><em>Notas de Aula 1<\/em><\/strong><\/a><\/p>\n<p>Din\u00e2mica Vertical 2GL &#8211; <a href=\"https:\/\/sites.usp.br\/ldsv\/wp-content\/uploads\/sites\/1453\/2026\/03\/Din_Vertical_2GL_Automotiva_26.pdf\" target=\"_blank\" rel=\"noopener\"><strong><em>Notas de Aula 2<\/em><\/strong><\/a><\/p>\n<p>Din\u00e2mica Lateral 4GL &#8211; <a href=\"https:\/\/sites.usp.br\/ldsv\/wp-content\/uploads\/sites\/1453\/2026\/03\/Din_Vertical_4GL_ExcitacaoBase_Automotiva_26.pdf\" target=\"_blank\" rel=\"noopener\"><strong><em>Notas de Aula 3<\/em><\/strong><\/a><\/p>\n<p>Clique <a href=\"https:\/\/www5.usp.br\/tag\/engenharia-automotiva\/\"><em><strong>aqui<\/strong> <\/em><\/a>para mais informa\u00e7\u00f5es sobre\u00a0 <a href=\"https:\/\/www5.usp.br\/tag\/engenharia-automotiva\/\"><em><strong>Engenharia Automotiva<\/strong><\/em><\/a>.<\/p>\n","protected":false},"excerpt":{"rendered":"<p>Material dispon\u00edvel no curso de Engenharia Automotiva I PME-3540 Din\u00e2mica Vertical 1GL &#8211; Notas de Aula 1 Din\u00e2mica Vertical 2GL &#8211; Notas de Aula 2 Din\u00e2mica Lateral 4GL &#8211; Notas de Aula 3 Clique aqui para mais informa\u00e7\u00f5es sobre\u00a0 Engenharia Automotiva.<\/p>\n","protected":false},"author":24004,"featured_media":0,"parent":140,"menu_order":0,"comment_status":"closed","ping_status":"closed","template":"","meta":{"footnotes":"","_links_to":"","_links_to_target":""},"class_list":["post-1511","page","type-page","status-publish","hentry"],"_links":{"self":[{"href":"https:\/\/sites.usp.br\/ldsv\/wp-json\/wp\/v2\/pages\/1511","targetHints":{"allow":["GET"]}}],"collection":[{"href":"https:\/\/sites.usp.br\/ldsv\/wp-json\/wp\/v2\/pages"}],"about":[{"href":"https:\/\/sites.usp.br\/ldsv\/wp-json\/wp\/v2\/types\/page"}],"author":[{"embeddable":true,"href":"https:\/\/sites.usp.br\/ldsv\/wp-json\/wp\/v2\/users\/24004"}],"replies":[{"embeddable":true,"href":"https:\/\/sites.usp.br\/ldsv\/wp-json\/wp\/v2\/comments?post=1511"}],"version-history":[{"count":5,"href":"https:\/\/sites.usp.br\/ldsv\/wp-json\/wp\/v2\/pages\/1511\/revisions"}],"predecessor-version":[{"id":3098,"href":"https:\/\/sites.usp.br\/ldsv\/wp-json\/wp\/v2\/pages\/1511\/revisions\/3098"}],"up":[{"embeddable":true,"href":"https:\/\/sites.usp.br\/ldsv\/wp-json\/wp\/v2\/pages\/140"}],"wp:attachment":[{"href":"https:\/\/sites.usp.br\/ldsv\/wp-json\/wp\/v2\/media?parent=1511"}],"curies":[{"name":"wp","href":"https:\/\/api.w.org\/{rel}","templated":true}]}}