{"id":167,"date":"2024-06-11T18:48:51","date_gmt":"2024-06-11T20:48:51","guid":{"rendered":"https:\/\/sites.usp.br\/ldsv\/?page_id=167"},"modified":"2024-09-16T12:18:54","modified_gmt":"2024-09-16T14:18:54","slug":"laboratorios-de-referencia","status":"publish","type":"page","link":"https:\/\/sites.usp.br\/ldsv\/pagina-1\/laboratorios-de-referencia\/","title":{"rendered":"Laborat\u00f3rios de Refer\u00eancia"},"content":{"rendered":"<p>Institut Nacional de Recherche sur le Transport et leur Securite \u2013\u00a0<a href=\"http:\/\/www.inrets.fr\/\" target=\"_blank\" rel=\"noopener\">INRETS<\/a><\/p>\n<p>Institut Fran\u00e7ais des Sciences et Technologies des Transports, de l\u2019am\u00e9nagement et des R\u00e9seaux \u2013\u00a0<a href=\"http:\/\/www.ifsttar.fr\/linstitut\/lifsttar\/qui-sommes-nous\/\" target=\"_blank\" rel=\"noopener\">IFSTTAR<\/a><\/p>\n<h3><a href=\"http:\/\/www.idsc.ethz.ch\/\" target=\"_blank\" rel=\"noopener\">ETH Zurich<\/a><\/h3>\n<h4>The Institute for Dynamic Systems and Control (<a href=\"http:\/\/www.idsc.ethz.ch\/\" target=\"_blank\" rel=\"noopener\">IDSC<\/a>)<\/h4>\n<p>Veja alguns trabalhos:<\/p>\n<p><iframe loading=\"lazy\" src=\"https:\/\/www.youtube.com\/embed\/hyGJBV1xnJI?feature=oembed\" width=\"500\" height=\"281\" frameborder=\"0\" allowfullscreen=\"allowfullscreen\" data-mce-fragment=\"1\"><\/iframe><\/p>\n<p><iframe loading=\"lazy\" src=\"https:\/\/www.youtube.com\/embed\/3CR5y8qZf0Y?feature=oembed\" width=\"500\" height=\"281\" frameborder=\"0\" allowfullscreen=\"allowfullscreen\" data-mce-fragment=\"1\"><\/iframe><\/p>\n<p>The \u00c9cole Nationale Sup\u00e9rieure de Techniques Avanc\u00e9es (<a href=\"http:\/\/www.ensta-paristech.fr\/en\/home\" target=\"_blank\" rel=\"noopener\">ENST ParisTech<\/a>) France<\/p>\n<p>L\u2019Unit\u00e9 de M\u00e9canique (<a href=\"http:\/\/ume.ensta-paristech.fr\/\" target=\"_blank\" rel=\"noopener\">UME<\/a>)<\/p>\n<p>Le Centre Automatique et Syst\u00e8mes (<a href=\"http:\/\/cas.ensmp.fr\/\" target=\"_blank\" rel=\"noopener\">CAS<\/a>)<\/p>\n<p>Exemplo de trabalho:\u00a0<a href=\"http:\/\/cas.ensmp.fr\/~petit\/papers\/ieee2002\/ieee2002.pdf\" target=\"_blank\" rel=\"noopener\">http:\/\/cas.ensmp.fr\/~petit\/papers\/ieee2002\/ieee2002.pdf<\/a><\/p>\n<p><a href=\"http:\/\/www.seas.upenn.edu\/\" target=\"_blank\" rel=\"noopener\">University of Pennsylvania<\/a><\/p>\n<p><a href=\"https:\/\/www.grasp.upenn.edu\/research\/ben_franklin_racing_team\" target=\"_blank\" rel=\"noopener\">Project of the fast, reliable, safe and autonomous vehicles<\/a><\/p>\n<h4>The General Robotics, Automation, Sensing and Perception \u2013\u00a0<a href=\"http:\/\/www.grasp.upenn.edu\/\" target=\"_blank\" rel=\"noopener\">GRASP LAB<\/a><\/h4>\n<p>Veja alguns trabalhos:<\/p>\n<p><iframe loading=\"lazy\" src=\"https:\/\/www.youtube.com\/embed\/YQIMGV5vtd4?feature=oembed\" width=\"500\" height=\"281\" frameborder=\"0\" allowfullscreen=\"allowfullscreen\" data-mce-fragment=\"1\"><\/iframe><\/p>\n<p><iframe loading=\"lazy\" src=\"https:\/\/www.youtube.com\/embed\/MvRTALJp8DM?feature=oembed\" width=\"500\" height=\"281\" frameborder=\"0\" allowfullscreen=\"allowfullscreen\" data-mce-fragment=\"1\"><\/iframe><\/p>\n<h3>\u00a0<a href=\"https:\/\/www.youtube.com\/user\/TEDtalksDirector\" target=\"_blank\" rel=\"noopener\">TED<\/a><\/h3>\n<p><iframe loading=\"lazy\" src=\"https:\/\/www.youtube.com\/embed\/w2itwFJCgFQ?feature=oembed\" width=\"500\" height=\"281\" frameborder=\"0\" allowfullscreen=\"allowfullscreen\" data-mce-fragment=\"1\"><\/iframe><\/p>\n<p>&nbsp;<\/p>\n<p>Veja o desenvolvimento de rob\u00f4s da\u00a0 <a href=\"https:\/\/bostondynamics.com\/\"><em><strong>Boston Dynamics<\/strong><\/em><\/a>:<\/p>\n<p>&nbsp;<\/p>\n<p><iframe loading=\"lazy\" title=\"Atlas | Partners in Parkour\" width=\"604\" height=\"340\" src=\"https:\/\/www.youtube.com\/embed\/tF4DML7FIWk?feature=oembed\" frameborder=\"0\" allow=\"accelerometer; autoplay; clipboard-write; encrypted-media; gyroscope; picture-in-picture; web-share\" referrerpolicy=\"strict-origin-when-cross-origin\" allowfullscreen><\/iframe><\/p>\n<p>&nbsp;<\/p>\n<p><iframe loading=\"lazy\" title=\"Do You Love Me?\" width=\"604\" height=\"340\" src=\"https:\/\/www.youtube.com\/embed\/fn3KWM1kuAw?feature=oembed\" frameborder=\"0\" allow=\"accelerometer; autoplay; clipboard-write; encrypted-media; gyroscope; picture-in-picture; web-share\" referrerpolicy=\"strict-origin-when-cross-origin\" allowfullscreen><\/iframe><\/p>\n","protected":false},"excerpt":{"rendered":"<p>Institut Nacional de Recherche sur le Transport et leur Securite \u2013\u00a0INRETS Institut Fran\u00e7ais des Sciences et Technologies des Transports, de l\u2019am\u00e9nagement et des R\u00e9seaux \u2013\u00a0IFSTTAR ETH Zurich The Institute for Dynamic Systems and Control (IDSC) Veja alguns trabalhos: The \u00c9cole Nationale Sup\u00e9rieure de Techniques Avanc\u00e9es (ENST ParisTech) France L\u2019Unit\u00e9 de M\u00e9canique (UME) Le Centre Automatique [&hellip;]<\/p>\n","protected":false},"author":24004,"featured_media":0,"parent":62,"menu_order":8,"comment_status":"closed","ping_status":"closed","template":"","meta":{"footnotes":"","_links_to":"","_links_to_target":""},"class_list":["post-167","page","type-page","status-publish","hentry"],"_links":{"self":[{"href":"https:\/\/sites.usp.br\/ldsv\/wp-json\/wp\/v2\/pages\/167","targetHints":{"allow":["GET"]}}],"collection":[{"href":"https:\/\/sites.usp.br\/ldsv\/wp-json\/wp\/v2\/pages"}],"about":[{"href":"https:\/\/sites.usp.br\/ldsv\/wp-json\/wp\/v2\/types\/page"}],"author":[{"embeddable":true,"href":"https:\/\/sites.usp.br\/ldsv\/wp-json\/wp\/v2\/users\/24004"}],"replies":[{"embeddable":true,"href":"https:\/\/sites.usp.br\/ldsv\/wp-json\/wp\/v2\/comments?post=167"}],"version-history":[{"count":5,"href":"https:\/\/sites.usp.br\/ldsv\/wp-json\/wp\/v2\/pages\/167\/revisions"}],"predecessor-version":[{"id":2032,"href":"https:\/\/sites.usp.br\/ldsv\/wp-json\/wp\/v2\/pages\/167\/revisions\/2032"}],"up":[{"embeddable":true,"href":"https:\/\/sites.usp.br\/ldsv\/wp-json\/wp\/v2\/pages\/62"}],"wp:attachment":[{"href":"https:\/\/sites.usp.br\/ldsv\/wp-json\/wp\/v2\/media?parent=167"}],"curies":[{"name":"wp","href":"https:\/\/api.w.org\/{rel}","templated":true}]}}