{"id":169,"date":"2024-06-11T18:49:30","date_gmt":"2024-06-11T20:49:30","guid":{"rendered":"https:\/\/sites.usp.br\/ldsv\/?page_id=169"},"modified":"2024-10-21T11:39:00","modified_gmt":"2024-10-21T13:39:00","slug":"telefone-endereco","status":"publish","type":"page","link":"https:\/\/sites.usp.br\/ldsv\/pagina-1\/telefone-endereco\/","title":{"rendered":"Contato"},"content":{"rendered":"<p style=\"text-align: center;\">\u00a0<a href=\"https:\/\/maps.app.goo.gl\/F8WbUMFURRacsC9n7\" target=\"_blank\" rel=\"noopener\"><em><strong>Departamento de Engenharia Mec\u00e2nica<\/strong><\/em><\/a> &#8211; \u00a0<a href=\"https:\/\/sites.usp.br\/pme\/\" target=\"_blank\" rel=\"noopener\"><em><strong>PME<\/strong><\/em><\/a> da Escola Polit\u00e9cnica &#8211; <a href=\"https:\/\/maps.app.goo.gl\/B5ZfruQHD4aupA8K8\" target=\"_blank\" rel=\"noopener\"><em><strong>POLI<\/strong> <\/em><\/a>\u00a0na <a href=\"https:\/\/maps.app.goo.gl\/TtYjsG9tTwtoM2QLA\" target=\"_blank\" rel=\"noopener\"><em><strong>USP<\/strong><\/em><\/a>.<\/p>\n<p style=\"text-align: center;\">pr\u00e9dio da <a href=\"https:\/\/maps.app.goo.gl\/F8WbUMFURRacsC9n7\" target=\"_blank\" rel=\"noopener\"><strong><em>Engenharia Mec\u00e2nica<\/em><\/strong><\/a> \u2013 Sala ES-11<\/p>\n<p style=\"text-align: center;\">telefone de contato: (011) 3091-9645<\/p>\n<p style=\"text-align: center;\">Avenida Prof. Melo Moraes, n\u00ba 2231 \u00a0\u2013 CEP: 05508-030 \u2013 Butant\u00e3, S\u00e3o Paulo\/SP \u2013 Brasil<\/p>\n<h2 style=\"text-align: center;\"><iframe loading=\"lazy\" src=\"https:\/\/www.google.com\/maps\/embed?pb=!1m14!1m8!1m3!1d7314.721704754195!2d-46.72564646047353!3d-23.555480025768258!3m2!1i1024!2i768!4f13.1!3m3!1m2!1s0x94ce563d6d72c215%3A0x5acfa7157ca4c548!2sAv.+Prof.+Mello+Moraes%2C+2231+-+Butant%C3%A3%2C+S%C3%A3o+Paulo+-+SP%2C+05508-030!5e0!3m2!1spt-BR!2sbr!4v1412515510919\" width=\"600\" height=\"450\" frameborder=\"0\" data-mce-fragment=\"1\"><\/iframe><\/h2>\n<h3><\/h3>\n<h3 style=\"text-align: center;\">Localiza\u00e7\u00e3o dentro da Cidade de S\u00e3o Paulo:<\/h3>\n<p><img loading=\"lazy\" decoding=\"async\" class=\"aligncenter size-medium\" src=\"https:\/\/sites.usp.br\/ldsv\/wp-content\/uploads\/sites\/1453\/2024\/10\/usp_acesso.jpg\" width=\"500\" height=\"424\" \/><\/p>\n<h3><\/h3>\n<h3 style=\"text-align: center;\">Localiza\u00e7\u00e3o dentro da Cidade Universit\u00e1ria<\/h3>\n<h3 style=\"text-align: center;\">Cidade Universit\u00e1ria Armando de Salles Oliveira<\/h3>\n<p>&nbsp;<\/p>\n<p><img loading=\"lazy\" decoding=\"async\" class=\"aligncenter size-medium\" src=\"https:\/\/sites.usp.br\/ldsv\/wp-content\/uploads\/sites\/1453\/2024\/10\/mecanica_Poli.jpg\" width=\"500\" height=\"424\" \/><\/p>\n<h3><\/h3>\n<h3 style=\"text-align: center;\">Localiza\u00e7\u00e3o do <a href=\"https:\/\/maps.app.goo.gl\/WjGksaLsqF33jYB4A\" target=\"_blank\" rel=\"noopener\"><em><strong>LDSV<\/strong><\/em> <\/a>dentro da Escola Polit\u00e9cnica<\/h3>\n<p>&nbsp;<\/p>\n<p><a href=\"https:\/\/maps.app.goo.gl\/WjGksaLsqF33jYB4A\" target=\"_blank\" rel=\"noopener\"><img loading=\"lazy\" decoding=\"async\" class=\"aligncenter \" src=\"https:\/\/sites.usp.br\/ldsv\/wp-content\/uploads\/sites\/1453\/2024\/10\/mapa_LDSV.png\" width=\"451\" height=\"277\" \/><\/a><\/p>\n","protected":false},"excerpt":{"rendered":"<p>\u00a0Departamento de Engenharia Mec\u00e2nica &#8211; \u00a0PME da Escola Polit\u00e9cnica &#8211; POLI \u00a0na USP. pr\u00e9dio da Engenharia Mec\u00e2nica \u2013 Sala ES-11 telefone de contato: (011) 3091-9645 Avenida Prof. Melo Moraes, n\u00ba 2231 \u00a0\u2013 CEP: 05508-030 \u2013 Butant\u00e3, S\u00e3o Paulo\/SP \u2013 Brasil Localiza\u00e7\u00e3o dentro da Cidade de S\u00e3o Paulo: Localiza\u00e7\u00e3o dentro da Cidade Universit\u00e1ria Cidade Universit\u00e1ria Armando [&hellip;]<\/p>\n","protected":false},"author":24004,"featured_media":0,"parent":62,"menu_order":9,"comment_status":"closed","ping_status":"closed","template":"","meta":{"footnotes":"","_links_to":"","_links_to_target":""},"class_list":["post-169","page","type-page","status-publish","hentry"],"_links":{"self":[{"href":"https:\/\/sites.usp.br\/ldsv\/wp-json\/wp\/v2\/pages\/169","targetHints":{"allow":["GET"]}}],"collection":[{"href":"https:\/\/sites.usp.br\/ldsv\/wp-json\/wp\/v2\/pages"}],"about":[{"href":"https:\/\/sites.usp.br\/ldsv\/wp-json\/wp\/v2\/types\/page"}],"author":[{"embeddable":true,"href":"https:\/\/sites.usp.br\/ldsv\/wp-json\/wp\/v2\/users\/24004"}],"replies":[{"embeddable":true,"href":"https:\/\/sites.usp.br\/ldsv\/wp-json\/wp\/v2\/comments?post=169"}],"version-history":[{"count":5,"href":"https:\/\/sites.usp.br\/ldsv\/wp-json\/wp\/v2\/pages\/169\/revisions"}],"predecessor-version":[{"id":2438,"href":"https:\/\/sites.usp.br\/ldsv\/wp-json\/wp\/v2\/pages\/169\/revisions\/2438"}],"up":[{"embeddable":true,"href":"https:\/\/sites.usp.br\/ldsv\/wp-json\/wp\/v2\/pages\/62"}],"wp:attachment":[{"href":"https:\/\/sites.usp.br\/ldsv\/wp-json\/wp\/v2\/media?parent=169"}],"curies":[{"name":"wp","href":"https:\/\/api.w.org\/{rel}","templated":true}]}}