{"id":175,"date":"2024-06-11T18:51:50","date_gmt":"2024-06-11T20:51:50","guid":{"rendered":"https:\/\/sites.usp.br\/ldsv\/?page_id=175"},"modified":"2025-07-25T15:25:26","modified_gmt":"2025-07-25T17:25:26","slug":"patrocinadores","status":"publish","type":"page","link":"https:\/\/sites.usp.br\/ldsv\/pagina-1\/patrocinadores\/","title":{"rendered":"Parceiros e colaboradores"},"content":{"rendered":"<h3>COORDENADOR<\/h3>\n<p style=\"text-align: left;\">Professor Doutor <a href=\"http:\/\/lattes.cnpq.br\/6732555323294000\" target=\"_blank\" rel=\"noopener\">Roberto Spinola Barbosa<\/a> &#8211; Departamento de Engenharia Mec\u00e2nica (<a href=\"https:\/\/sites.usp.br\/pme\/\" target=\"_blank\" rel=\"noopener\"><em><strong>PME<\/strong><\/em><\/a>) da Escola Polit\u00e9cnica ( <a href=\"https:\/\/www.poli.usp.br\/\" target=\"_blank\" rel=\"noopener\"><em><strong>POLI<\/strong><\/em><\/a>) da Universidade de S\u00e3o Paulo &#8211; <a href=\"https:\/\/www5.usp.br\/\" target=\"_blank\" rel=\"noopener\"><em><strong>USP<\/strong><\/em><\/a>.<\/p>\n<p style=\"text-align: left;\">\u00a0<strong><em><a style=\"font-family: Bitter, Georgia, serif; font-size: 18px; text-align: center;\" href=\"http:\/\/lattes.cnpq.br\/6732555323294000\" target=\"_blank\" rel=\"noopener\">Curriculo Lattes<\/a><\/em><\/strong> &#8211; <a style=\"text-align: center;\" href=\"http:\/\/orcid.org\/0000-0001-7353-0924\" target=\"_blank\" rel=\"noopener\"><em><strong>Orcid<\/strong><\/em><\/a><span style=\"text-align: center;\">\u00a0 &#8211; <\/span><a style=\"text-align: center;\" href=\"https:\/\/www.webofscience.com\/wos\/author\/record\/25182\" target=\"_blank\" rel=\"noopener\"><em><strong>Web of Science<\/strong><\/em><\/a><span style=\"text-align: center;\"> &#8211;\u00a0 <\/span><a style=\"text-align: center;\" href=\"http:\/\/scholar.google.com.br\/citations?user=sbU26S4AAAAJ&amp;hl=pt-BR\" target=\"_blank\" rel=\"noopener\"><em><strong>Google<\/strong> <strong>Scholar<\/strong><\/em><\/a><em style=\"text-align: center;\"><strong>\u00a0<\/strong> <\/em><span style=\"text-align: center;\">&#8211;\u00a0 <\/span><a style=\"text-align: center;\" href=\"https:\/\/www.scopus.com\/authid\/detail.uri?authorId=7006722976\" target=\"_blank\" rel=\"noopener\"><em><strong>Scopus\u00a0<\/strong> <\/em><\/a><span style=\"text-align: center;\">&#8211; <\/span><\/p>\n<p style=\"text-align: left;\"><em style=\"text-align: center;\"><strong>\u00a0 \u00a0\u00a0<\/strong><\/em><a href=\"http:\/\/lattes.cnpq.br\/6732555323294000\" target=\"_blank\" rel=\"noopener\"><img loading=\"lazy\" decoding=\"async\" class=\"alignleft \" src=\"https:\/\/sites.usp.br\/ldsv\/wp-content\/uploads\/sites\/1453\/2024\/10\/Lattes.jpg\" width=\"72\" height=\"46\" \/> <\/a>\u00a0 <a href=\"http:\/\/orcid.org\/0000-0001-7353-0924\" target=\"_blank\" rel=\"noopener\"><img loading=\"lazy\" decoding=\"async\" class=\"alignnone\" src=\"https:\/\/sites.usp.br\/ldsv\/wp-content\/uploads\/sites\/1453\/2024\/10\/ORCID.jpg\" alt=\"\" width=\"37\" height=\"36\" \/> <\/a>\u00a0<a href=\"http:\/\/scholar.google.com.br\/citations?user=sbU26S4AAAAJ&amp;hl=pt-BR\" target=\"_blank\" rel=\"noopener\"><img loading=\"lazy\" decoding=\"async\" class=\"alignleft \" src=\"https:\/\/sites.usp.br\/ldsv\/wp-content\/uploads\/sites\/1453\/2024\/10\/Google_Academic.jpg\" width=\"45\" height=\"47\" \/>\u00a0<\/a> <a href=\"https:\/\/www.webofscience.com\/wos\/author\/record\/25182\" target=\"_blank\" rel=\"noopener\"><img loading=\"lazy\" decoding=\"async\" class=\"alignnone \" src=\"https:\/\/sites.usp.br\/ldsv\/wp-content\/uploads\/sites\/1453\/2024\/10\/WEB_Science.jpg\" width=\"102\" height=\"52\" \/> \u00a0 <\/a> \u00a0 \u00a0 \u00a0<a href=\"https:\/\/www.scopus.com\/authid\/detail.uri?authorId=7006722976\" target=\"_blank\" rel=\"noopener\"><img loading=\"lazy\" decoding=\"async\" class=\"alignnone \" src=\"https:\/\/sites.usp.br\/ldsv\/wp-content\/uploads\/sites\/1453\/2024\/10\/Scopus.jpg\" width=\"51\" height=\"58\" \/> <\/a>\u00a0 \u00a0 \u00a0<a href=\"https:\/\/www.researchgate.net\/profile\/Roberto_Barbosa2\/?ev=hdr_xprf\" target=\"_blank\" rel=\"noopener\"><img loading=\"lazy\" decoding=\"async\" class=\"alignnone \" src=\"https:\/\/sites.usp.br\/ldsv\/wp-content\/uploads\/sites\/1453\/2024\/10\/ResearchGate.jpg\" width=\"109\" height=\"26\" \/>\u00a0<\/a><\/p>\n<p>&nbsp;<\/p>\n<p>&nbsp;<\/p>\n<h3><\/h3>\n<h3>PARCEIROS<\/h3>\n<p>Professor <a href=\"http:\/\/lattes.cnpq.br\/4175936614766593\" target=\"_blank\" rel=\"noopener\"><em><strong>Doutor Raul Gonzalez Lima<\/strong><\/em><\/a> &#8211; Departamento de Engenharia Mec\u00e2nica (<a href=\"https:\/\/sites.usp.br\/pme\/\" target=\"_blank\" rel=\"noopener\"><em><strong>PME<\/strong><\/em><\/a>) da Escola Polit\u00e9cnica ( <a href=\"https:\/\/www.poli.usp.br\/\" target=\"_blank\" rel=\"noopener\"><em><strong>POLI<\/strong><\/em><\/a>) da Universidade de S\u00e3o Paulo &#8211; <a href=\"https:\/\/www5.usp.br\/\" target=\"_blank\" rel=\"noopener\"><em><strong>USP<\/strong><\/em><\/a>.<\/p>\n<p>Professor <a href=\"http:\/\/lattes.cnpq.br\/8746666390055801\" target=\"_blank\" rel=\"noopener\"><em><strong>Doutor \u00c1lvaro Costa Neto<\/strong><\/em><\/a> &#8211; Mec\u00e2nica (<a href=\"http:\/\/www.sem.eesc.usp.br\/index.php\/pt\/\" target=\"_blank\" rel=\"noopener\"><em><strong>SEM<\/strong><\/em><\/a>) Escola de Engenharia de S\u00e3o Carlos &#8211; <a href=\"https:\/\/www.eesc.usp.br\/\" target=\"_blank\" rel=\"noopener\"><em><strong>EESC<\/strong><\/em><\/a> &#8211; <a href=\"https:\/\/www5.usp.br\/\" target=\"_blank\" rel=\"noopener\"><em><strong>USP<\/strong><\/em><\/a>.<\/p>\n<p>Professor Doutor <a href=\"http:\/\/lattes.cnpq.br\/6741895655912967\" target=\"_blank\" rel=\"noopener\"><em><strong>Linilson Rodrgues Padovesse<\/strong><\/em><\/a> &#8211; Departamento de Engenharia Mec\u00e2nica (<a href=\"https:\/\/sites.usp.br\/pme\/\" target=\"_blank\" rel=\"noopener\"><em><strong>PME<\/strong><\/em><\/a>) da Escola Polit\u00e9cnica ( <a href=\"https:\/\/www.poli.usp.br\/\" target=\"_blank\" rel=\"noopener\"><em><strong>POLI<\/strong><\/em><\/a>) da Universidade de S\u00e3o Paulo &#8211; <a href=\"https:\/\/www5.usp.br\/\" target=\"_blank\" rel=\"noopener\"><em><strong>USP<\/strong><\/em><\/a><\/p>\n<p>Professor Doutor <a href=\"http:\/\/lattes.cnpq.br\/7348242416111666\" target=\"_blank\" rel=\"noopener\"><em><strong>Fuad Kassab Junior<\/strong><\/em><\/a> &#8211; Laborat\u00f3rio de Automa\u00e7\u00e3o e Controle (<a href=\"https:\/\/sites.usp.br\/lac\/\" target=\"_blank\" rel=\"noopener\"><em><strong>LAC<\/strong><\/em><\/a>) -Departamento de Engenharia de Telecomunica\u00e7\u00f5es e Controle (<a href=\"https:\/\/sites.usp.br\/ptc\/\" target=\"_blank\" rel=\"noopener\"><em><strong>PTC<\/strong><\/em><\/a>) da Escola Polit\u00e9cnica ( <a href=\"https:\/\/www.poli.usp.br\/\" target=\"_blank\" rel=\"noopener\"><em><strong>POLI<\/strong><\/em><\/a>) da Universidade de S\u00e3o Paulo &#8211; <a href=\"https:\/\/www5.usp.br\/\" target=\"_blank\" rel=\"noopener\"><em><strong>USP<\/strong><\/em><\/a>.<\/p>\n<p>Professor Doutor <a href=\"http:\/\/lattes.cnpq.br\/5604471362272681\" target=\"_blank\" rel=\"noopener\"><em><strong>Kazuo Nishimoto<\/strong><\/em><\/a> &#8211; Departamento de Engenharia Naval e Oce\u00e2nica (<a href=\"https:\/\/www.poli.usp.br\/departamentos\/pnv-engenharia-naval-e-oceanica\" target=\"_blank\" rel=\"noopener\"><em><strong>PNV<\/strong><\/em><\/a>)\u00a0da Escola Polit\u00e9cnica ( <a href=\"https:\/\/www.poli.usp.br\/\" target=\"_blank\" rel=\"noopener\"><em><strong>POLI<\/strong><\/em><\/a>) da Universidade de S\u00e3o Paulo &#8211; <a href=\"https:\/\/www5.usp.br\/\" target=\"_blank\" rel=\"noopener\"><em><strong>USP<\/strong><\/em><\/a>.<\/p>\n<p>&nbsp;<\/p>\n<h3>COLABORADORES<\/h3>\n<p>Professor Doutora <a href=\"http:\/\/lattes.cnpq.br\/4636988573211375\" target=\"_blank\" rel=\"noopener\"><em><strong>Liedi Legi Bariani Bernucc<\/strong><\/em><\/a>i &#8211; Laborat\u00f3rio de Tecnologia de Pavimenta\u00e7\u00e3o &#8211; (<a href=\"https:\/\/www.ptr.poli.usp.br\/laboratorios\/ltp-laboratorio-de-tecnologia-de-pavimentacao\/\" target=\"_blank\" rel=\"noopener\"><em><strong>LTP<\/strong><\/em><\/a>) &#8211; Departamento de Engenharia de Transportes (<a href=\"https:\/\/www.poli.usp.br\/departamentos\/ptr-engenharia-de-transportes\" target=\"_blank\" rel=\"noopener\"><em><strong>PTR<\/strong><\/em><\/a>) da Escola Polit\u00e9cnica ( <a href=\"https:\/\/www.poli.usp.br\/\" target=\"_blank\" rel=\"noopener\"><em><strong>POLI<\/strong><\/em><\/a>) da Universidade de S\u00e3o Paulo &#8211; <a href=\"https:\/\/www5.usp.br\/\" target=\"_blank\" rel=\"noopener\"><em><strong>USP<\/strong><\/em><\/a>. <a href=\"https:\/\/scholar.google.com.br\/citations?user=rkZ215cAAAAJ&amp;hl=pt-BR\" target=\"_blank\" rel=\"noopener\"><em><strong>Google<\/strong><\/em><\/a>, <a href=\"https:\/\/orcid.org\/0000-0002-4768-0993\" target=\"_blank\" rel=\"noopener\"><em><strong>ORCID<\/strong><\/em><\/a>.<\/p>\n<p>Professor Doutor <a href=\"http:\/\/lattes.cnpq.br\/3548554171023581\" target=\"_blank\" rel=\"noopener\"><em><strong>Tulio Bittencourt<\/strong><\/em><\/a> &#8211; Departamento de Estruturas e Geotecnia (<a href=\"https:\/\/sites.usp.br\/pef\/\" target=\"_blank\" rel=\"noopener\"><em><strong>PEF<\/strong><\/em><\/a>) da Escola Polit\u00e9cnica ( <a href=\"https:\/\/www.poli.usp.br\/\" target=\"_blank\" rel=\"noopener\"><em><strong>POLI<\/strong><\/em><\/a>) da Universidade de S\u00e3o Paulo &#8211; <a href=\"https:\/\/www5.usp.br\/\" target=\"_blank\" rel=\"noopener\"><em><strong>USP<\/strong><\/em><\/a>.<\/p>\n<p>Professor Doutor <a href=\"http:\/\/lattes.cnpq.br\/3117333353838533\" target=\"_blank\" rel=\"noopener\"><em><strong>Jos\u00e9 Roberto Cardoso<\/strong><\/em><\/a> &#8211; Departamento de <a href=\"https:\/\/www.poli.usp.br\/departamentos\/pea-energia-e-automacao-eletricas\/\" target=\"_blank\" rel=\"noopener\"><em><strong>Engenharia de Energia e Automa\u00e7\u00e3o El\u00e9trica<\/strong><\/em><\/a> &#8211; (<a href=\"https:\/\/www.pea.usp.br\/\" target=\"_blank\" rel=\"noopener\"><em><strong>PEA<\/strong><\/em><\/a>) da Escola Polit\u00e9cnica ( <a href=\"https:\/\/www.poli.usp.br\/\" target=\"_blank\" rel=\"noopener\"><em><strong>POLI<\/strong><\/em><\/a>) da Universidade de S\u00e3o Paulo &#8211; <a href=\"https:\/\/www5.usp.br\/\" target=\"_blank\" rel=\"noopener\"><em><strong>USP<\/strong><\/em><\/a>.<\/p>\n<p>Professor Doutor <a href=\"http:\/\/lattes.cnpq.br\/7793214953746546\" target=\"_blank\" rel=\"noopener\"><em><strong>Ricardo Paulino Marques<\/strong><\/em><\/a> &#8211; Laborat\u00f3rio de Automa\u00e7\u00e3o e Controle (<a href=\"https:\/\/sites.usp.br\/lac\/\" target=\"_blank\" rel=\"noopener\"><em><strong>LAC<\/strong><\/em><\/a>) -Departamento de Engenharia de Telecomunica\u00e7\u00f5es e Controle (<a href=\"https:\/\/sites.usp.br\/ptc\/\" target=\"_blank\" rel=\"noopener\"><em><strong>PTC<\/strong><\/em><\/a>) da Escola Polit\u00e9cnica ( <a href=\"https:\/\/www.poli.usp.br\/\" target=\"_blank\" rel=\"noopener\"><em><strong>POLI<\/strong><\/em><\/a>) da Universidade de S\u00e3o Paulo &#8211; <a href=\"https:\/\/www5.usp.br\/\" target=\"_blank\" rel=\"noopener\"><em><strong>USP<\/strong><\/em><\/a>.<\/p>\n<p>Professor Doutor <a href=\"http:\/\/lattes.cnpq.br\/3859775879893716\" target=\"_blank\" rel=\"noopener\"><em><strong>Marcos Massao Futai<\/strong><\/em><\/a> &#8211; Departamento de Estruturas e Geotecnia (<a href=\"https:\/\/sites.usp.br\/pef\/\" target=\"_blank\" rel=\"noopener\"><em><strong>PEF<\/strong><\/em><\/a>) da Escola Polit\u00e9cnica ( <a href=\"https:\/\/www.poli.usp.br\/\" target=\"_blank\" rel=\"noopener\"><em><strong>POLI<\/strong><\/em><\/a>) da Universidade de S\u00e3o Paulo &#8211; <a href=\"https:\/\/www5.usp.br\/\" target=\"_blank\" rel=\"noopener\"><em><strong>USP<\/strong><\/em><\/a>.<\/p>\n<p>Professora Doutora <a href=\"http:\/\/lattes.cnpq.br\/4758990853073253\" target=\"_blank\" rel=\"noopener\"><em><strong>Rosangela dos Santos Motta<\/strong><\/em><\/a> &#8211; Laborat\u00f3rio de Inova\u00e7\u00e3o em Vias Metroferrovi\u00e1rias &#8211; (<a href=\"https:\/\/www.ptr.poli.usp.br\/laboratorios\/lim-laboratorio-de-inovacao-em-vias-metroferroviarias\/\" target=\"_blank\" rel=\"noopener\"><em><strong>LIM<\/strong><\/em><\/a>) &#8211; Departamento de Engenharia de Transportes (<a href=\"https:\/\/www.poli.usp.br\/departamentos\/ptr-engenharia-de-transportes\" target=\"_blank\" rel=\"noopener\"><em><strong>PTR<\/strong><\/em><\/a>) da Escola Polit\u00e9cnica ( <a href=\"https:\/\/www.poli.usp.br\/\" target=\"_blank\" rel=\"noopener\"><em><strong>POLI<\/strong><\/em><\/a>) da Universidade de S\u00e3o Paulo &#8211; <a href=\"https:\/\/www5.usp.br\/\" target=\"_blank\" rel=\"noopener\"><em><strong>USP<\/strong><\/em><\/a>.<\/p>\n<p>Doutor Denilson Grando, Mec\u00e2nica (<a href=\"http:\/\/www.sem.eesc.usp.br\/index.php\/pt\/\" target=\"_blank\" rel=\"noopener\"><em><strong>SEM<\/strong><\/em><\/a>) Escola de Engenharia de S\u00e3o Carlos &#8211; <a href=\"https:\/\/www.eesc.usp.br\/\" target=\"_blank\" rel=\"noopener\"><em><strong>EESC<\/strong><\/em><\/a> &#8211; <a href=\"https:\/\/www5.usp.br\/\" target=\"_blank\" rel=\"noopener\"><em><strong>USP<\/strong><\/em><\/a>.<\/p>\n<p>Professor\u00a0 Dr. Claudio Barbieri da Cunha &#8211; Laborat\u00f3rio de Planejamento e Opera\u00e7\u00e3o de Transportes &#8211; (<a href=\"https:\/\/www.ptr.poli.usp.br\/laboratorios\/lpt-laboratorio-de-planejamento-e-operacao-de-transportes\/\" target=\"_blank\" rel=\"noopener\"><em><strong>LPT<\/strong><\/em><\/a>) &#8211; Departamento de Engenharia de Transportes (<a href=\"https:\/\/www.ptr.poli.usp.br\/laboratorios\/lpt-laboratorio-de-planejamento-e-operacao-de-transportes\/\" target=\"_blank\" rel=\"noopener\"><em><strong>PTR<\/strong><\/em><\/a>) da Escola Polit\u00e9cnica ( <a href=\"https:\/\/www.poli.usp.br\/\" target=\"_blank\" rel=\"noopener\"><em><strong>POLI<\/strong><\/em><\/a>) da Universidade de S\u00e3o Paulo &#8211; <a href=\"https:\/\/www5.usp.br\/\" target=\"_blank\" rel=\"noopener\"><em><strong>USP<\/strong><\/em><\/a>..<\/p>\n<p>Professor Doutor <a href=\"http:\/\/lattes.cnpq.br\/9706211344848832\" target=\"_blank\" rel=\"noopener\"><em><strong>Marco Antonio Saidel<\/strong><\/em><\/a> &#8211; Departamento de <a href=\"https:\/\/www.poli.usp.br\/departamentos\/pea-energia-e-automacao-eletricas\/\" target=\"_blank\" rel=\"noopener\"><em><strong>Engenharia de Energia e Automa\u00e7\u00e3o El\u00e9tricas<\/strong><\/em><\/a> &#8211; (<a href=\"https:\/\/www.pea.usp.br\/\" target=\"_blank\" rel=\"noopener\"><em><strong>PEA<\/strong><\/em><\/a>) da Escola Polit\u00e9cnica ( <a href=\"https:\/\/www.poli.usp.br\/\" target=\"_blank\" rel=\"noopener\"><em><strong>POLI<\/strong><\/em><\/a>) da Universidade de S\u00e3o Paulo &#8211; <a href=\"https:\/\/www5.usp.br\/\" target=\"_blank\" rel=\"noopener\"><em><strong>USP<\/strong><\/em><\/a>.<\/p>\n<p>&nbsp;<\/p>\n<h3>INTERNACIONAIS<\/h3>\n<p>Professor Doutor Rui Cal\u00e7ada &#8211; <a href=\"https:\/\/www.up.pt\/portal\/pt\/feup\/feup\/22802\/\" target=\"_blank\" rel=\"noopener\"><em><strong>Faculdade de Engenharia<\/strong><\/em><\/a> da <a href=\"https:\/\/www.up.pt\/portal\/pt\/\" target=\"_blank\" rel=\"noopener\"><em><strong>Universidade do Porto<\/strong><\/em><\/a> &#8211; <a href=\"https:\/\/maps.app.goo.gl\/jnXQGGWgekKy6Rbr6\" target=\"_blank\" rel=\"noopener\"><em><strong>Portugal<\/strong><\/em><\/a>.<\/p>\n<p>Professor Doutor Marco Gadola &#8211; Dipartimento di Ingegneria Meccanica e Industriale &#8211; <a href=\"https:\/\/www.unibs.it\/it\/ateneo\/organizzazione\/dipartimenti\/ingegneria-meccanica-e-industriale-dimi\" target=\"_blank\" rel=\"noopener\"><em><strong>DIMI<\/strong> <\/em><\/a>&#8211; <a href=\"https:\/\/www.unibs.it\/it\" target=\"_blank\" rel=\"noopener\"><em><strong>Universit\u00e0 degli Studi di Brescia<\/strong><\/em><\/a> &#8211; <a href=\"https:\/\/maps.app.goo.gl\/46oHV1UhZQK8gJYPA\" target=\"_blank\" rel=\"noopener\"><em><strong>It\u00e1lia<\/strong><\/em><\/a>.\u00a0 \u00a0<a href=\"https:\/\/www.bspokeautomotive.it\/\" target=\"_blank\" rel=\"noopener\"><em><strong>BSpoke<\/strong><\/em><\/a><\/p>\n<p>Professor Doutor Jean Pierre Pascal &#8211; <a href=\"https:\/\/orcid.org\/0000-0002-0771-5389\" target=\"_blank\" rel=\"noopener\"><em><strong>ORCID<\/strong> <\/em><\/a>&#8211; <a href=\"https:\/\/scholar.google.fr\/citations?user=Lmv_PNoAAAAJ&amp;hl=fr\" target=\"_blank\" rel=\"noopener\"><em><strong>Google<\/strong> <\/em><\/a>&#8211; <a href=\"https:\/\/www.researchgate.net\/profile\/Jean-Pierre-Pascal\" target=\"_blank\" rel=\"noopener\"><em><strong>ResearchGate<\/strong> <\/em><\/a>&#8211; INRETS &#8211; Fran\u00e7a<\/p>\n<p>Professor Doutor <a href=\"https:\/\/www.apt-p.com\/APTWithHindsight.htm\" target=\"_blank\" rel=\"noopener\"><em><strong>Alan Wickens<\/strong><\/em><\/a> &#8211; <a href=\"https:\/\/a.co\/d\/848yRfE\" target=\"_blank\" rel=\"noopener\"><em><strong>Publica\u00e7\u00e3o<\/strong><\/em><\/a> (2003) &#8211; Inglaterra &#8211; <a href=\"https:\/\/youtu.be\/6qUzPMoj1p8?t=168\" target=\"_blank\" rel=\"noopener\"><em><strong>English tilting train<\/strong><\/em><\/a> -Inglaterra.<\/p>\n<p>Professor Doutor <a href=\"https:\/\/pure.hud.ac.uk\/en\/persons\/simon-iwnicki\" target=\"_blank\" rel=\"noopener\"><em><strong>Simon Iwnicky<\/strong><\/em><\/a> &#8211; Department of Engineering School of Computing and Engineering Institute of Railway Research, University of Huddersfield, <a href=\"https:\/\/orcid.org\/0000-0003-1188-7295\" target=\"_blank\" rel=\"noopener\"><em><strong>ORCID<\/strong><\/em><\/a>,\u00a0 <a href=\"https:\/\/www.researchgate.net\/profile\/Simon-Iwnicki\" target=\"_blank\" rel=\"noopener\"><em><strong>ReseachGate<\/strong><\/em><\/a>, <a href=\"https:\/\/scholar.google.com\/citations?user=v1BB-VcAAAAJ&amp;hl=en\" target=\"_blank\" rel=\"noopener\"><em><strong>Google<\/strong><\/em><\/a>,\u00a0 <a href=\"https:\/\/a.co\/d\/0U2EpaD\" target=\"_blank\" rel=\"noopener\"><em><strong>publica\u00e7\u00f5es<\/strong> <\/em><\/a>&#8211; <a href=\"https:\/\/maps.app.goo.gl\/acmAn9hFXKQJZfFd7\" target=\"_blank\" rel=\"noopener\"><em><strong>Inglaterra<\/strong><\/em><\/a>.<\/p>\n<p>Professor Doutor <a href=\"https:\/\/pure.hud.ac.uk\/en\/persons\/joao-pombo\" target=\"_blank\" rel=\"noopener\"><em><strong>Jo\u00e3o Pombo<\/strong><\/em><\/a> &#8211;\u00a0Department of Engineering \u00a0<a href=\"https:\/\/pure.hud.ac.uk\/en\/organisations\/school-of-computing-and-engineering\" target=\"_blank\" rel=\"noopener\"><em><strong>School of Computing and Engineering<\/strong><\/em><\/a>, University of Huddersfield, <a href=\"https:\/\/orcid.org\/0000-0002-5877-1989\" target=\"_blank\" rel=\"noopener\"><em><strong>ORCID<\/strong><\/em><\/a>, \u00a0<a href=\"https:\/\/maps.app.goo.gl\/acmAn9hFXKQJZfFd7\" target=\"_blank\" rel=\"noopener\"><em><strong>Inglaterra<\/strong><\/em><\/a>.<\/p>\n","protected":false},"excerpt":{"rendered":"<p>COORDENADOR Professor Doutor Roberto Spinola Barbosa &#8211; Departamento de Engenharia Mec\u00e2nica (PME) da Escola Polit\u00e9cnica ( POLI) da Universidade de S\u00e3o Paulo &#8211; USP. \u00a0Curriculo Lattes &#8211; Orcid\u00a0 &#8211; Web of Science &#8211;\u00a0 Google Scholar\u00a0 &#8211;\u00a0 Scopus\u00a0 &#8211; \u00a0 \u00a0\u00a0 \u00a0 \u00a0\u00a0 \u00a0 \u00a0 \u00a0 \u00a0 \u00a0 \u00a0 \u00a0\u00a0 &nbsp; &nbsp; PARCEIROS Professor Doutor Raul [&hellip;]<\/p>\n","protected":false},"author":24004,"featured_media":0,"parent":62,"menu_order":12,"comment_status":"closed","ping_status":"closed","template":"","meta":{"footnotes":"","_links_to":"","_links_to_target":""},"class_list":["post-175","page","type-page","status-publish","hentry"],"_links":{"self":[{"href":"https:\/\/sites.usp.br\/ldsv\/wp-json\/wp\/v2\/pages\/175","targetHints":{"allow":["GET"]}}],"collection":[{"href":"https:\/\/sites.usp.br\/ldsv\/wp-json\/wp\/v2\/pages"}],"about":[{"href":"https:\/\/sites.usp.br\/ldsv\/wp-json\/wp\/v2\/types\/page"}],"author":[{"embeddable":true,"href":"https:\/\/sites.usp.br\/ldsv\/wp-json\/wp\/v2\/users\/24004"}],"replies":[{"embeddable":true,"href":"https:\/\/sites.usp.br\/ldsv\/wp-json\/wp\/v2\/comments?post=175"}],"version-history":[{"count":4,"href":"https:\/\/sites.usp.br\/ldsv\/wp-json\/wp\/v2\/pages\/175\/revisions"}],"predecessor-version":[{"id":2851,"href":"https:\/\/sites.usp.br\/ldsv\/wp-json\/wp\/v2\/pages\/175\/revisions\/2851"}],"up":[{"embeddable":true,"href":"https:\/\/sites.usp.br\/ldsv\/wp-json\/wp\/v2\/pages\/62"}],"wp:attachment":[{"href":"https:\/\/sites.usp.br\/ldsv\/wp-json\/wp\/v2\/media?parent=175"}],"curies":[{"name":"wp","href":"https:\/\/api.w.org\/{rel}","templated":true}]}}