{"id":1787,"date":"2024-09-03T13:46:33","date_gmt":"2024-09-03T15:46:33","guid":{"rendered":"https:\/\/sites.usp.br\/ldsv\/?page_id=1787"},"modified":"2026-03-16T17:04:32","modified_gmt":"2026-03-16T19:04:32","slug":"graduacao","status":"publish","type":"page","link":"https:\/\/sites.usp.br\/ldsv\/conexoes\/graduacao\/","title":{"rendered":"Gradua\u00e7\u00e3o"},"content":{"rendered":"<p>&nbsp;<\/p>\n<p>As disciplinas de <a href=\"https:\/\/www.poli.usp.br\/ensino\/graduacao\"><em><strong>gradua\u00e7\u00e3o<\/strong><\/em><\/a> ministradas no <a href=\"https:\/\/sites.usp.br\/pme\/?page_id=5599\"><em><strong>Departamento de Engenharia Mec\u00e2nica<\/strong><\/em><\/a>\u00a0 (<a href=\"https:\/\/www.poli.usp.br\/\"><em><strong>POLI<\/strong><\/em><\/a>) pelos <a href=\"https:\/\/sites.usp.br\/ldsv\/pagina-1\/professores\/\"><strong><em>professores<\/em><\/strong><\/a> do laborat\u00f3rio s\u00e3o:<\/p>\n<p><a href=\"http:\/\/sites.poli.usp.br\/d\/pme3100\/\"><em><strong>Mec\u00e2nica I<\/strong><\/em><\/a> &#8211; PME3100 &#8211; Material Did\u00e1tico:\u00a0 Notas de Aula &#8211; <a href=\"https:\/\/sites.usp.br\/ldsv\/wp-content\/uploads\/sites\/1453\/2026\/03\/Mecanica_A_Estatica_26.pdf\" target=\"_blank\" rel=\"noopener\"><em><strong>Est\u00e1tica<\/strong><\/em><\/a>\u00a0&#8211; <a href=\"https:\/\/sites.usp.br\/ldsv\/wp-content\/uploads\/sites\/1453\/2026\/03\/Mecanica_A_Cinematica_26.pdf\" target=\"_blank\" rel=\"noopener\"><em><strong>Cinem\u00e1tica<\/strong> <\/em><\/a>&#8211; \u00a0<a href=\"https:\/\/sites.usp.br\/ldsv\/wp-content\/uploads\/sites\/1453\/2026\/03\/Mecanica_A_Dinamica_26.pdf\" target=\"_blank\" rel=\"noopener\"><em><strong>Din\u00e2mica<\/strong><\/em><\/a><\/p>\n<p><a href=\"http:\/\/sites.poli.usp.br\/d\/pme3200\/\"><em><strong>Mec\u00e2nica II<\/strong> <\/em><\/a>&#8211; PME3200 &#8211; Material Did\u00e1tico:\u00a0 Notas de Aula &#8211; <a href=\"https:\/\/sites.usp.br\/ldsv\/wp-content\/uploads\/sites\/1453\/2026\/03\/Mecanica_B_Revisao_Estat_Cinematica_26.pdf\" target=\"_blank\" rel=\"noopener\"><em><strong>Revis\u00e3o de Est\u00e1tica e Cinem\u00e1tica<\/strong><\/em><\/a>;\u00a0 <a href=\"https:\/\/sites.usp.br\/ldsv\/wp-content\/uploads\/sites\/1453\/2026\/03\/Mecanica_B_Revisao_Dinamica_26.pdf\" target=\"_blank\" rel=\"noopener\"><em><strong>Revis\u00e3o de Din\u00e2mica<\/strong><\/em><\/a> &#8211;\u00a0 \u00a0<a href=\"https:\/\/sites.usp.br\/ldsv\/wp-content\/uploads\/sites\/1453\/2026\/03\/Colisao_A_25.pdf\" target=\"_blank\" rel=\"noopener\"><em><strong>Colis\u00e3o A<\/strong><\/em><\/a>;\u00a0 \u00a0<a href=\"https:\/\/sites.usp.br\/ldsv\/wp-content\/uploads\/sites\/1453\/2026\/03\/Colisao_B_25.pdf\" target=\"_blank\" rel=\"noopener\"><em><strong>Colis\u00e3o B<\/strong><\/em><\/a>;\u00a0 \u00a0<a href=\"https:\/\/sites.usp.br\/ldsv\/wp-content\/uploads\/sites\/1453\/2026\/03\/Colisao_C_25.pdf\" target=\"_blank\" rel=\"noopener\"><em><strong>Colis\u00e3o C<\/strong><\/em><\/a>;\u00a0 <strong><em><a href=\"https:\/\/sites.usp.br\/ldsv\/wp-content\/uploads\/sites\/1453\/2026\/03\/PTV_Teoria_25.pdf\" target=\"_blank\" rel=\"noopener\">PTV\u00a0<\/a><\/em><\/strong>; \u00a0\u00a0 <a href=\"https:\/\/sites.usp.br\/ldsv\/wp-content\/uploads\/sites\/1453\/2026\/03\/Mecanica_Analitica_Parte1_26.pdf\" target=\"_blank\" rel=\"noopener\"><em><strong>Mec\u00e2nica Anal\u00edtica (Parte I)<\/strong><\/em><\/a> ;\u00a0 \u00a0<a href=\"https:\/\/sites.usp.br\/ldsv\/wp-content\/uploads\/sites\/1453\/2026\/03\/Mecanica_Analitica_Parte2_26.pdf\" target=\"_blank\" rel=\"noopener\"><em><strong>Mecanica Anal\u00edtica (Parte 2)<\/strong><\/em><\/a><\/p>\n<p><a href=\"http:\/\/sites.poli.usp.br\/d\/pme3403\/\"><em><strong>Laborat\u00f3rio de Vibra\u00e7\u00f5es e Controle<\/strong><\/em><\/a> &#8211; PME3403<\/p>\n<p><a href=\"http:\/\/sites.poli.usp.br\/d\/PME3540\/\"><em><strong>Engenharia Automotiva I<\/strong><\/em><\/a> &#8211; PME3540 &#8211; Material Did\u00e1tico:\u00a0 <a href=\"https:\/\/sites.usp.br\/ldsv\/automotivo\/bicicleta\/\"><em><strong>Notas de Aula<\/strong><\/em><\/a><\/p>\n<p>&nbsp;<\/p>\n<p>Existem ferramentas de c\u00e1lculo de interesse em outras disciplinas:<\/p>\n<p><a href=\"https:\/\/youtu.be\/YvbMICRHt7w?list=PLIEzh1OveCVczEZAjhVIVd7Qs-X8ILgnI\" target=\"_blank\" rel=\"noopener\"><em><strong>\u00c1lgebra Linear<\/strong><\/em><\/a><\/p>\n<p><a href=\"https:\/\/youtu.be\/8mBTfk7s63s?list=PLAudUnJeNg4ugGUJo52dtgFZ_tCm1Ds5W\" target=\"_blank\" rel=\"noopener\"><em><strong>C\u00e1lculo Diferencial e Integral<\/strong><\/em><\/a><\/p>\n<p><a href=\"https:\/\/youtu.be\/d6v0nQbCHf8?list=PLAudUnJeNg4ugGUJo52dtgFZ_tCm1Ds5W\" target=\"_blank\" rel=\"noopener\"><em><strong>Flu\u00eddo Din\u00e2mica<\/strong><\/em><\/a><\/p>\n","protected":false},"excerpt":{"rendered":"<p>&nbsp; As disciplinas de gradua\u00e7\u00e3o ministradas no Departamento de Engenharia Mec\u00e2nica\u00a0 (POLI) pelos professores do laborat\u00f3rio s\u00e3o: Mec\u00e2nica I &#8211; PME3100 &#8211; Material Did\u00e1tico:\u00a0 Notas de Aula &#8211; Est\u00e1tica\u00a0&#8211; Cinem\u00e1tica &#8211; \u00a0Din\u00e2mica Mec\u00e2nica II &#8211; PME3200 &#8211; Material Did\u00e1tico:\u00a0 Notas de Aula &#8211; Revis\u00e3o de Est\u00e1tica e Cinem\u00e1tica;\u00a0 Revis\u00e3o de Din\u00e2mica &#8211;\u00a0 \u00a0Colis\u00e3o A;\u00a0 \u00a0Colis\u00e3o [&hellip;]<\/p>\n","protected":false},"author":24004,"featured_media":0,"parent":665,"menu_order":0,"comment_status":"closed","ping_status":"closed","template":"","meta":{"footnotes":"","_links_to":"","_links_to_target":""},"class_list":["post-1787","page","type-page","status-publish","hentry"],"_links":{"self":[{"href":"https:\/\/sites.usp.br\/ldsv\/wp-json\/wp\/v2\/pages\/1787","targetHints":{"allow":["GET"]}}],"collection":[{"href":"https:\/\/sites.usp.br\/ldsv\/wp-json\/wp\/v2\/pages"}],"about":[{"href":"https:\/\/sites.usp.br\/ldsv\/wp-json\/wp\/v2\/types\/page"}],"author":[{"embeddable":true,"href":"https:\/\/sites.usp.br\/ldsv\/wp-json\/wp\/v2\/users\/24004"}],"replies":[{"embeddable":true,"href":"https:\/\/sites.usp.br\/ldsv\/wp-json\/wp\/v2\/comments?post=1787"}],"version-history":[{"count":5,"href":"https:\/\/sites.usp.br\/ldsv\/wp-json\/wp\/v2\/pages\/1787\/revisions"}],"predecessor-version":[{"id":3093,"href":"https:\/\/sites.usp.br\/ldsv\/wp-json\/wp\/v2\/pages\/1787\/revisions\/3093"}],"up":[{"embeddable":true,"href":"https:\/\/sites.usp.br\/ldsv\/wp-json\/wp\/v2\/pages\/665"}],"wp:attachment":[{"href":"https:\/\/sites.usp.br\/ldsv\/wp-json\/wp\/v2\/media?parent=1787"}],"curies":[{"name":"wp","href":"https:\/\/api.w.org\/{rel}","templated":true}]}}