{"id":209,"date":"2024-06-11T19:13:52","date_gmt":"2024-06-11T21:13:52","guid":{"rendered":"https:\/\/sites.usp.br\/ldsv\/?page_id=209"},"modified":"2024-09-19T12:24:25","modified_gmt":"2024-09-19T14:24:25","slug":"metodos-numericos","status":"publish","type":"page","link":"https:\/\/sites.usp.br\/ldsv\/pagina-2\/metodos-numericos\/","title":{"rendered":"M\u00e9todos Num\u00e9ricos"},"content":{"rendered":"<div align=\"justify\">\n<p>A din\u00e2mica de um sistema mec\u00e2nico em geral \u00e9 descrita por um conjunto de equa\u00e7\u00f5es <a href=\"https:\/\/www.youtube.com\/watch?v=5UqNZZx8e_A\"><em><strong>diferenciais<\/strong><\/em><\/a>e alg\u00e9bricas. <a href=\"https:\/\/www.khanacademy.org\/math\/ap-calculus-ab\/ab-differential-equations-new\/ab-7-1\/v\/differential-equation-introduction\"><strong><em>Diferenciais<\/em><\/strong><\/a>\u00a0devido ao fato da exist\u00eancia de in\u00e9rcias cujo movimento \u00e9 descrito por termos variantes de primeira e segunda ordem das coordenadas que descrevem o movimento do corpo no espa\u00e7o. <a href=\"https:\/\/www.khanacademy.org\/math\/algebra\/x2f8bb11595b61c86:systems-of-equations\/x2f8bb11595b61c86:number-of-solutions-to-systems-of-equations\/v\/examples-algebraically-analyzing-solutions-to-systems\"><em><strong>Alg\u00e9bricas<\/strong><\/em><\/a>\u00a0devido a exist\u00eancia de v\u00ednculos que restringem o movimento relativo entre corpos. Desta forma a solu\u00e7\u00e3o das equa\u00e7\u00f5es diferenciais e alg\u00e9bricas de um sistema mec\u00e2nico pode ser obtida de forma anal\u00edtica para sistemas lineares que nem sempre s\u00e3o poss\u00edveis para sistemas n\u00e3o lineares. Um dos m\u00e9todos utilizados para o tratamento destes sistemas \u00e9 o recurso de <a href=\"https:\/\/www.youtube.com\/watch?v=g_NzNIL_0FE&amp;list=PLbYOkEbzW9033q4c1v_n2LxyWna9tE_yf\"><em><strong>integra\u00e7\u00e3o num\u00e9rica<\/strong><\/em><\/a>. Existem diversos programas num\u00e9ricos que operam em linguagem de alto n\u00edvel <em>(<a href=\"https:\/\/octave.org\/\"><strong>Octave<\/strong><\/a>, <a href=\"https:\/\/www.mathworks.com\/products\/matlab.html\"><strong>Matlab<\/strong><\/a>, <a href=\"https:\/\/www.scilab.org\/\"><strong>Scilab<\/strong><\/a>, <a href=\"https:\/\/www.python.org\/\"><strong>Python<\/strong><\/a>,<\/em> etc.) e possuem recursos espec\u00edficos para a tarefa de <a href=\"https:\/\/youtu.be\/bjMftfFEsoA?list=PLbYOkEbzW9033q4c1v_n2LxyWna9tE_yf\"><em><strong>integra\u00e7\u00e3o<\/strong> <\/em><\/a>num\u00e9rica. Podem ser programados em linhas de comando ou atrav\u00e9s de diagrama de blocos <em>(<a href=\"https:\/\/www.mathworks.com\/products\/simulink.html\"><strong>simulink<\/strong><\/a>,<\/em> <a href=\"https:\/\/www.scilab.org\/software\/xcos\"><strong>scicos<\/strong><\/a><em>).<\/em> Em geral o m\u00e9todo utilizado para a integra\u00e7\u00e3o num\u00e9rica \u00e9 selecion\u00e1vel um fun\u00e7\u00e3o das caracter\u00edsticas do sistema em estudo (<em>Euler<\/em>, <em>Range-Kutta<\/em>, <em>Adams-Basfort,<\/em> etc.) com passo de integra\u00e7\u00e3o que pode ser vari\u00e1vel. Para mais informa\u00e7\u00f5es sobre integra\u00e7\u00e3o num\u00e9rica consulte os textos disponibilizados na disciplina de Mec\u00e2nica II:<\/p>\n<p>Integra\u00e7\u00e3o Num\u00e9rica &#8211; Tutorial do Programa <a href=\"https:\/\/sites.usp.br\/ldsv\/wp-content\/uploads\/sites\/1453\/2024\/07\/Tutorial_Python_LDSV.pdf\"><em><strong>Python<\/strong><\/em><\/a><\/p>\n<p>Vibra\u00e7\u00f5es e Integra\u00e7\u00e3o Num\u00e9rica &#8211; Tutorial do Programa <a href=\"https:\/\/sites.usp.br\/ldsv\/wp-content\/uploads\/sites\/1453\/2024\/07\/ModSistMec_PME2341.pdf\"><strong><em>Octave\/Matlab<\/em><\/strong><\/a><\/p>\n<p>Integra\u00e7\u00e3o Num\u00e9rica &#8211; Tutorial do Programa Scilab &#8211; <a href=\"https:\/\/sites.usp.br\/ldsv\/wp-content\/uploads\/sites\/1453\/2024\/07\/Tutorial_Scicos.pdf\"><em><strong>Scicos<\/strong><\/em><\/a> (PME-3200)<\/p>\n<p>Fun\u00e7\u00f5es de transfer\u00eancia (<a href=\"https:\/\/youtu.be\/2Xl7--Df3g8\"><strong><em>TF<\/em><\/strong><\/a>), resposta impulsiva (<a href=\"https:\/\/youtu.be\/USH75nuHV6w\"><em><strong>Step Response<\/strong><\/em><\/a>) e transforma\u00e7\u00f5es de dom\u00ednio (<a href=\"https:\/\/youtu.be\/7UvtU75NXTg\"><em><strong>Laplace<\/strong><\/em><\/a>, <a href=\"https:\/\/youtu.be\/jNC0jxb0OxE?list=PLMrJAkhIeNNT_Xh3Oy0Y4LTj0Oxo8GqsC\"><em><strong>Fourier<\/strong><\/em><\/a>, <a href=\"https:\/\/youtu.be\/jnxqHcObNK4\"><em><strong>Wavelet<\/strong><\/em><\/a>, <a href=\"https:\/\/youtu.be\/nbBvuuNVfco\"><em><strong>Singular Value Decomposition<\/strong><\/em><\/a> (SVD), etc.) s\u00e3o recursos num\u00e9ricos relevantes.<\/p>\n<p>A seguir s\u00e3o apresentados alguns dos ambientes de programa\u00e7\u00e3o num\u00e9rica:<\/p>\n<h3><em><a href=\"https:\/\/octave.org\/\">OCTAVE<\/a><\/em><\/h3>\n<p>Um dos programas utilizados pelas equipes do LDSV \u00e9 o <a href=\"https:\/\/octave.org\/\"><em><strong>Octave<\/strong><\/em><\/a>. Possui linguagem de programa\u00e7\u00e3o de alto n\u00edvel e bastante adequado a aplica\u00e7\u00f5es de engenharia. Este software possui uma vasta biblioteca num\u00e9rica e atende em geral as demandas de estudos de din\u00e2mica. Em geral os aplicativos (toolbox) mais utilizados s\u00e3o:<\/p>\n<ul>\n<li>Control<\/li>\n<li>Signal<\/li>\n<\/ul>\n<h3><\/h3>\n<h3><em><a href=\"http:\/\/www.scilab.org\/\" target=\"_blank\" rel=\"noopener noreferrer\">SCILAB<\/a><\/em><\/h3>\n<p>O programa <a href=\"http:\/\/www.scilab.org\/\"><em><strong>Scilab<\/strong><\/em><\/a> \u00e9 um software livre e de c\u00f3digo aberto para computa\u00e7\u00e3o num\u00e9rica que fornece um poderoso ambiente de computa\u00e7\u00e3o para aplica\u00e7\u00f5es de engenharia e cient\u00edfica.<br \/>\nO <a href=\"http:\/\/www.scilab.org\/\"><em><strong>Scilab<\/strong><\/em><\/a> \u00e9 disponibilizado como fonte aberta sob a licen\u00e7a CeCILL (compat\u00edvel com GPL) e est\u00e1 dispon\u00edvel gratuitamente para download nas diversas plataformas.<\/p>\n<p>O <a href=\"http:\/\/www.scilab.org\/\"><em><strong>Scilab<\/strong><\/em><\/a> inclui in\u00fameras fun\u00e7\u00f5es matem\u00e1ticas. Possui uma linguagem de programa\u00e7\u00e3o de alto n\u00edvel que permite o acesso a estruturas de dados avan\u00e7adas, fun\u00e7\u00f5es gr\u00e1ficas 2-D e 3-D. Similar ao Simulink do Matlab, o Xcos \u00e9 um modelador por diagramas de blocos e simulador de sistemas din\u00e2micos h\u00edbridos de sistemas mec\u00e2nicos, circuitos hidr\u00e1ulicos, sistemas de controle, etc.<\/p>\n<p>Para refer\u00eancias consulte o manual do Scilab ou o livro: Modeling and Simulation in Scilab\/Scicos de\u00a0Stephen L. Campbell, Jean-Philippe Chancelier and Ramine Nikoukhah<br \/>\nEditora: Springer (2000) \u2013<span class=\"m_-4985896097991591427fontstyle0\">\u00a0ISBN-10: 0-387-27802-8<\/span><\/p>\n<\/div>\n<p>&nbsp;<\/p>\n<h3><em><a href=\"https:\/\/www.mathworks.com\/products\/matlab.html\">MATLAB<\/a><\/em><\/h3>\n<p>Outro programa utilizado pelas equipes do LDSV \u00e9 o <a href=\"https:\/\/www.mathworks.com\/products\/matlab.html\"><em><strong>MatLab<\/strong><\/em><\/a>. Tamb\u00e9m possui linguagem de programa\u00e7\u00e3o de alto n\u00edvel e bastante adequado a aplica\u00e7\u00f5es de engenharia. Este software possui\u00a0 bibliotecas num\u00e9ricas e atende em geral as demandas de estudos de din\u00e2mica. Em geral os aplicativos (toolbox) mais utilizados s\u00e3o:<\/p>\n<ul>\n<li>Control<\/li>\n<li>Signal<\/li>\n<li>Simulink<\/li>\n<\/ul>\n<p>&nbsp;<\/p>\n<h3><a href=\"https:\/\/www.python.org\/\"><em><strong>PYTHON<\/strong><\/em><\/a><\/h3>\n<p>Outro programa utilizados pela equipe do LDSV \u00e9 o <a href=\"https:\/\/www.python.org\/\"><em><strong>Python<\/strong><\/em><\/a>. Possui linguagem de programa\u00e7\u00e3o de alto n\u00edvel e bastante adequado a aplica\u00e7\u00f5es de engenharia. Este software possui uma vasta biblioteca num\u00e9rica e atende em geral as demandas de estudos de din\u00e2mica.<\/p>\n<p>&nbsp;<\/p>\n<div align=\"justify\">\n<h3><em><a href=\"http:\/\/www.autolev.com\/\" target=\"_blank\" rel=\"noopener noreferrer\">AUTOLEV<\/a><\/em><\/h3>\n<p>O software <a href=\"http:\/\/www.autolev.com\/\" target=\"_blank\" rel=\"noopener noreferrer\">Autolev<\/a> se utiliza da formula\u00e7\u00e3o de <em>Kane<\/em> para obten\u00e7\u00e3o das equa\u00e7\u00f5es de movimento de sistemas multicorpos. O\u00a0<a href=\"http:\/\/www.autolev.com\/\" target=\"_blank\" rel=\"noopener noreferrer\">Autolev<\/a> \u00e9 um software b\u00e1sico que auxilia pesquisadores, projetistas a estudar a din\u00e2mica de sistemas mec\u00e2nicos com diversos componentes m\u00f3veis submetidas a for\u00e7as e momentos distribu\u00eddos pelos corpos e\u00a0 v\u00ednculos.<\/p>\n<h3><a href=\"http:\/\/support.ptc.com\/support\/sdfast\/index.html\" target=\"_blank\" rel=\"noopener noreferrer\">SD-Fast<\/a><\/h3>\n<p>O software\u00a0<a href=\"http:\/\/support.ptc.com\/support\/sdfast\/index.html\" target=\"_blank\" rel=\"noopener noreferrer\">SD-Fast<\/a> tamb\u00e9m se utiliza da formula\u00e7\u00e3o de <em>Kane<\/em> para obten\u00e7\u00e3o das equa\u00e7\u00f5es de movimento de sistemas multicorpos. O\u00a0<a href=\"http:\/\/support.ptc.com\/support\/sdfast\/index.html\" target=\"_blank\" rel=\"noopener noreferrer\">SD-Fast <\/a> \u00e9 um software avan\u00e7ado com diversas bibliotecas e auxilia pesquisadores, projetistas e engenheiros a estudar a din\u00e2mica de sistemas mec\u00e2nicos com diversos componentes m\u00f3veis submetidas a for\u00e7as e momentos distribu\u00eddos pelos corpos e\u00a0 v\u00ednculos.<\/p>\n<h3><strong><em><a href=\"https:\/\/www.modelica.org\/\" target=\"_blank\" rel=\"noopener noreferrer\">MODELICA<\/a><\/em><\/strong><\/h3>\n<p><a href=\"https:\/\/www.modelica.org\/\"><em><strong>Modelica<\/strong><\/em><\/a> \u00e9 uma linguagem baseada em equa\u00e7\u00f5es orientada a objetos para modelar convenientemente sistemas f\u00edsicos complexos em v\u00e1rios dom\u00ednios, contendo, por exemplo: elementos mec\u00e2nicos, el\u00e9tricos, eletr\u00f4nicos, hidr\u00e1ulicos, t\u00e9rmo-el\u00e9trico, controle, ou subcomponentes orientados a processos. O Modelica \u00e9 um software n\u00e3o-propriet\u00e1rio (Petter Krus \u2013 Dept. of Management and Engineering \u2013 Link\u00f6ping University \u2013 Sweden). Nas Bibliotecas Modelica um grande conjunto de modelos est\u00e3o dispon\u00edveis, especialmente a biblioteca padr\u00e3o em fonte aberta, que cont\u00e9m cerca de 1.280 componentes de modelos e mais de 910 fun\u00e7\u00f5es de v\u00e1rios dom\u00ednios. Para mais informa\u00e7\u00f5es consulte: <a href=\"https:\/\/www.modelica.org\/\" target=\"_blank\" rel=\"noopener noreferrer\" data-saferedirecturl=\"https:\/\/www.google.com\/url?hl=pt-BR&amp;q=https:\/\/www.modelica.org\/&amp;source=gmail&amp;ust=1472957566892000&amp;usg=AFQjCNFIuqN4Mijq231UYu4vB6JGbzyAIA\">https:\/\/www.modelica.org\/<\/a> Veja este exemplo de modelo de sistema metro-ferrovi\u00e1rio.<\/p>\n<\/div>\n<h3><\/h3>\n<h3><a href=\"http:\/\/www.mscsoftware.com\/product\/adams\" target=\"_blank\" rel=\"noopener noreferrer\">ADAMS<\/a><\/h3>\n<p>O software <a href=\"http:\/\/www.mscsoftware.com\/product\/adams\"><strong><em>ADAMS<\/em> <\/strong><\/a>\u00e9 baseado na t\u00e9cnica de <em>Lagrange<\/em> para obten\u00e7\u00e3o das equa\u00e7\u00f5es de movimento de sistemas multicorpos. o <a href=\"http:\/\/www.mscsoftware.com\/product\/adams\"><em><strong>ADAMS<\/strong> <\/em><\/a>auxilia pesquisadores, projetistas e engenheiros a estudar a din\u00e2mica de sistemas mec\u00e2nicos com diversos componentes m\u00f3veis submetidas a for\u00e7as e momentos distribu\u00eddos pelos corpos e\u00a0 v\u00ednculos.<\/p>\n<h2>Exemplos de simula\u00e7\u00f5es num\u00e9ricas:<\/h2>\n<div align=\"center\">\n<div class=\"wp-video\">\n<div style=\"width: 604px;\" class=\"wp-video\"><video class=\"wp-video-shortcode\" id=\"video-209-1\" width=\"604\" height=\"403\" preload=\"metadata\" controls=\"controls\"><source type=\"video\/mp4\" src=\"https:\/\/sites.usp.br\/ldsv\/wp-content\/uploads\/sites\/1453\/2024\/06\/Sequence-03.mp4?_=1\" \/><a href=\"https:\/\/sites.usp.br\/ldsv\/wp-content\/uploads\/sites\/1453\/2024\/06\/Sequence-03.mp4\">https:\/\/sites.usp.br\/ldsv\/wp-content\/uploads\/sites\/1453\/2024\/06\/Sequence-03.mp4<\/a><\/video><\/div>\n<div style=\"width: 604px;\" class=\"wp-video\"><video class=\"wp-video-shortcode\" id=\"video-209-2\" width=\"604\" height=\"403\" preload=\"metadata\" controls=\"controls\"><source type=\"video\/mp4\" src=\"https:\/\/sites.usp.br\/ldsv\/wp-content\/uploads\/sites\/1453\/2024\/06\/Sequence-02.mp4?_=2\" \/><a href=\"https:\/\/sites.usp.br\/ldsv\/wp-content\/uploads\/sites\/1453\/2024\/06\/Sequence-02.mp4\">https:\/\/sites.usp.br\/ldsv\/wp-content\/uploads\/sites\/1453\/2024\/06\/Sequence-02.mp4<\/a><\/video><\/div>\n<div style=\"width: 604px;\" class=\"wp-video\"><video class=\"wp-video-shortcode\" id=\"video-209-3\" width=\"604\" height=\"403\" preload=\"metadata\" controls=\"controls\"><source type=\"video\/mp4\" src=\"https:\/\/sites.usp.br\/ldsv\/wp-content\/uploads\/sites\/1453\/2024\/06\/Sequence-01-1.mp4?_=3\" \/><a href=\"https:\/\/sites.usp.br\/ldsv\/wp-content\/uploads\/sites\/1453\/2024\/06\/Sequence-01-1.mp4\">https:\/\/sites.usp.br\/ldsv\/wp-content\/uploads\/sites\/1453\/2024\/06\/Sequence-01-1.mp4<\/a><\/video><\/div>\n<div style=\"width: 604px;\" class=\"wp-video\"><video class=\"wp-video-shortcode\" id=\"video-209-4\" width=\"604\" height=\"340\" preload=\"metadata\" controls=\"controls\"><source type=\"video\/mp4\" src=\"https:\/\/sites.usp.br\/ldsv\/wp-content\/uploads\/sites\/1453\/2024\/09\/soil-excavator-color_1.mp4?_=4\" \/><a href=\"https:\/\/sites.usp.br\/ldsv\/wp-content\/uploads\/sites\/1453\/2024\/09\/soil-excavator-color_1.mp4\">https:\/\/sites.usp.br\/ldsv\/wp-content\/uploads\/sites\/1453\/2024\/09\/soil-excavator-color_1.mp4<\/a><\/video><\/div>\n<div style=\"width: 604px;\" class=\"wp-video\"><video class=\"wp-video-shortcode\" id=\"video-209-5\" width=\"604\" height=\"403\" preload=\"metadata\" controls=\"controls\"><source type=\"video\/mp4\" src=\"https:\/\/sites.usp.br\/ldsv\/wp-content\/uploads\/sites\/1453\/2024\/06\/rocket_umbilical.mp4?_=5\" \/><a href=\"https:\/\/sites.usp.br\/ldsv\/wp-content\/uploads\/sites\/1453\/2024\/06\/rocket_umbilical.mp4\">https:\/\/sites.usp.br\/ldsv\/wp-content\/uploads\/sites\/1453\/2024\/06\/rocket_umbilical.mp4<\/a><\/video><\/div>\n<div style=\"width: 604px;\" class=\"wp-video\"><video class=\"wp-video-shortcode\" id=\"video-209-6\" width=\"604\" height=\"403\" preload=\"metadata\" controls=\"controls\"><source type=\"video\/mp4\" src=\"https:\/\/sites.usp.br\/ldsv\/wp-content\/uploads\/sites\/1453\/2024\/06\/Penduplo.mp4?_=6\" \/><a href=\"https:\/\/sites.usp.br\/ldsv\/wp-content\/uploads\/sites\/1453\/2024\/06\/Penduplo.mp4\">https:\/\/sites.usp.br\/ldsv\/wp-content\/uploads\/sites\/1453\/2024\/06\/Penduplo.mp4<\/a><\/video><\/div>\n<div style=\"width: 604px;\" class=\"wp-video\"><video class=\"wp-video-shortcode\" id=\"video-209-7\" width=\"604\" height=\"403\" preload=\"metadata\" controls=\"controls\"><source type=\"video\/mp4\" src=\"https:\/\/sites.usp.br\/ldsv\/wp-content\/uploads\/sites\/1453\/2024\/06\/Penduplo1.mp4?_=7\" \/><a href=\"https:\/\/sites.usp.br\/ldsv\/wp-content\/uploads\/sites\/1453\/2024\/06\/Penduplo1.mp4\">https:\/\/sites.usp.br\/ldsv\/wp-content\/uploads\/sites\/1453\/2024\/06\/Penduplo1.mp4<\/a><\/video><\/div>\n<div style=\"width: 604px;\" class=\"wp-video\"><video class=\"wp-video-shortcode\" id=\"video-209-8\" width=\"604\" height=\"403\" preload=\"metadata\" controls=\"controls\"><source type=\"video\/mp4\" src=\"https:\/\/sites.usp.br\/ldsv\/wp-content\/uploads\/sites\/1453\/2024\/06\/Penduplo_ORT2.mp4?_=8\" \/><a href=\"https:\/\/sites.usp.br\/ldsv\/wp-content\/uploads\/sites\/1453\/2024\/06\/Penduplo_ORT2.mp4\">https:\/\/sites.usp.br\/ldsv\/wp-content\/uploads\/sites\/1453\/2024\/06\/Penduplo_ORT2.mp4<\/a><\/video><\/div>\n<div style=\"width: 604px;\" class=\"wp-video\"><video class=\"wp-video-shortcode\" id=\"video-209-9\" width=\"604\" height=\"403\" preload=\"metadata\" controls=\"controls\"><source type=\"video\/mp4\" src=\"https:\/\/sites.usp.br\/ldsv\/wp-content\/uploads\/sites\/1453\/2024\/06\/Gyroscope_precession.mp4?_=9\" \/><a href=\"https:\/\/sites.usp.br\/ldsv\/wp-content\/uploads\/sites\/1453\/2024\/06\/Gyroscope_precession.mp4\">https:\/\/sites.usp.br\/ldsv\/wp-content\/uploads\/sites\/1453\/2024\/06\/Gyroscope_precession.mp4<\/a><\/video><\/div>\n<div style=\"width: 604px;\" class=\"wp-video\"><video class=\"wp-video-shortcode\" id=\"video-209-10\" width=\"604\" height=\"403\" preload=\"metadata\" controls=\"controls\"><source type=\"video\/mp4\" src=\"https:\/\/sites.usp.br\/ldsv\/wp-content\/uploads\/sites\/1453\/2024\/06\/simulacao7.mp4?_=10\" \/><a href=\"https:\/\/sites.usp.br\/ldsv\/wp-content\/uploads\/sites\/1453\/2024\/06\/simulacao7.mp4\">https:\/\/sites.usp.br\/ldsv\/wp-content\/uploads\/sites\/1453\/2024\/06\/simulacao7.mp4<\/a><\/video><\/div>\n<\/div>\n<div class=\"wp-video\"><\/div>\n<\/div>\n","protected":false},"excerpt":{"rendered":"<p>A din\u00e2mica de um sistema mec\u00e2nico em geral \u00e9 descrita por um conjunto de equa\u00e7\u00f5es diferenciaise alg\u00e9bricas. Diferenciais\u00a0devido ao fato da exist\u00eancia de in\u00e9rcias cujo movimento \u00e9 descrito por termos variantes de primeira e segunda ordem das coordenadas que descrevem o movimento do corpo no espa\u00e7o. Alg\u00e9bricas\u00a0devido a exist\u00eancia de v\u00ednculos que restringem o movimento [&hellip;]<\/p>\n","protected":false},"author":24004,"featured_media":0,"parent":64,"menu_order":10,"comment_status":"closed","ping_status":"closed","template":"","meta":{"footnotes":"","_links_to":"","_links_to_target":""},"class_list":["post-209","page","type-page","status-publish","hentry"],"_links":{"self":[{"href":"https:\/\/sites.usp.br\/ldsv\/wp-json\/wp\/v2\/pages\/209","targetHints":{"allow":["GET"]}}],"collection":[{"href":"https:\/\/sites.usp.br\/ldsv\/wp-json\/wp\/v2\/pages"}],"about":[{"href":"https:\/\/sites.usp.br\/ldsv\/wp-json\/wp\/v2\/types\/page"}],"author":[{"embeddable":true,"href":"https:\/\/sites.usp.br\/ldsv\/wp-json\/wp\/v2\/users\/24004"}],"replies":[{"embeddable":true,"href":"https:\/\/sites.usp.br\/ldsv\/wp-json\/wp\/v2\/comments?post=209"}],"version-history":[{"count":5,"href":"https:\/\/sites.usp.br\/ldsv\/wp-json\/wp\/v2\/pages\/209\/revisions"}],"predecessor-version":[{"id":2056,"href":"https:\/\/sites.usp.br\/ldsv\/wp-json\/wp\/v2\/pages\/209\/revisions\/2056"}],"up":[{"embeddable":true,"href":"https:\/\/sites.usp.br\/ldsv\/wp-json\/wp\/v2\/pages\/64"}],"wp:attachment":[{"href":"https:\/\/sites.usp.br\/ldsv\/wp-json\/wp\/v2\/media?parent=209"}],"curies":[{"name":"wp","href":"https:\/\/api.w.org\/{rel}","templated":true}]}}