{"id":213,"date":"2024-06-11T19:15:35","date_gmt":"2024-06-11T21:15:35","guid":{"rendered":"https:\/\/sites.usp.br\/ldsv\/?page_id=213"},"modified":"2024-06-24T13:55:29","modified_gmt":"2024-06-24T15:55:29","slug":"atividades-extra-curriculares","status":"publish","type":"page","link":"https:\/\/sites.usp.br\/ldsv\/pagina-2\/atividades-extra-curriculares\/","title":{"rendered":"Atividades Extra-Curriculares"},"content":{"rendered":"<div align='justify'>\nExistem diversas Atividades Extra-curriculares realizados no\u00a0<a href=\"http:\/\/www.mecanica-poliusp.org.br\/\" target=\"_blank\" rel=\"noopener\">Departamento do Engenharia Mec\u00e2nica (PME)<\/a>. S\u00e3o atividades ligadas a entidades cient\u00edfica e associa\u00e7\u00f5es t\u00e9cnicas com objetivos de propiciar condi\u00e7\u00f5es,para que alunos de engenharia, sob orienta\u00e7\u00e3o de seus professores, possam desenvolver projetos e constru\u00e7\u00e3o de prot\u00f3tipos segundo regras pre-estabelecidas. Estas atividades contam com provas de avalia\u00e7\u00e3o de desempenho com a participa\u00e7\u00e3o de outras universidades no pa\u00eds e no exterior.<\/p>\n<h2>Atividades Extra-curriculares\u00a0 Realizadas no Departamento do Engenharia Mec\u00e2nica<\/h2>\n<h3><a title=\"Projeto Aerodesign\" href=\"https:\/\/sites.usp.br\/ldsv\/veiculos-especiais\/projeto-aerodesign\/\">Projeto Aerodesign<\/a><\/h3>\n<h3><a title=\"Mini Baja\" href=\"https:\/\/sites.usp.br\/ldsv\/veiculos-especiais\/mini-baja\/\">Mini Baja<\/a><\/h3>\n<h3><a title=\"Projeto Milhagem\" href=\"https:\/\/sites.usp.br\/ldsv\/veiculos-especiais\/projeto-milhagem\/\">Projeto Milhagem<\/a><\/h3>\n<h3><a title=\"Projeto Formula\" href=\"https:\/\/sites.usp.br\/ldsv\/veiculos-especiais\/projeto-formula\/\">Projeto Formula<\/a><\/h3>\n<h3><a href=\"https:\/\/sites.usp.br\/ldsv\/veiculos-especiais\/projeto-aerodesign\/\" target=\"_blank\" rel=\"noopener\">Projeto Aeroespacial<\/a><\/h3>\n<h3><a href=\"https:\/\/www.facebook.com\/polinautico\/\" target=\"_blank\" rel=\"noopener\">Arquitetura Naval<\/a><\/h3>\n<h3><a href=\"http:\/\/thunderatz.org\/\" target=\"_blank\" rel=\"noopener\">Projeto de Rob\u00f3tica<\/a><\/h3>\n<\/div>\n","protected":false},"excerpt":{"rendered":"<p>Existem diversas Atividades Extra-curriculares realizados no\u00a0Departamento do Engenharia Mec\u00e2nica (PME). S\u00e3o atividades ligadas a entidades cient\u00edfica e associa\u00e7\u00f5es t\u00e9cnicas com objetivos de propiciar condi\u00e7\u00f5es,para que alunos de engenharia, sob orienta\u00e7\u00e3o de seus professores, possam desenvolver projetos e constru\u00e7\u00e3o de prot\u00f3tipos segundo regras pre-estabelecidas. Estas atividades contam com provas de avalia\u00e7\u00e3o de desempenho com a participa\u00e7\u00e3o [&hellip;]<\/p>\n","protected":false},"author":24004,"featured_media":0,"parent":64,"menu_order":12,"comment_status":"closed","ping_status":"closed","template":"","meta":{"footnotes":"","_links_to":"","_links_to_target":""},"class_list":["post-213","page","type-page","status-publish","hentry"],"_links":{"self":[{"href":"https:\/\/sites.usp.br\/ldsv\/wp-json\/wp\/v2\/pages\/213","targetHints":{"allow":["GET"]}}],"collection":[{"href":"https:\/\/sites.usp.br\/ldsv\/wp-json\/wp\/v2\/pages"}],"about":[{"href":"https:\/\/sites.usp.br\/ldsv\/wp-json\/wp\/v2\/types\/page"}],"author":[{"embeddable":true,"href":"https:\/\/sites.usp.br\/ldsv\/wp-json\/wp\/v2\/users\/24004"}],"replies":[{"embeddable":true,"href":"https:\/\/sites.usp.br\/ldsv\/wp-json\/wp\/v2\/comments?post=213"}],"version-history":[{"count":4,"href":"https:\/\/sites.usp.br\/ldsv\/wp-json\/wp\/v2\/pages\/213\/revisions"}],"predecessor-version":[{"id":1049,"href":"https:\/\/sites.usp.br\/ldsv\/wp-json\/wp\/v2\/pages\/213\/revisions\/1049"}],"up":[{"embeddable":true,"href":"https:\/\/sites.usp.br\/ldsv\/wp-json\/wp\/v2\/pages\/64"}],"wp:attachment":[{"href":"https:\/\/sites.usp.br\/ldsv\/wp-json\/wp\/v2\/media?parent=213"}],"curies":[{"name":"wp","href":"https:\/\/api.w.org\/{rel}","templated":true}]}}