{"id":217,"date":"2024-06-11T19:17:28","date_gmt":"2024-06-11T21:17:28","guid":{"rendered":"https:\/\/sites.usp.br\/ldsv\/?page_id=217"},"modified":"2024-10-07T17:51:32","modified_gmt":"2024-10-07T19:51:32","slug":"bibliografia","status":"publish","type":"page","link":"https:\/\/sites.usp.br\/ldsv\/pagina-2\/bibliografia\/","title":{"rendered":"Bibliografia"},"content":{"rendered":"<p><a href=\"https:\/\/sites.usp.br\/pme\/\" target=\"_blank\" rel=\"noopener\"><em><strong>Departamento de Engenharia Mec\u00e2nica<\/strong><\/em><\/a> (PME) da Escola Polit\u00e9cnica ( <a href=\"https:\/\/www.poli.usp.br\/departamentos\" target=\"_blank\" rel=\"noopener\"><em><strong>POLI<\/strong><\/em><\/a>) da Universidade de S\u00e3o Paulo &#8211; <a href=\"https:\/\/www5.usp.br\/\" target=\"_blank\" rel=\"noopener\"><em><strong>USP<\/strong><\/em><\/a>.<\/p>\n<h2>Bibliografia Recomendada<\/h2>\n<p>Baruh, H.\u00a0 (1999)\u00a0 <a href=\"http:\/\/buscaintegrada.usp.br\/primo_library\/libweb\/action\/display.do?tabs=detailsTab&amp;ct=display&amp;fn=search&amp;doc=usp_base01001716715&amp;indx=2&amp;recIds=usp_base01001716715&amp;recIdxs=1&amp;elementId=1&amp;renderMode=poppedOut&amp;displayMode=full&amp;frbrVersion=&amp;dscnt=1&amp;scp.scps=scope%3A%28ASSIN_USP%29%2Cscope%3A%28USP%29%2Cscope%3A%28PRUSP%29%2Cscope%3A%28EBOOKS%29%2Cscope%3A%28PRODUCAO%29%2Cscope%3A%28EREVISTAS%29%2Cscope%3A%28DEDALUS%29%2Cscope%3A%28CR-USP%29%2Cscope%3A%28PRODINTEL%29%2Cscope%3A%28BDPI%29%2Cprimo_central_multiple_fe&amp;frbg=&amp;tab=default_tab&amp;dstmp=1419040352597&amp;srt=rank&amp;mode=Basic&amp;dum=true&amp;tb=t&amp;vl(freeText0)=Analytical+Dynamics&amp;vid=USP&amp;gathStatIcon=true\" target=\"_blank\" rel=\"noopener\"><strong><em>Analytical Dynamics<\/em><\/strong><\/a><strong>.<\/strong> Editora McGraw-Hill, 718 p.\u00a0 ISBN-13 \u200f : \u200e <a href=\"https:\/\/a.co\/d\/23yLExl\" target=\"_blank\" rel=\"noopener\"><em><strong>978-0071160940<\/strong><\/em><\/a>.<\/p>\n<p>Fran\u00e7a, L. N. F.\u00a0 \u00a0Matsumura, A. Z. (2012)\u00a0 <a href=\"https:\/\/a.co\/d\/gEV9ftg\" target=\"_blank\" rel=\"noopener\"><em><strong>Mec\u00e2nica Geral<\/strong><\/em><\/a>. Editora Blucher, 3 Edi\u00e7\u00e3o, 316 p.\u00a0 ISBN-13:\u00a0 <a href=\"https:\/\/a.co\/d\/ebO5XSe\" target=\"_blank\" rel=\"noopener\"><em><strong>978-8521205784<\/strong><\/em><\/a><\/p>\n<p><a href=\"https:\/\/www.scirp.org\/journal\/detailedInforofeditorialboard?personid=4165\" target=\"_blank\" rel=\"noopener\">Singiresu<\/a> S. Rao (2011) <a href=\"https:\/\/www.amazon.com.br\/Vibra%C3%A7%C3%B5es-mec%C3%A2nicas-Singiresu-Rao\/dp\/8576052008\" target=\"_blank\" rel=\"noopener\"><em><strong>Mechanical Vibrations<\/strong><\/em><\/a>, Fifth Edition. Prentice Hall, Person . ISBN 13: <a href=\"https:\/\/a.co\/d\/jjaENYF\"><em><strong>978-0-13-212819<\/strong><\/em><\/a>.<\/p>\n<p>Ogata, K. (2010) <a href=\"https:\/\/a.co\/d\/5Fi6TWl\" target=\"_blank\" rel=\"noopener\"><em><strong>Engenharia de Controle Moderno<\/strong><\/em><\/a>. Editora \u200fPearson Universidades, 5\u00aa edi\u00e7\u00e3o. ISBN-13: \u200e <a href=\"https:\/\/a.co\/d\/5Fi6TWl\" target=\"_blank\" rel=\"noopener\">978-8576058106<\/a>.<\/p>\n<p>Ogata, K. (2003) <a href=\"https:\/\/a.co\/d\/bVjDyWc\" target=\"_blank\" rel=\"noopener\"><em><strong>System Dynamics<\/strong><\/em><\/a>. Editora \u200fPearson , 4th Edition. ISBN-13: \u200e <a href=\"https:\/\/a.co\/d\/bVjDyWc\" target=\"_blank\" rel=\"noopener\">978-0131424623<\/a><\/p>\n<p>&nbsp;<\/p>\n<h2>Revistas Internacionais Recomendadas<\/h2>\n<p>&nbsp;<\/p>\n<p><a href=\"http:\/\/www.tandfonline.com\/loi\/nvsd20#.VJKpKCvF9rU\" target=\"_blank\" rel=\"noopener\"><em><strong>Vehicle System Dynamics<\/strong><\/em><\/a> \u2013 International Journal of Vehicle Mechanics and Mobility.<\/p>\n<p><a href=\"http:\/\/pif.sagepub.com\/\" target=\"_blank\" rel=\"noopener\"><em><strong>Journal of Rail and Rapid Transit<\/strong><\/em>\u00a0<\/a>\u2013 Proceedings of the Institution of Mechanical Engineers, Part F.<\/p>\n<p><a href=\"http:\/\/www.springer.com\/engineering\/mechanical+engineering\/journal\/40430\" target=\"_blank\" rel=\"noopener\"><em><strong>Journal of the Brazilian Society of Mechanical Sciences and Engineering<\/strong><\/em><\/a> Journal of the Brazilian Society of Mechanical Sciences and Engineering focused on research, development, and design in science and technology in Mechanical Engineering.<\/p>\n<p><a href=\"http:\/\/www.springer.com\/materials\/mechanics\/journal\/11044\" target=\"_blank\" rel=\"noopener\"><em><strong>Multibody System Dynamics<\/strong><\/em><\/a> &#8211; Multibody System Dynamics focuses on theoretical and computational methods in rigid and flexible multibody systems.<\/p>\n<p>&nbsp;<\/p>\n<h3>Publica\u00e7\u00f5es<\/h3>\n<p>&nbsp;<\/p>\n<p><a href=\"http:\/\/lattes.cnpq.br\/6732555323294000\" target=\"_blank\" rel=\"noopener\"><img loading=\"lazy\" decoding=\"async\" class=\"alignleft \" src=\"https:\/\/sites.usp.br\/ldsv\/wp-content\/uploads\/sites\/1453\/2024\/10\/Lattes.jpg\" width=\"72\" height=\"46\" \/><\/a><\/p>\n<p><a href=\"http:\/\/orcid.org\/0000-0001-7353-0924\" target=\"_blank\" rel=\"noopener\"><img loading=\"lazy\" decoding=\"async\" class=\"alignnone\" src=\"https:\/\/sites.usp.br\/ldsv\/wp-content\/uploads\/sites\/1453\/2024\/10\/ORCID.jpg\" alt=\"\" width=\"37\" height=\"36\" \/><\/a>\u00a0 \u00a0 <a href=\"https:\/\/www.scopus.com\/authid\/detail.uri?authorId=7006722976\" target=\"_blank\" rel=\"noopener\"><img loading=\"lazy\" decoding=\"async\" class=\"alignnone \" src=\"https:\/\/sites.usp.br\/ldsv\/wp-content\/uploads\/sites\/1453\/2024\/10\/Scopus.jpg\" width=\"51\" height=\"58\" \/><\/a>\u00a0 \u00a0 \u00a0 <a href=\"http:\/\/scholar.google.com.br\/citations?user=sbU26S4AAAAJ&amp;hl=pt-BR\" target=\"_blank\" rel=\"noopener\"><img loading=\"lazy\" decoding=\"async\" class=\"alignnone \" src=\"https:\/\/sites.usp.br\/ldsv\/wp-content\/uploads\/sites\/1453\/2024\/10\/Google_Academic.jpg\" width=\"43\" height=\"45\" \/><\/a>\u00a0 \u00a0 \u00a0 <a href=\"https:\/\/www.webofscience.com\/wos\/author\/record\/25182\" target=\"_blank\" rel=\"noopener\"><img loading=\"lazy\" decoding=\"async\" class=\"alignnone \" src=\"https:\/\/sites.usp.br\/ldsv\/wp-content\/uploads\/sites\/1453\/2024\/10\/WEB_Science.jpg\" width=\"102\" height=\"52\" \/><\/a>\u00a0 \u00a0 <a href=\"https:\/\/www.researchgate.net\/profile\/Roberto_Barbosa2\/?ev=hdr_xprf\" target=\"_blank\" rel=\"noopener\"><img loading=\"lazy\" decoding=\"async\" class=\"alignnone \" src=\"https:\/\/sites.usp.br\/ldsv\/wp-content\/uploads\/sites\/1453\/2024\/10\/ResearchGate.jpg\" width=\"109\" height=\"26\" \/><\/a><\/p>\n<h3><\/h3>\n<h3><\/h3>\n","protected":false},"excerpt":{"rendered":"<p>Departamento de Engenharia Mec\u00e2nica (PME) da Escola Polit\u00e9cnica ( POLI) da Universidade de S\u00e3o Paulo &#8211; USP. Bibliografia Recomendada Baruh, H.\u00a0 (1999)\u00a0 Analytical Dynamics. Editora McGraw-Hill, 718 p.\u00a0 ISBN-13 \u200f : \u200e 978-0071160940. Fran\u00e7a, L. N. F.\u00a0 \u00a0Matsumura, A. Z. (2012)\u00a0 Mec\u00e2nica Geral. Editora Blucher, 3 Edi\u00e7\u00e3o, 316 p.\u00a0 ISBN-13:\u00a0 978-8521205784 Singiresu S. Rao (2011) [&hellip;]<\/p>\n","protected":false},"author":24004,"featured_media":0,"parent":64,"menu_order":14,"comment_status":"closed","ping_status":"closed","template":"","meta":{"footnotes":"","_links_to":"","_links_to_target":""},"class_list":["post-217","page","type-page","status-publish","hentry"],"_links":{"self":[{"href":"https:\/\/sites.usp.br\/ldsv\/wp-json\/wp\/v2\/pages\/217","targetHints":{"allow":["GET"]}}],"collection":[{"href":"https:\/\/sites.usp.br\/ldsv\/wp-json\/wp\/v2\/pages"}],"about":[{"href":"https:\/\/sites.usp.br\/ldsv\/wp-json\/wp\/v2\/types\/page"}],"author":[{"embeddable":true,"href":"https:\/\/sites.usp.br\/ldsv\/wp-json\/wp\/v2\/users\/24004"}],"replies":[{"embeddable":true,"href":"https:\/\/sites.usp.br\/ldsv\/wp-json\/wp\/v2\/comments?post=217"}],"version-history":[{"count":5,"href":"https:\/\/sites.usp.br\/ldsv\/wp-json\/wp\/v2\/pages\/217\/revisions"}],"predecessor-version":[{"id":2356,"href":"https:\/\/sites.usp.br\/ldsv\/wp-json\/wp\/v2\/pages\/217\/revisions\/2356"}],"up":[{"embeddable":true,"href":"https:\/\/sites.usp.br\/ldsv\/wp-json\/wp\/v2\/pages\/64"}],"wp:attachment":[{"href":"https:\/\/sites.usp.br\/ldsv\/wp-json\/wp\/v2\/media?parent=217"}],"curies":[{"name":"wp","href":"https:\/\/api.w.org\/{rel}","templated":true}]}}