{"id":239,"date":"2024-06-11T19:26:11","date_gmt":"2024-06-11T21:26:11","guid":{"rendered":"https:\/\/sites.usp.br\/ldsv\/?page_id=239"},"modified":"2024-08-23T17:53:27","modified_gmt":"2024-08-23T19:53:27","slug":"instituicoes-parceiras","status":"publish","type":"page","link":"https:\/\/sites.usp.br\/ldsv\/metroferroviario\/instituicoes-parceiras\/","title":{"rendered":"Institui\u00e7\u00f5es Parceiras"},"content":{"rendered":"<p>Al\u00e9m da USP outras institui\u00e7\u00f5es parceiras atuam na \u00e1rea Metroferrovi\u00e1ria.<\/p>\n<p>Seguem indica\u00e7\u00f5es de outras institui\u00e7\u00f5es nacionais:<\/p>\n<p><a href=\"http:\/\/www.ipt.br\/solucoes\/105.htm\" target=\"_blank\" rel=\"noopener\">IPT<\/a><\/p>\n<p><a href=\"http:\/\/www.fem.unicamp.br\/~lafer\/lafer.htm\" target=\"_blank\" rel=\"noopener\">UNICAMP<\/a><\/p>\n<p><a href=\"http:\/\/transportes.ime.eb.br\/etfc\/\" target=\"_blank\" rel=\"noopener\">IME<\/a><\/p>\n<p>Seguem indica\u00e7\u00f5es de outras institui\u00e7\u00f5es internacionais:<\/p>\n<p><a href=\"https:\/\/sigarra.up.pt\/feup\/pt\/web_page.inicial\"><em><strong>Faculdade de Engenharia<\/strong><\/em><\/a> da <a href=\"https:\/\/www.up.pt\/portal\/pt\/\"><em><strong>Universidade do Porto<\/strong><\/em><\/a> (<a href=\"https:\/\/sigarra.up.pt\/feup\/pt\/func_geral.formview?p_codigo=234095\">Rui Cal\u00e7ada<\/a> &#8211; <a href=\"http:\/\/orcid.org\/0000-0002-2375-7685\">Orcid<\/a>)<\/p>\n<p><em><strong><a href=\"https:\/\/france-science.com\/inrets\/\">INRETS<\/a><\/strong><\/em><\/p>\n<p><a href=\"https:\/\/en.wikipedia.org\/wiki\/British_Rail_Research_Division\"><em><strong>British Railway Technical Center<\/strong><\/em><\/a> &#8211; <a href=\"https:\/\/en.wikipedia.org\/wiki\/Railway_Technical_Centre\">Derby<\/a><\/p>\n<p><a href=\"https:\/\/www.unibs.it\/en\"><em><strong>Universita di Brescia<\/strong><\/em><\/a> &#8211; <a href=\"https:\/\/www.unibs.it\/it\/ateneo\/organizzazione\/dipartimenti\/ingegneria-meccanica-e-industriale-dimi\">Dipartimento di Ingegneria Meccanica e Industriale<\/a> (Gadola)<\/p>\n","protected":false},"excerpt":{"rendered":"<p>Al\u00e9m da USP outras institui\u00e7\u00f5es parceiras atuam na \u00e1rea Metroferrovi\u00e1ria. Seguem indica\u00e7\u00f5es de outras institui\u00e7\u00f5es nacionais: IPT UNICAMP IME Seguem indica\u00e7\u00f5es de outras institui\u00e7\u00f5es internacionais: Faculdade de Engenharia da Universidade do Porto (Rui Cal\u00e7ada &#8211; Orcid) INRETS British Railway Technical Center &#8211; Derby Universita di Brescia &#8211; Dipartimento di Ingegneria Meccanica e Industriale (Gadola)<\/p>\n","protected":false},"author":24004,"featured_media":0,"parent":138,"menu_order":11,"comment_status":"closed","ping_status":"closed","template":"","meta":{"footnotes":"","_links_to":"","_links_to_target":""},"class_list":["post-239","page","type-page","status-publish","hentry"],"_links":{"self":[{"href":"https:\/\/sites.usp.br\/ldsv\/wp-json\/wp\/v2\/pages\/239","targetHints":{"allow":["GET"]}}],"collection":[{"href":"https:\/\/sites.usp.br\/ldsv\/wp-json\/wp\/v2\/pages"}],"about":[{"href":"https:\/\/sites.usp.br\/ldsv\/wp-json\/wp\/v2\/types\/page"}],"author":[{"embeddable":true,"href":"https:\/\/sites.usp.br\/ldsv\/wp-json\/wp\/v2\/users\/24004"}],"replies":[{"embeddable":true,"href":"https:\/\/sites.usp.br\/ldsv\/wp-json\/wp\/v2\/comments?post=239"}],"version-history":[{"count":4,"href":"https:\/\/sites.usp.br\/ldsv\/wp-json\/wp\/v2\/pages\/239\/revisions"}],"predecessor-version":[{"id":1705,"href":"https:\/\/sites.usp.br\/ldsv\/wp-json\/wp\/v2\/pages\/239\/revisions\/1705"}],"up":[{"embeddable":true,"href":"https:\/\/sites.usp.br\/ldsv\/wp-json\/wp\/v2\/pages\/138"}],"wp:attachment":[{"href":"https:\/\/sites.usp.br\/ldsv\/wp-json\/wp\/v2\/media?parent=239"}],"curies":[{"name":"wp","href":"https:\/\/api.w.org\/{rel}","templated":true}]}}