{"id":241,"date":"2024-06-11T19:26:38","date_gmt":"2024-06-11T21:26:38","guid":{"rendered":"https:\/\/sites.usp.br\/ldsv\/?page_id=241"},"modified":"2024-06-23T12:52:16","modified_gmt":"2024-06-23T14:52:16","slug":"formacao","status":"publish","type":"page","link":"https:\/\/sites.usp.br\/ldsv\/metroferroviario\/formacao\/","title":{"rendered":"Forma\u00e7\u00e3o"},"content":{"rendered":"<p>Se voc\u00ea pretende complementar sua forma\u00e7\u00e3o na \u00e1rea Metro-ferrovi\u00e1ria verifique os cursos de:<\/p>\n<p><a href=\"http:\/\/www.pecepoli.com.br\/PT\/\" target=\"_blank\" rel=\"noopener\">Especializa\u00e7\u00e3o<\/a><br \/>\n<a href=\"http:\/\/www.pecepoli.com.br\/PT\/VIS\/\" target=\"_blank\" rel=\"noopener\">Master of Bisiness Administration \u2013 MBA<\/a><br \/>\n<a href=\"http:\/\/www.pecepoli.com.br\/PT\/TMF\/\" target=\"_blank\" rel=\"noopener\">P\u00f3s-gradua\u00e7\u00e3o Lato Senso<\/a><br \/>\n<a href=\"http:\/\/ppgem.poli.usp.br\/principal\" target=\"_blank\" rel=\"noopener\">P\u00f3s gradua\u00e7\u00e3o<\/a><\/p>\n<p>Para mais informa\u00e7\u00f5es consulte os\u00a0<a title=\"Professores\" href=\"http:\/\/www.usp.br\/ldsv\/?page_id=45\">Professores<\/a>\u00a0ou entre em\u00a0<a title=\"Telefone \/ Endere\u00e7o\" href=\"http:\/\/www.usp.br\/ldsv\/?page_id=23\">contato<\/a>.<\/p>\n","protected":false},"excerpt":{"rendered":"<p>Se voc\u00ea pretende complementar sua forma\u00e7\u00e3o na \u00e1rea Metro-ferrovi\u00e1ria verifique os cursos de: Especializa\u00e7\u00e3o Master of Bisiness Administration \u2013 MBA P\u00f3s-gradua\u00e7\u00e3o Lato Senso P\u00f3s gradua\u00e7\u00e3o Para mais informa\u00e7\u00f5es consulte os\u00a0Professores\u00a0ou entre em\u00a0contato.<\/p>\n","protected":false},"author":24004,"featured_media":0,"parent":138,"menu_order":12,"comment_status":"closed","ping_status":"closed","template":"","meta":{"footnotes":"","_links_to":"","_links_to_target":""},"class_list":["post-241","page","type-page","status-publish","hentry"],"_links":{"self":[{"href":"https:\/\/sites.usp.br\/ldsv\/wp-json\/wp\/v2\/pages\/241","targetHints":{"allow":["GET"]}}],"collection":[{"href":"https:\/\/sites.usp.br\/ldsv\/wp-json\/wp\/v2\/pages"}],"about":[{"href":"https:\/\/sites.usp.br\/ldsv\/wp-json\/wp\/v2\/types\/page"}],"author":[{"embeddable":true,"href":"https:\/\/sites.usp.br\/ldsv\/wp-json\/wp\/v2\/users\/24004"}],"replies":[{"embeddable":true,"href":"https:\/\/sites.usp.br\/ldsv\/wp-json\/wp\/v2\/comments?post=241"}],"version-history":[{"count":2,"href":"https:\/\/sites.usp.br\/ldsv\/wp-json\/wp\/v2\/pages\/241\/revisions"}],"predecessor-version":[{"id":647,"href":"https:\/\/sites.usp.br\/ldsv\/wp-json\/wp\/v2\/pages\/241\/revisions\/647"}],"up":[{"embeddable":true,"href":"https:\/\/sites.usp.br\/ldsv\/wp-json\/wp\/v2\/pages\/138"}],"wp:attachment":[{"href":"https:\/\/sites.usp.br\/ldsv\/wp-json\/wp\/v2\/media?parent=241"}],"curies":[{"name":"wp","href":"https:\/\/api.w.org\/{rel}","templated":true}]}}