{"id":2554,"date":"2024-11-13T09:42:53","date_gmt":"2024-11-13T11:42:53","guid":{"rendered":"https:\/\/sites.usp.br\/ldsv\/?page_id=2554"},"modified":"2024-11-27T17:28:38","modified_gmt":"2024-11-27T19:28:38","slug":"pulo-do-gato","status":"publish","type":"page","link":"https:\/\/sites.usp.br\/ldsv\/pulo-do-gato\/","title":{"rendered":"Pulo do Gato"},"content":{"rendered":"<p>Como os felinos em queda livre conseguem cair sempre de p\u00e9?<\/p>\n<p>Efeitos girosc\u00f3picos s\u00e3o produzidos devido a rota\u00e7\u00e3o relativa entre partes do tronco do felino, com os membros contra\u00eddos\/distendidos, como pode ser apreciado nos v\u00eddeos a seguir:<\/p>\n<p>V\u00eddeo de felino em queda livre\u00a0 (<a href=\"https:\/\/youtu.be\/sepYP_knGWc\" target=\"_blank\" rel=\"noopener\"><em><strong>How do cats always land on their feet<\/strong><\/em><\/a>? &#8211; Fonte <em>BBC<\/em>).<\/p>\n<p>&nbsp;<\/p>\n<div style=\"width: 604px;\" class=\"wp-video\"><video class=\"wp-video-shortcode\" id=\"video-2554-1\" width=\"604\" height=\"340\" preload=\"metadata\" controls=\"controls\"><source type=\"video\/mp4\" src=\"https:\/\/sites.usp.br\/ldsv\/wp-content\/uploads\/sites\/1453\/2024\/10\/How-do-cats-always-land-on-their-feet-Life-in-the-Air-Episode-1-Preview-BBC-One.mp4?_=1\" \/><a href=\"https:\/\/sites.usp.br\/ldsv\/wp-content\/uploads\/sites\/1453\/2024\/10\/How-do-cats-always-land-on-their-feet-Life-in-the-Air-Episode-1-Preview-BBC-One.mp4\">https:\/\/sites.usp.br\/ldsv\/wp-content\/uploads\/sites\/1453\/2024\/10\/How-do-cats-always-land-on-their-feet-Life-in-the-Air-Episode-1-Preview-BBC-One.mp4<\/a><\/video><\/div>\n<p>&nbsp;<\/p>\n<p>&nbsp;<\/p>\n<p>V\u00eddeo de gato em queda livre (<a href=\"https:\/\/youtu.be\/RtWbpyjJqrU?t=213\" target=\"_blank\" rel=\"noopener\"><em><strong>Slow Motion Flipping Cat Physics | Smarter Every Day 58<\/strong><\/em><\/a>)<\/p>\n<div style=\"width: 604px;\" class=\"wp-video\"><video class=\"wp-video-shortcode\" id=\"video-2554-2\" width=\"604\" height=\"340\" preload=\"metadata\" controls=\"controls\"><source type=\"video\/mp4\" src=\"https:\/\/sites.usp.br\/ldsv\/wp-content\/uploads\/sites\/1453\/2024\/11\/Slow-Motion-Flipping-Cat-Physics_SmarterEveryDay.mp4?_=2\" \/><a href=\"https:\/\/sites.usp.br\/ldsv\/wp-content\/uploads\/sites\/1453\/2024\/11\/Slow-Motion-Flipping-Cat-Physics_SmarterEveryDay.mp4\">https:\/\/sites.usp.br\/ldsv\/wp-content\/uploads\/sites\/1453\/2024\/11\/Slow-Motion-Flipping-Cat-Physics_SmarterEveryDay.mp4<\/a><\/video><\/div>\n","protected":false},"excerpt":{"rendered":"<p>Como os felinos em queda livre conseguem cair sempre de p\u00e9? Efeitos girosc\u00f3picos s\u00e3o produzidos devido a rota\u00e7\u00e3o relativa entre partes do tronco do felino, com os membros contra\u00eddos\/distendidos, como pode ser apreciado nos v\u00eddeos a seguir: V\u00eddeo de felino em queda livre\u00a0 (How do cats always land on their feet? &#8211; Fonte BBC). &nbsp; [&hellip;]<\/p>\n","protected":false},"author":24004,"featured_media":0,"parent":0,"menu_order":0,"comment_status":"closed","ping_status":"closed","template":"","meta":{"footnotes":"","_links_to":"","_links_to_target":""},"class_list":["post-2554","page","type-page","status-publish","hentry"],"_links":{"self":[{"href":"https:\/\/sites.usp.br\/ldsv\/wp-json\/wp\/v2\/pages\/2554","targetHints":{"allow":["GET"]}}],"collection":[{"href":"https:\/\/sites.usp.br\/ldsv\/wp-json\/wp\/v2\/pages"}],"about":[{"href":"https:\/\/sites.usp.br\/ldsv\/wp-json\/wp\/v2\/types\/page"}],"author":[{"embeddable":true,"href":"https:\/\/sites.usp.br\/ldsv\/wp-json\/wp\/v2\/users\/24004"}],"replies":[{"embeddable":true,"href":"https:\/\/sites.usp.br\/ldsv\/wp-json\/wp\/v2\/comments?post=2554"}],"version-history":[{"count":5,"href":"https:\/\/sites.usp.br\/ldsv\/wp-json\/wp\/v2\/pages\/2554\/revisions"}],"predecessor-version":[{"id":2652,"href":"https:\/\/sites.usp.br\/ldsv\/wp-json\/wp\/v2\/pages\/2554\/revisions\/2652"}],"wp:attachment":[{"href":"https:\/\/sites.usp.br\/ldsv\/wp-json\/wp\/v2\/media?parent=2554"}],"curies":[{"name":"wp","href":"https:\/\/api.w.org\/{rel}","templated":true}]}}