{"id":2579,"date":"2024-11-18T10:27:54","date_gmt":"2024-11-18T12:27:54","guid":{"rendered":"https:\/\/sites.usp.br\/ldsv\/?page_id=2579"},"modified":"2026-05-05T14:54:56","modified_gmt":"2026-05-05T16:54:56","slug":"curiosidades","status":"publish","type":"page","link":"https:\/\/sites.usp.br\/ldsv\/curiosidades\/","title":{"rendered":"Curiosidades"},"content":{"rendered":"<p>Veja algumas curiosidades de comportamento din\u00e2mico de sistemas mec\u00e2nicos:<\/p>\n<p>&nbsp;<\/p>\n<div style=\"width: 604px;\" class=\"wp-video\"><video class=\"wp-video-shortcode\" id=\"video-2579-1\" width=\"604\" height=\"340\" preload=\"metadata\" controls=\"controls\"><source type=\"video\/mp4\" src=\"https:\/\/sites.usp.br\/ldsv\/wp-content\/uploads\/sites\/1453\/2024\/11\/MolaQuedaLivre_2.mp4?_=1\" \/><a href=\"https:\/\/sites.usp.br\/ldsv\/wp-content\/uploads\/sites\/1453\/2024\/11\/MolaQuedaLivre_2.mp4\">https:\/\/sites.usp.br\/ldsv\/wp-content\/uploads\/sites\/1453\/2024\/11\/MolaQuedaLivre_2.mp4<\/a><\/video><\/div>\n<p>(Fonte: v\u00eddeo dispon\u00edvel na internet)<\/p>\n<p>&nbsp;<\/p>\n<div style=\"width: 360px;\" class=\"wp-video\"><video class=\"wp-video-shortcode\" id=\"video-2579-2\" width=\"360\" height=\"640\" preload=\"metadata\" controls=\"controls\"><source type=\"video\/mp4\" src=\"https:\/\/sites.usp.br\/ldsv\/wp-content\/uploads\/sites\/1453\/2026\/03\/corrente_em_queda.mp4?_=2\" \/><a href=\"https:\/\/sites.usp.br\/ldsv\/wp-content\/uploads\/sites\/1453\/2026\/03\/corrente_em_queda.mp4\">https:\/\/sites.usp.br\/ldsv\/wp-content\/uploads\/sites\/1453\/2026\/03\/corrente_em_queda.mp4<\/a><\/video><\/div>\n<p>(Fonte: v\u00eddeo dispon\u00edvel na internet)<\/p>\n<p>&nbsp;<\/p>\n<div style=\"width: 604px;\" class=\"wp-video\"><video class=\"wp-video-shortcode\" id=\"video-2579-3\" width=\"604\" height=\"340\" preload=\"metadata\" controls=\"controls\"><source type=\"video\/mp4\" src=\"https:\/\/sites.usp.br\/ldsv\/wp-content\/uploads\/sites\/1453\/2024\/11\/Mola_Queda_Livre.mp4?_=3\" \/><a href=\"https:\/\/sites.usp.br\/ldsv\/wp-content\/uploads\/sites\/1453\/2024\/11\/Mola_Queda_Livre.mp4\">https:\/\/sites.usp.br\/ldsv\/wp-content\/uploads\/sites\/1453\/2024\/11\/Mola_Queda_Livre.mp4<\/a><\/video><\/div>\n<p>(Fonte: v\u00eddeo dispon\u00edvel na internet)<\/p>\n<p>&nbsp;<\/p>\n<div style=\"width: 604px;\" class=\"wp-video\"><video class=\"wp-video-shortcode\" id=\"video-2579-4\" width=\"604\" height=\"340\" preload=\"metadata\" controls=\"controls\"><source type=\"video\/mp4\" src=\"https:\/\/sites.usp.br\/ldsv\/wp-content\/uploads\/sites\/1453\/2024\/10\/Dragster_Tire_Deformation.mp4?_=4\" \/><a href=\"https:\/\/sites.usp.br\/ldsv\/wp-content\/uploads\/sites\/1453\/2024\/10\/Dragster_Tire_Deformation.mp4\">https:\/\/sites.usp.br\/ldsv\/wp-content\/uploads\/sites\/1453\/2024\/10\/Dragster_Tire_Deformation.mp4<\/a><\/video><\/div>\n<p>(Fonte: v\u00eddeo dispon\u00edvel na internet)<\/p>\n<p>&nbsp;<\/p>\n<div style=\"width: 478px;\" class=\"wp-video\"><video class=\"wp-video-shortcode\" id=\"video-2579-5\" width=\"478\" height=\"850\" preload=\"metadata\" controls=\"controls\"><source type=\"video\/mp4\" src=\"https:\/\/sites.usp.br\/ldsv\/wp-content\/uploads\/sites\/1453\/2026\/05\/Pneu_Arrancada.mp4?_=5\" \/><a href=\"https:\/\/sites.usp.br\/ldsv\/wp-content\/uploads\/sites\/1453\/2026\/05\/Pneu_Arrancada.mp4\">https:\/\/sites.usp.br\/ldsv\/wp-content\/uploads\/sites\/1453\/2026\/05\/Pneu_Arrancada.mp4<\/a><\/video><\/div>\n<p>(Fonte: v\u00eddeo dispon\u00edvel na internet)<\/p>\n<p>&nbsp;<\/p>\n<div style=\"width: 604px;\" class=\"wp-video\"><video class=\"wp-video-shortcode\" id=\"video-2579-6\" width=\"604\" height=\"340\" preload=\"metadata\" controls=\"controls\"><source type=\"video\/mp4\" src=\"https:\/\/sites.usp.br\/ldsv\/wp-content\/uploads\/sites\/1453\/2024\/11\/Heli_Birotor.mp4?_=6\" \/><a href=\"https:\/\/sites.usp.br\/ldsv\/wp-content\/uploads\/sites\/1453\/2024\/11\/Heli_Birotor.mp4\">https:\/\/sites.usp.br\/ldsv\/wp-content\/uploads\/sites\/1453\/2024\/11\/Heli_Birotor.mp4<\/a><\/video><\/div>\n<p>(Fonte: v\u00eddeo dispon\u00edvel na internet)<\/p>\n<p>&nbsp;<\/p>\n<p><iframe loading=\"lazy\" title=\"These 10 Human Powered Aircraft do not need Engines to Fly\" width=\"604\" height=\"340\" src=\"https:\/\/www.youtube.com\/embed\/Nug0Oho-b1k?feature=oembed\" frameborder=\"0\" allow=\"accelerometer; autoplay; clipboard-write; encrypted-media; gyroscope; picture-in-picture; web-share\" referrerpolicy=\"strict-origin-when-cross-origin\" allowfullscreen><\/iframe><\/p>\n<p>(Fonte: v\u00eddeo dispon\u00edvel na internet)<\/p>\n<p>&nbsp;<\/p>\n<div style=\"width: 604px;\" class=\"wp-video\"><video class=\"wp-video-shortcode\" id=\"video-2579-7\" width=\"604\" height=\"1074\" preload=\"metadata\" controls=\"controls\"><source type=\"video\/mp4\" src=\"https:\/\/sites.usp.br\/ldsv\/wp-content\/uploads\/sites\/1453\/2024\/12\/OffRoad_Jump.mp4?_=7\" \/><a href=\"https:\/\/sites.usp.br\/ldsv\/wp-content\/uploads\/sites\/1453\/2024\/12\/OffRoad_Jump.mp4\">https:\/\/sites.usp.br\/ldsv\/wp-content\/uploads\/sites\/1453\/2024\/12\/OffRoad_Jump.mp4<\/a><\/video><\/div>\n<p>(Fonte:\u00a0 v\u00eddeo dispon\u00edvel na internet)<\/p>\n<div style=\"width: 604px;\" class=\"wp-video\"><video class=\"wp-video-shortcode\" id=\"video-2579-8\" width=\"604\" height=\"340\" preload=\"metadata\" controls=\"controls\"><source type=\"video\/mp4\" src=\"https:\/\/sites.usp.br\/ldsv\/wp-content\/uploads\/sites\/1453\/2024\/12\/Off_Road_Suspention_Animagraff.mp4?_=8\" \/><a href=\"https:\/\/sites.usp.br\/ldsv\/wp-content\/uploads\/sites\/1453\/2024\/12\/Off_Road_Suspention_Animagraff.mp4\">https:\/\/sites.usp.br\/ldsv\/wp-content\/uploads\/sites\/1453\/2024\/12\/Off_Road_Suspention_Animagraff.mp4<\/a><\/video><\/div>\n<p>(Fonte: v\u00eddeo dispon\u00edvel na internet)<\/p>\n<p>&nbsp;<\/p>\n<h4 style=\"text-align: center;\">Velocidade de Propaga\u00e7\u00e3o de Onde de Impacto (<a href=\"https:\/\/www.youtube.com\/@AlphaPhoenixChannel\" target=\"_blank\" rel=\"noopener\"><em><strong>Alpha Phoenix<\/strong><\/em><\/a>)<\/h4>\n<p><iframe loading=\"lazy\" title=\"Are solid objects really \u201csolid\u201d?\" width=\"604\" height=\"340\" src=\"https:\/\/www.youtube.com\/embed\/DqhXsEgLMJ0?start=371&#038;feature=oembed\" frameborder=\"0\" allow=\"accelerometer; autoplay; clipboard-write; encrypted-media; gyroscope; picture-in-picture; web-share\" referrerpolicy=\"strict-origin-when-cross-origin\" allowfullscreen><\/iframe><\/p>\n<p>(Fonte: v\u00eddeo dispon\u00edvel na internet)<\/p>\n<h4><\/h4>\n<h4 style=\"text-align: center;\">Blown Wing Airplane (<a href=\"https:\/\/www.youtube.com\/@rctestflight\" target=\"_blank\" rel=\"noopener\"><em><strong>RCTESTFlyght<\/strong><\/em><\/a>)<\/h4>\n<p><iframe loading=\"lazy\" title=\"100% Blown Wing Powered Airplane\" width=\"604\" height=\"340\" src=\"https:\/\/www.youtube.com\/embed\/o6FMjOl0TRA?start=219&#038;feature=oembed\" frameborder=\"0\" allow=\"accelerometer; autoplay; clipboard-write; encrypted-media; gyroscope; picture-in-picture; web-share\" referrerpolicy=\"strict-origin-when-cross-origin\" allowfullscreen><\/iframe><\/p>\n<p>(Fonte: v\u00eddeo dispon\u00edvel na internet)<\/p>\n<p>&nbsp;<\/p>\n<div style=\"width: 478px;\" class=\"wp-video\"><video class=\"wp-video-shortcode\" id=\"video-2579-9\" width=\"478\" height=\"850\" preload=\"metadata\" controls=\"controls\"><source type=\"video\/mp4\" src=\"https:\/\/sites.usp.br\/ldsv\/wp-content\/uploads\/sites\/1453\/2025\/08\/Robo_bipede.mp4?_=9\" \/><a href=\"https:\/\/sites.usp.br\/ldsv\/wp-content\/uploads\/sites\/1453\/2025\/08\/Robo_bipede.mp4\">https:\/\/sites.usp.br\/ldsv\/wp-content\/uploads\/sites\/1453\/2025\/08\/Robo_bipede.mp4<\/a><\/video><\/div>\n<p>(Fonte: v\u00eddeo dispon\u00edvel na internet)<\/p>\n<p>&nbsp;<\/p>\n<div style=\"width: 604px;\" class=\"wp-video\"><video class=\"wp-video-shortcode\" id=\"video-2579-10\" width=\"604\" height=\"340\" preload=\"metadata\" controls=\"controls\"><source type=\"video\/mp4\" src=\"https:\/\/sites.usp.br\/ldsv\/wp-content\/uploads\/sites\/1453\/2024\/10\/Motorcycle_Instability.mp4?_=10\" \/><a href=\"https:\/\/sites.usp.br\/ldsv\/wp-content\/uploads\/sites\/1453\/2024\/10\/Motorcycle_Instability.mp4\">https:\/\/sites.usp.br\/ldsv\/wp-content\/uploads\/sites\/1453\/2024\/10\/Motorcycle_Instability.mp4<\/a><\/video><\/div>\n<p>(Fonte: v\u00eddeo dispon\u00edvel na internet)<\/p>\n<div style=\"width: 604px;\" class=\"wp-video\"><video class=\"wp-video-shortcode\" id=\"video-2579-11\" width=\"604\" height=\"340\" preload=\"metadata\" controls=\"controls\"><source type=\"video\/mp4\" src=\"https:\/\/sites.usp.br\/ldsv\/wp-content\/uploads\/sites\/1453\/2026\/01\/Guia_Manivela.mp4?_=11\" \/><a href=\"https:\/\/sites.usp.br\/ldsv\/wp-content\/uploads\/sites\/1453\/2026\/01\/Guia_Manivela.mp4\">https:\/\/sites.usp.br\/ldsv\/wp-content\/uploads\/sites\/1453\/2026\/01\/Guia_Manivela.mp4<\/a><\/video><\/div>\n<p>(Fonte: CTNBEH na internet)<\/p>\n<p>&nbsp;<\/p>\n<div style=\"width: 604px;\" class=\"wp-video\"><video class=\"wp-video-shortcode\" id=\"video-2579-12\" width=\"604\" height=\"340\" preload=\"metadata\" controls=\"controls\"><source type=\"video\/mp4\" src=\"https:\/\/sites.usp.br\/ldsv\/wp-content\/uploads\/sites\/1453\/2026\/01\/Gangorra_CTNBEH.mp4?_=12\" \/><a href=\"https:\/\/sites.usp.br\/ldsv\/wp-content\/uploads\/sites\/1453\/2026\/01\/Gangorra_CTNBEH.mp4\">https:\/\/sites.usp.br\/ldsv\/wp-content\/uploads\/sites\/1453\/2026\/01\/Gangorra_CTNBEH.mp4<\/a><\/video><\/div>\n<p>(Fonte: CTNBEH na internet)<\/p>\n<p>&nbsp;<\/p>\n<div style=\"width: 604px;\" class=\"wp-video\"><video class=\"wp-video-shortcode\" id=\"video-2579-13\" width=\"604\" height=\"340\" preload=\"metadata\" controls=\"controls\"><source type=\"video\/mp4\" src=\"https:\/\/sites.usp.br\/ldsv\/wp-content\/uploads\/sites\/1453\/2026\/01\/Biela_Manivela.mp4?_=13\" \/><a href=\"https:\/\/sites.usp.br\/ldsv\/wp-content\/uploads\/sites\/1453\/2026\/01\/Biela_Manivela.mp4\">https:\/\/sites.usp.br\/ldsv\/wp-content\/uploads\/sites\/1453\/2026\/01\/Biela_Manivela.mp4<\/a><\/video><\/div>\n<p>(Fonte: CTNBEH na internet)<\/p>\n<p>&nbsp;<\/p>\n<div style=\"width: 604px;\" class=\"wp-video\"><video class=\"wp-video-shortcode\" id=\"video-2579-14\" width=\"604\" height=\"340\" preload=\"metadata\" controls=\"controls\"><source type=\"video\/mp4\" src=\"https:\/\/sites.usp.br\/ldsv\/wp-content\/uploads\/sites\/1453\/2026\/01\/Carretel_Disco_Interligados.mp4?_=14\" \/><a href=\"https:\/\/sites.usp.br\/ldsv\/wp-content\/uploads\/sites\/1453\/2026\/01\/Carretel_Disco_Interligados.mp4\">https:\/\/sites.usp.br\/ldsv\/wp-content\/uploads\/sites\/1453\/2026\/01\/Carretel_Disco_Interligados.mp4<\/a><\/video><\/div>\n<p>(Fonte: CTNBEH na internet)<\/p>\n<p>&nbsp;<\/p>\n<div style=\"width: 604px;\" class=\"wp-video\"><video class=\"wp-video-shortcode\" id=\"video-2579-15\" width=\"604\" height=\"340\" preload=\"metadata\" controls=\"controls\"><source type=\"video\/mp4\" src=\"https:\/\/sites.usp.br\/ldsv\/wp-content\/uploads\/sites\/1453\/2026\/01\/Manivela_Guia.mp4?_=15\" \/><a href=\"https:\/\/sites.usp.br\/ldsv\/wp-content\/uploads\/sites\/1453\/2026\/01\/Manivela_Guia.mp4\">https:\/\/sites.usp.br\/ldsv\/wp-content\/uploads\/sites\/1453\/2026\/01\/Manivela_Guia.mp4<\/a><\/video><\/div>\n<p>(Fonte: CTNBEH na internet)<\/p>\n<p>&nbsp;<\/p>\n<h4>Engrenagens e diferencial<\/h4>\n<p><iframe loading=\"lazy\" title=\"The 90-Degree Torque Problem\" width=\"604\" height=\"340\" src=\"https:\/\/www.youtube.com\/embed\/fbM3SqXLbgU?feature=oembed\" frameborder=\"0\" allow=\"accelerometer; autoplay; clipboard-write; encrypted-media; gyroscope; picture-in-picture; web-share\" referrerpolicy=\"strict-origin-when-cross-origin\" allowfullscreen><\/iframe><\/p>\n<p style=\"text-align: left;\">(Fonte: <a href=\"https:\/\/brilliant.org\/\" target=\"_blank\" rel=\"noopener\">Brillinat<\/a> na internet)<\/p>\n<p>&nbsp;<\/p>\n<p><iframe loading=\"lazy\" title=\"Differential | How does it work?\" width=\"604\" height=\"340\" src=\"https:\/\/www.youtube.com\/embed\/nC6fsNXdcMQ?feature=oembed\" frameborder=\"0\" allow=\"accelerometer; autoplay; clipboard-write; encrypted-media; gyroscope; picture-in-picture; web-share\" referrerpolicy=\"strict-origin-when-cross-origin\" allowfullscreen><\/iframe><\/p>\n<p>(Fonte: v\u00eddeo dispon\u00edvel na internet)<\/p>\n<p>&nbsp;<\/p>\n<h3>An\u00e1lise Espectral Temporal<\/h3>\n<div style=\"width: 576px;\" class=\"wp-video\"><video class=\"wp-video-shortcode\" id=\"video-2579-16\" width=\"576\" height=\"1024\" preload=\"metadata\" controls=\"controls\"><source type=\"video\/mp4\" src=\"https:\/\/sites.usp.br\/ldsv\/wp-content\/uploads\/sites\/1453\/2026\/04\/Espectro_Passarinho.mp4?_=16\" \/><a href=\"https:\/\/sites.usp.br\/ldsv\/wp-content\/uploads\/sites\/1453\/2026\/04\/Espectro_Passarinho.mp4\">https:\/\/sites.usp.br\/ldsv\/wp-content\/uploads\/sites\/1453\/2026\/04\/Espectro_Passarinho.mp4<\/a><\/video><\/div>\n<p>Fonte: video dispon\u00edvel na internet<\/p>\n<p>&nbsp;<\/p>\n<div style=\"width: 496px;\" class=\"wp-video\"><video class=\"wp-video-shortcode\" id=\"video-2579-17\" width=\"496\" height=\"360\" preload=\"metadata\" controls=\"controls\"><source type=\"video\/mp4\" src=\"https:\/\/sites.usp.br\/ldsv\/wp-content\/uploads\/sites\/1453\/2026\/03\/Spining_Hummingbird.mp4?_=17\" \/><a href=\"https:\/\/sites.usp.br\/ldsv\/wp-content\/uploads\/sites\/1453\/2026\/03\/Spining_Hummingbird.mp4\">https:\/\/sites.usp.br\/ldsv\/wp-content\/uploads\/sites\/1453\/2026\/03\/Spining_Hummingbird.mp4<\/a><\/video><\/div>\n<p>Fonte: internet<\/p>\n<p>&nbsp;<\/p>\n<h4>Colis\u00e3o de Bola de Golfe<\/h4>\n<div style=\"width: 472px;\" class=\"wp-video\"><video class=\"wp-video-shortcode\" id=\"video-2579-18\" width=\"472\" height=\"850\" preload=\"metadata\" controls=\"controls\"><source type=\"video\/mp4\" src=\"https:\/\/sites.usp.br\/ldsv\/wp-content\/uploads\/sites\/1453\/2026\/05\/Bola_Golf_Deformada.mp4?_=18\" \/><a href=\"https:\/\/sites.usp.br\/ldsv\/wp-content\/uploads\/sites\/1453\/2026\/05\/Bola_Golf_Deformada.mp4\">https:\/\/sites.usp.br\/ldsv\/wp-content\/uploads\/sites\/1453\/2026\/05\/Bola_Golf_Deformada.mp4<\/a><\/video><\/div>\n<p>Fonte: v\u00eddeo dispon\u00edvel na internet<\/p>\n<h4><\/h4>\n<h4>Nota de Matem\u00e1tica e Renda Percapita de Pa\u00edses (Fonte: internet)<\/h4>\n<p><a href=\"https:\/\/sites.usp.br\/ldsv\/wp-content\/uploads\/sites\/1453\/2026\/01\/Nota_Matematica_Renda_Percapita_Mundial.jpg\"><img loading=\"lazy\" decoding=\"async\" class=\"aligncenter size-medium wp-image-2933\" src=\"https:\/\/sites.usp.br\/ldsv\/wp-content\/uploads\/sites\/1453\/2026\/01\/Nota_Matematica_Renda_Percapita_Mundial-300x218.jpg\" alt=\"\" width=\"300\" height=\"218\" srcset=\"https:\/\/sites.usp.br\/ldsv\/wp-content\/uploads\/sites\/1453\/2026\/01\/Nota_Matematica_Renda_Percapita_Mundial-300x218.jpg 300w, https:\/\/sites.usp.br\/ldsv\/wp-content\/uploads\/sites\/1453\/2026\/01\/Nota_Matematica_Renda_Percapita_Mundial-768x557.jpg 768w, https:\/\/sites.usp.br\/ldsv\/wp-content\/uploads\/sites\/1453\/2026\/01\/Nota_Matematica_Renda_Percapita_Mundial.jpg 994w\" sizes=\"auto, (max-width: 300px) 100vw, 300px\" \/><\/a><\/p>\n<p>&nbsp;<\/p>\n","protected":false},"excerpt":{"rendered":"<p>Veja algumas curiosidades de comportamento din\u00e2mico de sistemas mec\u00e2nicos: &nbsp; (Fonte: v\u00eddeo dispon\u00edvel na internet) &nbsp; (Fonte: v\u00eddeo dispon\u00edvel na internet) &nbsp; (Fonte: v\u00eddeo dispon\u00edvel na internet) &nbsp; (Fonte: v\u00eddeo dispon\u00edvel na internet) &nbsp; (Fonte: v\u00eddeo dispon\u00edvel na internet) &nbsp; https:\/\/sites.usp.br\/ldsv\/wp-content\/uploads\/sites\/1453\/2024\/11\/Heli_Birotor.mp4 (Fonte: v\u00eddeo dispon\u00edvel na internet) &nbsp; (Fonte: v\u00eddeo dispon\u00edvel na internet) &nbsp; (Fonte:\u00a0 v\u00eddeo [&hellip;]<\/p>\n","protected":false},"author":24004,"featured_media":0,"parent":0,"menu_order":0,"comment_status":"closed","ping_status":"closed","template":"","meta":{"footnotes":"","_links_to":"","_links_to_target":""},"class_list":["post-2579","page","type-page","status-publish","hentry"],"_links":{"self":[{"href":"https:\/\/sites.usp.br\/ldsv\/wp-json\/wp\/v2\/pages\/2579","targetHints":{"allow":["GET"]}}],"collection":[{"href":"https:\/\/sites.usp.br\/ldsv\/wp-json\/wp\/v2\/pages"}],"about":[{"href":"https:\/\/sites.usp.br\/ldsv\/wp-json\/wp\/v2\/types\/page"}],"author":[{"embeddable":true,"href":"https:\/\/sites.usp.br\/ldsv\/wp-json\/wp\/v2\/users\/24004"}],"replies":[{"embeddable":true,"href":"https:\/\/sites.usp.br\/ldsv\/wp-json\/wp\/v2\/comments?post=2579"}],"version-history":[{"count":4,"href":"https:\/\/sites.usp.br\/ldsv\/wp-json\/wp\/v2\/pages\/2579\/revisions"}],"predecessor-version":[{"id":3133,"href":"https:\/\/sites.usp.br\/ldsv\/wp-json\/wp\/v2\/pages\/2579\/revisions\/3133"}],"wp:attachment":[{"href":"https:\/\/sites.usp.br\/ldsv\/wp-json\/wp\/v2\/media?parent=2579"}],"curies":[{"name":"wp","href":"https:\/\/api.w.org\/{rel}","templated":true}]}}