{"id":277,"date":"2024-06-11T19:39:50","date_gmt":"2024-06-11T21:39:50","guid":{"rendered":"https:\/\/sites.usp.br\/ldsv\/?page_id=277"},"modified":"2024-12-13T12:26:40","modified_gmt":"2024-12-13T14:26:40","slug":"mini-baja","status":"publish","type":"page","link":"https:\/\/sites.usp.br\/ldsv\/veiculos-especiais\/mini-baja\/","title":{"rendered":"Projeto Mini-Baja"},"content":{"rendered":"\r\n<div class=\"wp-block-columns is-layout-flex wp-container-core-columns-is-layout-9d6595d7 wp-block-columns-is-layout-flex\">\r\n<div class=\"wp-block-column is-layout-flow wp-block-column-is-layout-flow\">\r\n<h2><strong>Descri\u00e7\u00e3o<\/strong><\/h2>\r\n<p>O projeto Baja SAE \u00e9 uma competi\u00e7\u00e3o entre Institui\u00e7\u00f5es de Ensino Superior que desafia estudantes de engenharia atrav\u00e9s da simula\u00e7\u00e3o de um caso real de desenvolvimento de projeto, com todas as atividades que envolvem o mesmo, visando a aplica\u00e7\u00e3o pr\u00e1tica dos conhecimentos adquiridos no curso de engenharia. \u00a0<\/p>\r\n<h2><strong>Objetivo da Competi\u00e7\u00e3o<\/strong><\/h2>\r\n<p>O objetivo de cada equipe \u00e9 projetar e construir um prot\u00f3tipo recreativo, fora de estrada <em>(offroad),<\/em> monoposto, robusto e dur\u00e1vel. O ve\u00edculo deve ser seguro, facilmente transportado e de simples manuten\u00e7\u00e3o e opera\u00e7\u00e3o. Deve ser capaz de vencer terrenos acidentados em qualquer condi\u00e7\u00e3o clim\u00e1tica sem apresentar danos. Cada equipe deve projetar, construir, testar, promover e participar com o ve\u00edculo e em conjunto de provas de avalia\u00e7\u00e3o t\u00e9cnica e uma prova de longo percurso em pista irregular.<\/p>\r\n<\/div>\r\n\r\n\r\n\r\n<div class=\"wp-block-column is-layout-flow wp-block-column-is-layout-flow\">\r\n<figure class=\"wp-block-image size-full is-resized\"><a href=\"https:\/\/sites.usp.br\/ldsv\/wp-content\/uploads\/sites\/1453\/2024\/06\/10454896_781537391890510_926609978545348519_o1-1024x855-1.jpg\"><img loading=\"lazy\" decoding=\"async\" width=\"1024\" height=\"855\" class=\"wp-image-560\" style=\"width: 538px; height: auto;\" src=\"https:\/\/sites.usp.br\/ldsv\/wp-content\/uploads\/sites\/1453\/2024\/06\/10454896_781537391890510_926609978545348519_o1-1024x855-1.jpg\" alt=\"\" srcset=\"https:\/\/sites.usp.br\/ldsv\/wp-content\/uploads\/sites\/1453\/2024\/06\/10454896_781537391890510_926609978545348519_o1-1024x855-1.jpg 1024w, https:\/\/sites.usp.br\/ldsv\/wp-content\/uploads\/sites\/1453\/2024\/06\/10454896_781537391890510_926609978545348519_o1-1024x855-1-300x250.jpg 300w, https:\/\/sites.usp.br\/ldsv\/wp-content\/uploads\/sites\/1453\/2024\/06\/10454896_781537391890510_926609978545348519_o1-1024x855-1-768x641.jpg 768w, https:\/\/sites.usp.br\/ldsv\/wp-content\/uploads\/sites\/1453\/2024\/06\/10454896_781537391890510_926609978545348519_o1-1024x855-1-400x334.jpg 400w\" sizes=\"auto, (max-width: 1024px) 100vw, 1024px\" \/><\/a><\/figure>\r\n<\/div>\r\n<\/div>\r\n\r\n\r\n<div class=\"wp-block-image\">\r\n<figure class=\"aligncenter size-full\"><a href=\"https:\/\/sites.usp.br\/ldsv\/wp-content\/uploads\/sites\/1453\/2024\/06\/922823_573137496063835_1328061877_n1.jpg\"><img loading=\"lazy\" decoding=\"async\" width=\"720\" height=\"264\" class=\"wp-image-563\" src=\"https:\/\/sites.usp.br\/ldsv\/wp-content\/uploads\/sites\/1453\/2024\/06\/922823_573137496063835_1328061877_n1.jpg\" alt=\"\" srcset=\"https:\/\/sites.usp.br\/ldsv\/wp-content\/uploads\/sites\/1453\/2024\/06\/922823_573137496063835_1328061877_n1.jpg 720w, https:\/\/sites.usp.br\/ldsv\/wp-content\/uploads\/sites\/1453\/2024\/06\/922823_573137496063835_1328061877_n1-300x110.jpg 300w, https:\/\/sites.usp.br\/ldsv\/wp-content\/uploads\/sites\/1453\/2024\/06\/922823_573137496063835_1328061877_n1-400x147.jpg 400w\" sizes=\"auto, (max-width: 720px) 100vw, 720px\" \/><\/a><\/figure>\r\n<\/div>\r\n<div class=\"autoClear\">\r\n<div class=\"right post-buttons\">\r\n<blockquote>\r\n<p>&nbsp;<\/p>\r\n<p>&nbsp;<\/p>\r\n<div><img loading=\"lazy\" decoding=\"async\" class=\"\" src=\"http:\/\/cambucaifes.files.wordpress.com\/2011\/12\/mini_baja_2008_-_172.jpg\" alt=\"\" width=\"564\" height=\"377\" \/><\/div>\r\n<\/blockquote>\r\n<\/div>\r\n<div>\u00a0<\/div>\r\n<\/div>\r\n<div>\u00a0<\/div>\r\n<div>Veja alguns detalhes de ve\u00edculo fora-de-estrada (off-road):<\/div>\r\n<div>\u00a0<\/div>\r\n<div>\r\n<div style=\"width: 604px;\" class=\"wp-video\"><video class=\"wp-video-shortcode\" id=\"video-277-1\" width=\"604\" height=\"1074\" preload=\"metadata\" controls=\"controls\"><source type=\"video\/mp4\" src=\"https:\/\/sites.usp.br\/ldsv\/wp-content\/uploads\/sites\/1453\/2024\/12\/OffRoad_Jump.mp4?_=1\" \/><a href=\"https:\/\/sites.usp.br\/ldsv\/wp-content\/uploads\/sites\/1453\/2024\/12\/OffRoad_Jump.mp4\">https:\/\/sites.usp.br\/ldsv\/wp-content\/uploads\/sites\/1453\/2024\/12\/OffRoad_Jump.mp4<\/a><\/video><\/div>\r\n<\/div>\r\n<div>\u00a0<\/div>\r\n<div>\r\n<div style=\"width: 604px;\" class=\"wp-video\"><video class=\"wp-video-shortcode\" id=\"video-277-2\" width=\"604\" height=\"340\" preload=\"metadata\" controls=\"controls\"><source type=\"video\/mp4\" src=\"https:\/\/sites.usp.br\/ldsv\/wp-content\/uploads\/sites\/1453\/2024\/12\/Off_Road_Suspention_Animagraff.mp4?_=2\" \/><a href=\"https:\/\/sites.usp.br\/ldsv\/wp-content\/uploads\/sites\/1453\/2024\/12\/Off_Road_Suspention_Animagraff.mp4\">https:\/\/sites.usp.br\/ldsv\/wp-content\/uploads\/sites\/1453\/2024\/12\/Off_Road_Suspention_Animagraff.mp4<\/a><\/video><\/div>\r\n<\/div>\r\n<div>\u00a0<\/div>\r\n<div>\u00a0<\/div>\r\n<div>\r\n<div style=\"width: 604px;\" class=\"wp-video\"><video class=\"wp-video-shortcode\" id=\"video-277-3\" width=\"604\" height=\"340\" preload=\"metadata\" controls=\"controls\"><source type=\"video\/mp4\" src=\"https:\/\/sites.usp.br\/ldsv\/wp-content\/uploads\/sites\/1453\/2024\/09\/MiniBaja.mp4?_=3\" \/><a href=\"https:\/\/sites.usp.br\/ldsv\/wp-content\/uploads\/sites\/1453\/2024\/09\/MiniBaja.mp4\">https:\/\/sites.usp.br\/ldsv\/wp-content\/uploads\/sites\/1453\/2024\/09\/MiniBaja.mp4<\/a><\/video><\/div>\r\n<\/div>\r\n<div>\u00a0<\/div>\r\n<div>\u00a0<\/div>\r\n<div class=\"autoClear\">\r\n<div class=\"right post-buttons\">\r\n<div>Conhe\u00e7a a TCC 2014 de <a href=\"https:\/\/sites.usp.br\/ldsv\/wp-content\/uploads\/sites\/1453\/2024\/09\/PME2600-PAULO-HIDEKI-YAMAGATA_-Relatorio.pdf\"><em><strong>Paulo H. Yamagata<\/strong><\/em><\/a>.<\/div>\r\n<div>\u00a0<\/div>\r\n<div>Vejam alguns v\u00eddeos de simula\u00e7\u00e3o de manobras de baja: <a href=\"https:\/\/sites.usp.br\/ldsv\/wp-content\/uploads\/sites\/1453\/2024\/09\/Sequence-01_2.mp4\"><em><strong>clique aqui<\/strong><\/em><\/a><\/div>\r\n<div>\u00a0<\/div>\r\n<div>Grupos de Baja<em>:<\/em>\u00a0 \u00a0 <a href=\"https:\/\/gearpoli.com.br\/\" target=\"_blank\" rel=\"noopener\"><em><strong>Gear POLI<\/strong><\/em><\/a>.<\/div>\r\n<\/div>\r\n<div>\u00a0<\/div>\r\n<\/div>","protected":false},"excerpt":{"rendered":"<p>Descri\u00e7\u00e3o O projeto Baja SAE \u00e9 uma competi\u00e7\u00e3o entre Institui\u00e7\u00f5es de Ensino Superior que desafia estudantes de engenharia atrav\u00e9s da simula\u00e7\u00e3o de um caso real de desenvolvimento de projeto, com todas as atividades que envolvem o mesmo, visando a aplica\u00e7\u00e3o pr\u00e1tica dos conhecimentos adquiridos no curso de engenharia. \u00a0 Objetivo da Competi\u00e7\u00e3o O objetivo de [&hellip;]<\/p>\n","protected":false},"author":24004,"featured_media":0,"parent":142,"menu_order":6,"comment_status":"closed","ping_status":"closed","template":"","meta":{"footnotes":"","_links_to":"","_links_to_target":""},"class_list":["post-277","page","type-page","status-publish","hentry"],"_links":{"self":[{"href":"https:\/\/sites.usp.br\/ldsv\/wp-json\/wp\/v2\/pages\/277","targetHints":{"allow":["GET"]}}],"collection":[{"href":"https:\/\/sites.usp.br\/ldsv\/wp-json\/wp\/v2\/pages"}],"about":[{"href":"https:\/\/sites.usp.br\/ldsv\/wp-json\/wp\/v2\/types\/page"}],"author":[{"embeddable":true,"href":"https:\/\/sites.usp.br\/ldsv\/wp-json\/wp\/v2\/users\/24004"}],"replies":[{"embeddable":true,"href":"https:\/\/sites.usp.br\/ldsv\/wp-json\/wp\/v2\/comments?post=277"}],"version-history":[{"count":5,"href":"https:\/\/sites.usp.br\/ldsv\/wp-json\/wp\/v2\/pages\/277\/revisions"}],"predecessor-version":[{"id":2696,"href":"https:\/\/sites.usp.br\/ldsv\/wp-json\/wp\/v2\/pages\/277\/revisions\/2696"}],"up":[{"embeddable":true,"href":"https:\/\/sites.usp.br\/ldsv\/wp-json\/wp\/v2\/pages\/142"}],"wp:attachment":[{"href":"https:\/\/sites.usp.br\/ldsv\/wp-json\/wp\/v2\/media?parent=277"}],"curies":[{"name":"wp","href":"https:\/\/api.w.org\/{rel}","templated":true}]}}