{"id":283,"date":"2024-06-11T19:41:23","date_gmt":"2024-06-11T21:41:23","guid":{"rendered":"https:\/\/sites.usp.br\/ldsv\/?page_id=283"},"modified":"2026-02-03T11:09:55","modified_gmt":"2026-02-03T13:09:55","slug":"outros-veiculos","status":"publish","type":"page","link":"https:\/\/sites.usp.br\/ldsv\/veiculos-especiais\/outros-veiculos\/","title":{"rendered":"Outros Ve\u00edculos Especiais"},"content":{"rendered":"<h3>Veja alguns ve\u00edculo em manobras especiais:<\/h3>\n<h3>Espiral dentro de tubo com bicicleta (<em>BMX full pipe loop<\/em>)<\/h3>\n<div style=\"width: 604px;\" class=\"wp-video\"><video class=\"wp-video-shortcode\" id=\"video-283-1\" width=\"604\" height=\"340\" preload=\"metadata\" controls=\"controls\"><source type=\"video\/mp4\" src=\"https:\/\/sites.usp.br\/ldsv\/wp-content\/uploads\/sites\/1453\/2024\/11\/Loop_Bicicleta_24.mp4?_=1\" \/><a href=\"https:\/\/sites.usp.br\/ldsv\/wp-content\/uploads\/sites\/1453\/2024\/11\/Loop_Bicicleta_24.mp4\">https:\/\/sites.usp.br\/ldsv\/wp-content\/uploads\/sites\/1453\/2024\/11\/Loop_Bicicleta_24.mp4<\/a><\/video><\/div>\n<p style=\"text-align: center;\">(Fonte: dispon\u00edvel na internet)<\/p>\n<p>&nbsp;<\/p>\n<p style=\"text-align: center;\">(Fonte: dispon\u00edvel na internet)<\/p>\n<p style=\"text-align: center;\">(Fonte: dispon\u00edvel na internet)<\/p>\n<h3>Manobras acrob\u00e1ticas de paraquedistas sobre o Cristo Redentor e Pedra da G\u00e1vea no Rio de Janeiro, Brasil:<\/h3>\n<p style=\"text-align: center;\">(Fonte: dispon\u00edvel na internet)<\/p>\n<p style=\"text-align: center;\">(Fonte: dispon\u00edvel na internet)<\/p>\n<h3>Manobra em espiral com paraguider:<\/h3>\n<p style=\"text-align: center;\">(Fonte: dispon\u00edvel na internet)<\/p>\n<p><iframe loading=\"lazy\" title=\"Infinity Tumbling World Record - Horacio Llorens 2012\" width=\"604\" height=\"340\" src=\"https:\/\/www.youtube.com\/embed\/P9c0zWkLZ6c?start=26&#038;feature=oembed\" frameborder=\"0\" allow=\"accelerometer; autoplay; clipboard-write; encrypted-media; gyroscope; picture-in-picture; web-share\" referrerpolicy=\"strict-origin-when-cross-origin\" allowfullscreen><\/iframe><\/p>\n<p style=\"text-align: center;\">(Fonte: dispon\u00edvel na internet)<\/p>\n<h3>Acrobacia sincronizada entre planadores e paraquedistas (<em>wingsuit<\/em>)<\/h3>\n<p style=\"text-align: center;\">(Fonte: dispon\u00edvel na internet)<\/p>\n<h3>Manobras acrob\u00e1ticas com helic\u00f3pteros<\/h3>\n<p><iframe loading=\"lazy\" title=\"Red Bull Helicopter Aerobatics - EAA AirVenture Oshkosh 2018\" width=\"604\" height=\"340\" src=\"https:\/\/www.youtube.com\/embed\/vB1rz9EBhP8?feature=oembed\" frameborder=\"0\" allow=\"accelerometer; autoplay; clipboard-write; encrypted-media; gyroscope; picture-in-picture; web-share\" referrerpolicy=\"strict-origin-when-cross-origin\" allowfullscreen><\/iframe><\/p>\n<p style=\"text-align: center;\">(Fonte: dispon\u00edvel na internet)<\/p>\n<p>&nbsp;<\/p>\n<h3>Manobra acrob\u00e1tica com avi\u00e3o a jato militar (<em>Sukoy 35<\/em>):<\/h3>\n<p style=\"text-align: center;\">(Fonte: dispon\u00edvel na internet)<\/p>\n<h3>Manobra com autom\u00f3vel dentro de um t\u00fanel circular (car <a href=\"https:\/\/youtu.be\/AvpSYrXdmio?t=118\"><em><strong>Loop<\/strong><\/em><\/a>)<\/h3>\n<div style=\"width: 604px;\" class=\"wp-video\"><video class=\"wp-video-shortcode\" id=\"video-283-2\" width=\"604\" height=\"340\" preload=\"metadata\" controls=\"controls\"><source type=\"video\/mp4\" src=\"https:\/\/sites.usp.br\/ldsv\/wp-content\/uploads\/sites\/1453\/2026\/01\/Mercedes_SLS_AMG_Schumacher_Tunnel-Stunt.mp4?_=2\" \/><a href=\"https:\/\/sites.usp.br\/ldsv\/wp-content\/uploads\/sites\/1453\/2026\/01\/Mercedes_SLS_AMG_Schumacher_Tunnel-Stunt.mp4\">https:\/\/sites.usp.br\/ldsv\/wp-content\/uploads\/sites\/1453\/2026\/01\/Mercedes_SLS_AMG_Schumacher_Tunnel-Stunt.mp4<\/a><\/video><\/div>\n<p style=\"text-align: center;\">(Fonte: <a href=\"https:\/\/youtu.be\/OoJSWTsRmm0\" target=\"_blank\" rel=\"noopener\">dispon\u00edvel na internet<\/a>)<\/p>\n<p>&nbsp;<\/p>\n<h3>Competi\u00e7\u00e3o de formula 1 com drone r\u00e1pido:<\/h3>\n<div style=\"width: 604px;\" class=\"wp-video\"><video class=\"wp-video-shortcode\" id=\"video-283-3\" width=\"604\" height=\"340\" preload=\"metadata\" controls=\"controls\"><source type=\"video\/mp4\" src=\"https:\/\/sites.usp.br\/ldsv\/wp-content\/uploads\/sites\/1453\/2026\/01\/Fast_Drone_Formula1.mp4?_=3\" \/><a href=\"https:\/\/sites.usp.br\/ldsv\/wp-content\/uploads\/sites\/1453\/2026\/01\/Fast_Drone_Formula1.mp4\">https:\/\/sites.usp.br\/ldsv\/wp-content\/uploads\/sites\/1453\/2026\/01\/Fast_Drone_Formula1.mp4<\/a><\/video><\/div>\n<p style=\"text-align: center;\">(Fonte: <a href=\"https:\/\/youtu.be\/9pEqyr_uT-k\" target=\"_blank\" rel=\"noopener\">dispon\u00edvel na internet<\/a>)<\/p>\n<h3>Percurso da Serra do Rio do Rastro em Santa Catarina:<\/h3>\n<p><iframe loading=\"lazy\" title=\"Red Bull Xtreme Drifting Serra do Rio do Rastro - Brasil - Climb Attack Brazil\" width=\"604\" height=\"340\" src=\"https:\/\/www.youtube.com\/embed\/BZfMp5sDQkQ?feature=oembed\" frameborder=\"0\" allow=\"accelerometer; autoplay; clipboard-write; encrypted-media; gyroscope; picture-in-picture; web-share\" referrerpolicy=\"strict-origin-when-cross-origin\" allowfullscreen><\/iframe><\/p>\n<p style=\"text-align: center;\">(Fonte: dispon\u00edvel na internet)<\/p>\n<p>&nbsp;<\/p>\n<p><iframe loading=\"lazy\" title=\"Red Bull Trike Strike 2017 - Serra do Rio do Rastro\" width=\"604\" height=\"340\" src=\"https:\/\/www.youtube.com\/embed\/ljWY0c4rri8?feature=oembed\" frameborder=\"0\" allow=\"accelerometer; autoplay; clipboard-write; encrypted-media; gyroscope; picture-in-picture; web-share\" referrerpolicy=\"strict-origin-when-cross-origin\" allowfullscreen><\/iframe><\/p>\n<p>(Fonte: dispon\u00edvel na internet)<\/p>\n<h3>Levita\u00e7\u00e3o magn\u00e9tica:<\/h3>\n<p style=\"text-align: center;\">(Fonte: dispon\u00edvel na internet)<\/p>\n<h3>\u00a0Quadriciclo:<\/h3>\n<p style=\"text-align: center;\">(Fonte: dispon\u00edvel na internet)<\/p>\n<h3>Cadeira de Roda Esportiva:<\/h3>\n<p style=\"text-align: center;\">(Fonte: dispon\u00edvel na internet)<\/p>\n<h3>Swincar:<\/h3>\n<p><iframe loading=\"lazy\" title=\"30 sec TECH: Swincar all-terrain spider car\" width=\"604\" height=\"340\" src=\"https:\/\/www.youtube.com\/embed\/_1SgmD-v10c?feature=oembed\" frameborder=\"0\" allow=\"accelerometer; autoplay; clipboard-write; encrypted-media; gyroscope; picture-in-picture; web-share\" referrerpolicy=\"strict-origin-when-cross-origin\" allowfullscreen><\/iframe><\/p>\n<p style=\"text-align: center;\">(Fonte: dispon\u00edvel na internet)<\/p>\n<p><iframe loading=\"lazy\" title=\"Petite balade en Swincar le 06\/03\/2022\" width=\"604\" height=\"340\" src=\"https:\/\/www.youtube.com\/embed\/FfnN5y99OnU?feature=oembed\" frameborder=\"0\" allow=\"accelerometer; autoplay; clipboard-write; encrypted-media; gyroscope; picture-in-picture; web-share\" referrerpolicy=\"strict-origin-when-cross-origin\" allowfullscreen><\/iframe><\/p>\n<p style=\"text-align: center;\">(Fonte: dispon\u00edvel na internet)<\/p>\n<p><em><strong><a href=\"https:\/\/youtu.be\/_1SgmD-v10c\">Swincar1<\/a>\u00a0 \u00a0 \u00a0 <\/strong><a href=\"https:\/\/youtu.be\/FfnN5y99OnU\"><strong>Swincar2<\/strong><\/a><\/em><\/p>\n<p>&nbsp;<\/p>\n<p style=\"text-align: center;\">(Fonte: dispon\u00edvel na internet)<\/p>\n<h2><\/h2>\n<h2>Dispositivos mec\u00e2nicos de movimenta\u00e7\u00e3o<\/h2>\n<p>&nbsp;<\/p>\n<h3>Plataforma de Stewart (6GL):<\/h3>\n<div style=\"width: 604px;\" class=\"wp-video\"><video class=\"wp-video-shortcode\" id=\"video-283-4\" width=\"604\" height=\"340\" preload=\"metadata\" controls=\"controls\"><source type=\"video\/mp4\" src=\"https:\/\/sites.usp.br\/ldsv\/wp-content\/uploads\/sites\/1453\/2026\/01\/Hexapod.mp4?_=4\" \/><a href=\"https:\/\/sites.usp.br\/ldsv\/wp-content\/uploads\/sites\/1453\/2026\/01\/Hexapod.mp4\">https:\/\/sites.usp.br\/ldsv\/wp-content\/uploads\/sites\/1453\/2026\/01\/Hexapod.mp4<\/a><\/video><\/div>\n<p>&nbsp;<\/p>\n<p style=\"text-align: center;\">(Fonte: <a href=\"https:\/\/youtu.be\/fZSj2SYqTD0\" target=\"_blank\" rel=\"noopener\">4:4:4 Engineering<\/a> dispon\u00edvel na internet)<\/p>\n<div style=\"width: 360px;\" class=\"wp-video\"><video class=\"wp-video-shortcode\" id=\"video-283-5\" width=\"360\" height=\"640\" preload=\"metadata\" controls=\"controls\"><source type=\"video\/mp4\" src=\"https:\/\/sites.usp.br\/ldsv\/wp-content\/uploads\/sites\/1453\/2026\/01\/Hexapod_Naval_Platform_Stewart-platform.mp4?_=5\" \/><a href=\"https:\/\/sites.usp.br\/ldsv\/wp-content\/uploads\/sites\/1453\/2026\/01\/Hexapod_Naval_Platform_Stewart-platform.mp4\">https:\/\/sites.usp.br\/ldsv\/wp-content\/uploads\/sites\/1453\/2026\/01\/Hexapod_Naval_Platform_Stewart-platform.mp4<\/a><\/video><\/div>\n<p style=\"text-align: center;\">(Fonte: <a href=\"https:\/\/www.youtube.com\/shorts\/vWeGKWBmSSc?feature=share\" target=\"_blank\" rel=\"noopener\">dispon\u00edvel na internet<\/a>)<\/p>\n<h3><\/h3>\n<h3>Modelos Radio-Controlado de Animais (<a href=\"https:\/\/www.youtube.com\/@FestoHQ\/search?query=fly%20model\" target=\"_blank\" rel=\"noopener\"><em><strong>Festo<\/strong><\/em><\/a>)<\/h3>\n<p>&nbsp;<\/p>\n<p><iframe loading=\"lazy\" title=\"Festo \u2013 BionicFlyingFox (English\/Deutsch)\" width=\"604\" height=\"340\" src=\"https:\/\/www.youtube.com\/embed\/zDq4kjY19UU?feature=oembed\" frameborder=\"0\" allow=\"accelerometer; autoplay; clipboard-write; encrypted-media; gyroscope; picture-in-picture; web-share\" referrerpolicy=\"strict-origin-when-cross-origin\" allowfullscreen><\/iframe><\/p>\n<p>&nbsp;<\/p>\n<p><iframe loading=\"lazy\" title=\"Festo - SmartBird\" width=\"604\" height=\"340\" src=\"https:\/\/www.youtube.com\/embed\/nnR8fDW3Ilo?feature=oembed\" frameborder=\"0\" allow=\"accelerometer; autoplay; clipboard-write; encrypted-media; gyroscope; picture-in-picture; web-share\" referrerpolicy=\"strict-origin-when-cross-origin\" allowfullscreen><\/iframe><\/p>\n<h3 style=\"text-align: center;\">(Fonte: dispon\u00edvel na internet)<\/h3>\n<p><iframe loading=\"lazy\" title=\"Festo BionicBee\" width=\"604\" height=\"340\" src=\"https:\/\/www.youtube.com\/embed\/UzRf9y9EWqM?feature=oembed\" frameborder=\"0\" allow=\"accelerometer; autoplay; clipboard-write; encrypted-media; gyroscope; picture-in-picture; web-share\" referrerpolicy=\"strict-origin-when-cross-origin\" allowfullscreen><\/iframe><\/p>\n<p style=\"text-align: center;\">(Fonte: dispon\u00edvel na internet)<\/p>\n<p>&nbsp;<\/p>\n<p><iframe loading=\"lazy\" title=\"Festo&#039;s Fantastical Flying Robots\" width=\"604\" height=\"340\" src=\"https:\/\/www.youtube.com\/embed\/g_qhMVNw7O4?feature=oembed\" frameborder=\"0\" allow=\"accelerometer; autoplay; clipboard-write; encrypted-media; gyroscope; picture-in-picture; web-share\" referrerpolicy=\"strict-origin-when-cross-origin\" allowfullscreen><\/iframe><\/p>\n<p style=\"text-align: center;\">(Fonte: dispon\u00edvel na internet)<\/p>\n<p>&nbsp;<\/p>\n<p><iframe loading=\"lazy\" title=\"Festo BionicSwift 2021\" width=\"604\" height=\"340\" src=\"https:\/\/www.youtube.com\/embed\/hUE8o056Cpc?feature=oembed\" frameborder=\"0\" allow=\"accelerometer; autoplay; clipboard-write; encrypted-media; gyroscope; picture-in-picture; web-share\" referrerpolicy=\"strict-origin-when-cross-origin\" allowfullscreen><\/iframe><\/p>\n<p style=\"text-align: center;\">(Fonte: dispon\u00edvel na internet)<\/p>\n<h3>Rob\u00f4 modular:<\/h3>\n<p style=\"text-align: center;\">(Fonte: dispon\u00edvel na internet)<\/p>\n<p style=\"text-align: center;\">(Fonte: dispon\u00edvel na internet)<\/p>\n<h3><a href=\"https:\/\/sites.usp.br\/ldsv\/wp-content\/uploads\/sites\/1453\/2024\/06\/Cubli_IEEE_12.pdf\" target=\"_blank\" rel=\"noopener\"><em><strong>Cubeli<\/strong> <\/em><\/a>&#8211; <a href=\"https:\/\/sites.usp.br\/ldsv\/wp-content\/uploads\/sites\/1453\/2024\/06\/Cubli_ECC2013.pdf\" target=\"_blank\" rel=\"noopener\"><em><strong>Cubo Controlado<\/strong><\/em><\/a>:<\/h3>\n<div style=\"width: 604px;\" class=\"wp-video\"><video class=\"wp-video-shortcode\" id=\"video-283-6\" width=\"604\" height=\"340\" preload=\"metadata\" controls=\"controls\"><source type=\"video\/mp4\" src=\"https:\/\/sites.usp.br\/ldsv\/wp-content\/uploads\/sites\/1453\/2026\/01\/The-Cubli.mp4?_=6\" \/><a href=\"https:\/\/sites.usp.br\/ldsv\/wp-content\/uploads\/sites\/1453\/2026\/01\/The-Cubli.mp4\">https:\/\/sites.usp.br\/ldsv\/wp-content\/uploads\/sites\/1453\/2026\/01\/The-Cubli.mp4<\/a><\/video><\/div>\n<p><a href=\"https:\/\/youtu.be\/n_6p-1J551Y\" target=\"_blank\" rel=\"noopener\">(Fonte: dispon\u00edvel na internet)<\/a><\/p>\n<h3>Robo bipede<\/h3>\n<p>&nbsp;<\/p>\n<div style=\"width: 478px;\" class=\"wp-video\"><video class=\"wp-video-shortcode\" id=\"video-283-7\" width=\"478\" height=\"850\" preload=\"metadata\" controls=\"controls\"><source type=\"video\/mp4\" src=\"https:\/\/sites.usp.br\/ldsv\/wp-content\/uploads\/sites\/1453\/2025\/05\/Robo_bipede.mp4?_=7\" \/><a href=\"https:\/\/sites.usp.br\/ldsv\/wp-content\/uploads\/sites\/1453\/2025\/05\/Robo_bipede.mp4\">https:\/\/sites.usp.br\/ldsv\/wp-content\/uploads\/sites\/1453\/2025\/05\/Robo_bipede.mp4<\/a><\/video><\/div>\n<p style=\"text-align: center;\">(Fonte: dispon\u00edvel na internet)<\/p>\n<p>&nbsp;<\/p>\n<p>Kits de rob\u00f3tica (<a href=\"https:\/\/www.ba-bot.com\/\" target=\"_blank\" rel=\"noopener\"><em><strong>Babot<\/strong><\/em><\/a> e <a href=\"https:\/\/www.robocore.net\/kit-arduino\/kit-iniciante-para-robotica\" target=\"_blank\" rel=\"noopener\"><em><strong>Robo-Core<\/strong><\/em><\/a>)<\/p>\n<h3><img loading=\"lazy\" decoding=\"async\" class=\"alignnone size-medium\" src=\"https:\/\/www.ba-bot.com\/wp-content\/uploads\/2025\/04\/main-ezgif.com-optimize.gif\" width=\"480\" height=\"586\" \/><\/h3>\n<p style=\"text-align: center;\">(Fonte: dispon\u00edvel na internet)<\/p>\n<p>&nbsp;<\/p>\n<p>&nbsp;<\/p>\n<p>Veiculo de Transporte de Carga (<a href=\"https:\/\/emartcar.com.br\/produto\/\" target=\"_blank\" rel=\"noopener\"><em><strong>EmartCar<\/strong><\/em><\/a>)<\/p>\n<p><iframe loading=\"lazy\" title=\"Ve\u00edculo El\u00e9trico para cargas e coleta de res\u00edduos - E Mart 400\" width=\"604\" height=\"340\" src=\"https:\/\/www.youtube.com\/embed\/qJi8ImjVTbE?feature=oembed\" frameborder=\"0\" allow=\"accelerometer; autoplay; clipboard-write; encrypted-media; gyroscope; picture-in-picture; web-share\" referrerpolicy=\"strict-origin-when-cross-origin\" allowfullscreen><\/iframe><\/p>\n<p style=\"text-align: center;\">(Fonte: dispon\u00edvel na internet)<\/p>\n<p>&nbsp;<\/p>\n<p>Cadeira Aranha (Toyota)<\/p>\n<div style=\"width: 478px;\" class=\"wp-video\"><video class=\"wp-video-shortcode\" id=\"video-283-8\" width=\"478\" height=\"850\" preload=\"metadata\" controls=\"controls\"><source type=\"video\/mp4\" src=\"https:\/\/sites.usp.br\/ldsv\/wp-content\/uploads\/sites\/1453\/2025\/11\/Toyota_Chair.mp4?_=8\" \/><a href=\"https:\/\/sites.usp.br\/ldsv\/wp-content\/uploads\/sites\/1453\/2025\/11\/Toyota_Chair.mp4\">https:\/\/sites.usp.br\/ldsv\/wp-content\/uploads\/sites\/1453\/2025\/11\/Toyota_Chair.mp4<\/a><\/video><\/div>\n<p style=\"text-align: center;\">(Fonte: dispon\u00edvel na internet)<\/p>\n<p>&nbsp;<\/p>\n<p>&nbsp;<\/p>\n<div style=\"width: 576px;\" class=\"wp-video\"><video class=\"wp-video-shortcode\" id=\"video-283-9\" width=\"576\" height=\"1024\" preload=\"metadata\" controls=\"controls\"><source type=\"video\/mp4\" src=\"https:\/\/sites.usp.br\/ldsv\/wp-content\/uploads\/sites\/1453\/2025\/11\/Spider_Robot.mp4?_=9\" \/><a href=\"https:\/\/sites.usp.br\/ldsv\/wp-content\/uploads\/sites\/1453\/2025\/11\/Spider_Robot.mp4\">https:\/\/sites.usp.br\/ldsv\/wp-content\/uploads\/sites\/1453\/2025\/11\/Spider_Robot.mp4<\/a><\/video><\/div>\n<p style=\"text-align: center;\">(Fonte: tiktok dispon\u00edvel na internet)<\/p>\n<p>&nbsp;<\/p>\n<div style=\"width: 478px;\" class=\"wp-video\"><video class=\"wp-video-shortcode\" id=\"video-283-10\" width=\"478\" height=\"850\" preload=\"metadata\" controls=\"controls\"><source type=\"video\/mp4\" src=\"https:\/\/sites.usp.br\/ldsv\/wp-content\/uploads\/sites\/1453\/2025\/11\/Four_Wheel_Drive_with_Legs.mp4?_=10\" \/><a href=\"https:\/\/sites.usp.br\/ldsv\/wp-content\/uploads\/sites\/1453\/2025\/11\/Four_Wheel_Drive_with_Legs.mp4\">https:\/\/sites.usp.br\/ldsv\/wp-content\/uploads\/sites\/1453\/2025\/11\/Four_Wheel_Drive_with_Legs.mp4<\/a><\/video><\/div>\n<p style=\"text-align: center;\">(Fonte: dispon\u00edvel na internet)<\/p>\n<h3><\/h3>\n<h3>Ve\u00edculo Off-Road<\/h3>\n<div style=\"width: 478px;\" class=\"wp-video\"><video class=\"wp-video-shortcode\" id=\"video-283-11\" width=\"478\" height=\"850\" preload=\"metadata\" controls=\"controls\"><source type=\"video\/mp4\" src=\"https:\/\/sites.usp.br\/ldsv\/wp-content\/uploads\/sites\/1453\/2026\/01\/Off_Road_Fast.mp4?_=11\" \/><a href=\"https:\/\/sites.usp.br\/ldsv\/wp-content\/uploads\/sites\/1453\/2026\/01\/Off_Road_Fast.mp4\">https:\/\/sites.usp.br\/ldsv\/wp-content\/uploads\/sites\/1453\/2026\/01\/Off_Road_Fast.mp4<\/a><\/video><\/div>\n<p>(Fonte: dispon\u00edvel na internet)<\/p>\n<div style=\"width: 576px;\" class=\"wp-video\"><video class=\"wp-video-shortcode\" id=\"video-283-12\" width=\"576\" height=\"1024\" preload=\"metadata\" controls=\"controls\"><source type=\"video\/mp4\" src=\"https:\/\/sites.usp.br\/ldsv\/wp-content\/uploads\/sites\/1453\/2026\/01\/Robot_Pulga.mp4?_=12\" \/><a href=\"https:\/\/sites.usp.br\/ldsv\/wp-content\/uploads\/sites\/1453\/2026\/01\/Robot_Pulga.mp4\">https:\/\/sites.usp.br\/ldsv\/wp-content\/uploads\/sites\/1453\/2026\/01\/Robot_Pulga.mp4<\/a><\/video><\/div>\n<p>Fonte: Internet<\/p>\n<div style=\"width: 576px;\" class=\"wp-video\"><video class=\"wp-video-shortcode\" id=\"video-283-13\" width=\"576\" height=\"1024\" preload=\"metadata\" controls=\"controls\"><source type=\"video\/mp4\" src=\"https:\/\/sites.usp.br\/ldsv\/wp-content\/uploads\/sites\/1453\/2026\/01\/Robot_Spider.mp4?_=13\" \/><a href=\"https:\/\/sites.usp.br\/ldsv\/wp-content\/uploads\/sites\/1453\/2026\/01\/Robot_Spider.mp4\">https:\/\/sites.usp.br\/ldsv\/wp-content\/uploads\/sites\/1453\/2026\/01\/Robot_Spider.mp4<\/a><\/video><\/div>\n<p>Fonte: Intermet<\/p>\n<p>&nbsp;<\/p>\n<div style=\"width: 478px;\" class=\"wp-video\"><video class=\"wp-video-shortcode\" id=\"video-283-14\" width=\"478\" height=\"850\" preload=\"metadata\" controls=\"controls\"><source type=\"video\/mp4\" src=\"https:\/\/sites.usp.br\/ldsv\/wp-content\/uploads\/sites\/1453\/2026\/01\/Off_Road_Land_Smooth.mp4?_=14\" \/><a href=\"https:\/\/sites.usp.br\/ldsv\/wp-content\/uploads\/sites\/1453\/2026\/01\/Off_Road_Land_Smooth.mp4\">https:\/\/sites.usp.br\/ldsv\/wp-content\/uploads\/sites\/1453\/2026\/01\/Off_Road_Land_Smooth.mp4<\/a><\/video><\/div>\n<p>Fonte: Video Internet<\/p>\n<p>&nbsp;<\/p>\n<h3>Monotrem: Sistema em Equil\u00edbrio<\/h3>\n<p><iframe loading=\"lazy\" title=\"The Self Balancing Monorail\" width=\"604\" height=\"340\" src=\"https:\/\/www.youtube.com\/embed\/kUYzuAJeg3M?feature=oembed\" frameborder=\"0\" allow=\"accelerometer; autoplay; clipboard-write; encrypted-media; gyroscope; picture-in-picture; web-share\" referrerpolicy=\"strict-origin-when-cross-origin\" allowfullscreen><\/iframe><\/p>\n<p style=\"text-align: center;\">(Fonte: dispon\u00edvel na internet)<\/p>\n<p>&nbsp;<\/p>\n<h3>Veiculo para qualquer terreno (Russia):<\/h3>\n<div style=\"width: 604px;\" class=\"wp-video\"><video class=\"wp-video-shortcode\" id=\"video-283-15\" width=\"604\" height=\"340\" preload=\"metadata\" controls=\"controls\"><source type=\"video\/mp4\" src=\"https:\/\/sites.usp.br\/ldsv\/wp-content\/uploads\/sites\/1453\/2024\/10\/VEICULOS-TODO-TERRENO-RUSSOS.mp4?_=15\" \/><a href=\"https:\/\/sites.usp.br\/ldsv\/wp-content\/uploads\/sites\/1453\/2024\/10\/VEICULOS-TODO-TERRENO-RUSSOS.mp4\">https:\/\/sites.usp.br\/ldsv\/wp-content\/uploads\/sites\/1453\/2024\/10\/VEICULOS-TODO-TERRENO-RUSSOS.mp4<\/a><\/video><\/div>\n<p style=\"text-align: center;\">(Fonte: dispon\u00edvel na internet)<\/p>\n<p>&nbsp;<\/p>\n<p>Mecanismo de <a href=\"https:\/\/youtu.be\/ymTYdAy_WjI\" target=\"_blank\" rel=\"noopener\"><strong>Torpedo Mark 2<\/strong><\/a><\/p>\n<p>&nbsp;<\/p>\n<p>Mecanismo de <a href=\"https:\/\/youtu.be\/sQJCOnyUvfU\" target=\"_blank\" rel=\"noopener\"><strong>Torpedo Brennan<\/strong><\/a><\/p>\n<p>&nbsp;<\/p>\n<p>Modelagem e Simula\u00e7\u00e3o de <a href=\"https:\/\/www.3ds.com\/products\/simulia\/simpack\/wind\" target=\"_blank\" rel=\"noopener\"><em><strong>Turbina Eolica<\/strong><\/em><\/a>.<\/p>\n","protected":false},"excerpt":{"rendered":"<p>Veja alguns ve\u00edculo em manobras especiais: Espiral dentro de tubo com bicicleta (BMX full pipe loop) (Fonte: dispon\u00edvel na internet) &nbsp; (Fonte: dispon\u00edvel na internet) (Fonte: dispon\u00edvel na internet) Manobras acrob\u00e1ticas de paraquedistas sobre o Cristo Redentor e Pedra da G\u00e1vea no Rio de Janeiro, Brasil: (Fonte: dispon\u00edvel na internet) (Fonte: dispon\u00edvel na internet) Manobra [&hellip;]<\/p>\n","protected":false},"author":24004,"featured_media":0,"parent":142,"menu_order":9,"comment_status":"closed","ping_status":"closed","template":"","meta":{"footnotes":"","_links_to":"","_links_to_target":""},"class_list":["post-283","page","type-page","status-publish","hentry"],"_links":{"self":[{"href":"https:\/\/sites.usp.br\/ldsv\/wp-json\/wp\/v2\/pages\/283","targetHints":{"allow":["GET"]}}],"collection":[{"href":"https:\/\/sites.usp.br\/ldsv\/wp-json\/wp\/v2\/pages"}],"about":[{"href":"https:\/\/sites.usp.br\/ldsv\/wp-json\/wp\/v2\/types\/page"}],"author":[{"embeddable":true,"href":"https:\/\/sites.usp.br\/ldsv\/wp-json\/wp\/v2\/users\/24004"}],"replies":[{"embeddable":true,"href":"https:\/\/sites.usp.br\/ldsv\/wp-json\/wp\/v2\/comments?post=283"}],"version-history":[{"count":5,"href":"https:\/\/sites.usp.br\/ldsv\/wp-json\/wp\/v2\/pages\/283\/revisions"}],"predecessor-version":[{"id":3036,"href":"https:\/\/sites.usp.br\/ldsv\/wp-json\/wp\/v2\/pages\/283\/revisions\/3036"}],"up":[{"embeddable":true,"href":"https:\/\/sites.usp.br\/ldsv\/wp-json\/wp\/v2\/pages\/142"}],"wp:attachment":[{"href":"https:\/\/sites.usp.br\/ldsv\/wp-json\/wp\/v2\/media?parent=283"}],"curies":[{"name":"wp","href":"https:\/\/api.w.org\/{rel}","templated":true}]}}