{"id":298,"date":"2024-06-11T19:45:38","date_gmt":"2024-06-11T21:45:38","guid":{"rendered":"https:\/\/sites.usp.br\/ldsv\/?page_id=298"},"modified":"2024-06-23T19:32:24","modified_gmt":"2024-06-23T21:32:24","slug":"clientes","status":"publish","type":"page","link":"https:\/\/sites.usp.br\/ldsv\/pavimetro\/clientes\/","title":{"rendered":"Clientes"},"content":{"rendered":"<p>Alguns clientes do sistema de medi\u00e7\u00e3o PAV\u00cdMETRO<sup>\u00ae<\/sup><\/p>\n<h3 class=\"titinterno\">Concession\u00e1rias<\/h3>\n<div class=\"caixa\">\n<p>AutoBan<br \/>\nNovaDutra<br \/>\nEngelog<\/p>\n<p>Para maiores detalhes de medi\u00e7\u00e3o entre em\u00a0<a title=\"Telefone \/ Contato\" href=\"https:\/\/sites.usp.br\/ldsv\/pagina-1\/telefone-endereco\/\">contato<\/a>\u00a0conosco.<\/p>\n<h3 class=\"titinterno\">Industria e Engenharia<\/h3>\n<div class=\"caixa\">\n<p>Multicorpos<br \/>\nVW Caminh\u00f5es<br \/>\nGoodyear<\/p>\n<p>Para maiores detalhes de medi\u00e7\u00e3o entre em\u00a0<a href=\"https:\/\/sites.usp.br\/ldsv\/pagina-1\/telefone-endereco\/\">contato<\/a>\u00a0conosco.<\/p>\n<h3 class=\"titinterno\">Poder P\u00fablico<\/h3>\n<div class=\"caixa\">\n<p>Prefeitura Municipal de Ja\u00fa, Estado de S\u00e3o Paulo.<br \/>\nARTESP<\/p>\n<p>Para maiores detalhes entre em\u00a0<a href=\"https:\/\/sites.usp.br\/ldsv\/pagina-1\/telefone-endereco\/\">contato<\/a>\u00a0conosco.<\/p>\n<\/div>\n<\/div>\n<\/div>\n","protected":false},"excerpt":{"rendered":"<p>Alguns clientes do sistema de medi\u00e7\u00e3o PAV\u00cdMETRO\u00ae Concession\u00e1rias AutoBan NovaDutra Engelog Para maiores detalhes de medi\u00e7\u00e3o entre em\u00a0contato\u00a0conosco. Industria e Engenharia Multicorpos VW Caminh\u00f5es Goodyear Para maiores detalhes de medi\u00e7\u00e3o entre em\u00a0contato\u00a0conosco. Poder P\u00fablico Prefeitura Municipal de Ja\u00fa, Estado de S\u00e3o Paulo. ARTESP Para maiores detalhes entre em\u00a0contato\u00a0conosco.<\/p>\n","protected":false},"author":24004,"featured_media":0,"parent":144,"menu_order":6,"comment_status":"closed","ping_status":"closed","template":"","meta":{"footnotes":"","_links_to":"","_links_to_target":""},"class_list":["post-298","page","type-page","status-publish","hentry"],"_links":{"self":[{"href":"https:\/\/sites.usp.br\/ldsv\/wp-json\/wp\/v2\/pages\/298","targetHints":{"allow":["GET"]}}],"collection":[{"href":"https:\/\/sites.usp.br\/ldsv\/wp-json\/wp\/v2\/pages"}],"about":[{"href":"https:\/\/sites.usp.br\/ldsv\/wp-json\/wp\/v2\/types\/page"}],"author":[{"embeddable":true,"href":"https:\/\/sites.usp.br\/ldsv\/wp-json\/wp\/v2\/users\/24004"}],"replies":[{"embeddable":true,"href":"https:\/\/sites.usp.br\/ldsv\/wp-json\/wp\/v2\/comments?post=298"}],"version-history":[{"count":3,"href":"https:\/\/sites.usp.br\/ldsv\/wp-json\/wp\/v2\/pages\/298\/revisions"}],"predecessor-version":[{"id":920,"href":"https:\/\/sites.usp.br\/ldsv\/wp-json\/wp\/v2\/pages\/298\/revisions\/920"}],"up":[{"embeddable":true,"href":"https:\/\/sites.usp.br\/ldsv\/wp-json\/wp\/v2\/pages\/144"}],"wp:attachment":[{"href":"https:\/\/sites.usp.br\/ldsv\/wp-json\/wp\/v2\/media?parent=298"}],"curies":[{"name":"wp","href":"https:\/\/api.w.org\/{rel}","templated":true}]}}