{"id":302,"date":"2024-06-11T19:46:59","date_gmt":"2024-06-11T21:46:59","guid":{"rendered":"https:\/\/sites.usp.br\/ldsv\/?page_id=302"},"modified":"2024-11-07T11:59:44","modified_gmt":"2024-11-07T13:59:44","slug":"auto-estrada","status":"publish","type":"page","link":"https:\/\/sites.usp.br\/ldsv\/pavimetro\/exemplos\/auto-estrada\/","title":{"rendered":"Auto Estrada"},"content":{"rendered":"<p>Medi\u00e7\u00e3o da cota vertical topogr\u00e1fica<\/p>\n<p><a href=\"https:\/\/sites.usp.br\/ldsv\/wp-content\/uploads\/sites\/1453\/2024\/06\/cotavert_autoestrada1.jpg\"><img loading=\"lazy\" decoding=\"async\" class=\"alignnone size-medium wp-image-922\" src=\"https:\/\/sites.usp.br\/ldsv\/wp-content\/uploads\/sites\/1453\/2024\/06\/cotavert_autoestrada1-300x225.jpg\" alt=\"\" width=\"300\" height=\"225\" srcset=\"https:\/\/sites.usp.br\/ldsv\/wp-content\/uploads\/sites\/1453\/2024\/06\/cotavert_autoestrada1-300x225.jpg 300w, https:\/\/sites.usp.br\/ldsv\/wp-content\/uploads\/sites\/1453\/2024\/06\/cotavert_autoestrada1-80x60.jpg 80w, https:\/\/sites.usp.br\/ldsv\/wp-content\/uploads\/sites\/1453\/2024\/06\/cotavert_autoestrada1-400x300.jpg 400w, https:\/\/sites.usp.br\/ldsv\/wp-content\/uploads\/sites\/1453\/2024\/06\/cotavert_autoestrada1.jpg 520w\" sizes=\"auto, (max-width: 300px) 100vw, 300px\" \/><\/a><\/p>\n<p>\u00cdndice de Irregularidade por trecho e global<\/p>\n<p><a href=\"https:\/\/sites.usp.br\/ldsv\/wp-content\/uploads\/sites\/1453\/2024\/06\/iri_autoestrada1-150x150-1.jpg\"><img loading=\"lazy\" decoding=\"async\" class=\"alignnone wp-image-924\" src=\"https:\/\/sites.usp.br\/ldsv\/wp-content\/uploads\/sites\/1453\/2024\/06\/iri_autoestrada1-150x150-1.jpg\" alt=\"\" width=\"346\" height=\"346\" srcset=\"https:\/\/sites.usp.br\/ldsv\/wp-content\/uploads\/sites\/1453\/2024\/06\/iri_autoestrada1-150x150-1.jpg 150w, https:\/\/sites.usp.br\/ldsv\/wp-content\/uploads\/sites\/1453\/2024\/06\/iri_autoestrada1-150x150-1-45x45.jpg 45w\" sizes=\"auto, (max-width: 346px) 100vw, 346px\" \/><\/a><\/p>\n<p>Conte\u00fado de irregularidades em comprimento de ondas<\/p>\n<p><a href=\"https:\/\/sites.usp.br\/ldsv\/wp-content\/uploads\/sites\/1453\/2024\/06\/psd_autoestrada1-300x224-1.jpg\"><img loading=\"lazy\" decoding=\"async\" class=\"alignnone size-full wp-image-925\" src=\"https:\/\/sites.usp.br\/ldsv\/wp-content\/uploads\/sites\/1453\/2024\/06\/psd_autoestrada1-300x224-1.jpg\" alt=\"\" width=\"300\" height=\"224\" srcset=\"https:\/\/sites.usp.br\/ldsv\/wp-content\/uploads\/sites\/1453\/2024\/06\/psd_autoestrada1-300x224-1.jpg 300w, https:\/\/sites.usp.br\/ldsv\/wp-content\/uploads\/sites\/1453\/2024\/06\/psd_autoestrada1-300x224-1-80x60.jpg 80w\" sizes=\"auto, (max-width: 300px) 100vw, 300px\" \/><\/a><\/p>\n","protected":false},"excerpt":{"rendered":"<p>Medi\u00e7\u00e3o da cota vertical topogr\u00e1fica \u00cdndice de Irregularidade por trecho e global Conte\u00fado de irregularidades em comprimento de ondas<\/p>\n","protected":false},"author":24004,"featured_media":0,"parent":292,"menu_order":0,"comment_status":"closed","ping_status":"closed","template":"","meta":{"footnotes":"","_links_to":"","_links_to_target":""},"class_list":["post-302","page","type-page","status-publish","hentry"],"_links":{"self":[{"href":"https:\/\/sites.usp.br\/ldsv\/wp-json\/wp\/v2\/pages\/302","targetHints":{"allow":["GET"]}}],"collection":[{"href":"https:\/\/sites.usp.br\/ldsv\/wp-json\/wp\/v2\/pages"}],"about":[{"href":"https:\/\/sites.usp.br\/ldsv\/wp-json\/wp\/v2\/types\/page"}],"author":[{"embeddable":true,"href":"https:\/\/sites.usp.br\/ldsv\/wp-json\/wp\/v2\/users\/24004"}],"replies":[{"embeddable":true,"href":"https:\/\/sites.usp.br\/ldsv\/wp-json\/wp\/v2\/comments?post=302"}],"version-history":[{"count":3,"href":"https:\/\/sites.usp.br\/ldsv\/wp-json\/wp\/v2\/pages\/302\/revisions"}],"predecessor-version":[{"id":2497,"href":"https:\/\/sites.usp.br\/ldsv\/wp-json\/wp\/v2\/pages\/302\/revisions\/2497"}],"up":[{"embeddable":true,"href":"https:\/\/sites.usp.br\/ldsv\/wp-json\/wp\/v2\/pages\/292"}],"wp:attachment":[{"href":"https:\/\/sites.usp.br\/ldsv\/wp-json\/wp\/v2\/media?parent=302"}],"curies":[{"name":"wp","href":"https:\/\/api.w.org\/{rel}","templated":true}]}}