{"id":340,"date":"2024-06-11T19:58:07","date_gmt":"2024-06-11T21:58:07","guid":{"rendered":"https:\/\/sites.usp.br\/ldsv\/?page_id=340"},"modified":"2024-06-13T21:14:59","modified_gmt":"2024-06-13T23:14:59","slug":"dispositivos-mems","status":"publish","type":"page","link":"https:\/\/sites.usp.br\/ldsv\/dispositivos-mecanicos-de-movimentacao\/dispositivos-mems\/","title":{"rendered":"Dispositivos MEMS"},"content":{"rendered":"<p>Os dispositivos micro-electro-mec\u00e2nicos ou MEMS (Microelectromechanical systems) \u00e9 uma nova tecnologia de dispositivos microsc\u00f3picos, que tem pequenas partes mec\u00e2nicas acionadas por movimentos. Alguns sensores s\u00e3o feitos destes dispositivos como por exemplo aceler\u00f4metro, girometro (velocidade angular \u2013 rate gyro) e magnet\u00f4metro.<\/p>\n<p>Veja como funcionam os MEMS de aceler\u00f4metro, girometro e magnet\u00f4metro:<\/p>\n<div align=\"center\"><iframe loading=\"lazy\" src=\"https:\/\/www.youtube.com\/embed\/eqZgxR6eRjo\" width=\"560\" height=\"314\" allowfullscreen=\"allowfullscreen\" data-mce-fragment=\"1\"><\/iframe><\/div>\n<div align=\"center\"><\/div>\n<div align=\"center\">Gir\u00f4metro de anel oscilatorio<\/div>\n<div align=\"center\"><iframe loading=\"lazy\" src=\"https:\/\/www.youtube.com\/embed\/IBCHOsenlQ0\" width=\"560\" height=\"314\" allowfullscreen=\"allowfullscreen\" data-mce-fragment=\"1\"><\/iframe>&nbsp;<\/p>\n<p>Gir\u00f4metro laser\u00a0 (Sagnac Interferometer effect)<\/p>\n<\/div>\n<div align=\"center\"><\/div>\n<div align=\"center\"><iframe loading=\"lazy\" src=\"https:\/\/www.youtube.com\/embed\/xnN6vXIo_d0\" width=\"560\" height=\"314\" allowfullscreen=\"allowfullscreen\" data-mce-fragment=\"1\"><\/iframe>&nbsp;<\/p>\n<p><span class=\"im\"><iframe loading=\"lazy\" src=\"https:\/\/www.youtube.com\/embed\/SWmlimH7laY\" width=\"560\" height=\"314\" allowfullscreen=\"allowfullscreen\" data-mce-fragment=\"1\"><\/iframe><\/span><\/p>\n<\/div>\n","protected":false},"excerpt":{"rendered":"<p>Os dispositivos micro-electro-mec\u00e2nicos ou MEMS (Microelectromechanical systems) \u00e9 uma nova tecnologia de dispositivos microsc\u00f3picos, que tem pequenas partes mec\u00e2nicas acionadas por movimentos. Alguns sensores s\u00e3o feitos destes dispositivos como por exemplo aceler\u00f4metro, girometro (velocidade angular \u2013 rate gyro) e magnet\u00f4metro. Veja como funcionam os MEMS de aceler\u00f4metro, girometro e magnet\u00f4metro: Gir\u00f4metro de anel oscilatorio &nbsp; [&hellip;]<\/p>\n","protected":false},"author":24004,"featured_media":0,"parent":211,"menu_order":14,"comment_status":"closed","ping_status":"closed","template":"","meta":{"footnotes":"","_links_to":"","_links_to_target":""},"class_list":["post-340","page","type-page","status-publish","hentry"],"_links":{"self":[{"href":"https:\/\/sites.usp.br\/ldsv\/wp-json\/wp\/v2\/pages\/340","targetHints":{"allow":["GET"]}}],"collection":[{"href":"https:\/\/sites.usp.br\/ldsv\/wp-json\/wp\/v2\/pages"}],"about":[{"href":"https:\/\/sites.usp.br\/ldsv\/wp-json\/wp\/v2\/types\/page"}],"author":[{"embeddable":true,"href":"https:\/\/sites.usp.br\/ldsv\/wp-json\/wp\/v2\/users\/24004"}],"replies":[{"embeddable":true,"href":"https:\/\/sites.usp.br\/ldsv\/wp-json\/wp\/v2\/comments?post=340"}],"version-history":[{"count":2,"href":"https:\/\/sites.usp.br\/ldsv\/wp-json\/wp\/v2\/pages\/340\/revisions"}],"predecessor-version":[{"id":454,"href":"https:\/\/sites.usp.br\/ldsv\/wp-json\/wp\/v2\/pages\/340\/revisions\/454"}],"up":[{"embeddable":true,"href":"https:\/\/sites.usp.br\/ldsv\/wp-json\/wp\/v2\/pages\/211"}],"wp:attachment":[{"href":"https:\/\/sites.usp.br\/ldsv\/wp-json\/wp\/v2\/media?parent=340"}],"curies":[{"name":"wp","href":"https:\/\/api.w.org\/{rel}","templated":true}]}}