{"id":62,"date":"2014-02-12T11:28:30","date_gmt":"2014-02-12T13:28:30","guid":{"rendered":"http:\/\/sites.usp.br\/ldsv\/?page_id=62"},"modified":"2025-08-13T12:06:19","modified_gmt":"2025-08-13T14:06:19","slug":"pagina-1","status":"publish","type":"page","link":"https:\/\/sites.usp.br\/ldsv\/","title":{"rendered":"O  LDSV"},"content":{"rendered":"<div class=\"column column-full column-content column-last single\">\n<p>&nbsp;<\/p>\n<p><a href=\"https:\/\/sites.usp.br\/ldsv\/wp-content\/uploads\/sites\/1453\/2024\/06\/logo_LDSV_cinza.jpg\"><img loading=\"lazy\" decoding=\"async\" class=\"aligncenter  wp-image-695\" src=\"https:\/\/sites.usp.br\/ldsv\/wp-content\/uploads\/sites\/1453\/2024\/06\/logo_LDSV_cinza-300x176.jpg\" alt=\"\" width=\"472\" height=\"277\" srcset=\"https:\/\/sites.usp.br\/ldsv\/wp-content\/uploads\/sites\/1453\/2024\/06\/logo_LDSV_cinza-300x176.jpg 300w, https:\/\/sites.usp.br\/ldsv\/wp-content\/uploads\/sites\/1453\/2024\/06\/logo_LDSV_cinza-1024x601.jpg 1024w, https:\/\/sites.usp.br\/ldsv\/wp-content\/uploads\/sites\/1453\/2024\/06\/logo_LDSV_cinza-768x451.jpg 768w, https:\/\/sites.usp.br\/ldsv\/wp-content\/uploads\/sites\/1453\/2024\/06\/logo_LDSV_cinza-400x235.jpg 400w, https:\/\/sites.usp.br\/ldsv\/wp-content\/uploads\/sites\/1453\/2024\/06\/logo_LDSV_cinza.jpg 1203w\" sizes=\"auto, (max-width: 472px) 100vw, 472px\" \/><\/a><\/p>\n<p>&nbsp;<\/p>\n<p style=\"text-align: justify;\">O LABORAT\u00d3RIO DE DIN\u00c2MICA E SIMULA\u00c7\u00c3O VEICULAR \u2013 LDSV do <a href=\"https:\/\/sites.usp.br\/pme\/\" target=\"_blank\" rel=\"noopener\"><em><strong>Departamento de Engenharia Mec\u00e2nica<\/strong><\/em><\/a> da <a href=\"https:\/\/www.poli.usp.br\/departamentos\" target=\"_blank\" rel=\"noopener\"><em><strong>POLI<\/strong> <\/em><\/a>na <a href=\"https:\/\/www5.usp.br\/\" target=\"_blank\" rel=\"noopener\"><em><strong>USP<\/strong><\/em><\/a>, tem como objetivo realizar <em><a href=\"https:\/\/sites.usp.br\/ldsv\/pagina-2\/\"><strong>pesquisas<\/strong><\/a><\/em>\u00a0e desenvolvimentos sobre o comportamento din\u00e2mico de <a href=\"https:\/\/sites.usp.br\/ldsv\/pagina-2\/modelagem-de-sistemas-mecanicos\/\"><strong><em>sistemas mec\u00e2nicos<\/em><\/strong><\/a>, aplicadas principalmente ao desenvolvimento e otimiza\u00e7\u00e3o de equipamentos de\u00a0mobilidade. Entre as \u00e1reas de aplica\u00e7\u00e3o destacam-se o setor\u00a0<strong><em><a title=\"Automotivo\" href=\"https:\/\/sites.usp.br\/ldsv\/automotivo\/\">automotivo<\/a><\/em>,<\/strong>\u00a0<a title=\"Metroferrovi\u00e1rio\" href=\"https:\/\/sites.usp.br\/ldsv\/metroferroviario\/\"><strong><em>metro-ferrovi\u00e1rio<\/em><\/strong><\/a>, ve\u00edculos <em><a href=\"https:\/\/sites.usp.br\/ldsv\/automotivo\/veiculo-de-competicao\/\"><strong>esportivos<\/strong><\/a><\/em>, agr\u00edcola, <a href=\"https:\/\/sites.usp.br\/ldsv\/veiculos-especiais\/projeto-de-monociclo\/\"><em><strong>monociclos<\/strong><\/em><\/a>, <a href=\"https:\/\/sites.usp.br\/ldsv\/veiculos-especiais\/modelo-de-bicicleta\/\"><em><strong>motociclismo<\/strong><\/em><\/a>,\u00a0<em><a title=\"Ve\u00edculos especiais\" href=\"https:\/\/sites.usp.br\/ldsv\/veiculos-especiais\/\"><strong>ve\u00edculos especiais<\/strong><\/a><\/em> entre outros. Desenvolve e utiliza ferramentas de <a href=\"https:\/\/sites.usp.br\/ldsv\/pagina-2\/modelagem-de-sistemas-mecanicos\/\"><em><strong>modelagem\u00a0<\/strong><\/em><\/a>e <a href=\"https:\/\/www.poli.usp.br\/videos\/116833-video-confira-o-desenvolvimento-do-sistema-de-simulacao-de-trem-da-poli.html\" target=\"_blank\" rel=\"noopener\"><em><strong>simula\u00e7\u00e3o<\/strong><\/em><\/a> para projeto e avalia\u00e7\u00e3o de desempenho, <a href=\"https:\/\/sites.usp.br\/ldsv\/metroferroviario\/conforto\/\"><em><strong>conforto<\/strong><\/em><\/a> e\u00a0<em><strong><a title=\"Estudo da Seguran\u00e7a ao Tr\u00e1fego de Veiculo Metro-Ferrovi\u00e1rio\" href=\"https:\/\/sites.usp.br\/ldsv\/metroferroviario\/seguranca\/\">seguran\u00e7a<\/a><\/strong><\/em>. Contribui para a forma\u00e7\u00e3o e avan\u00e7o cient\u00edfico, desenvolvendo <em><a href=\"https:\/\/sites.usp.br\/ldsv\/pagina-2\/\"><strong>pesquisa<\/strong><\/a>\u00a0<\/em>e atividades de inova\u00e7\u00e3o tecnol\u00f3gica permitindo a forma\u00e7\u00e3o de alunos de\u00a0<em><strong><a href=\"https:\/\/sites.usp.br\/ldsv\/pagina-1\/alunos-de-graduacao\/\" target=\"_blank\" rel=\"noopener\">gradua\u00e7\u00e3o<\/a> <\/strong><\/em>e\u00a0<a href=\"https:\/\/sites.usp.br\/ldsv\/pagina-1\/alunos-de-pos-graduacao\/\" target=\"_blank\" rel=\"noopener\"><strong><em>p\u00f3s-gradua\u00e7\u00e3o<\/em><\/strong><\/a>\u00a0atrav\u00e9s da <a href=\"https:\/\/sites.usp.br\/ldsv\/pagina-2\/\"><em><strong>pesquisa<\/strong><\/em><\/a> com bolsas de <a href=\"http:\/\/www.prp.usp.br\/bolsas\/pibic\/\" target=\"_blank\" rel=\"noopener\"><strong><em>Inicia\u00e7\u00e3o Cient\u00edfica<\/em><\/strong><\/a>. O LDSV est\u00e1 inscrito no Diret\u00f3rio dos Grupos de <em><strong><a href=\"https:\/\/sites.usp.br\/ldsv\/pagina-2\/\">Pesquisa<\/a><\/strong><\/em> no Brasil.<\/p>\n<p align=\"justify\">Dentre as <em><a href=\"https:\/\/sites.usp.br\/ldsv\/pagina-2\/\"><strong>pesquisas<\/strong><\/a><\/em>\u00a0desenvolvidas no LDSV podemos destacar o desenvolvimento de sistemas de realidade virtual para a <a href=\"https:\/\/youtu.be\/RNpqFn99SLY\" target=\"_blank\" rel=\"noopener\"><strong><em>Simula\u00e7\u00e3o de Trens<\/em><\/strong><\/a>, que permite o treinamento de maquinistas e otimiza\u00e7\u00e3o da condu\u00e7\u00e3o de trens. Outro desenvolvimento relevante \u00e9 o\u00a0 Sistema Inercial de <a href=\"https:\/\/sites.usp.br\/ldsv\/pagina-2\/reducao-de-ordem-de-modelos\/\"><em><strong>Monitoramento<\/strong><\/em><\/a> embarcado, que permite monitorar e avaliar a <a href=\"https:\/\/sites.usp.br\/ldsv\/metroferroviario\/qualidade-da-via-ferrea\/\"><strong><em>qualidade da via f\u00e9rrea<\/em><\/strong><\/a>, o <a href=\"https:\/\/sites.usp.br\/ldsv\/metroferroviario\/conforto\/\"><em><strong>conforto<\/strong><\/em><\/a> dos passageiros e a <a href=\"https:\/\/sites.usp.br\/ldsv\/metroferroviario\/seguranca\/\"><em><strong>seguran\u00e7a<\/strong><\/em><\/a>\u00a0no tr\u00e1fego de ve\u00edculos.<\/p>\n<p align=\"justify\">Outros projetos desenvolvidos s\u00e3o: otimiza\u00e7\u00e3o de sistemas de <a title=\"Controle de Sistemas Mec\u00e2nicos\" href=\"https:\/\/sites.usp.br\/ldsv\/automotivo\/suspensao-ativa\/\"><strong><em>suspens\u00e3o de ve\u00edculos<\/em><\/strong><\/a>, engenharia esportiva e de <strong><a title=\"Veiculo de Competi\u00e7\u00e3o\" href=\"https:\/\/sites.usp.br\/ldsv\/automotivo\/veiculo-de-competicao\/\"><em>competi\u00e7\u00e3o<\/em><\/a><\/strong>, avalia\u00e7\u00e3o de\u00a0desempenho de <a href=\"https:\/\/sites.usp.br\/ldsv\/metroferroviario\/conforto\/\"><em><strong>conforto<\/strong><\/em><\/a>\u00a0e <a href=\"https:\/\/sites.usp.br\/ldsv\/metroferroviario\/seguranca\/\"><em><strong>seguran\u00e7a<\/strong><\/em><\/a>, <a title=\"Controle de Sistemas Mec\u00e2nicos\" href=\"https:\/\/sites.usp.br\/ldsv\/pagina-2\/controle-de-sistemas-mecanicos\/\"><strong><em>sistemas de controle<\/em><\/strong><\/a>, <a href=\"https:\/\/sites.usp.br\/ldsv\/pagina-2\/modelagem-de-sistemas-mecanicos\/\"><em><strong>modelagem<\/strong><\/em><\/a> e simula\u00e7\u00e3o de <a href=\"https:\/\/sites.usp.br\/ldsv\/metroferroviario\/\"><em><strong>sistemas metro-ferrovi\u00e1rios<\/strong><\/em><\/a>.<\/p>\n<p align=\"justify\">O LDSV possui as mais modernas <a href=\"https:\/\/sites.usp.br\/ldsv\/pagina-1\/infra-estrutura-do-ldsv\/\"><strong><em>ferramentas num\u00e9ricas<\/em><\/strong><\/a> para desenvolvimento das <a href=\"https:\/\/sites.usp.br\/ldsv\/pagina-2\/\"><em><strong>pesquisa<\/strong><\/em><\/a>\u00a0em sua \u00e1rea de atua\u00e7\u00e3o. Entre elas podemos destacar programas de Sistemas <em><strong><a title=\"Multicorpos\" href=\"https:\/\/sites.usp.br\/ldsv\/pagina-2\/multicorpos\/\">Multicorpos<\/a><\/strong><\/em>, <a href=\"https:\/\/sites.usp.br\/ldsv\/pagina-1\/infra-estrutura-do-ldsv\/\"><strong><em>Elementos Finitos<\/em><\/strong><\/a>, Sistemas Hidr\u00e1ulicos e Pneum\u00e1ticos e sistemas de\u00a0<em><strong><a title=\"Controle de Sistemas Mec\u00e2nicos\" href=\"https:\/\/sites.usp.br\/ldsv\/pagina-2\/controle-de-sistemas-mecanicos\/\">controle<\/a><\/strong><\/em>\u00a0e\u00a0 <em><strong><a title=\"Dispositivos Mec\u00e2nicos de Movimenta\u00e7\u00e3o\" href=\"https:\/\/sites.usp.br\/ldsv\/pagina-2\/dispositivos-mecanicos-de-movimentacao\/\">mec\u00e2nicos<\/a><\/strong><\/em>\u00a0em geral.<\/p>\n<p>A proposta deste site \u00e9 apresentar e descrever em linguagem simples algumas das atividades de <a href=\"https:\/\/sites.usp.br\/ldsv\/pagina-2\/\"><em><strong>pesquisa<\/strong><\/em><\/a> realizadas pelos <strong><a title=\"Professores\" href=\"https:\/\/sites.usp.br\/ldsv\/pagina-1\/professores\/\">Professores<\/a><\/strong>\u00a0associados ao laborat\u00f3rio, resultados dos trabalhos de alunos de\u00a0<strong><a href=\"https:\/\/sites.usp.br\/ldsv\/pagina-1\/alunos-de-graduacao\/\" target=\"_blank\" rel=\"noopener\">gradua\u00e7\u00e3o<\/a><\/strong> (TCC) e \u00a0<a href=\"https:\/\/sites.usp.br\/ldsv\/pagina-1\/alunos-de-pos-graduacao\/\" target=\"_blank\" rel=\"noopener\"><strong>p\u00f3s-gradua\u00e7\u00e3o<\/strong><\/a> (disserta\u00e7\u00e3o e tese) al\u00e9m de apresentar <a href=\"https:\/\/sites.usp.br\/ldsv\/dispositivos-mecanicos-de-movimentacao\/\"><em><strong>t\u00f3picos b\u00e1sicos<\/strong><\/em><\/a> e <a href=\"https:\/\/sites.usp.br\/ldsv\/pagina-1\/pagina-1-1\/\"><em><strong>informa\u00e7\u00f5es gerais<\/strong><\/em><\/a> para motiva\u00e7\u00e3o de alunos de gradua\u00e7\u00e3o e disponibilizar\u00a0<a href=\"https:\/\/sites.usp.br\/ldsv\/pagina-1\/publicacoes\/\"><em><strong>refer\u00eancias\u00a0<\/strong><\/em><\/a>e material\u00a0 <a href=\"https:\/\/sites.usp.br\/ldsv\/pagina-2\/bibliografia\/\"><em><strong>bibliogr\u00e1fico<\/strong><\/em><\/a>\u00a0 para estudo e consulta.<\/p>\n<\/div>\n<p>Veja alguns dos resultados de modelagem (<a href=\"https:\/\/sites.usp.br\/ldsv\/pagina-2\/multicorpos\/\"><em><strong>MBS<\/strong><\/em><\/a>) e simula\u00e7\u00e3o do comportamento din\u00e2mico de ve\u00edculos:<\/p>\n<p>&nbsp;<\/p>\n<div align=\"center\">\n<div style=\"width: 604px;\" class=\"wp-video\"><video class=\"wp-video-shortcode\" id=\"video-62-1\" width=\"604\" height=\"267\" preload=\"metadata\" controls=\"controls\"><source type=\"video\/mp4\" src=\"https:\/\/sites.usp.br\/ldsv\/wp-content\/uploads\/sites\/1453\/2024\/06\/msc_tractor_semitrailer-1.mp4?_=1\" \/><a href=\"https:\/\/sites.usp.br\/ldsv\/wp-content\/uploads\/sites\/1453\/2024\/06\/msc_tractor_semitrailer-1.mp4\">https:\/\/sites.usp.br\/ldsv\/wp-content\/uploads\/sites\/1453\/2024\/06\/msc_tractor_semitrailer-1.mp4<\/a><\/video><\/div>\n<\/div>\n<div align=\"center\">\n<div style=\"width: 604px;\" class=\"wp-video\"><video class=\"wp-video-shortcode\" id=\"video-62-2\" width=\"604\" height=\"267\" preload=\"metadata\" controls=\"controls\"><source type=\"video\/mp4\" src=\"https:\/\/sites.usp.br\/ldsv\/wp-content\/uploads\/sites\/1453\/2024\/06\/msc_tractor_unit-2.mp4?_=2\" \/><a href=\"https:\/\/sites.usp.br\/ldsv\/wp-content\/uploads\/sites\/1453\/2024\/06\/msc_tractor_unit-2.mp4\">https:\/\/sites.usp.br\/ldsv\/wp-content\/uploads\/sites\/1453\/2024\/06\/msc_tractor_unit-2.mp4<\/a><\/video><\/div>\n<\/div>\n","protected":false},"excerpt":{"rendered":"<p>&nbsp; &nbsp; O LABORAT\u00d3RIO DE DIN\u00c2MICA E SIMULA\u00c7\u00c3O VEICULAR \u2013 LDSV do Departamento de Engenharia Mec\u00e2nica da POLI na USP, tem como objetivo realizar pesquisas\u00a0e desenvolvimentos sobre o comportamento din\u00e2mico de sistemas mec\u00e2nicos, aplicadas principalmente ao desenvolvimento e otimiza\u00e7\u00e3o de equipamentos de\u00a0mobilidade. Entre as \u00e1reas de aplica\u00e7\u00e3o destacam-se o setor\u00a0automotivo,\u00a0metro-ferrovi\u00e1rio, ve\u00edculos esportivos, agr\u00edcola, monociclos, motociclismo,\u00a0ve\u00edculos [&hellip;]<\/p>\n","protected":false},"author":1,"featured_media":0,"parent":0,"menu_order":0,"comment_status":"closed","ping_status":"closed","template":"","meta":{"footnotes":"","_links_to":"","_links_to_target":""},"class_list":["post-62","page","type-page","status-publish","hentry"],"_links":{"self":[{"href":"https:\/\/sites.usp.br\/ldsv\/wp-json\/wp\/v2\/pages\/62","targetHints":{"allow":["GET"]}}],"collection":[{"href":"https:\/\/sites.usp.br\/ldsv\/wp-json\/wp\/v2\/pages"}],"about":[{"href":"https:\/\/sites.usp.br\/ldsv\/wp-json\/wp\/v2\/types\/page"}],"author":[{"embeddable":true,"href":"https:\/\/sites.usp.br\/ldsv\/wp-json\/wp\/v2\/users\/1"}],"replies":[{"embeddable":true,"href":"https:\/\/sites.usp.br\/ldsv\/wp-json\/wp\/v2\/comments?post=62"}],"version-history":[{"count":5,"href":"https:\/\/sites.usp.br\/ldsv\/wp-json\/wp\/v2\/pages\/62\/revisions"}],"predecessor-version":[{"id":2857,"href":"https:\/\/sites.usp.br\/ldsv\/wp-json\/wp\/v2\/pages\/62\/revisions\/2857"}],"wp:attachment":[{"href":"https:\/\/sites.usp.br\/ldsv\/wp-json\/wp\/v2\/media?parent=62"}],"curies":[{"name":"wp","href":"https:\/\/api.w.org\/{rel}","templated":true}]}}