{"id":665,"date":"2024-06-23T13:14:03","date_gmt":"2024-06-23T15:14:03","guid":{"rendered":"https:\/\/sites.usp.br\/ldsv\/?page_id=665"},"modified":"2025-01-29T11:30:35","modified_gmt":"2025-01-29T13:30:35","slug":"conexoes","status":"publish","type":"page","link":"https:\/\/sites.usp.br\/ldsv\/conexoes\/","title":{"rendered":"CONEX\u00d5ES"},"content":{"rendered":"<p>Laborat\u00f3rio de Din\u00e2mica e Simula\u00e7\u00e3o Veicular (LDSV) do <a href=\"https:\/\/sites.usp.br\/pme\/\" target=\"_blank\" rel=\"noopener\"><em><strong>Departamento de Engenharia Mec\u00e2nica<\/strong><\/em><\/a> (PME) da Escola Polit\u00e9cnica ( <a href=\"https:\/\/www.poli.usp.br\/departamentos\" target=\"_blank\" rel=\"noopener\"><em><strong>POLI<\/strong><\/em><\/a>) da Universidade de S\u00e3o Paulo &#8211; <a href=\"https:\/\/www5.usp.br\/\" target=\"_blank\" rel=\"noopener\"><em><strong>USP<\/strong><\/em><\/a>.<\/p>\n<p style=\"text-align: center;\">\u00a0<a href=\"https:\/\/sites.usp.br\/pme\/\" target=\"_blank\" rel=\"noopener\"><em><strong>Departamento de Engenharia Mec\u00e2nica<\/strong><\/em><\/a> &#8211; <a href=\"https:\/\/maps.app.goo.gl\/F8WbUMFURRacsC9n7\" target=\"_blank\" rel=\"noopener\"><em><strong>PME<\/strong> <\/em><\/a>da Escola Polit\u00e9cnica &#8211; <a href=\"https:\/\/www.poli.usp.br\/departamentos\" target=\"_blank\" rel=\"noopener\"><em><strong>POLI<\/strong> <\/em><\/a>na <a href=\"https:\/\/www5.usp.br\/\" target=\"_blank\" rel=\"noopener\"><em><strong>USP<\/strong><\/em><\/a>.<\/p>\n<p style=\"text-align: center;\">pr\u00e9dio da Engenharia Mec\u00e2nica \u2013 Sala ES-11<\/p>\n<p style=\"text-align: center;\">telefone de contato: (011) 3091-9645<\/p>\n<p style=\"text-align: center;\">Avenida Prof. Melo Moraes, n\u00ba 2231 \u00a0\u2013 CEP: 05508-030 \u2013 Butant\u00e3, S\u00e3o Paulo\/SP \u2013 Brasil<\/p>\n<p>&nbsp;<\/p>\n<ul>\n<li><a href=\"https:\/\/dedalus.usp.br\/F?RN=749979926\">Bibliotecas<\/a><\/li>\n<li><a href=\"https:\/\/www.poli.usp.br\/departamentos\">Departamentos<\/a> &#8211; <a href=\"https:\/\/sites.usp.br\/pme\/\">PME<\/a><\/li>\n<li><a href=\"http:\/\/sites.poli.usp.br\/d\/pme2100\/\">Mec\u00e2nica A &#8211; PME2100<\/a><\/li>\n<li><a href=\"http:\/\/sites.poli.usp.br\/d\/pme3100\/\">Mec\u00e2nica I &#8211; PME3100<\/a><\/li>\n<li><a href=\"http:\/\/sites.poli.usp.br\/d\/pme2200\/\">Mec\u00e2nica B &#8211; PME2200<\/a><\/li>\n<li><a href=\"http:\/\/sites.poli.usp.br\/d\/pme3200\/\">Mec\u00e2nica II &#8211; PME3200<\/a><\/li>\n<li><a href=\"http:\/\/sites.poli.usp.br\/d\/pme2341\">Vibra\u00e7\u00f5es &#8211; PME2341<\/a><\/li>\n<li><a href=\"https:\/\/uspdigital.usp.br\/wsusuario\/\">Sistemas USP<\/a><\/li>\n<\/ul>\n<p>&nbsp;<\/p>\n<h3>MISS\u00c3O DA USP<\/h3>\n<p>A miss\u00e3o da Universidade de S\u00e3o Paulo (USP) \u00e9: Formar profissionais l\u00edderes e cidad\u00e3os conscientes de seu papel social. Produzir, transmitir e aplicar o saber e a ci\u00eancia em benef\u00edcio da sociedade, por meio de ensino, pesquisa, inova\u00e7\u00e3o, extens\u00e3o, cultura, arte e difus\u00e3o do conhecimento\u201d;<\/p>\n<p>A USP tem como vis\u00e3o: Ser reconhecida nacional e internacionalmente por sua lideran\u00e7a<br \/>\ne qualidade na forma\u00e7\u00e3o de profissionais, pesquisa, impacto no desenvolvimento social,<br \/>\ninova\u00e7\u00e3o, cultura, arte, diversidade, meio ambiente e sustentabilidade\u201d;<\/p>\n<p>Esta Institui\u00e7\u00e3o tem como valores: Guiar-se pela excel\u00eancia acad\u00eamica, respeito aos direitos humanos e compromisso com a democracia. Na qualidade de institui\u00e7\u00e3o p\u00fablica, orienta-se pela autonomia universit\u00e1ria, \u00e9tica, equidade, diversidade, colabora\u00e7\u00e3o\u00a0interinstitucional, sustentabilidade e responsabilidade social\u201d.<\/p>\n<h3>MISS\u00c3O DO PME<\/h3>\n<p>A miss\u00e3o do Departamento de Engenharia Mec\u00e2nica \u00e9:\u00a0 &#8220;formar Engenheiros Mec\u00e2nicos com conhecimento abrangente, s\u00f3lida forma\u00e7\u00e3o b\u00e1sica, tanto sist\u00eamica quanto anal\u00edtica, fundamentada em conhecimentos das Ci\u00eancias B\u00e1sicas, com atitude de sempre aprender e empreender. O cont\u00ednuo aperfei\u00e7oamento dos engenheiros formados \u2013 por meio de cursos de p\u00f3s-gradua\u00e7\u00e3o e de extens\u00e3o&#8221; .<\/p>\n<p>As voca\u00e7\u00f5es do Departamento de Engenharia Mec\u00e2nica s\u00e3o:\u00a0 Ensino de alta qualidade em seus tr\u00eas n\u00edveis: gradua\u00e7\u00e3o, p\u00f3s- gradua\u00e7\u00e3o (<em>stricto sensus<\/em>) e extens\u00e3o. Pesquisa e Desenvolvimento nos \u00e2mbitos fundamental e aplicado, integrados ao ensino. Relacionamento internacional em pesquisa, ensino e extens\u00e3o. Atividades de assessoria e consultoria a empresas, ag\u00eancias de fomento e entidades comunit\u00e1rias e governamentais.<br \/>\nParticipa\u00e7\u00e3o em entidades de classe, associa\u00e7\u00f5es t\u00e9cnico-cient\u00edficas e de normatiza\u00e7\u00e3o.<br \/>\nAs vis\u00f5es s\u00e3o que o Departamento de Engenharia Mec\u00e2nica (PME) ser\u00e1 refer\u00eancia nacional e internacional em ensino, pesquisa e extens\u00e3o universit\u00e1ria. Estar\u00e1 comprometido com o desenvolvimento tecnol\u00f3gico sustent\u00e1vel nas dimens\u00f5es social, econ\u00f4mica e ambiental.\u00a0O profissional egresso do PME ter\u00e1 forma\u00e7\u00e3o abrangente, tanto sist\u00eamica quanto anal\u00edtica, fundamentada em s\u00f3lidos conhecimentos das ci\u00eancias b\u00e1sicas para a Engenharia, com atitude de sempre aprender e empreender. Ter\u00e1 compet\u00eancia em projeto, constru\u00e7\u00e3o, opera\u00e7\u00e3o, pesquisa e desenvolvimento em Engenharia Mec\u00e2nica. Ser\u00e1 h\u00e1bil no relacionamento humano e na comunica\u00e7\u00e3o. Ter\u00e1 postura \u00e9tica e comprometimento social e cultural com o Brasil e o mundo.<\/p>\n<h3>MISS\u00c3O DO LDSV<\/h3>\n<p>A miss\u00e3o do Laborat\u00f3rio de Din\u00e2mica e Simula\u00e7\u00e3o Veicular (LDSV) \u00e9 desenvolver pesquisa nas \u00e1reas de modelagem e adequada representa\u00e7\u00e3o do comportamento din\u00e2mico de sistemas veiculares (<em>Digital Twin<\/em>) baseada nas t\u00e9cnicas de sistemas multicorpos e utilizar os modelos para simular e avaliar o comportamento din\u00e2mico de ve\u00edculos buscando o aprimoramento do projeto, do desempenho e da seguran\u00e7a no tr\u00e1fego.<\/p>\n<p>&nbsp;<\/p>\n<h3>Publica\u00e7\u00f5es:<\/h3>\n<p><a href=\"http:\/\/lattes.cnpq.br\/6732555323294000\" target=\"_blank\" rel=\"noopener\"><img loading=\"lazy\" decoding=\"async\" class=\"alignleft \" src=\"https:\/\/sites.usp.br\/ldsv\/wp-content\/uploads\/sites\/1453\/2024\/10\/Lattes.jpg\" width=\"72\" height=\"46\" \/><\/a><\/p>\n<p><a href=\"http:\/\/orcid.org\/0000-0001-7353-0924\" target=\"_blank\" rel=\"noopener\"><img loading=\"lazy\" decoding=\"async\" class=\"alignnone\" src=\"https:\/\/sites.usp.br\/ldsv\/wp-content\/uploads\/sites\/1453\/2024\/10\/ORCID.jpg\" alt=\"\" width=\"37\" height=\"36\" \/><\/a>\u00a0 \u00a0 <a href=\"https:\/\/www.scopus.com\/authid\/detail.uri?authorId=7006722976\" target=\"_blank\" rel=\"noopener\"><img loading=\"lazy\" decoding=\"async\" class=\"alignnone \" src=\"https:\/\/sites.usp.br\/ldsv\/wp-content\/uploads\/sites\/1453\/2024\/10\/Scopus.jpg\" width=\"51\" height=\"58\" \/><\/a>\u00a0 \u00a0 \u00a0 <a href=\"http:\/\/scholar.google.com.br\/citations?user=sbU26S4AAAAJ&amp;hl=pt-BR\" target=\"_blank\" rel=\"noopener\"><img loading=\"lazy\" decoding=\"async\" class=\"alignnone \" src=\"https:\/\/sites.usp.br\/ldsv\/wp-content\/uploads\/sites\/1453\/2024\/10\/Google_Academic.jpg\" width=\"43\" height=\"45\" \/><\/a>\u00a0 \u00a0 \u00a0 <a href=\"https:\/\/www.webofscience.com\/wos\/author\/record\/25182\" target=\"_blank\" rel=\"noopener\"><img loading=\"lazy\" decoding=\"async\" class=\"alignnone \" src=\"https:\/\/sites.usp.br\/ldsv\/wp-content\/uploads\/sites\/1453\/2024\/10\/WEB_Science.jpg\" width=\"102\" height=\"52\" \/><\/a>\u00a0 \u00a0 <a href=\"https:\/\/www.researchgate.net\/profile\/Roberto_Barbosa2\/?ev=hdr_xprf\" target=\"_blank\" rel=\"noopener\"><img loading=\"lazy\" decoding=\"async\" class=\"alignnone \" src=\"https:\/\/sites.usp.br\/ldsv\/wp-content\/uploads\/sites\/1453\/2024\/10\/ResearchGate.jpg\" width=\"109\" height=\"26\" \/><\/a><\/p>\n<h3><\/h3>\n<h3><\/h3>\n","protected":false},"excerpt":{"rendered":"<p>Laborat\u00f3rio de Din\u00e2mica e Simula\u00e7\u00e3o Veicular (LDSV) do Departamento de Engenharia Mec\u00e2nica (PME) da Escola Polit\u00e9cnica ( POLI) da Universidade de S\u00e3o Paulo &#8211; USP. \u00a0Departamento de Engenharia Mec\u00e2nica &#8211; PME da Escola Polit\u00e9cnica &#8211; POLI na USP. pr\u00e9dio da Engenharia Mec\u00e2nica \u2013 Sala ES-11 telefone de contato: (011) 3091-9645 Avenida Prof. Melo Moraes, n\u00ba [&hellip;]<\/p>\n","protected":false},"author":24004,"featured_media":0,"parent":0,"menu_order":0,"comment_status":"closed","ping_status":"closed","template":"","meta":{"footnotes":"","_links_to":"","_links_to_target":""},"class_list":["post-665","page","type-page","status-publish","hentry"],"_links":{"self":[{"href":"https:\/\/sites.usp.br\/ldsv\/wp-json\/wp\/v2\/pages\/665","targetHints":{"allow":["GET"]}}],"collection":[{"href":"https:\/\/sites.usp.br\/ldsv\/wp-json\/wp\/v2\/pages"}],"about":[{"href":"https:\/\/sites.usp.br\/ldsv\/wp-json\/wp\/v2\/types\/page"}],"author":[{"embeddable":true,"href":"https:\/\/sites.usp.br\/ldsv\/wp-json\/wp\/v2\/users\/24004"}],"replies":[{"embeddable":true,"href":"https:\/\/sites.usp.br\/ldsv\/wp-json\/wp\/v2\/comments?post=665"}],"version-history":[{"count":4,"href":"https:\/\/sites.usp.br\/ldsv\/wp-json\/wp\/v2\/pages\/665\/revisions"}],"predecessor-version":[{"id":2429,"href":"https:\/\/sites.usp.br\/ldsv\/wp-json\/wp\/v2\/pages\/665\/revisions\/2429"}],"wp:attachment":[{"href":"https:\/\/sites.usp.br\/ldsv\/wp-json\/wp\/v2\/media?parent=665"}],"curies":[{"name":"wp","href":"https:\/\/api.w.org\/{rel}","templated":true}]}}