{"id":102,"date":"2017-05-19T17:47:28","date_gmt":"2017-05-19T19:47:28","guid":{"rendered":"http:\/\/sites.usp.br\/lea\/?page_id=102"},"modified":"2023-05-05T09:08:41","modified_gmt":"2023-05-05T12:08:41","slug":"ensino","status":"publish","type":"page","link":"https:\/\/sites.usp.br\/lea\/ensino\/","title":{"rendered":"Ensino"},"content":{"rendered":"<p><strong>Disciplinas de Gradua\u00e7\u00e3o:<\/strong><\/p>\n<p style=\"padding-left: 30px;\">&#8211; <strong><a href=\"https:\/\/uspdigital.usp.br\/jupiterweb\/obterDisciplina?sgldis=PQI2405\" target=\"_blank\" rel=\"noopener noreferrer\">PQI-2405<\/a><\/strong> Engenharia de Alimentos I<br \/>\n&#8211; <a href=\"https:\/\/uspdigital.usp.br\/jupiterweb\/obterDisciplina?sgldis=PQI2530\" target=\"_blank\" rel=\"noopener noreferrer\"><strong>PQI-2530<\/strong><\/a> Engenharia de Alimentos II (Complemento da Forma\u00e7\u00e3o do Engenheiro Qu\u00edmico III: Atividades Pr\u00e1ticas)<br \/>\n&#8211; <a href=\"https:\/\/uspdigital.usp.br\/jupiterweb\/obterDisciplina?sgldis=PQI2530\" target=\"_blank\" rel=\"noopener noreferrer\"><strong>PQI-2510<\/strong><\/a>\u00a0Otimiza\u00e7\u00e3o de Processos (Complemento da Forma\u00e7\u00e3o do Engenheiro Qu\u00edmico I: Aspectos Fundamentais)<\/p>\n<p><strong>Disciplinas de P\u00f3s-Gradua\u00e7\u00e3o:<\/strong><\/p>\n<p style=\"padding-left: 30px;\">&#8211; <a href=\"https:\/\/uspdigital.usp.br\/janus\/publico\/disciplina\/C\/PQI5850\" target=\"_blank\" rel=\"noopener noreferrer\"><strong>PQI-5850<\/strong><\/a> Fundamentos de Engenharia de Alimentos<br \/>\n&#8211; <a href=\"https:\/\/uspdigital.usp.br\/janus\/publico\/disciplina\/C\/PQI5884\" target=\"_blank\" rel=\"noopener noreferrer\"><strong>PQI-5884<\/strong><\/a>\u00a0Otimiza\u00e7\u00e3o de Processos Qu\u00edmicos I<\/p>\n<p><strong>Livros Did\u00e1ticos:<\/strong><\/p>\n<p style=\"padding-left: 30px;\">&#8211; GUT, J.A.W. <strong><a href=\"https:\/\/sites.usp.br\/otimizacao\/\" target=\"_blank\" rel=\"noopener\">Programa\u00e7\u00e3o Matem\u00e1tica para Otimiza\u00e7\u00e3o de Processos<\/a><\/strong>. S\u00e3o Paulo: EDUSP, 2021. 408p.<br \/>\n&#8211; TADINI, C.C.; TELIS, V.R.N.; MEIRELLES, A.J.A.; PESSOA-FILHO, P.A. (Eds) <strong><a href=\"https:\/\/www.grupogen.com.br\/operacoes-unitarias-na-industria-de-alimentos-vol-2\" target=\"_blank\" rel=\"noopener\">Opera\u00e7\u00f5es Unit\u00e1rias na Ind\u00fastria de Alimentos, Vol 2<\/a><\/strong>. Rio de Janeiro: LTC, 2016. 484p.<br \/>\n&#8211; TADINI, C.C.; TELIS, V.R.N.; MEIRELLES, A.J.A.; PESSOA-FILHO, P.A. (Eds) <strong><a href=\"https:\/\/www.grupogen.com.br\/operacoes-unitarias-na-industria-de-alimentos-vol-1\" target=\"_blank\" rel=\"noopener\">Opera\u00e7\u00f5es Unit\u00e1rias na Ind\u00fastria de Alimentos, Vol 1<\/a><\/strong>. Rio de Janeiro: LTC, 2015. 562p.<\/p>\n<p><\/p>","protected":false},"excerpt":{"rendered":"<p>Disciplinas de Gradua\u00e7\u00e3o: &#8211; PQI-2405 Engenharia de Alimentos I &#8211; PQI-2530 Engenharia de Alimentos II (Complemento da Forma\u00e7\u00e3o do Engenheiro Qu\u00edmico III: Atividades Pr\u00e1ticas) &#8211; PQI-2510\u00a0Otimiza\u00e7\u00e3o de Processos (Complemento da Forma\u00e7\u00e3o do Engenheiro Qu\u00edmico I: Aspectos Fundamentais) Disciplinas de P\u00f3s-Gradua\u00e7\u00e3o: &#8211; PQI-5850 Fundamentos de Engenharia de Alimentos &#8211; PQI-5884\u00a0Otimiza\u00e7\u00e3o de Processos Qu\u00edmicos I Livros Did\u00e1ticos: [&hellip;]<\/p>\n","protected":false},"author":456,"featured_media":0,"parent":0,"menu_order":0,"comment_status":"closed","ping_status":"closed","template":"","meta":{"footnotes":"","_links_to":"","_links_to_target":""},"class_list":["post-102","page","type-page","status-publish","hentry"],"_links":{"self":[{"href":"https:\/\/sites.usp.br\/lea\/wp-json\/wp\/v2\/pages\/102","targetHints":{"allow":["GET"]}}],"collection":[{"href":"https:\/\/sites.usp.br\/lea\/wp-json\/wp\/v2\/pages"}],"about":[{"href":"https:\/\/sites.usp.br\/lea\/wp-json\/wp\/v2\/types\/page"}],"author":[{"embeddable":true,"href":"https:\/\/sites.usp.br\/lea\/wp-json\/wp\/v2\/users\/456"}],"replies":[{"embeddable":true,"href":"https:\/\/sites.usp.br\/lea\/wp-json\/wp\/v2\/comments?post=102"}],"version-history":[{"count":5,"href":"https:\/\/sites.usp.br\/lea\/wp-json\/wp\/v2\/pages\/102\/revisions"}],"predecessor-version":[{"id":629,"href":"https:\/\/sites.usp.br\/lea\/wp-json\/wp\/v2\/pages\/102\/revisions\/629"}],"wp:attachment":[{"href":"https:\/\/sites.usp.br\/lea\/wp-json\/wp\/v2\/media?parent=102"}],"curies":[{"name":"wp","href":"https:\/\/api.w.org\/{rel}","templated":true}]}}