{"id":126,"date":"2017-05-19T18:30:49","date_gmt":"2017-05-19T20:30:49","guid":{"rendered":"http:\/\/sites.usp.br\/lea\/?page_id=126"},"modified":"2025-04-14T15:02:18","modified_gmt":"2025-04-14T18:02:18","slug":"equipe","status":"publish","type":"page","link":"https:\/\/sites.usp.br\/lea\/equipe\/","title":{"rendered":"Equipe LEA"},"content":{"rendered":"<p><strong>Docentes<\/strong><\/p>\n<p style=\"padding-left: 30px;\"><strong><img loading=\"lazy\" decoding=\"async\" class=\"alignleft wp-image-172 size-thumbnail\" src=\"https:\/\/sites.usp.br\/lea\/wp-content\/uploads\/sites\/274\/2017\/05\/carmenfoto-150x150.jpg\" alt=\"\" width=\"150\" height=\"150\" srcset=\"https:\/\/sites.usp.br\/lea\/wp-content\/uploads\/sites\/274\/2017\/05\/carmenfoto-150x150.jpg 150w, https:\/\/sites.usp.br\/lea\/wp-content\/uploads\/sites\/274\/2017\/05\/carmenfoto-45x45.jpg 45w, https:\/\/sites.usp.br\/lea\/wp-content\/uploads\/sites\/274\/2017\/05\/carmenfoto-200x200.jpg 200w\" sizes=\"auto, (max-width: 150px) 100vw, 150px\" \/>Carmen Cec\u00edlia Tadini<\/strong><br \/>\nProfessora Titular<br \/>\nForma\u00e7\u00e3o: Eng. de Alimentos (1977) pela UNICAMP, Mestre (1988), Doutora (1994) e Livre-Docente (2000) pela EPUSP, P\u00f3s-Doc (1998) pela Purdue University.<br \/>\nInteresses de Pesquisa: Novos processos de industrializa\u00e7\u00e3o de frutas e de panifica\u00e7\u00e3o.<br \/>\ne-Mail: catadini@usp.br<br \/>\n<a href=\"http:\/\/lattes.cnpq.br\/8334569742943322\" target=\"_blank\" rel=\"noopener noreferrer\">Curr\u00edculo Lattes<\/a> \/ <a href=\"https:\/\/www.webofscience.com\/wos\/author\/rid\/E-3150-2010\" target=\"_blank\" rel=\"noopener noreferrer\">WebOfScience<\/a> \/ <a href=\"https:\/\/www.scopus.com\/authid\/detail.uri?authorId=55663781200\" target=\"_blank\" rel=\"noopener\">SCOPUS<\/a><\/p>\n<p style=\"padding-left: 30px;\"><strong><img loading=\"lazy\" decoding=\"async\" class=\"wp-image-675 size-thumbnail alignleft\" src=\"https:\/\/sites.usp.br\/lea\/wp-content\/uploads\/sites\/274\/2025\/04\/jorge_gut_usp_1cs-150x150.jpg\" alt=\"\" width=\"150\" height=\"150\" srcset=\"https:\/\/sites.usp.br\/lea\/wp-content\/uploads\/sites\/274\/2025\/04\/jorge_gut_usp_1cs-150x150.jpg 150w, https:\/\/sites.usp.br\/lea\/wp-content\/uploads\/sites\/274\/2025\/04\/jorge_gut_usp_1cs-45x45.jpg 45w, https:\/\/sites.usp.br\/lea\/wp-content\/uploads\/sites\/274\/2025\/04\/jorge_gut_usp_1cs-200x200.jpg 200w\" sizes=\"auto, (max-width: 150px) 100vw, 150px\" \/>Jorge Andrey Wilhelms Gut<\/strong><br \/>\nProfessor Associado<br \/>\nForma\u00e7\u00e3o: Eng. Qu\u00edmico (1998), Doutor (2003) e Livre Docente (2012) pela EPUSP.<br \/>\nInteresses de Pesquisa: Modelagem, simula\u00e7\u00e3o e otimiza\u00e7\u00e3o de processos de pasteuriza\u00e7\u00e3o e esteriliza\u00e7\u00e3o de alimentos l\u00edquidos.<br \/>\ne-Mail: jorgewgut@usp.br<br \/>\n<a href=\"http:\/\/lattes.cnpq.br\/5730703917766715\" target=\"_blank\" rel=\"noopener noreferrer\">Curr\u00edculo Lattes<\/a>\u00a0\/\u00a0<a href=\"https:\/\/www.webofscience.com\/wos\/author\/rid\/B-5608-2008\" target=\"_blank\" rel=\"noopener noreferrer\">WebOfScience<\/a> \/ <a href=\"https:\/\/www.scopus.com\/authid\/detail.url?authorId=7005552749\" target=\"_blank\" rel=\"noopener\">SCOPUS<\/a><\/p>\n<p>&nbsp;<\/p>\n<hr \/>\n<p><strong>Pesquisadores de P\u00f3s-Doutorado<\/strong><\/p>\n<p style=\"padding-left: 30px;\"><strong>Fernanda Tha\u00eds Vieira Rubio<\/strong><br \/>\nProjeto:\u00a0 Desenvolvimento e impress\u00e3o 3D de balas mastig\u00e1veis fortificadas como um suplemento alimentar para atender condi\u00e7\u00f5es espec\u00edficas de sa\u00fade (2023). Bolsa CNPq e FAPESP.<\/p>\n<p style=\"padding-left: 30px;\"><strong>Tatiana Guinoza Matuda Masaoka<\/strong><br \/>\nProjeto: Obten\u00e7\u00e3o e aplica\u00e7\u00e3o de farinhas obtidas a partir de subprodutos da ind\u00fastria de alimentos (2018).<\/p>\n<p style=\"padding-left: 30px;\"><strong>Ta\u00edse Toniazzo<\/strong><br \/>\nProject: Estrat\u00e9gias para melhorar a qualidade de vida da popula\u00e7\u00e3o idosa (2023). Bolsa: CAPES\/COFECUB.<\/p>\n<p>&nbsp;<\/p>\n<hr \/>\n<p><strong>Pesquisadores de Doutorado<\/strong><\/p>\n<div style=\"padding-left: 30px;\">\n<p><strong>Gerald Alberto Marenco Orozco<\/strong><br \/>\nProjeto: Produ\u00e7\u00e3o integrada por extrus\u00e3o de materiais biodegrad\u00e1veis a partir de\u00a0 mandioca (<em>Manihot esculenta<\/em>) (2021). Bolsa: CNPq\/FAPESP.<\/p>\n<p><strong>Giulliana Petean Torrano<\/strong><br \/>\nProjeto: Obten\u00e7\u00e3o de fra\u00e7\u00f5es ricas em pectina de frutas rejeitadas de centros de distribui\u00e7\u00e3o (2022). Bolsa: FAPESP.<\/p>\n<p><strong>Guilherme Russo<\/strong><br \/>\nProjeto: Estudo e modelagem da transfer\u00eancia de calor em um processo de pasteuriza\u00e7\u00e3o em sistema tubular (2017). Bolsa: CAPES.<\/p>\n<p><strong> Igor Auad Cano<\/strong><br \/>\nProjeto: Processamento t\u00e9rmico de atomatados atrav\u00e9s de tecnologia de micro-ondas focalizadas (2023). Bolsa: CAPES<\/p>\n<p><strong>Kaiky Cesar Amaro<\/strong><br \/>\nProjeto: Pasteuriza\u00e7\u00e3o assistida por microondas de suco de laranja (2019). Bolsa: FAPESP<\/p>\n<p><strong>Marcella Cassares Pires<\/strong><br \/>\nProjeto: Processamento assistido por micro-ondas de \u00e1gua de coco verde (2019). Bolsa: CNPq.<\/p>\n<\/div>\n<p style=\"padding-left: 30px;\"><strong>Tiago Augusto Bulh\u00f5es Bezerra Cavalcante<br \/>\n<\/strong>Projeto:\u00a0 Estudo do processamento descont\u00ednuo e cont\u00ednuo de polpa e n\u00e9ctar de manga (<em>Mangifera indica<\/em>\u00a0Linn) por micro-ondas focalizadas (2017). Bolsa: CNPq.<\/p>\n<p>&nbsp;<\/p>\n<hr \/>\n<p><strong>Pesquisadores de Mestrado<\/strong><\/p>\n<p style=\"padding-left: 40px;\"><strong>Gabriel Aparecido Atanazio da Silva<\/strong><br \/>\nProjeto: Desenvolvimento de g\u00e9is a base de leite e enriquecidos com vitamina E por impress\u00e3o 3D (2024). Bolsa: CAPES.<\/p>\n<p style=\"padding-left: 40px;\"><strong>Giovanna Milena Borges Hip\u00f3lito<\/strong><br \/>\nProjeto: Modelagem multif\u00edsica para estudo de um aplicador de micro-ondas para o processamento t\u00e9rmico cont\u00ednuo de alimentos l\u00edquidos (2024). Bolsa: CAPES;FAPESP.<\/p>\n<p style=\"padding-left: 40px;\"><strong>Hany Marchena P\u00e9rez<\/strong><br \/>\nProjeto: Aproveitamento da casca da fruta de mam\u00e3o (Carica Papaia) de n\u00e3o valor comercial para o desenvolvimento de ingredientes funcionais (2023). Bolsa: CAPES.<\/p>\n<p style=\"padding-left: 40px;\"><strong>Milagre Saba Nbunde<\/strong><br \/>\nProjeto: Processamento t\u00e9rmico do suco de caju (2023). Bolsa: CAPES.<\/p>\n<p>&nbsp;<\/p>\n<hr \/>\n<p><strong>Funcion\u00e1rios<\/strong><\/p>\n<p style=\"padding-left: 30px;\"><strong>Jos\u00e9 Ivan Nunes Leite<\/strong><br \/>\nT\u00e9cnico de Laborat\u00f3rio<\/p>\n<p style=\"padding-left: 30px;\"><strong>Vanessa Duarte<\/strong><br \/>\nAssistente de Pesquisa<\/p>\n<p>&nbsp;<\/p>\n<hr \/>\n<p>&nbsp;<\/p>","protected":false},"excerpt":{"rendered":"<p>Docentes Carmen Cec\u00edlia Tadini Professora Titular Forma\u00e7\u00e3o: Eng. de Alimentos (1977) pela UNICAMP, Mestre (1988), Doutora (1994) e Livre-Docente (2000) pela EPUSP, P\u00f3s-Doc (1998) pela Purdue University. Interesses de Pesquisa: Novos processos de industrializa\u00e7\u00e3o de frutas e de panifica\u00e7\u00e3o. e-Mail: catadini@usp.br Curr\u00edculo Lattes \/ WebOfScience \/ SCOPUS Jorge Andrey Wilhelms Gut Professor Associado Forma\u00e7\u00e3o: Eng. [&hellip;]<\/p>\n","protected":false},"author":456,"featured_media":0,"parent":0,"menu_order":0,"comment_status":"closed","ping_status":"closed","template":"","meta":{"footnotes":"","_links_to":"","_links_to_target":""},"class_list":["post-126","page","type-page","status-publish","hentry"],"_links":{"self":[{"href":"https:\/\/sites.usp.br\/lea\/wp-json\/wp\/v2\/pages\/126","targetHints":{"allow":["GET"]}}],"collection":[{"href":"https:\/\/sites.usp.br\/lea\/wp-json\/wp\/v2\/pages"}],"about":[{"href":"https:\/\/sites.usp.br\/lea\/wp-json\/wp\/v2\/types\/page"}],"author":[{"embeddable":true,"href":"https:\/\/sites.usp.br\/lea\/wp-json\/wp\/v2\/users\/456"}],"replies":[{"embeddable":true,"href":"https:\/\/sites.usp.br\/lea\/wp-json\/wp\/v2\/comments?post=126"}],"version-history":[{"count":4,"href":"https:\/\/sites.usp.br\/lea\/wp-json\/wp\/v2\/pages\/126\/revisions"}],"predecessor-version":[{"id":678,"href":"https:\/\/sites.usp.br\/lea\/wp-json\/wp\/v2\/pages\/126\/revisions\/678"}],"wp:attachment":[{"href":"https:\/\/sites.usp.br\/lea\/wp-json\/wp\/v2\/media?parent=126"}],"curies":[{"name":"wp","href":"https:\/\/api.w.org\/{rel}","templated":true}]}}