{"id":198,"date":"2025-01-08T16:58:44","date_gmt":"2025-01-08T18:58:44","guid":{"rendered":"https:\/\/sites.usp.br\/leb\/?page_id=198"},"modified":"2025-07-01T16:27:56","modified_gmt":"2025-07-01T18:27:56","slug":"pesquisa","status":"publish","type":"page","link":"https:\/\/sites.usp.br\/leb\/pesquisa\/","title":{"rendered":"<p>Pesquisas"},"content":{"rendered":"<p>Principais linhas de pesquisa do Laborat\u00f3rio e os docentes atuantes em cada uma delas. Ao clicar no nome do docente ser\u00e1 aberto um arquivo em pdf (textos em ingl\u00eas) com informa\u00e7\u00f5es a respeito dos projetos desenvolvidos pelo docente na respectiva linha de pesquisa. Para ver as publica\u00e7\u00f5es e outras atividades do docente, favor consultar o CV Lattes na aba &#8220;Colaboradores\/Docentes&#8221;.<\/p>\n<p>&nbsp;<\/p>\n<h6><strong>Instrumenta\u00e7\u00e3o Biom\u00e9dica e Sensores<\/strong><\/h6>\n<p><span style=\"font-weight: 400;\">Pesquisa e desenvolvimento de instrumenta\u00e7\u00e3o biom\u00e9dica, utilizada para medir, monitorar e controlar eventos fisiol\u00f3gicos. Enfoque em monitora\u00e7\u00e3o do metabolismo humano por meio da an\u00e1lise do g\u00e1s expirado. Um analisador metab\u00f3lico que usa biotelemetria e microprocesssamento est\u00e1 sendo implementado e ensaiado.<\/span><\/p>\n<p>&#8211; Henrique Takachi Moriya<br \/>\n&#8211; Renata Valeri de Freitas<br \/>\n&#8211; Felipe Fava de Lima<\/p>\n<p>&nbsp;<\/p>\n<h6><strong>Processamento de Imagens M\u00e9dicas<\/strong><\/h6>\n<p><span style=\"font-weight: 400;\">Pesquisa e desenvolvimento de m\u00e9todos e t\u00e9cnicas computacionais que auxiliem na interpreta\u00e7\u00e3o de dados sob a forma de imagens. Reconstru\u00e7\u00e3o tomogr\u00e1fica por raios X (CT) e por Resson\u00e2ncia Magn\u00e9tica; filtros adaptativos em imagens de Medicina Nuclear; varredura eletr\u00f4nica em ultrassonografia 2D e 3D; quantifica\u00e7\u00e3o de estruturas (\u00e1reas, volumes, taxas de varia\u00e7\u00e3o, curvas param\u00e9tricas, etc); estimativa de par\u00e2metros de modelos, tais como a taxa de metabolismo de glicose e elasticidade.<\/span><\/p>\n<p>&#8211; S\u00e9rgio Shiguemi Furuie<\/p>\n<p>&nbsp;<\/p>\n<h6><strong>Neuroci\u00eancia Computacional<\/strong><\/h6>\n<p><span style=\"font-weight: 400;\">Desenvolvimento de modelos matem\u00e1ticos e de um simulador do sistema neuromuscular de seres humanos. Din\u00e2mica de canais i\u00f4nicos at\u00e9 \u00e0 gera\u00e7\u00e3o e controle do movimento, ou seja, de um n\u00edvel microsc\u00f3pico at\u00e9 o macrosc\u00f3pico. Uma implementa\u00e7\u00e3o parcial do simulador pode ser encontrada em<\/span><a href=\"http:\/\/remoto.leb.usp.br\/\"> <span style=\"font-weight: 400;\">http:\/\/remoto.leb.usp.br<\/span><\/a><span style=\"font-weight: 400;\">.<\/span><\/p>\n<p>&#8211; Andr\u00e9 Fabio Kohn<\/p>\n<p>&nbsp;<\/p>\n<h6><strong>Neurofisiologia Humana no Controle Motor<\/strong><\/h6>\n<p><span style=\"font-weight: 400;\">Estudo do processamento de informa\u00e7\u00f5es somatosensoriais e controle de m\u00fasculos e movimentos pelo sistema nervoso.<\/span><\/p>\n<p>&#8211; Andr\u00e9 Fabio Kohn<br \/>\n&#8211; Felipe Fava de Lima<br \/>\n&#8211; Renata Valeri de Freitas<\/p>\n<p>&nbsp;<\/p>\n<h6><strong>Engenharia Respirat\u00f3ria<\/strong><\/h6>\n<p><span style=\"font-weight: 400;\">Utiliza\u00e7\u00e3o de princ\u00edpios de engenharia e de fisiologia para prover informa\u00e7\u00f5es sobre a fun\u00e7\u00e3o do sistema respirat\u00f3rio. Atividades espec\u00edficas atualmente em andamento incluem:<\/span><\/p>\n<ul>\n<li style=\"font-weight: 400;\" aria-level=\"1\"><span style=\"font-weight: 400;\">Medi\u00e7\u00e3o da imped\u00e2ncia mec\u00e2nica de sistemas respirat\u00f3rios e pulmonares;<\/span><\/li>\n<li style=\"font-weight: 400;\" aria-level=\"1\"><span style=\"font-weight: 400;\">Aplica\u00e7\u00f5es de modelos matem\u00e1ticos em dados experimentais obtidos de sistemas respirat\u00f3rios e pulmonares;<\/span><\/li>\n<li style=\"font-weight: 400;\" aria-level=\"1\">Desenvolvimento de instrumenta\u00e7\u00e3o para medi\u00e7\u00e3o de fun\u00e7\u00e3o pulmonar em animais de experimenta\u00e7\u00e3o e seres humanos.<\/li>\n<\/ul>\n<p>&#8211; Henrique Takachi Moriya<\/p>\n<p>&nbsp;<\/p>\n<h6><strong>Ensaios de Seguran\u00e7a e Desempenho em Equipamentos Eletrom\u00e9dicos no P\u00f3s-Mercado e Engenharia Cl\u00ednica<\/strong><\/h6>\n<p><span style=\"font-weight: 400;\">Realiza\u00e7\u00e3o de estudos sobre ensaios de seguran\u00e7a el\u00e9trica e desempenho essencial em equipamentos eletrom\u00e9dicos no p\u00f3s-mercado, de acordo com as prescri\u00e7\u00f5es de seguran\u00e7a estabelecidas em Normas T\u00e9cnicas. Focadas no p\u00f3s-mercado, as pesquisas tamb\u00e9m se relacionam de forma natural com as atividades da Engenharia Cl\u00ednica.<\/span><\/p>\n<p>&#8211; Henrique Takachi Moriya<br \/>\n&#8211; Diego Ant\u00f4nio Rosa<br \/>\n&#8211; Edison Silva Filho<br \/>\n&#8211; Miguel Rosa Nunes<\/p>\n<p>&nbsp;<\/p>\n<h6><strong>Processamento de Sinais Biol\u00f3gicos<\/strong><\/h6>\n<p>O Laborat\u00f3rio de Engenharia Biom\u00e9dica tem uma longa tradi\u00e7\u00e3o em processamento de sinais biol\u00f3gicos. As contribui\u00e7\u00f5es te\u00f3ricas e experimentais para essa \u00e1rea incluem processamento digital de sinais e reconhecimento de padr\u00f5es.<\/p>\n<p>&#8211; Andr\u00e9 Fabio Kohn<br \/>\n&#8211; S\u00e9rgio Shiguemi Furuie<br \/>\n&#8211; Renata Valeri de Freitas<br \/>\n&#8211; Felipe Fava de Lima<\/p>\n<p>&nbsp;<\/p>\n<h6><strong>Pesquisa em Tecnologias para Unidades de Terapia Intensiva (UTI)<\/strong><\/h6>\n<p><span style=\"font-weight: 400;\">Em parceria com a UTI do Hospital Universit\u00e1rio da USP (HU-USP), desenvolvimento de pesquisas voltadas \u00e0 an\u00e1lise de sinais fisiol\u00f3gicos, modelagem computacional e inova\u00e7\u00e3o no monitoramento de pacientes cr\u00edticos, incluindo aprendizado de m\u00e1quina, processamento de sinais biom\u00e9dicos e cria\u00e7\u00e3o de novas tecnologias hospitalares. Al\u00e9m disso, colaboramos com institui\u00e7\u00f5es nacionais e internacionais e estabelecemos parcerias estrat\u00e9gicas com empresas para fomentar a inova\u00e7\u00e3o e a transfer\u00eancia de conhecimento. Nosso compromisso \u00e9 consolidar um centro de excel\u00eancia acad\u00eamica, promovendo pesquisas pioneiras que impulsionem a evolu\u00e7\u00e3o da terapia intensiva e da engenharia biom\u00e9dica.<\/span><\/p>\n<p>&#8211; Felipe Fava de Lima<\/p>\n<p>&nbsp;<\/p>\n<h6><strong>Eletrocardiologia Avan\u00e7ada<\/strong><\/h6>\n<p><span style=\"font-weight: 400;\">An\u00e1lise de sinais card\u00edacos e do desenvolvimento de tecnologias para diagn\u00f3stico e tratamento de arritmias, bloqueios de condu\u00e7\u00e3o e outros problemas relacionados ao ciclo card\u00edaco. Estudo da\u00a0 detec\u00e7\u00e3o autom\u00e1tica de arritmias atrav\u00e9s de modelagem eletrofisiol\u00f3gica do ciclo card\u00edaco, incluindo a identifica\u00e7\u00e3o de eventos P-QRS-T, an\u00e1lise da variabilidade da frequ\u00eancia card\u00edaca e dispers\u00e3o de repolariza\u00e7\u00e3o. As pesquisas incluem a cria\u00e7\u00e3o de algoritmos robustos para medidas autom\u00e1ticas de ECG, simula\u00e7\u00f5es, mapeamentos eletroanat\u00f4micos al\u00e9m de equipamentos de alta precis\u00e3o para estudos eletrofisiol\u00f3gicos, sistemas de aquisi\u00e7\u00e3o multimodal e dispositivos implant\u00e1veis para monitoramento cont\u00ednuo.<\/span><\/p>\n<p>&#8211; Renata de Freitas<\/p>\n<p>&nbsp;<\/p>\n<h6><strong>Sa\u00fade Digital<\/strong><\/h6>\n<p><span style=\"font-weight: 400;\">Investiga\u00e7\u00e3o de tecnologias emergentes de monitoramento remoto e wearables, priorizando a integra\u00e7\u00e3o dessas solu\u00e7\u00f5es em plataformas digitais de sa\u00fade, com foco em interoperabilidade, seguran\u00e7a de dados e usabilidade para profissionais da sa\u00fade, incorporando tamb\u00e9m intelig\u00eancia artificial explic\u00e1vel para apoiar decis\u00f5es cl\u00ednicas.\u00a0<\/span><\/p>\n<p>&#8211; Renata de Freitas<\/p>\n<p>&nbsp;<\/p>\n<p><strong>Programas, sistemas e arquivos disponibilizados<\/strong><\/p>\n<p><a href=\"http:\/\/remoto.leb.usp.br\" target=\"_blank\" rel=\"noopener\"><em><strong>ReMoto, a spinal cord simulator<\/strong><\/em><\/a><\/p>\n<p>ReMoto is a web-based neuronal simulation system, intended for studying spinal cord neuronal networks responsible for muscle control.<\/p>\n<p><a href=\"https:\/\/sites.usp.br\/leb\/ivussim\/\" target=\"_blank\" rel=\"noopener\"><em><strong>IVUSSim, an IVUS image generator<\/strong><\/em><\/a><\/p>\n<p>Intravascular Ultrasound (IVUS) phantoms allow flexibility and full vessel and atherosclerotic-parameter control. Controlling coronary properties in phantoms is important to calibrate and test many different IVUS algorithm. IVUSSim is a framework to create representative IVUS phantoms, using Finite Element method and Field II.<\/p>\n","protected":false},"excerpt":{"rendered":"<p>Principais linhas de pesquisa do Laborat\u00f3rio e os docentes atuantes em cada uma delas. Ao clicar no nome do docente ser\u00e1 aberto um arquivo em pdf (textos em ingl\u00eas) com informa\u00e7\u00f5es a respeito dos projetos desenvolvidos pelo docente na respectiva linha de pesquisa. Para ver as publica\u00e7\u00f5es e outras atividades do docente, favor consultar o [&hellip;]<\/p>\n","protected":false},"author":24060,"featured_media":0,"parent":0,"menu_order":0,"comment_status":"closed","ping_status":"closed","template":"","meta":{"footnotes":"","_links_to":"","_links_to_target":""},"class_list":["post-198","page","type-page","status-publish","hentry"],"_links":{"self":[{"href":"https:\/\/sites.usp.br\/leb\/wp-json\/wp\/v2\/pages\/198","targetHints":{"allow":["GET"]}}],"collection":[{"href":"https:\/\/sites.usp.br\/leb\/wp-json\/wp\/v2\/pages"}],"about":[{"href":"https:\/\/sites.usp.br\/leb\/wp-json\/wp\/v2\/types\/page"}],"author":[{"embeddable":true,"href":"https:\/\/sites.usp.br\/leb\/wp-json\/wp\/v2\/users\/24060"}],"replies":[{"embeddable":true,"href":"https:\/\/sites.usp.br\/leb\/wp-json\/wp\/v2\/comments?post=198"}],"version-history":[{"count":5,"href":"https:\/\/sites.usp.br\/leb\/wp-json\/wp\/v2\/pages\/198\/revisions"}],"predecessor-version":[{"id":371,"href":"https:\/\/sites.usp.br\/leb\/wp-json\/wp\/v2\/pages\/198\/revisions\/371"}],"wp:attachment":[{"href":"https:\/\/sites.usp.br\/leb\/wp-json\/wp\/v2\/media?parent=198"}],"curies":[{"name":"wp","href":"https:\/\/api.w.org\/{rel}","templated":true}]}}