{"id":211,"date":"2025-01-13T12:22:06","date_gmt":"2025-01-13T14:22:06","guid":{"rendered":"https:\/\/sites.usp.br\/leb\/?page_id=211"},"modified":"2026-01-14T13:23:58","modified_gmt":"2026-01-14T15:23:58","slug":"colaboradores","status":"publish","type":"page","link":"https:\/\/sites.usp.br\/leb\/colaboradores\/","title":{"rendered":""},"content":{"rendered":"<h2><strong>Corpo Docente<\/strong><\/h2>\n<p><span style=\"text-decoration: underline\"><em><strong>Prof. Dr. Andr\u00e9 Fabio Kohn<br \/>\n<\/strong><\/em><\/span><br \/>\nInforma\u00e7\u00f5es para contato:<br \/>\nTelefone: (11) 3091-5535<br \/>\nemail: andkohn@usp.br , (andfkohn@leb.usp.br)<br \/>\nPr\u00e9dio da Engenharia El\u00e9trica &#8211; Bloco D &#8211; Sala D2-09<br \/>\nLinhas de pesquisa: Neuroci\u00eancia Computacional; Neurofisiologia Humana no Controle Motor; Processamento de Sinais Biol\u00f3gicos.<br \/>\n<a href=\"https:\/\/sites.usp.br\/leb\/andre-fabio-kohn\/\" target=\"_blank\" rel=\"noopener\">P\u00e1gina pessoal<\/a><br \/>\n<a href=\"http:\/\/lattes.cnpq.br\/2274011017142031\" target=\"_blank\" rel=\"noopener\">Curr\u00edculo Lattes<\/a><br \/>\n<a href=\"https:\/\/www.webofscience.com\/wos\/author\/record\/54676325\">Researcherid<\/a><\/p>\n<p><span style=\"text-decoration: underline\"><em><strong>Prof. Dr. S\u00e9rgio Shiguemi Furuie<br \/>\n<\/strong><\/em><\/span><br \/>\nInforma\u00e7\u00f5es para contato:<br \/>\nTelefone: (11) 3091-5130<br \/>\nemail: sergio.furuie@usp.br<br \/>\nPr\u00e9dio da Engenharia El\u00e9trica &#8211; Bloco D &#8211; Sala D2-06<br \/>\nLinhas de pesquisa: Processamento de Imagens M\u00e9dicas; Processamento de Sinais Biol\u00f3gicos.<br \/>\n<a href=\"http:\/\/lattes.cnpq.br\/3099066754531707\" target=\"_blank\" rel=\"noopener\">Curr\u00edculo Lattes<\/a><br \/>\n<a href=\"http:\/\/www.researcherid.com\/rid\/A-7219-2008\" target=\"_blank\" rel=\"noopener\">Researcherid<\/a><br \/>\n<a href=\"http:\/\/scholar.google.com.br\/citations?user=YD9UXQEAAAAJ\" target=\"_blank\" rel=\"noopener\">Google Scholar<\/a><\/p>\n<p><span style=\"text-decoration: underline\"><em><strong>Prof. Dr. Henrique Takachi Moriya<\/strong><\/em><\/span><\/p>\n<p><em><strong><a href=\"https:\/\/sites.usp.br\/leb\/wp-content\/uploads\/sites\/1586\/2025\/05\/IMG_1525-scaled.jpg\"><img loading=\"lazy\" decoding=\"async\" class=\"alignnone wp-image-344 size-medium\" src=\"https:\/\/sites.usp.br\/leb\/wp-content\/uploads\/sites\/1586\/2025\/05\/IMG_1525-scaled-e1747427531289-284x300.jpg\" alt=\"\" width=\"284\" height=\"300\" srcset=\"https:\/\/sites.usp.br\/leb\/wp-content\/uploads\/sites\/1586\/2025\/05\/IMG_1525-scaled-e1747427531289-284x300.jpg 284w, https:\/\/sites.usp.br\/leb\/wp-content\/uploads\/sites\/1586\/2025\/05\/IMG_1525-scaled-e1747427531289-970x1024.jpg 970w, https:\/\/sites.usp.br\/leb\/wp-content\/uploads\/sites\/1586\/2025\/05\/IMG_1525-scaled-e1747427531289-768x811.jpg 768w, https:\/\/sites.usp.br\/leb\/wp-content\/uploads\/sites\/1586\/2025\/05\/IMG_1525-scaled-e1747427531289-1455x1536.jpg 1455w, https:\/\/sites.usp.br\/leb\/wp-content\/uploads\/sites\/1586\/2025\/05\/IMG_1525-scaled-e1747427531289-400x422.jpg 400w, https:\/\/sites.usp.br\/leb\/wp-content\/uploads\/sites\/1586\/2025\/05\/IMG_1525-scaled-e1747427531289.jpg 1540w\" sizes=\"auto, (max-width: 284px) 100vw, 284px\" \/><\/a><\/strong><\/em><\/p>\n<p>Informa\u00e7\u00f5es para contato:<br \/>\nTelefone: (11) 3091-1723<br \/>\nemail: htmoriya@usp.br<br \/>\nPr\u00e9dio da Engenharia El\u00e9trica &#8211; Bloco D &#8211; Sala D2-22<br \/>\nLinhas de pesquisa: Engenharia Respirat\u00f3ria; Processamento de Sinais Biol\u00f3gicos.<br \/>\n<a href=\"http:\/\/lattes.cnpq.br\/8298199857246323\" target=\"_blank\" rel=\"noopener\">Curr\u00edculo Lattes<\/a><br \/>\n<a href=\"http:\/\/www.researcherid.com\/rid\/B-5661-2011\" target=\"_blank\" rel=\"noopener\">Researcherid<\/a><br \/>\n<a href=\"http:\/\/scholar.google.com.br\/citations?user=SF3qqBgAAAAJ&amp;hl\" target=\"_blank\" rel=\"noopener\">Google Scholar<\/a><\/p>\n<p><span style=\"text-decoration: underline\"><em><strong>Profa. Dra. Renata Valeri de Freitas<\/strong><\/em><\/span><\/p>\n<p><em><strong><a href=\"https:\/\/sites.usp.br\/leb\/wp-content\/uploads\/sites\/1586\/2025\/01\/Renata.jpg\"><img loading=\"lazy\" decoding=\"async\" class=\"alignnone size-medium wp-image-220\" src=\"https:\/\/sites.usp.br\/leb\/wp-content\/uploads\/sites\/1586\/2025\/01\/Renata-261x300.jpg\" alt=\"\" width=\"261\" height=\"300\" srcset=\"https:\/\/sites.usp.br\/leb\/wp-content\/uploads\/sites\/1586\/2025\/01\/Renata-261x300.jpg 261w, https:\/\/sites.usp.br\/leb\/wp-content\/uploads\/sites\/1586\/2025\/01\/Renata-400x460.jpg 400w, https:\/\/sites.usp.br\/leb\/wp-content\/uploads\/sites\/1586\/2025\/01\/Renata.jpg 526w\" sizes=\"auto, (max-width: 261px) 100vw, 261px\" \/><\/a><\/strong><\/em><\/p>\n<p>Informa\u00e7\u00f5es para contato:<br \/>\nTelefone: (11) 3091-5269<br \/>\nemail: renata.valfreitas@usp.br<br \/>\nPr\u00e9dio da Engenharia El\u00e9trica &#8211; Bloco D &#8211; Sala D2-01<br \/>\nLinhas de pesquisa: Processamento de Sinais Biol\u00f3gicos; Cardiologia Avan\u00e7ada; Sa\u00fade Digital.<br \/>\n<a href=\"http:\/\/lattes.cnpq.br\/7578626540533218\" target=\"_blank\" rel=\"noopener\">Curr\u00edculo Lattes<\/a><br \/>\n<a href=\"https:\/\/www.webofscience.com\/wos\/author\/record\/37474852\">Researcherid<\/a><\/p>\n<h2><\/h2>\n<p>&nbsp;<\/p>\n<h2><strong>Especialistas de Laborat\u00f3rio<\/strong><\/h2>\n<p><span style=\"text-decoration: underline\"><em><strong>Me. Diego Ant\u00f4nio Rosa<br \/>\n<\/strong><\/em><\/span><br \/>\nInforma\u00e7\u00f5es para contato:<br \/>\nTelefone: (11) 3091-5652<br \/>\nemail: diego.rosa@usp.br<br \/>\nPr\u00e9dio da Engenharia El\u00e9trica &#8211; Bloco D &#8211; Sala D2-22<br \/>\n\u00c1rea de Atua\u00e7\u00e3o: Ensaios de Seguran\u00e7a e Desempenho em Equipamentos Eletrom\u00e9dicos no P\u00f3s-Mercado e Engenharia Cl\u00ednica<br \/>\n<a href=\"http:\/\/lattes.cnpq.br\/6983588000334418\">Curr\u00edculo Lattes<\/a><\/p>\n<p><span style=\"text-decoration: underline\"><strong><em>Edison Silva Filho<\/em><\/strong><\/span><\/p>\n<p><strong><em><a href=\"https:\/\/sites.usp.br\/leb\/wp-content\/uploads\/sites\/1586\/2025\/05\/IMG_1522-scaled.jpg\"><img loading=\"lazy\" decoding=\"async\" class=\"alignnone wp-image-343 size-medium\" src=\"https:\/\/sites.usp.br\/leb\/wp-content\/uploads\/sites\/1586\/2025\/05\/IMG_1522-scaled-e1747427713252-283x300.jpg\" alt=\"\" width=\"283\" height=\"300\" srcset=\"https:\/\/sites.usp.br\/leb\/wp-content\/uploads\/sites\/1586\/2025\/05\/IMG_1522-scaled-e1747427713252-283x300.jpg 283w, https:\/\/sites.usp.br\/leb\/wp-content\/uploads\/sites\/1586\/2025\/05\/IMG_1522-scaled-e1747427713252-966x1024.jpg 966w, https:\/\/sites.usp.br\/leb\/wp-content\/uploads\/sites\/1586\/2025\/05\/IMG_1522-scaled-e1747427713252-768x814.jpg 768w, https:\/\/sites.usp.br\/leb\/wp-content\/uploads\/sites\/1586\/2025\/05\/IMG_1522-scaled-e1747427713252-1449x1536.jpg 1449w, https:\/\/sites.usp.br\/leb\/wp-content\/uploads\/sites\/1586\/2025\/05\/IMG_1522-scaled-e1747427713252-400x424.jpg 400w, https:\/\/sites.usp.br\/leb\/wp-content\/uploads\/sites\/1586\/2025\/05\/IMG_1522-scaled-e1747427713252.jpg 1630w\" sizes=\"auto, (max-width: 283px) 100vw, 283px\" \/><\/a><\/em><\/strong><\/p>\n<p>Informa\u00e7\u00f5es para contato:<br \/>\nTelefone: (11) 3091-5652<br \/>\nemail: edison.silva2@usp.br<br \/>\nPr\u00e9dio da Engenharia El\u00e9trica &#8211; Bloco D &#8211; Sala D2-22<br \/>\n\u00c1rea de Atua\u00e7\u00e3o: Ensaios de Seguran\u00e7a e Desempenho em Equipamentos Eletrom\u00e9dicos no P\u00f3s-Mercado e Engenharia Cl\u00ednica<\/p>\n<p><span style=\"text-decoration: underline\"><strong><strong>Dr. Felipe Fava de Lima<\/strong><\/strong><\/span><\/p>\n<p><strong><strong><a href=\"https:\/\/sites.usp.br\/leb\/wp-content\/uploads\/sites\/1586\/2025\/05\/IMG_1498-scaled.jpg\"><img loading=\"lazy\" decoding=\"async\" class=\"alignnone wp-image-340 size-medium\" src=\"https:\/\/sites.usp.br\/leb\/wp-content\/uploads\/sites\/1586\/2025\/05\/IMG_1498-scaled-e1747427625947-274x300.jpg\" alt=\"\" width=\"274\" height=\"300\" srcset=\"https:\/\/sites.usp.br\/leb\/wp-content\/uploads\/sites\/1586\/2025\/05\/IMG_1498-scaled-e1747427625947-274x300.jpg 274w, https:\/\/sites.usp.br\/leb\/wp-content\/uploads\/sites\/1586\/2025\/05\/IMG_1498-scaled-e1747427625947-934x1024.jpg 934w, https:\/\/sites.usp.br\/leb\/wp-content\/uploads\/sites\/1586\/2025\/05\/IMG_1498-scaled-e1747427625947-768x842.jpg 768w, https:\/\/sites.usp.br\/leb\/wp-content\/uploads\/sites\/1586\/2025\/05\/IMG_1498-scaled-e1747427625947-1402x1536.jpg 1402w, https:\/\/sites.usp.br\/leb\/wp-content\/uploads\/sites\/1586\/2025\/05\/IMG_1498-scaled-e1747427625947-400x438.jpg 400w, https:\/\/sites.usp.br\/leb\/wp-content\/uploads\/sites\/1586\/2025\/05\/IMG_1498-scaled-e1747427625947.jpg 1460w\" sizes=\"auto, (max-width: 274px) 100vw, 274px\" \/><\/a><\/strong><\/strong><\/p>\n<p>Informa\u00e7\u00f5es para contato:<br \/>\nTelefone: (11) 3091-5541<br \/>\nemail: felipefavadelima@usp.br<br \/>\nPr\u00e9dio da Engenharia El\u00e9trica &#8211; Bloco D &#8211; Sala D2-02<br \/>\nLinha de pesquisa: Tecnologias para Unidades de Terapia Intensivas (UTIs), Processamento de Sinais Biol\u00f3gicos<br \/>\n<a href=\"http:\/\/lattes.cnpq.br\/9358886740291338\">Curr\u00edculo Lattes<\/a><br \/>\n<a href=\"https:\/\/www.webofscience.com\/wos\/author\/record\/15117599\">Researcherid<\/a><\/p>\n<p><span style=\"text-decoration: underline\"><em><strong>Fernando Rangel<br \/>\n<\/strong><\/em><\/span><br \/>\nInforma\u00e7\u00f5es para contato:<br \/>\nTelefone: (11) 3091-5541<br \/>\nemail: frangel@usp.br<br \/>\nPr\u00e9dio da Engenharia El\u00e9trica &#8211; Bloco D &#8211; Sala D2-02<\/p>\n<p><span style=\"text-decoration: underline\"><em><strong>Me. Miguel Rosa Nunes<br \/>\n<\/strong><\/em><\/span><br \/>\n<a href=\"https:\/\/sites.usp.br\/leb\/wp-content\/uploads\/sites\/1586\/2025\/05\/IMG_1515-scaled-e1747676283883.jpg\"><img loading=\"lazy\" decoding=\"async\" class=\"alignnone wp-image-342 size-medium\" src=\"https:\/\/sites.usp.br\/leb\/wp-content\/uploads\/sites\/1586\/2025\/05\/IMG_1515-scaled-e1748019742227-263x300.jpg\" alt=\"\" width=\"263\" height=\"300\" srcset=\"https:\/\/sites.usp.br\/leb\/wp-content\/uploads\/sites\/1586\/2025\/05\/IMG_1515-scaled-e1748019742227-263x300.jpg 263w, https:\/\/sites.usp.br\/leb\/wp-content\/uploads\/sites\/1586\/2025\/05\/IMG_1515-scaled-e1748019742227-898x1024.jpg 898w, https:\/\/sites.usp.br\/leb\/wp-content\/uploads\/sites\/1586\/2025\/05\/IMG_1515-scaled-e1748019742227-768x876.jpg 768w, https:\/\/sites.usp.br\/leb\/wp-content\/uploads\/sites\/1586\/2025\/05\/IMG_1515-scaled-e1748019742227-400x456.jpg 400w, https:\/\/sites.usp.br\/leb\/wp-content\/uploads\/sites\/1586\/2025\/05\/IMG_1515-scaled-e1748019742227.jpg 1105w\" sizes=\"auto, (max-width: 263px) 100vw, 263px\" \/><\/a><\/p>\n<p>Informa\u00e7\u00f5es para contato:<br \/>\nTelefone: (11) 3091-5652<br \/>\nemail: miguel.nunes@usp.br<br \/>\nPr\u00e9dio da Engenharia El\u00e9trica &#8211; Bloco D &#8211; Sala D2-22<br \/>\n\u00c1rea de Atua\u00e7\u00e3o: Ensaios de Seguran\u00e7a e Desempenho em Equipamentos Eletrom\u00e9dicos no P\u00f3s-Mercado e Engenharia Cl\u00ednica<\/p>\n<p>&nbsp;<\/p>\n<h3>Colaboradores<\/h3>\n<p>&nbsp;<\/p>\n<p><span style=\"text-decoration: underline\"><em><strong>Prof. Dr. Chi-Nan Pai<br \/>\n<\/strong><\/em><\/span><br \/>\n<span style=\"text-decoration: underline\"><em><strong><a href=\"https:\/\/sites.usp.br\/leb\/wp-content\/uploads\/sites\/1586\/2025\/06\/Chi-Nan-Pai_2018.jpg\"><img loading=\"lazy\" decoding=\"async\" class=\"alignnone wp-image-386 \" src=\"https:\/\/sites.usp.br\/leb\/wp-content\/uploads\/sites\/1586\/2025\/06\/Chi-Nan-Pai_2018-e1751299101575-225x300.jpg\" alt=\"\" width=\"246\" height=\"328\" srcset=\"https:\/\/sites.usp.br\/leb\/wp-content\/uploads\/sites\/1586\/2025\/06\/Chi-Nan-Pai_2018-e1751299101575-225x300.jpg 225w, https:\/\/sites.usp.br\/leb\/wp-content\/uploads\/sites\/1586\/2025\/06\/Chi-Nan-Pai_2018-e1751299101575-768x1023.jpg 768w, https:\/\/sites.usp.br\/leb\/wp-content\/uploads\/sites\/1586\/2025\/06\/Chi-Nan-Pai_2018-e1751299101575-400x533.jpg 400w, https:\/\/sites.usp.br\/leb\/wp-content\/uploads\/sites\/1586\/2025\/06\/Chi-Nan-Pai_2018-e1751299101575.jpg 848w\" sizes=\"auto, (max-width: 246px) 100vw, 246px\" \/><\/a><\/strong><\/em><\/span><\/p>\n<p>Informa\u00e7\u00f5es para contato:<br \/>\nTelefone: (11) 3091-6024<br \/>\nemail: chinan.pai@usp.br<br \/>\nPr\u00e9dio de Engenharia Mec\u00e2nica &#8211; MS-14<br \/>\nLinhas de pesquisa: Fisiologia cardiorrespirat\u00f3ria e neuromuscular; Reabilita\u00e7\u00e3o e Tecnologia assistiva; Ultrassom para diagn\u00f3stico e terapia<br \/>\n<a href=\"http:\/\/lattes.cnpq.br\/0765443669644428\">Curr\u00edculo Lattes<\/a><br \/>\n<a href=\"https:\/\/www.webofscience.com\/wos\/author\/record\/E-1904-2012\">Researcherid<\/a><br \/>\n<a href=\"https:\/\/scholar.google.com.br\/citations?user=Ltg0TM4AAAAJ\">Google Scholar<\/a><\/p>\n<p><span style=\"text-decoration: underline\"><em><strong>Prof. Dr. Jo\u00e3o Salinet<br \/>\n<\/strong><\/em><\/span><br \/>\n<span style=\"text-decoration: underline\"><em><strong><a href=\"https:\/\/sites.usp.br\/leb\/wp-content\/uploads\/sites\/1586\/2026\/01\/imagem_2026-01-14_120705520.png\"><img loading=\"lazy\" decoding=\"async\" class=\"alignnone wp-image-386 \" src=\"https:\/\/sites.usp.br\/leb\/wp-content\/uploads\/sites\/1586\/2026\/01\/imagem_2026-01-14_120705520.png\" alt=\"\" width=\"246\" height=\"328\" \/><\/a><\/strong><\/em><\/span><\/p>\n<p>Informa\u00e7\u00f5es para contato:<br \/>\nTelefone: (11) 2320-6342<br \/>\nemail: joao.salinet@ufabc.edu.br<br \/>\nUFABC, Campus S\u00e3o Bernardo do Campo, Bloco Delta, Sala 335<br \/>\nLinhas de pesquisa: Processamento de Sinais Card\u00edacos, Modelamento de Fen\u00f4menos Card\u00edacos, Intelig\u00eancia Artificial, Inova\u00e7\u00e3o Tecnol\u00f3gica e Processamento de Imagens Card\u00edacas.<br \/>\n<a href=\"\/\/lattes.cnpq.br\/8831381008404112\">Curr\u00edculo Lattes<\/a><br \/>\n<a href=\"http:\/\/www.researcherid.com\/rid\/B-5717-2014\">Researcherid<\/a><br \/>\n<a href=\"\/\/scholar.google.com\/citations?user=hJ5oHkYAAAAJ&amp;hl=en\">Google Scholar<\/a><br \/>\n<a href=\"https:\/\/www.webofscience.com\/wos\/author\/record\/B-5717-2014\">Web of Science:<\/a><br \/>\n<a href=\"https:\/\/orcid.org\/0000-0003-2906-9397\">ORCID<\/a><\/p>\n","protected":false},"excerpt":{"rendered":"<p>Corpo Docente Prof. Dr. Andr\u00e9 Fabio Kohn Informa\u00e7\u00f5es para contato: Telefone: (11) 3091-5535 email: andkohn@usp.br , (andfkohn@leb.usp.br) Pr\u00e9dio da Engenharia El\u00e9trica &#8211; Bloco D &#8211; Sala D2-09 Linhas de pesquisa: Neuroci\u00eancia Computacional; Neurofisiologia Humana no Controle Motor; Processamento de Sinais Biol\u00f3gicos. P\u00e1gina pessoal Curr\u00edculo Lattes Researcherid Prof. Dr. S\u00e9rgio Shiguemi Furuie Informa\u00e7\u00f5es para contato: Telefone: [&hellip;]<\/p>\n","protected":false},"author":24060,"featured_media":0,"parent":0,"menu_order":0,"comment_status":"closed","ping_status":"closed","template":"","meta":{"footnotes":"","_links_to":"","_links_to_target":""},"class_list":["post-211","page","type-page","status-publish","hentry"],"_links":{"self":[{"href":"https:\/\/sites.usp.br\/leb\/wp-json\/wp\/v2\/pages\/211","targetHints":{"allow":["GET"]}}],"collection":[{"href":"https:\/\/sites.usp.br\/leb\/wp-json\/wp\/v2\/pages"}],"about":[{"href":"https:\/\/sites.usp.br\/leb\/wp-json\/wp\/v2\/types\/page"}],"author":[{"embeddable":true,"href":"https:\/\/sites.usp.br\/leb\/wp-json\/wp\/v2\/users\/24060"}],"replies":[{"embeddable":true,"href":"https:\/\/sites.usp.br\/leb\/wp-json\/wp\/v2\/comments?post=211"}],"version-history":[{"count":5,"href":"https:\/\/sites.usp.br\/leb\/wp-json\/wp\/v2\/pages\/211\/revisions"}],"predecessor-version":[{"id":402,"href":"https:\/\/sites.usp.br\/leb\/wp-json\/wp\/v2\/pages\/211\/revisions\/402"}],"wp:attachment":[{"href":"https:\/\/sites.usp.br\/leb\/wp-json\/wp\/v2\/media?parent=211"}],"curies":[{"name":"wp","href":"https:\/\/api.w.org\/{rel}","templated":true}]}}