{"id":62,"date":"2014-02-12T11:28:30","date_gmt":"2014-02-12T13:28:30","guid":{"rendered":"http:\/\/sites.usp.br\/leb\/?page_id=62"},"modified":"2025-05-16T18:29:02","modified_gmt":"2025-05-16T20:29:02","slug":"pagina-1","status":"publish","type":"page","link":"https:\/\/sites.usp.br\/leb\/pagina-1\/","title":{"rendered":"<p>\u00c1rea"},"content":{"rendered":"<p><span style=\"font-weight: 400;\">A Engenharia Biom\u00e9dica \u00e9 uma \u00e1rea interdisciplinar que integra conhecimentos de Engenharia, Matem\u00e1tica, Computa\u00e7\u00e3o, F\u00edsica e Qu\u00edmica para solucionar problemas da Biologia e da Medicina. Essa especialidade, relativamente recente, tem proporcionado contribui\u00e7\u00f5es significativas \u00e0s ci\u00eancias biom\u00e9dicas e \u00e0 tecnologia aplicada \u00e0 medicina.\u00a0<\/span><\/p>\n<p><span style=\"font-weight: 400;\">Em sua defini\u00e7\u00e3o mais ampla, a Engenharia Biom\u00e9dica interage com outras \u00e1reas multidisciplinares do conhecimento, como F\u00edsica M\u00e9dica, Biomatem\u00e1tica e Inform\u00e1tica M\u00e9dica. Por\u00e9m, dada sua vasta abrang\u00eancia, tornou-se invi\u00e1vel para um \u00fanico profissional dominar toda a gama de conhecimentos dessa \u00e1rea.<\/span><\/p>\n<p><span style=\"font-weight: 400;\">Por isso, a colabora\u00e7\u00e3o entre diferentes especialidades se torna essencial, abrindo espa\u00e7o para novas ideias e solu\u00e7\u00f5es inovadoras que podem transformar a sa\u00fade e a qualidade de vida.<\/span><\/p>\n<p><span class=\"hljs-tag\"><strong>A Engenharia Biom\u00e9dica pode ser dividida em quatro sub-\u00e1reas:<\/strong><br \/>\n<\/span><\/p>\n<p>&#8211; Bioengenharia: voltada ao desenvolvimento da ci\u00eancia biom\u00e9dica; por exemplo, estudando o funcionamento de neur\u00f4nios e de c\u00e9lulas card\u00edacas com o aux\u00edlio de modelos matem\u00e1ticos e simula\u00e7\u00f5es.<\/p>\n<p>&#8211;\u00a0 Engenharia de Reabilita\u00e7\u00e3o: objetivando desenvolver sistemas eletr\u00f4nicos e mec\u00e2nicos que melhorem as condi\u00e7\u00f5es de vida de deficientes.<\/p>\n<p>&#8211;\u00a0 Engenharia M\u00e9dica: direcionada ao estudo, projeto e execu\u00e7\u00e3o de instrumenta\u00e7\u00e3o (principalmente eletr\u00f4nica), sensores, pr\u00f3teses, etc, para a \u00e1rea m\u00e9dica.<\/p>\n<p>&#8211;\u00a0 Engenharia Cl\u00ednica ou Hospitalar: voltada \u00e0s atividades de certifica\u00e7\u00e3o e ensaios de equipamentos m\u00e9dicos, e atividades em hospitais incluindo projeto, adequa\u00e7\u00e3o e execu\u00e7\u00e3o de instala\u00e7\u00f5es, assessoria em processos de tomada de decis\u00e3o na aquisi\u00e7\u00e3o de equipamentos, treinamento e orienta\u00e7\u00e3o de equipes de manuten\u00e7\u00e3o.<\/p>\n","protected":false},"excerpt":{"rendered":"<p>A Engenharia Biom\u00e9dica \u00e9 uma \u00e1rea interdisciplinar que integra conhecimentos de Engenharia, Matem\u00e1tica, Computa\u00e7\u00e3o, F\u00edsica e Qu\u00edmica para solucionar problemas da Biologia e da Medicina. Essa especialidade, relativamente recente, tem proporcionado contribui\u00e7\u00f5es significativas \u00e0s ci\u00eancias biom\u00e9dicas e \u00e0 tecnologia aplicada \u00e0 medicina.\u00a0 Em sua defini\u00e7\u00e3o mais ampla, a Engenharia Biom\u00e9dica interage com outras \u00e1reas multidisciplinares [&hellip;]<\/p>\n","protected":false},"author":1,"featured_media":0,"parent":0,"menu_order":0,"comment_status":"closed","ping_status":"closed","template":"","meta":{"footnotes":"","_links_to":"","_links_to_target":""},"class_list":["post-62","page","type-page","status-publish","hentry"],"_links":{"self":[{"href":"https:\/\/sites.usp.br\/leb\/wp-json\/wp\/v2\/pages\/62","targetHints":{"allow":["GET"]}}],"collection":[{"href":"https:\/\/sites.usp.br\/leb\/wp-json\/wp\/v2\/pages"}],"about":[{"href":"https:\/\/sites.usp.br\/leb\/wp-json\/wp\/v2\/types\/page"}],"author":[{"embeddable":true,"href":"https:\/\/sites.usp.br\/leb\/wp-json\/wp\/v2\/users\/1"}],"replies":[{"embeddable":true,"href":"https:\/\/sites.usp.br\/leb\/wp-json\/wp\/v2\/comments?post=62"}],"version-history":[{"count":4,"href":"https:\/\/sites.usp.br\/leb\/wp-json\/wp\/v2\/pages\/62\/revisions"}],"predecessor-version":[{"id":353,"href":"https:\/\/sites.usp.br\/leb\/wp-json\/wp\/v2\/pages\/62\/revisions\/353"}],"wp:attachment":[{"href":"https:\/\/sites.usp.br\/leb\/wp-json\/wp\/v2\/media?parent=62"}],"curies":[{"name":"wp","href":"https:\/\/api.w.org\/{rel}","templated":true}]}}