{"id":64,"date":"2014-02-12T11:28:54","date_gmt":"2014-02-12T13:28:54","guid":{"rendered":"http:\/\/sites.usp.br\/leb\/?page_id=64"},"modified":"2025-01-14T16:16:49","modified_gmt":"2025-01-14T18:16:49","slug":"ensino","status":"publish","type":"page","link":"https:\/\/sites.usp.br\/leb\/ensino\/","title":{"rendered":"<p>Ensino"},"content":{"rendered":"<p><a href=\"https:\/\/sites.usp.br\/leb\/ensino\/graduacao\">Gradua\u00e7\u00e3o<\/a><br \/>\n<a href=\"https:\/\/sites.usp.br\/leb\/posgraduacao\/\">P\u00f3s-Gradua\u00e7\u00e3o<\/a><\/p>\n<p>&nbsp;<\/p>\n<p>&nbsp;<\/p>\n<p>&nbsp;<\/p>\n<p>&nbsp;<\/p>\n<p>&nbsp;<\/p>\n<p>&nbsp;<\/p>\n<p>&nbsp;<\/p>\n<p>&nbsp;<\/p>\n<p>&nbsp;<\/p>\n<p>&nbsp;<\/p>\n<p>&nbsp;<\/p>\n<p>&nbsp;<\/p>\n","protected":false},"excerpt":{"rendered":"<p>Gradua\u00e7\u00e3o P\u00f3s-Gradua\u00e7\u00e3o &nbsp; &nbsp; &nbsp; &nbsp; &nbsp; &nbsp; &nbsp; &nbsp; &nbsp; &nbsp; &nbsp; &nbsp;<\/p>\n","protected":false},"author":1,"featured_media":0,"parent":0,"menu_order":0,"comment_status":"closed","ping_status":"closed","template":"","meta":{"footnotes":"","_links_to":"","_links_to_target":""},"class_list":["post-64","page","type-page","status-publish","hentry"],"_links":{"self":[{"href":"https:\/\/sites.usp.br\/leb\/wp-json\/wp\/v2\/pages\/64","targetHints":{"allow":["GET"]}}],"collection":[{"href":"https:\/\/sites.usp.br\/leb\/wp-json\/wp\/v2\/pages"}],"about":[{"href":"https:\/\/sites.usp.br\/leb\/wp-json\/wp\/v2\/types\/page"}],"author":[{"embeddable":true,"href":"https:\/\/sites.usp.br\/leb\/wp-json\/wp\/v2\/users\/1"}],"replies":[{"embeddable":true,"href":"https:\/\/sites.usp.br\/leb\/wp-json\/wp\/v2\/comments?post=64"}],"version-history":[{"count":4,"href":"https:\/\/sites.usp.br\/leb\/wp-json\/wp\/v2\/pages\/64\/revisions"}],"predecessor-version":[{"id":287,"href":"https:\/\/sites.usp.br\/leb\/wp-json\/wp\/v2\/pages\/64\/revisions\/287"}],"wp:attachment":[{"href":"https:\/\/sites.usp.br\/leb\/wp-json\/wp\/v2\/media?parent=64"}],"curies":[{"name":"wp","href":"https:\/\/api.w.org\/{rel}","templated":true}]}}