{"id":64,"date":"2014-02-12T11:28:54","date_gmt":"2014-02-12T13:28:54","guid":{"rendered":"http:\/\/sites.usp.br\/lebac\/?page_id=64"},"modified":"2025-01-23T17:29:19","modified_gmt":"2025-01-23T19:29:19","slug":"pagina-2","status":"publish","type":"page","link":"https:\/\/sites.usp.br\/lebac\/pagina-2\/","title":{"rendered":"Pesquisadores"},"content":{"rendered":"<p><strong>Andr\u00e9ia Schmidt<\/strong><\/p>\n<p><a href=\"https:\/\/sites.usp.br\/lebac\/wp-content\/uploads\/sites\/591\/2019\/09\/thumb_IMG-20180620-WA0002_1024-e1567551312216.jpg\"><img loading=\"lazy\" decoding=\"async\" class=\"wp-image-189 alignleft\" src=\"https:\/\/sites.usp.br\/lebac\/wp-content\/uploads\/sites\/591\/2019\/09\/thumb_IMG-20180620-WA0002_1024-260x300.jpg\" alt=\"\" width=\"145\" height=\"168\" \/><\/a>Coordenadora do LEBAC. Docente do Departamento de Psicologia da Faculdade de Filosofia, Ci\u00eancias e Letras de Ribeir\u00e3o Preto &#8211; Universidade de S\u00e3o Paulo. Psic\u00f3loga (UFPR), mestre em Educa\u00e7\u00e3o Especial (UFSCar) e doutora em Psicologia Experimental (USP). Desenvolve estudos sobre aprendizagem e recupera\u00e7\u00e3o de repert\u00f3rios verbais em crian\u00e7as (t\u00edpicas ou n\u00e3o) e idosos (saud\u00e1veis ou com transtornos neurocognitivos). \u00c9 membro do Instituto Nacional de Ci\u00eancia e Tecnologia sobre Comportamento, Cogni\u00e7\u00e3o e Ensino e orienta projetos de mestrado e doutorado no Programa de P\u00f3s-Gradua\u00e7\u00e3o em Psicobiologia (USP-RP).<\/p>\n<p><a href=\"http:\/\/lattes.cnpq.br\/3886712611757992\">http:\/\/lattes.cnpq.br\/3886712611757992<\/a><\/p>\n<p>&nbsp;<\/p>\n<p><strong>Claudia Daiane Batista Bettio<\/strong><\/p>\n<p>Psic\u00f3loga graduada pela Universidade Estadual de Maring\u00e1 (2017), com Mestrado (2019) e Doutorado (2023) em Psicobiologia pela Faculdade de Filosofia, Ci\u00eancias e Letras de Ribeir\u00e3o Preto &#8211; Universidade de S\u00e3o Paulo. Atualmente \u00e9 pesquisadora de p\u00f3s-doutorado, vinculada ao Programa de Psicobiologia da Universidade de S\u00e3o Paulo. Tem trabalhado principalmente com os seguintes temas: an\u00e1lise do comportamento, comportamento verbal, desenvolvimento humano, psicologia escolar e da aprendizagem, educa\u00e7\u00e3o inclusiva e Desenho Universal para a Aprendizagem (DUA).<\/p>\n<p><a href=\"http:\/\/lattes.cnpq.br\/2211500369694400\">http:\/\/lattes.cnpq.br\/2211500369694400<\/a><\/p>\n<p>&nbsp;<\/p>\n<p><strong>Ana Carolina Arruda Miranda<\/strong><\/p>\n<p>Formada em psicologia pela Universidade Federal Fluminense, Rio de Janeiro. Mestra em ci\u00eancias pelo Programa de P\u00f3s-gradua\u00e7\u00e3o em Psicobiologia da Faculdade de Filosofia, Ci\u00eancias e Letras de Ribeir\u00e3o Preto &#8211; Universidade de S\u00e3o Paulo. No mestrado, sob orienta\u00e7\u00e3o da professora Dra. Andreia Schmidt, realizou pesquisas com professoras e crian\u00e7as pr\u00e9-escolares, voltadas para aprendizagem de palavras a partir de Leitura Compartilhada de Hist\u00f3rias. Concluiu o doutorado no mesmo programa, tamb\u00e9m sob orienta\u00e7\u00e3o da professora Andreia, e realiza pesquisas com professoras voltadas para o ensino de habilidades b\u00e1sicas para crian\u00e7as pr\u00e9-escolares com Defici\u00eancia Intelectual.<\/p>\n<p><a href=\"http:\/\/lattes.cnpq.br\/2856842250034245\">http:\/\/lattes.cnpq.br\/2856842250034245<\/a><\/p>\n<p>&nbsp;<\/p>\n<p><strong>Maryam Furlan Ayoub<\/strong><\/p>\n<p>Psic\u00f3loga graduada pela Universidade Federal de S\u00e3o Paulo (2017). Mestre em Ci\u00eancias, com \u00eanfase em Psicobiologia pela Universidade de S\u00e3o Paulo (2021). Atualmente \u00e9 doutoranda no Programa de P\u00f3s-gradua\u00e7\u00e3o em Psicobiologia da Faculdade de Filosofia, Ci\u00eancias e Letras de Ribeir\u00e3o Preto (FFCLRP, USP). Atua principalmente nos seguintes temas: An\u00e1lise do Comportamento, Gerontologia Comportamental, e Reabilita\u00e7\u00e3o Cognitiva e Funcional em idosos com comprometimento cognitivo.<\/p>\n<p><a href=\"http:\/\/lattes.cnpq.br\/3765142298834071\">http:\/\/lattes.cnpq.br\/3765142298834071<\/a><\/p>\n<p>&nbsp;<\/p>\n<p><strong>Lucas Cardoso Manfredo<\/strong><\/p>\n<p>Possui gradua\u00e7\u00e3o em Psicologia pela Universidade de Ribeir\u00e3o Preto (2019). Mestre em Ci\u00eancias, com \u00eanfase em Psicobiologia pela Faculdade de Filosofia, Ci\u00eancias e Letras de Ribeir\u00e3o Preto &#8211; USP (2022). Atualmente \u00e9 doutorando em Ci\u00eancias, com \u00eanfase em Psicobiologia pela Faculdade de Filosofia, Ci\u00eancias e Letras de Ribeir\u00e3o Preto &#8211; USP.<\/p>\n<p><a href=\"http:\/\/lattes.cnpq.br\/7932466148546586\">http:\/\/lattes.cnpq.br\/7932466148546586<\/a><\/p>\n<p>&nbsp;<\/p>\n<p><strong>Gianndre Roberto Coelho de Souza Ferreira<\/strong><\/p>\n<p>Doutorando (em andamento) e Mestre em Psicobiologia pela Universidade de S\u00e3o Paulo (2022). Tem experi\u00eancia na \u00e1rea de Psicologia (An\u00e1lise do Comportamento), atuando principalmente com p\u00fablico infantojuvenil.<\/p>\n<p><a href=\"http:\/\/lattes.cnpq.br\/4546756356527986\">http:\/\/lattes.cnpq.br\/4546756356527986<\/a><\/p>\n","protected":false},"excerpt":{"rendered":"<p>Andr\u00e9ia Schmidt Coordenadora do LEBAC. Docente do Departamento de Psicologia da Faculdade de Filosofia, Ci\u00eancias e Letras de Ribeir\u00e3o Preto &#8211; Universidade de S\u00e3o Paulo. Psic\u00f3loga (UFPR), mestre em Educa\u00e7\u00e3o Especial (UFSCar) e doutora em Psicologia Experimental (USP). Desenvolve estudos sobre aprendizagem e recupera\u00e7\u00e3o de repert\u00f3rios verbais em crian\u00e7as (t\u00edpicas ou n\u00e3o) e idosos (saud\u00e1veis [&hellip;]<\/p>\n","protected":false},"author":1,"featured_media":0,"parent":0,"menu_order":1,"comment_status":"closed","ping_status":"closed","template":"","meta":{"footnotes":"","_links_to":"","_links_to_target":""},"class_list":["post-64","page","type-page","status-publish","hentry"],"_links":{"self":[{"href":"https:\/\/sites.usp.br\/lebac\/wp-json\/wp\/v2\/pages\/64","targetHints":{"allow":["GET"]}}],"collection":[{"href":"https:\/\/sites.usp.br\/lebac\/wp-json\/wp\/v2\/pages"}],"about":[{"href":"https:\/\/sites.usp.br\/lebac\/wp-json\/wp\/v2\/types\/page"}],"author":[{"embeddable":true,"href":"https:\/\/sites.usp.br\/lebac\/wp-json\/wp\/v2\/users\/1"}],"replies":[{"embeddable":true,"href":"https:\/\/sites.usp.br\/lebac\/wp-json\/wp\/v2\/comments?post=64"}],"version-history":[{"count":4,"href":"https:\/\/sites.usp.br\/lebac\/wp-json\/wp\/v2\/pages\/64\/revisions"}],"predecessor-version":[{"id":271,"href":"https:\/\/sites.usp.br\/lebac\/wp-json\/wp\/v2\/pages\/64\/revisions\/271"}],"wp:attachment":[{"href":"https:\/\/sites.usp.br\/lebac\/wp-json\/wp\/v2\/media?parent=64"}],"curies":[{"name":"wp","href":"https:\/\/api.w.org\/{rel}","templated":true}]}}