{"id":79,"date":"2014-02-24T16:51:20","date_gmt":"2014-02-24T18:51:20","guid":{"rendered":"http:\/\/sites.usp.br\/lebac\/?page_id=79"},"modified":"2019-09-01T18:58:53","modified_gmt":"2019-09-01T20:58:53","slug":"pagina-inicial","status":"publish","type":"page","link":"https:\/\/sites.usp.br\/lebac\/","title":{"rendered":"Home"},"content":{"rendered":"<p>O Laborat\u00f3rio de Estudos B\u00e1sicos e Aplicados em An\u00e1lise do Comportamento \u2013 LEBAC est\u00e1 vinculado ao Departamento de Psicologia da Faculdade de Filosofia, Ci\u00eancia e Letras de Ribeir\u00e3o Preto, Universidade de S\u00e3o Paulo, e \u00e9 coordenado pela Profa. Dra. Andr\u00e9ia Schmidt. O LEBAC estrutura um conjunto de a\u00e7\u00f5es de pesquisa e extens\u00e3o que v\u00eam sendo desenvolvidas desde 2010 junto a alunos da Gradua\u00e7\u00e3o em Psicologia e \u00e0 P\u00f3s-Gradua\u00e7\u00e3o em Psicobiologia. Tais a\u00e7\u00f5es est\u00e3o articuladas nos eixos de pesquisa b\u00e1sica e aplicada, sob a perspectiva te\u00f3rica anal\u00edtico-comportamental.<\/p>\n<p align=\"justify\">O LEBAC tamb\u00e9m est\u00e1 vinculado ao Instituto Nacional de Ci\u00eancia e Tecnologia sobre Comportamento, Cogni\u00e7\u00e3o e Ensino (INCT \u2013 ECCE), uma rede de pesquisadores de diversas universidades do Brasil e do exterior, que tem como foco o estudo da aprendizagem de rela\u00e7\u00f5es simb\u00f3licas e conceituais, assim como de seus precursores, e as implica\u00e7\u00f5es da aprendizagem destas rela\u00e7\u00f5es sobre o comportamento.<\/p>\n","protected":false},"excerpt":{"rendered":"<p>O Laborat\u00f3rio de Estudos B\u00e1sicos e Aplicados em An\u00e1lise do Comportamento \u2013 LEBAC est\u00e1 vinculado ao Departamento de Psicologia da Faculdade de Filosofia, Ci\u00eancia e Letras de Ribeir\u00e3o Preto, Universidade de S\u00e3o Paulo, e \u00e9 coordenado pela Profa. Dra. Andr\u00e9ia Schmidt. O LEBAC estrutura um conjunto de a\u00e7\u00f5es de pesquisa e extens\u00e3o que v\u00eam sendo [&hellip;]<\/p>\n","protected":false},"author":1,"featured_media":0,"parent":0,"menu_order":8,"comment_status":"closed","ping_status":"closed","template":"","meta":{"footnotes":"","_links_to":"","_links_to_target":""},"class_list":["post-79","page","type-page","status-publish","hentry"],"_links":{"self":[{"href":"https:\/\/sites.usp.br\/lebac\/wp-json\/wp\/v2\/pages\/79","targetHints":{"allow":["GET"]}}],"collection":[{"href":"https:\/\/sites.usp.br\/lebac\/wp-json\/wp\/v2\/pages"}],"about":[{"href":"https:\/\/sites.usp.br\/lebac\/wp-json\/wp\/v2\/types\/page"}],"author":[{"embeddable":true,"href":"https:\/\/sites.usp.br\/lebac\/wp-json\/wp\/v2\/users\/1"}],"replies":[{"embeddable":true,"href":"https:\/\/sites.usp.br\/lebac\/wp-json\/wp\/v2\/comments?post=79"}],"version-history":[{"count":4,"href":"https:\/\/sites.usp.br\/lebac\/wp-json\/wp\/v2\/pages\/79\/revisions"}],"predecessor-version":[{"id":150,"href":"https:\/\/sites.usp.br\/lebac\/wp-json\/wp\/v2\/pages\/79\/revisions\/150"}],"wp:attachment":[{"href":"https:\/\/sites.usp.br\/lebac\/wp-json\/wp\/v2\/media?parent=79"}],"curies":[{"name":"wp","href":"https:\/\/api.w.org\/{rel}","templated":true}]}}