{"id":1583,"date":"2020-03-07T11:15:59","date_gmt":"2020-03-07T14:15:59","guid":{"rendered":"http:\/\/sites.usp.br\/leea\/?page_id=1583"},"modified":"2021-02-17T23:34:30","modified_gmt":"2021-02-18T02:34:30","slug":"popularizacao-da-ciencia","status":"publish","type":"page","link":"https:\/\/sites.usp.br\/leea\/en\/popularizacao-da-ciencia\/","title":{"rendered":"Popularization of Science"},"content":{"rendered":"<p><strong>Scientific Dissemination<\/strong>, also called the<strong> Popularization of Science<\/strong>, seeks to disseminate scientific knowledge to the general public in an accessible manner, seeking to show what is produced in the day-to-day activities of Research Laboratories.<\/p>\n<p>In this sense, this section aims to show Scientific Dissemination works produced by LEEA members related to the themes: electrochemistry, fuel cells, fuel biocells, electrochemical and bioelectrochemical effluent treatment, among others.<\/p>\n<p style=\"text-align: right;\">(<em>Contents in Portuguese<\/em>)<\/p>\n<p><a href=\"https:\/\/sucroenergetico.revistaopinioes.com.br\/revista\/detalhes\/7-uma-nova-forma-de-producao-de-energia-celulas-bi\/\" target=\"_blank\" rel=\"noopener noreferrer\">Uma nova forma de produ\u00e7\u00e3o de energia: c\u00e9lulas a biocombust\u00edvel<\/a> &#8211; Prof. Paulo Olivi, Article, Opini\u00f5es Magazine, 2016.<\/p>\n<p class=\"title\"><a href=\"https:\/\/agin.agr.br\/voce-sabe-do-que-um-micro-organismo-e-capaz\/\" target=\"_blank\" rel=\"noopener noreferrer\">Voc\u00ea sabe do que um micro-organismo \u00e9 capaz?<\/a> &#8211; Erica J. R. De Almeida, Article, Ag.In &#8211; Agricultura Inteligente.<\/p>\n<p><a href=\"https:\/\/youtu.be\/jK9FHsqJCHU\" target=\"_blank\" rel=\"noopener noreferrer\">Produ\u00e7\u00e3o de 1,3-propanodiol em uma c\u00e9lula microbiana a combust\u00edvel em adi\u00e7\u00e3o a gera\u00e7\u00e3o de energia<\/a> &#8211; Gisele G. Halfeld, Video, II Reuni\u00e3o Bienal da SBEE, 2020.<\/p>\n<p><a href=\"https:\/\/youtu.be\/QEQSwZwV_8E\" target=\"_blank\" rel=\"noopener noreferrer\">Mulheres da Eletroqu\u00edmica no Brasil: Profa. Adalgisa Rodrigues de Andrade<\/a> &#8211; V\u00eddeo, Canal do YouTube &#8220;Ci\u00eancia que l\u00e1 vem Hist\u00f3ria!&#8221;, II Fronteiras em Eletroqu\u00edmica e Eletroanal\u00edtica: avan\u00e7\u00f5s realizados por mulheres cientistas, 2021.<\/p>","protected":false},"excerpt":{"rendered":"<p>Scientific Dissemination, also called the Popularization of Science, seeks to disseminate scientific knowledge to the general public in an accessible manner, seeking to show what is produced in the day-to-day activities of Research Laboratories.&#46;&#46;&#46;<\/p>\n","protected":false},"author":1163,"featured_media":0,"parent":0,"menu_order":0,"comment_status":"closed","ping_status":"closed","template":"","meta":{"footnotes":"","_links_to":"","_links_to_target":""},"class_list":["post-1583","page","type-page","status-publish","hentry"],"_links":{"self":[{"href":"https:\/\/sites.usp.br\/leea\/en\/wp-json\/wp\/v2\/pages\/1583","targetHints":{"allow":["GET"]}}],"collection":[{"href":"https:\/\/sites.usp.br\/leea\/en\/wp-json\/wp\/v2\/pages"}],"about":[{"href":"https:\/\/sites.usp.br\/leea\/en\/wp-json\/wp\/v2\/types\/page"}],"author":[{"embeddable":true,"href":"https:\/\/sites.usp.br\/leea\/en\/wp-json\/wp\/v2\/users\/1163"}],"replies":[{"embeddable":true,"href":"https:\/\/sites.usp.br\/leea\/en\/wp-json\/wp\/v2\/comments?post=1583"}],"version-history":[{"count":4,"href":"https:\/\/sites.usp.br\/leea\/en\/wp-json\/wp\/v2\/pages\/1583\/revisions"}],"predecessor-version":[{"id":1809,"href":"https:\/\/sites.usp.br\/leea\/en\/wp-json\/wp\/v2\/pages\/1583\/revisions\/1809"}],"wp:attachment":[{"href":"https:\/\/sites.usp.br\/leea\/en\/wp-json\/wp\/v2\/media?parent=1583"}],"curies":[{"name":"wp","href":"https:\/\/api.w.org\/{rel}","templated":true}]}}