{"id":884,"date":"2016-07-08T10:07:16","date_gmt":"2016-07-08T13:07:16","guid":{"rendered":"http:\/\/sites.usp.br\/leea\/?page_id=884"},"modified":"2023-10-30T21:13:24","modified_gmt":"2023-10-31T00:13:24","slug":"mestrandos","status":"publish","type":"page","link":"https:\/\/sites.usp.br\/leea\/en\/mestrandos\/","title":{"rendered":"Master&#8217;s students"},"content":{"rendered":"<p><\/p>\n<ul>\n<li>Ana Carolina Ribeiro Aguiar.<\/li>\n<li>Andr\u00e9 Luiz dos Santos<\/li>\n<li>Andr\u00e9 Stoppa<\/li>\n<li>Carlos Frederico Vasques de Souza Pereira<\/li>\n<li>Carmem L\u00facia Paiva Silva Zanta<\/li>\n<li>Carolina de Souza Bonfin<\/li>\n<li>Dane Tadeu Cestarolli<\/li>\n<li>Demetrius Profeti<\/li>\n<li>Elaine Cristina Pedreschi Engracia Rodrigues<\/li>\n<li>Emerson Maran Cunha<\/li>\n<li>Fernando Carmona Sim\u00f5es<\/li>\n<li>Franciane Pinheiro Cardoso<\/li>\n<li>Gisele Giovanna Halfeld<\/li>\n<li>Izabel Cristina Eleot\u00e9rio<\/li>\n<li>Jesimiel Glaycon Rodrigues Ant\u00f4nio<\/li>\n<li>Josimar Ribeiro<\/li>\n<li>Juliane Crisitna Forti<\/li>\n<li>Lais Boracini<\/li>\n<li>Liliane Aparecida de Carvalho<\/li>\n<li>L\u00edvia Martins da Palma<\/li>\n<li>Maria Raquel Suda<\/li>\n<li>Marlene Barroso Oliveira<\/li>\n<li>Paula Pereira Durante Alves<\/li>\n<li>Regina Massako Takeuchi<\/li>\n<li>Rodrigo Garcia da Silva<\/li>\n<li>Sidney de Aquino Neto<\/li>\n<li>Talita Barcelos<\/li>\n<li>Thiago Cavalheiro Magri<\/li>\n<li>Vanderlei Silva Lima<\/li>\n<li>Vitor Fabr\u00edcio Barusco Ribeiro<\/li>\n<\/ul>\n<p><\/p>","protected":false},"excerpt":{"rendered":"<p>Ana Carolina Ribeiro Aguiar. Andr\u00e9 Luiz dos Santos Andr\u00e9 Stoppa Carlos Frederico Vasques de Souza Pereira Carmem L\u00facia Paiva Silva Zanta Carolina de Souza Bonfin Dane Tadeu Cestarolli Demetrius Profeti Elaine Cristina Pedreschi Engracia&#46;&#46;&#46;<\/p>\n","protected":false},"author":257,"featured_media":0,"parent":0,"menu_order":0,"comment_status":"closed","ping_status":"closed","template":"","meta":{"footnotes":"","_links_to":"","_links_to_target":""},"class_list":["post-884","page","type-page","status-publish","hentry"],"_links":{"self":[{"href":"https:\/\/sites.usp.br\/leea\/en\/wp-json\/wp\/v2\/pages\/884","targetHints":{"allow":["GET"]}}],"collection":[{"href":"https:\/\/sites.usp.br\/leea\/en\/wp-json\/wp\/v2\/pages"}],"about":[{"href":"https:\/\/sites.usp.br\/leea\/en\/wp-json\/wp\/v2\/types\/page"}],"author":[{"embeddable":true,"href":"https:\/\/sites.usp.br\/leea\/en\/wp-json\/wp\/v2\/users\/257"}],"replies":[{"embeddable":true,"href":"https:\/\/sites.usp.br\/leea\/en\/wp-json\/wp\/v2\/comments?post=884"}],"version-history":[{"count":4,"href":"https:\/\/sites.usp.br\/leea\/en\/wp-json\/wp\/v2\/pages\/884\/revisions"}],"predecessor-version":[{"id":1948,"href":"https:\/\/sites.usp.br\/leea\/en\/wp-json\/wp\/v2\/pages\/884\/revisions\/1948"}],"wp:attachment":[{"href":"https:\/\/sites.usp.br\/leea\/en\/wp-json\/wp\/v2\/media?parent=884"}],"curies":[{"name":"wp","href":"https:\/\/api.w.org\/{rel}","templated":true}]}}