{"id":1025,"date":"2016-07-21T13:59:27","date_gmt":"2016-07-21T16:59:27","guid":{"rendered":"http:\/\/sites.usp.br\/leea\/?page_id=1025"},"modified":"2019-10-22T09:01:25","modified_gmt":"2019-10-22T12:01:25","slug":"english-celula-combustivel","status":"publish","type":"page","link":"https:\/\/sites.usp.br\/leea\/english-celula-combustivel\/","title":{"rendered":"C\u00e9lulas a combust\u00edvel"},"content":{"rendered":"<p><\/p>\n<p style=\"text-align: justify;\"><a href=\"http:\/\/sites.usp.br\/leea\/wp-content\/uploads\/sites\/144\/2016\/07\/IMG_3536.jpg\"><img loading=\"lazy\" decoding=\"async\" class=\"size-medium wp-image-1030 aligncenter\" src=\"http:\/\/sites.usp.br\/leea\/wp-content\/uploads\/sites\/144\/2016\/07\/IMG_3536-300x200.jpg\" alt=\"IMG_3536\" width=\"300\" height=\"200\" srcset=\"https:\/\/sites.usp.br\/leea\/wp-content\/uploads\/sites\/144\/2016\/07\/IMG_3536-300x200.jpg 300w, https:\/\/sites.usp.br\/leea\/wp-content\/uploads\/sites\/144\/2016\/07\/IMG_3536-1024x683.jpg 1024w, https:\/\/sites.usp.br\/leea\/wp-content\/uploads\/sites\/144\/2016\/07\/IMG_3536-400x267.jpg 400w\" sizes=\"auto, (max-width: 300px) 100vw, 300px\" \/><\/a>\u00c9 um tipo de dispositivo que utiliza energia qu\u00edmica para gerar energia el\u00e9trica e aparece como uma forma alternativa\u00a0de gera\u00e7\u00e3o e armazenamento de energia. Estes dispositivos s\u00e3o chamados de \u201cc\u00e9lulas a combust\u00edvel\u201d, ou Fuel Cells em ingl\u00eas, e a principal diferen\u00e7a entre eles e as baterias \u00e9 o fato das subst\u00e2ncias que sofrem rea\u00e7\u00f5es qu\u00edmicas n\u00e3o se encontrarem inicialmente no interior delas mas serem introduzidas continuamente a partir do exterior. Embora o nome sugira a exist\u00eancia de uma combust\u00e3o, o que ocorre na verdade \u00e9 uma rea\u00e7\u00e3o qu\u00edmica que leva a oxida\u00e7\u00e3o completa de uma subst\u00e2ncia, que \u00e9 conhecida como rea\u00e7\u00e3o de combust\u00e3o. A rea\u00e7\u00e3o de oxida\u00e7\u00e3o deste combust\u00edvel ocorre em um eletrodo, chamado \u00e2nodo, enquanto que uma rea\u00e7\u00e3o de redu\u00e7\u00e3o de outra subst\u00e2ncia, geralmente o oxig\u00eanio, ocorre no c\u00e1todo. Desta forma as c\u00e9lulas a combust\u00edvel n\u00e3o se descarregam como as baterias mas funcionam continuamente enquanto forem fornecidas as subst\u00e2ncias que sofrem as rea\u00e7\u00f5es qu\u00edmicas no seu interior. Assim, pode-se ter um reservat\u00f3rio externo que pode ser reabastecido rapidamente (como em um autom\u00f3vel), n\u00e3o necessitando grandes tempos para serem recarregadas, como no caso das baterias. As grandes vantagens das c\u00e9lulas a combust\u00edvel, al\u00e9m de poderem operar por longos per\u00edodos de tempo, \u00e9 que s\u00e3o limpas, silenciosas, eficientes e podem operar a partir de subst\u00e2ncias renov\u00e1veis.<\/p>\n<p><\/p>","protected":false},"excerpt":{"rendered":"<p>\u00c9 um tipo de dispositivo que utiliza energia qu\u00edmica para gerar energia el\u00e9trica e aparece como uma forma alternativa\u00a0de gera\u00e7\u00e3o e armazenamento de energia. Estes dispositivos s\u00e3o chamados de \u201cc\u00e9lulas a combust\u00edvel\u201d, ou Fuel&#46;&#46;&#46;<\/p>\n","protected":false},"author":257,"featured_media":0,"parent":0,"menu_order":0,"comment_status":"open","ping_status":"closed","template":"","meta":{"footnotes":"","_links_to":"","_links_to_target":""},"class_list":["post-1025","page","type-page","status-publish","hentry"],"_links":{"self":[{"href":"https:\/\/sites.usp.br\/leea\/wp-json\/wp\/v2\/pages\/1025","targetHints":{"allow":["GET"]}}],"collection":[{"href":"https:\/\/sites.usp.br\/leea\/wp-json\/wp\/v2\/pages"}],"about":[{"href":"https:\/\/sites.usp.br\/leea\/wp-json\/wp\/v2\/types\/page"}],"author":[{"embeddable":true,"href":"https:\/\/sites.usp.br\/leea\/wp-json\/wp\/v2\/users\/257"}],"replies":[{"embeddable":true,"href":"https:\/\/sites.usp.br\/leea\/wp-json\/wp\/v2\/comments?post=1025"}],"version-history":[{"count":4,"href":"https:\/\/sites.usp.br\/leea\/wp-json\/wp\/v2\/pages\/1025\/revisions"}],"predecessor-version":[{"id":1412,"href":"https:\/\/sites.usp.br\/leea\/wp-json\/wp\/v2\/pages\/1025\/revisions\/1412"}],"wp:attachment":[{"href":"https:\/\/sites.usp.br\/leea\/wp-json\/wp\/v2\/media?parent=1025"}],"curies":[{"name":"wp","href":"https:\/\/api.w.org\/{rel}","templated":true}]}}