{"id":1072,"date":"2016-07-25T15:01:27","date_gmt":"2016-07-25T18:01:27","guid":{"rendered":"http:\/\/sites.usp.br\/leea\/?page_id=1072"},"modified":"2024-05-02T18:39:12","modified_gmt":"2024-05-02T21:39:12","slug":"inicio","status":"publish","type":"page","link":"https:\/\/sites.usp.br\/leea\/","title":{"rendered":""},"content":{"rendered":"<p><\/p>\n<h2 style=\"text-align: center;\"><a href=\"https:\/\/www5.usp.br\/usp90anos\/\" target=\"_blank\" rel=\"noopener\">USP 90 anos &#8211; Nossa hist\u00f3ria em uma linha do tempo<\/a><\/h2>\n<h2 style=\"text-align: center;\"><a href=\"https:\/\/60anos.ffclrp.usp.br\/\" target=\"_blank\" rel=\"noopener\">FFCLRP 60 anos: conhe\u00e7a nossa hist\u00f3ria<\/a><\/h2>\n\r\n\t<div class=\"slideshow_container slideshow_container_style-light\" style=\"height: 300px; \" data-slideshow-id=\"1129\" data-style-name=\"style-light\" data-style-version=\"2.3.1\" >\r\n\r\n\t\t\t\t\t<div class=\"slideshow_loading_icon\"><\/div>\r\n\t\t\r\n\t\t<div class=\"slideshow_content\" style=\"display: none;\">\r\n\r\n\t\t\t<div class=\"slideshow_view\">\r\n\t\t\t\t<div class=\"slideshow_slide slideshow_slide_image\">\r\n\t\t\t\t\t\t\t\t\t\t\t<img src=\"https:\/\/sites.usp.br\/leea\/wp-content\/uploads\/sites\/144\/2016\/07\/IMG_3536.jpg\" alt=\"IMG_3536\" width=\"3888\" height=\"2592\" \/>\r\n\t\t\t\t\t\t\t\t\t\t<div class=\"slideshow_description_box slideshow_transparent\">\r\n\t\t\t\t\t\t\t\t\t\t\t\t\t\t\t\t\t<\/div>\r\n\t\t\t\t<\/div>\r\n\r\n\t\t\t\t\t\t\r\n\t\t\t\t<div class=\"slideshow_slide slideshow_slide_image\">\r\n\t\t\t\t\t\t\t\t\t\t\t<img src=\"https:\/\/sites.usp.br\/leea\/wp-content\/uploads\/sites\/144\/2016\/07\/ptsn-8-2-10.jpg\" alt=\"ptsn-8-2-10\" width=\"2048\" height=\"2048\" \/>\r\n\t\t\t\t\t\t\t\t\t\t<div class=\"slideshow_description_box slideshow_transparent\">\r\n\t\t\t\t\t\t\t\t\t\t\t\t\t\t\t\t\t<\/div>\r\n\t\t\t\t<\/div>\r\n\r\n\t\t\t\t\t\t<div style=\"clear: both;\"><\/div><\/div><div class=\"slideshow_view\">\r\n\t\t\t\t<div class=\"slideshow_slide slideshow_slide_image\">\r\n\t\t\t\t\t\t\t\t\t\t\t<img src=\"https:\/\/sites.usp.br\/leea\/wp-content\/uploads\/sites\/144\/2016\/07\/DSC00119.jpg\" alt=\"DSC00119\" width=\"1280\" height=\"960\" \/>\r\n\t\t\t\t\t\t\t\t\t\t<div class=\"slideshow_description_box slideshow_transparent\">\r\n\t\t\t\t\t\t\t\t\t\t\t\t\t\t\t\t\t<\/div>\r\n\t\t\t\t<\/div>\r\n\r\n\t\t\t\t\t\t\r\n\t\t\t\t<div class=\"slideshow_slide slideshow_slide_image\">\r\n\t\t\t\t\t\t\t\t\t\t\t<img src=\"https:\/\/sites.usp.br\/leea\/wp-content\/uploads\/sites\/144\/2016\/07\/DSC00116.jpg\" alt=\"DSC00116\" width=\"1280\" height=\"960\" \/>\r\n\t\t\t\t\t\t\t\t\t\t<div class=\"slideshow_description_box slideshow_transparent\">\r\n\t\t\t\t\t\t\t\t\t\t\t\t\t\t\t\t\t<\/div>\r\n\t\t\t\t<\/div>\r\n\r\n\t\t\t\t\t\t<div style=\"clear: both;\"><\/div><\/div><div class=\"slideshow_view\">\r\n\t\t\t\t<div class=\"slideshow_slide slideshow_slide_image\">\r\n\t\t\t\t\t\t\t\t\t\t\t<img src=\"https:\/\/sites.usp.br\/leea\/wp-content\/uploads\/sites\/144\/2016\/07\/Fig-1a.jpg\" alt=\"Fig 1a\" width=\"353\" height=\"331\" \/>\r\n\t\t\t\t\t\t\t\t\t\t<div class=\"slideshow_description_box slideshow_transparent\">\r\n\t\t\t\t\t\t\t\t\t\t\t\t\t\t\t\t\t<\/div>\r\n\t\t\t\t<\/div>\r\n\r\n\t\t\t\t\t\t\r\n\t\t\t\t<div class=\"slideshow_slide slideshow_slide_image\">\r\n\t\t\t\t\t\t\t\t\t\t\t<img src=\"https:\/\/sites.usp.br\/leea\/wp-content\/uploads\/sites\/144\/2016\/07\/HPIM3272.jpg\" alt=\"HPIM3272\" width=\"2592\" height=\"1952\" \/>\r\n\t\t\t\t\t\t\t\t\t\t<div class=\"slideshow_description_box slideshow_transparent\">\r\n\t\t\t\t\t\t\t\t\t\t\t\t\t\t\t\t\t<\/div>\r\n\t\t\t\t<\/div>\r\n\r\n\t\t\t\t\t\t<div style=\"clear: both;\"><\/div><\/div>\r\n\t\t<\/div>\r\n\r\n\t\t<div class=\"slideshow_controlPanel slideshow_transparent\" style=\"display: none;\"><ul><li class=\"slideshow_togglePlay\" data-play-text=\"Acionar\" data-pause-text=\"Pausar\"><\/li><\/ul><\/div>\r\n\r\n\t\t<div class=\"slideshow_button slideshow_previous slideshow_transparent\" role=\"button\" data-previous-text=\"Anterior\" style=\"display: none;\"><\/div>\r\n\t\t<div class=\"slideshow_button slideshow_next slideshow_transparent\" role=\"button\" data-next-text=\"Pr\u00f3ximo\" style=\"display: none;\"><\/div>\r\n\r\n\t\t<div class=\"slideshow_pagination\" style=\"display: none;\" data-go-to-text=\"Ir para o slide\"><div class=\"slideshow_pagination_center\"><\/div><\/div>\r\n\r\n\t\t<!-- WordPress Slideshow Version 2.3.1 -->\r\n\r\n\t\t\t<\/div>\r\n\r\n\n<p style=\"text-align: justify;\">O LEEA\u00a0\u00e9 um dos laborat\u00f3rios de Pesquisa do Departamento de Qu\u00edmica da Faculdade de\u00a0Filosofia, Ci\u00eancias e Letras de Ribeir\u00e3o Preto, USP. \u00a0O seu objetivo principal \u00e9 a investiga\u00e7\u00e3o de processos eletroqu\u00edmicos que ocorrem na interface eletrodo\/solu\u00e7\u00e3o e o papel dos materiais\u00a0eletr\u00f3dicos nestes processos. As linhas de pesquisa desenvolvidas no LEEA abrangem principalmente a Eletrocat\u00e1lise e a Eletroqu\u00edmica Ambiental. Na \u00e1rea de Eletrocat\u00e1lise s\u00e3o estudadas rea\u00e7\u00f5es de eletrooxida\u00e7\u00e3o de mol\u00e9culas org\u00e2nicas e a rea\u00e7\u00e3o de redu\u00e7\u00e3o de oxig\u00eanio visando o entendimento dos processos eletr\u00f3dicos e o \u00a0desenvolvimento de eletrodos eficientes para a aplica\u00e7\u00e3o em c\u00e9lulas a combust\u00edvel. Tamb\u00e9m \u00e9 objetivo do LEEA estudar e desenvolver materiais eletr\u00f3dicos para a aplica\u00e7\u00e3o na degrada\u00e7\u00e3o de compostos t\u00f3xicos presentes em diversos tipos de efluentes industriais.<\/p>\n<p><\/p>","protected":false},"excerpt":{"rendered":"<p>USP 90 anos &#8211; Nossa hist\u00f3ria em uma linha do tempo FFCLRP 60 anos: conhe\u00e7a nossa hist\u00f3ria O LEEA\u00a0\u00e9 um dos laborat\u00f3rios de Pesquisa do Departamento de Qu\u00edmica da Faculdade de\u00a0Filosofia, Ci\u00eancias e Letras&#46;&#46;&#46;<\/p>\n","protected":false},"author":257,"featured_media":0,"parent":0,"menu_order":0,"comment_status":"closed","ping_status":"closed","template":"","meta":{"footnotes":"","_links_to":"","_links_to_target":""},"class_list":["post-1072","page","type-page","status-publish","hentry"],"_links":{"self":[{"href":"https:\/\/sites.usp.br\/leea\/wp-json\/wp\/v2\/pages\/1072","targetHints":{"allow":["GET"]}}],"collection":[{"href":"https:\/\/sites.usp.br\/leea\/wp-json\/wp\/v2\/pages"}],"about":[{"href":"https:\/\/sites.usp.br\/leea\/wp-json\/wp\/v2\/types\/page"}],"author":[{"embeddable":true,"href":"https:\/\/sites.usp.br\/leea\/wp-json\/wp\/v2\/users\/257"}],"replies":[{"embeddable":true,"href":"https:\/\/sites.usp.br\/leea\/wp-json\/wp\/v2\/comments?post=1072"}],"version-history":[{"count":5,"href":"https:\/\/sites.usp.br\/leea\/wp-json\/wp\/v2\/pages\/1072\/revisions"}],"predecessor-version":[{"id":1962,"href":"https:\/\/sites.usp.br\/leea\/wp-json\/wp\/v2\/pages\/1072\/revisions\/1962"}],"wp:attachment":[{"href":"https:\/\/sites.usp.br\/leea\/wp-json\/wp\/v2\/media?parent=1072"}],"curies":[{"name":"wp","href":"https:\/\/api.w.org\/{rel}","templated":true}]}}