{"id":115,"date":"2014-04-28T16:28:49","date_gmt":"2014-04-28T19:28:49","guid":{"rendered":"http:\/\/sites.usp.brprp\/?page_id=115"},"modified":"2020-05-29T12:29:46","modified_gmt":"2020-05-29T15:29:46","slug":"contato","status":"publish","type":"page","link":"https:\/\/sites.usp.br\/leea\/contato\/","title":{"rendered":"Contato"},"content":{"rendered":"<p>&nbsp;<\/p>\n<table class=\"table table-condensed td-span-sm tr-border\" style=\"height: 191px;\" width=\"603\">\n<tbody>\n<tr>\n<td align=\"left\" valign=\"top\"><strong>Endere\u00e7o<\/strong><\/td>\n<td style=\"text-align: justify;\" align=\"left\" valign=\"top\">\n<pre class=\"western\"><span style=\"color: #333333;\"><span style=\"font-family: FreeSans, sans-serif;\"><span style=\"font-size: medium;\">Laborat\u00f3rio de Eletrocat\u00e1lise e Eletroqu\u00edmica Ambiental<\/span><\/span><\/span>\r\n<span style=\"color: #333333;\"><span style=\"font-family: FreeSans, sans-serif;\"><span style=\"font-size: medium;\">Universidade de S\u00e3o Paulo<\/span><\/span><\/span>\r\n<span style=\"color: #333333;\"><span style=\"font-family: FreeSans, sans-serif;\"><span style=\"font-size: medium;\">Faculdade de Filosofia, Ci\u00eancias e Letras de Ribeir\u00e3o Preto<\/span><\/span><\/span>\r\n<span style=\"color: #333333;\"><span style=\"font-family: FreeSans, sans-serif;\"><span style=\"font-size: medium;\">Departamento de Qu\u00edmica<\/span><\/span><\/span>\r\n<span style=\"color: #333333;\"><span style=\"font-family: FreeSans, sans-serif;\"><span style=\"font-size: medium;\">Av. Bandeirantes, 3900\u00a0<\/span><\/span><\/span>\r\n<span style=\"color: #333333;\"><span style=\"font-family: FreeSans, sans-serif;\"><span style=\"font-size: medium;\">14040-901 Ribeir\u00e3o Preto, SP - Brazil<\/span><\/span><\/span>\r\n<span style=\"color: #333333;\"><span style=\"font-family: FreeSans, sans-serif;\"><span style=\"font-size: medium;\">Fone: 16-33153784\u00a0<\/span><\/span><\/span><\/pre>\n<\/td>\n<\/tr>\n<\/tbody>\n<\/table>\n<p>&nbsp;<\/p>","protected":false},"excerpt":{"rendered":"<p>&nbsp; Endere\u00e7o Laborat\u00f3rio de Eletrocat\u00e1lise e Eletroqu\u00edmica Ambiental Universidade de S\u00e3o Paulo Faculdade de Filosofia, Ci\u00eancias e Letras de Ribeir\u00e3o Preto Departamento de Qu\u00edmica Av. Bandeirantes, 3900\u00a0 14040-901 Ribeir\u00e3o Preto, SP &#8211; Brazil Fone:&#46;&#46;&#46;<\/p>\n","protected":false},"author":13,"featured_media":0,"parent":0,"menu_order":0,"comment_status":"closed","ping_status":"closed","template":"","meta":{"footnotes":"","_links_to":"","_links_to_target":""},"class_list":["post-115","page","type-page","status-publish","hentry"],"_links":{"self":[{"href":"https:\/\/sites.usp.br\/leea\/wp-json\/wp\/v2\/pages\/115","targetHints":{"allow":["GET"]}}],"collection":[{"href":"https:\/\/sites.usp.br\/leea\/wp-json\/wp\/v2\/pages"}],"about":[{"href":"https:\/\/sites.usp.br\/leea\/wp-json\/wp\/v2\/types\/page"}],"author":[{"embeddable":true,"href":"https:\/\/sites.usp.br\/leea\/wp-json\/wp\/v2\/users\/13"}],"replies":[{"embeddable":true,"href":"https:\/\/sites.usp.br\/leea\/wp-json\/wp\/v2\/comments?post=115"}],"version-history":[{"count":4,"href":"https:\/\/sites.usp.br\/leea\/wp-json\/wp\/v2\/pages\/115\/revisions"}],"predecessor-version":[{"id":1674,"href":"https:\/\/sites.usp.br\/leea\/wp-json\/wp\/v2\/pages\/115\/revisions\/1674"}],"wp:attachment":[{"href":"https:\/\/sites.usp.br\/leea\/wp-json\/wp\/v2\/media?parent=115"}],"curies":[{"name":"wp","href":"https:\/\/api.w.org\/{rel}","templated":true}]}}