{"id":1462,"date":"2020-02-15T09:21:24","date_gmt":"2020-02-15T12:21:24","guid":{"rendered":"http:\/\/sites.usp.br\/leea\/?page_id=1462"},"modified":"2020-12-08T11:24:39","modified_gmt":"2020-12-08T14:24:39","slug":"participacoes-em-congressos","status":"publish","type":"page","link":"https:\/\/sites.usp.br\/leea\/participacoes-em-congressos\/","title":{"rendered":"Participa\u00e7\u00f5es em Congressos"},"content":{"rendered":"<p><strong>2020:<\/strong><\/p>\n<p style=\"text-align: right;\"><em>Organizados por sequ\u00eancia de data.<\/em><\/p>\n<p><strong>1. <a href=\"https:\/\/sites.google.com\/unesp.br\/3-inct-datrem-workshop\/p%C3%A1gina-inicial?authuser=0\" target=\"_blank\" rel=\"noopener noreferrer\">III Workshop &#8211; INCT-DATREM<\/a><\/strong><br \/>\n05 e 06 de Mar\u00e7o em Araraquara\/SP.<\/p>\n<p><strong>Trabalhos:<\/strong><br \/>\nAlmeida, E. J. R.; Corso, C. R.; De Andrade, A. R. Avalia\u00e7\u00e3o da degrada\u00e7\u00e3o, toxicidade e mutagenicidade de corantes sint\u00e9ticos t\u00eaxteis. Dispon\u00edvel em: [download id=&#8221;1570&#8243;]<\/p>\n<p>Cursi, F. S.; Ant\u00f4nio, J. G. R.; Santos, J. P. T. S.; Zanta, C. L. P.; De Andrade, A. R. Aplica\u00e7\u00f5es de processos oxidativos avan\u00e7ados no tratamento de poluentes org\u00e2nicos presentes em diferentes efluentes industriais. Dispon\u00edvel em: [download id=&#8221;1573&#8243;]<\/p>\n<p>&nbsp;<\/p>\n<p><strong>2. 28\u00ba Simp\u00f3sio Internacional de Inicia\u00e7\u00e3o Cient\u00edfica e Tecnol\u00f3gica da USP &#8211; <a href=\"http:\/\/siicusp.prp.usp.br\/pt\/home\/\" target=\"_blank\" rel=\"noopener noreferrer\">28\u00ba SIICUSP &#8211; 2020<\/a><br \/>\n<\/strong>16 e 17 de Novembro, FFCLRP\/USP, online.<\/p>\n<p><strong>Trabalhos:<br \/>\n<\/strong>Cursi, F. S.; De Andrade, A. R. Synthesis of Pt\/C catalysts for glycerol electrochemical oxidation and application in Direct Alcohol Fuel Cell. Dispon\u00edvel em: [download id=&#8221;1766&#8243;]<\/p>\n<p>Otoni, C.; Messa, T.; Felipe, F.; Olivi, P. Influ\u00eancia do suporte nas propriedades de materiais a base de n\u00edquel para aplica\u00e7\u00e3o em capacitores e supercapacitores.<\/p>\n<p>&nbsp;<\/p>\n<p><strong>3. II Reuni\u00e3o Bienal da Sociedade Brasileira de Eletroqu\u00edmica e Eletroanal\u00edtica (SBEE) &#8211; <a href=\"https:\/\/mailchi.mp\/0dd2fa14e21a\/ii-reunio-bienal-da-sbee-7054217?fbclid=IwAR2jkbM4ZE8mdzWwY6DMrjf_lkjndvjZZkzk1CCEnXB1hGauSjyyNJFEpjw\" target=\"_blank\" rel=\"noopener noreferrer\">RBSBEE 2020<\/a><br \/>\n<\/strong>18, 19 e 20 de Novembro, SBEE, online.<\/p>\n<p><strong>Trabalhos:<\/strong><br \/>\nHalfeld, G. G.; Almeida, E. J. R.; Spiller, V. R.; De Andrade, A. R. Produ\u00e7\u00e3o de 1,3-propanodiol em uma c\u00e9lula microbiana a combust\u00edvel em adi\u00e7\u00e3o a gera\u00e7\u00e3o de energia el\u00e9trica. Apresenta\u00e7\u00e3o dispon\u00edvel no <a href=\"https:\/\/youtu.be\/jK9FHsqJCHU\" target=\"_blank\" rel=\"noopener noreferrer\">YouTube<\/a>.<\/p>\n<p>Cursi, F. S.; De Andrade, A. R. Projeto: Investigation of Pt and Pd electrocatalysts modified with Rare Earths supported on carbon for glycerol electro-oxidation and application in direct alcohol fuel cell. Apresenta\u00e7\u00e3o dispon\u00edvel no <a href=\"https:\/\/youtu.be\/r4HwX32glzI\" target=\"_blank\" rel=\"noopener noreferrer\">YouTube<\/a>.<\/p>\n<p>&nbsp;<\/p>\n<p><strong>4. XXIV Congreso de la Sociedad Iberoamericana de Electroquimica &#8211; <a href=\"http:\/\/www.sibae2020.uy\/\" target=\"_blank\" rel=\"noopener noreferrer\">SIBAE 2020<\/a><\/strong><br \/>\n29 de Mar\u00e7o a 03 de Abril em Montevid\u00e9u, Uruguai. <strong>Adiado: 07 a 10 de Dezembro. Online.<\/strong><\/p>\n<p><strong>Trabalhos:<\/strong><br \/>\nBresciani, G. B.; Cunha, A. C.; Moreira, T. F. M.; Kokoh, K. B.; Napporn, T.; De Andrade, A. R. Avalia\u00e7\u00e3o de catalisadores Pd<sub>x<\/sub>Fe<sub>y<\/sub>\/C para eletrooxida\u00e7\u00e3o de glicerol. Dispon\u00edvel em: [download id=&#8221;1490&#8243;]<\/p>\n<p>Almeida, E. J. R.; Halfeld, G. G.; De Andrade, A. R. Oxida\u00e7\u00e3o de azo corante sint\u00e9tico com gera\u00e7\u00e3o simult\u00e2nea de<br \/>\nenergia em bioc\u00e9lulas microbianas. Dispon\u00edvel em: [download id=&#8221;1493&#8243;]<\/p>\n<p>Halfeld, G. G.; Almeida, E. J. R.; Spiller, V. R.; De Andrade, A. R. Produ\u00e7\u00e3o de energia a partir do glicerol em uma c\u00e9lula a combust\u00edvel microbiana. Dispon\u00edvel em: [download id=&#8221;1497&#8243;]<\/p>","protected":false},"excerpt":{"rendered":"<p>2020: Organizados por sequ\u00eancia de data. 1. III Workshop &#8211; INCT-DATREM 05 e 06 de Mar\u00e7o em Araraquara\/SP. Trabalhos: Almeida, E. J. R.; Corso, C. R.; De Andrade, A. R. Avalia\u00e7\u00e3o da degrada\u00e7\u00e3o, toxicidade&#46;&#46;&#46;<\/p>\n","protected":false},"author":1163,"featured_media":0,"parent":0,"menu_order":0,"comment_status":"closed","ping_status":"closed","template":"","meta":{"footnotes":"","_links_to":"","_links_to_target":""},"class_list":["post-1462","page","type-page","status-publish","hentry"],"_links":{"self":[{"href":"https:\/\/sites.usp.br\/leea\/wp-json\/wp\/v2\/pages\/1462","targetHints":{"allow":["GET"]}}],"collection":[{"href":"https:\/\/sites.usp.br\/leea\/wp-json\/wp\/v2\/pages"}],"about":[{"href":"https:\/\/sites.usp.br\/leea\/wp-json\/wp\/v2\/types\/page"}],"author":[{"embeddable":true,"href":"https:\/\/sites.usp.br\/leea\/wp-json\/wp\/v2\/users\/1163"}],"replies":[{"embeddable":true,"href":"https:\/\/sites.usp.br\/leea\/wp-json\/wp\/v2\/comments?post=1462"}],"version-history":[{"count":4,"href":"https:\/\/sites.usp.br\/leea\/wp-json\/wp\/v2\/pages\/1462\/revisions"}],"predecessor-version":[{"id":1780,"href":"https:\/\/sites.usp.br\/leea\/wp-json\/wp\/v2\/pages\/1462\/revisions\/1780"}],"wp:attachment":[{"href":"https:\/\/sites.usp.br\/leea\/wp-json\/wp\/v2\/media?parent=1462"}],"curies":[{"name":"wp","href":"https:\/\/api.w.org\/{rel}","templated":true}]}}